{"id":3184,"date":"2023-08-07T04:44:27","date_gmt":"2023-08-07T04:44:27","guid":{"rendered":"https:\/\/uoogear.com\/?page_id=3184"},"modified":"2023-08-07T04:53:58","modified_gmt":"2023-08-07T04:53:58","slug":"delivery-information-usa","status":"publish","type":"page","link":"https:\/\/uoogear.com\/cs\/delivery-information-usa\/","title":{"rendered":"Informace o doru\u010den\u00ed USA"},"content":{"rendered":"<div data-elementor-type=\"wp-page\" data-elementor-id=\"3184\" class=\"elementor elementor-3184\">\n\t\t\t\t\t\t\t\t\t<section class=\"elementor-section elementor-top-section elementor-element elementor-element-8e54cfa elementor-section-boxed elementor-section-height-default elementor-section-height-default\" data-id=\"8e54cfa\" data-element_type=\"section\">\n\t\t\t\t\t\t<div class=\"elementor-container elementor-column-gap-default\">\n\t\t\t\t\t<div class=\"elementor-column elementor-col-100 elementor-top-column elementor-element elementor-element-e6f784e\" data-id=\"e6f784e\" data-element_type=\"column\">\n\t\t\t<div class=\"elementor-widget-wrap elementor-element-populated\">\n\t\t\t\t\t\t\t\t<div class=\"elementor-element elementor-element-80b3083 elementor-widget elementor-widget-heading\" data-id=\"80b3083\" data-element_type=\"widget\" data-widget_type=\"heading.default\">\n\t\t\t\t<div class=\"elementor-widget-container\">\n\t\t\t<style>\/*! elementor - v3.14.0 - 26-06-2023 *\/\n.elementor-heading-title{padding:0;margin:0;line-height:1}.elementor-widget-heading .elementor-heading-title[class*=elementor-size-]>a{color:inherit;font-size:inherit;line-height:inherit}.elementor-widget-heading .elementor-heading-title.elementor-size-small{font-size:15px}.elementor-widget-heading .elementor-heading-title.elementor-size-medium{font-size:19px}.elementor-widget-heading .elementor-heading-title.elementor-size-large{font-size:29px}.elementor-widget-heading .elementor-heading-title.elementor-size-xl{font-size:39px}.elementor-widget-heading .elementor-heading-title.elementor-size-xxl{font-size:59px}<\/style><h2 class=\"elementor-heading-title elementor-size-default\">Informace o dod\u00e1n\u00ed<\/h2>\t\t<\/div>\n\t\t\t\t<\/div>\n\t\t\t\t<div class=\"elementor-element elementor-element-c061480 elementor-widget elementor-widget-spacer\" data-id=\"c061480\" data-element_type=\"widget\" data-widget_type=\"spacer.default\">\n\t\t\t\t<div class=\"elementor-widget-container\">\n\t\t\t<style>\/*! elementor - v3.14.0 - 26-06-2023 *\/\n.elementor-column .elementor-spacer-inner{height:var(--spacer-size)}.e-con{--container-widget-width:100%}.e-con-inner>.elementor-widget-spacer,.e-con>.elementor-widget-spacer{width:var(--container-widget-width,var(--spacer-size));--align-self:var(--container-widget-align-self,initial);--flex-shrink:0}.e-con-inner>.elementor-widget-spacer>.elementor-widget-container,.e-con-inner>.elementor-widget-spacer>.elementor-widget-container>.elementor-spacer,.e-con>.elementor-widget-spacer>.elementor-widget-container,.e-con>.elementor-widget-spacer>.elementor-widget-container>.elementor-spacer{height:100%}.e-con-inner>.elementor-widget-spacer>.elementor-widget-container>.elementor-spacer>.elementor-spacer-inner,.e-con>.elementor-widget-spacer>.elementor-widget-container>.elementor-spacer>.elementor-spacer-inner{height:var(--container-widget-height,var(--spacer-size))}<\/style>\t\t<div class=\"elementor-spacer\">\n\t\t\t<div class=\"elementor-spacer-inner\"><\/div>\n\t\t<\/div>\n\t\t\t\t<\/div>\n\t\t\t\t<\/div>\n\t\t\t\t<div class=\"elementor-element elementor-element-924eb59 elementor-widget elementor-widget-heading\" data-id=\"924eb59\" data-element_type=\"widget\" data-widget_type=\"heading.default\">\n\t\t\t\t<div class=\"elementor-widget-container\">\n\t\t\t<h4 class=\"elementor-heading-title elementor-size-default\">Expresn\u00ed doru\u010den\u00ed - 1-2 pracovn\u00ed dny - (plat\u00ed od pond\u011bl\u00ed do p\u00e1tku)<\/h4>\t\t<\/div>\n\t\t\t\t<\/div>\n\t\t\t\t<div class=\"elementor-element elementor-element-4108b66 elementor-widget elementor-widget-text-editor\" data-id=\"4108b66\" data-element_type=\"widget\" data-widget_type=\"text-editor.default\">\n\t\t\t\t<div class=\"elementor-widget-container\">\n\t\t\t<style>\/*! elementor - v3.14.0 - 26-06-2023 *\/\n.elementor-widget-text-editor.elementor-drop-cap-view-stacked .elementor-drop-cap{background-color:#69727d;color:#fff}.elementor-widget-text-editor.elementor-drop-cap-view-framed .elementor-drop-cap{color:#69727d;border:3px solid;background-color:transparent}.elementor-widget-text-editor:not(.elementor-drop-cap-view-default) .elementor-drop-cap{margin-top:8px}.elementor-widget-text-editor:not(.elementor-drop-cap-view-default) .elementor-drop-cap-letter{width:1em;height:1em}.elementor-widget-text-editor .elementor-drop-cap{float:left;text-align:center;line-height:1;font-size:50px}.elementor-widget-text-editor .elementor-drop-cap-letter{display:inline-block}<\/style>\t\t\t\t<p>Objedn\u00e1vku je nutn\u00e9 prov\u00e9st do 14:00. Z\u00e1silky TNT n\u011bkdy podl\u00e9haj\u00ed 24hodinov\u00e9mu zpo\u017ed\u011bn\u00ed p\u0159i p\u0159eprav\u011b kv\u016fli velk\u00fdm objem\u016fm v jejich s\u00edti \u2013 tak\u017ee jak\u00fdkoli produkt nad 30 kg m\u016f\u017ee m\u00edt pomalej\u0161\u00ed dobu p\u0159epravy. B\u011b\u017en\u00e9 produkty do 30 kg budou doru\u010deny n\u00e1sleduj\u00edc\u00ed pracovn\u00ed den prost\u0159ednictv\u00edm DPD jako obvykle. Hmotnost stanu m\u016f\u017eete zkontrolovat tak, \u017ee se pod\u00edv\u00e1te na z\u00e1lo\u017eku dopl\u0148kov\u00fdch informac\u00ed na produktu a zkontrolujete hmotnost.<\/p><p>Upozorn\u011bn\u00ed: Soboty a ned\u011ble nejsou \u201epracovn\u00ed dny\u201c. I kdy\u017e DPD \u010dasto doru\u010d\u00ed o v\u00edkendu, nem\u016f\u017eeme to zaru\u010dit.<br \/>Vezm\u011bte pros\u00edm na v\u011bdom\u00ed, \u017ee dod\u00e1vky nebudou prob\u00edhat v den st\u00e1tn\u00edho sv\u00e1tku, proto\u017ee to nen\u00ed pracovn\u00ed den.<\/p>\t\t\t\t\t\t<\/div>\n\t\t\t\t<\/div>\n\t\t\t\t<div class=\"elementor-element elementor-element-bf4d141 elementor-widget elementor-widget-heading\" data-id=\"bf4d141\" data-element_type=\"widget\" data-widget_type=\"heading.default\">\n\t\t\t\t<div class=\"elementor-widget-container\">\n\t\t\t<h4 class=\"elementor-heading-title elementor-size-default\">Expresn\u00ed p\u0159ed 12 \/ p\u0159ed 10:30 - n\u00e1sleduj\u00edc\u00ed pracovn\u00ed den p\u0159ed stanoven\u00fdm \u010dasem (plat\u00ed od pond\u011bl\u00ed do p\u00e1tku)<\/h4>\t\t<\/div>\n\t\t\t\t<\/div>\n\t\t\t\t<div class=\"elementor-element elementor-element-dfdb92d elementor-widget elementor-widget-text-editor\" data-id=\"dfdb92d\" data-element_type=\"widget\" data-widget_type=\"text-editor.default\">\n\t\t\t\t<div class=\"elementor-widget-container\">\n\t\t\t\t\t\t\t<p>Objedn\u00e1vka mus\u00ed b\u00fdt provedena do 14:00. Va\u0161i objedn\u00e1vku zabal\u00edme a ode\u0161leme na dal\u0161\u00ed den, do 10:30 nebo 12:00, podle toho, jakou mo\u017enost si vyberete.<\/p><p>Objedn\u00e1vka p\u0159ijat\u00e1 v sobotu a ned\u011bli doraz\u00ed v \u00fater\u00fd.<\/p>\t\t\t\t\t\t<\/div>\n\t\t\t\t<\/div>\n\t\t\t\t<div class=\"elementor-element elementor-element-14ca262 elementor-widget elementor-widget-heading\" data-id=\"14ca262\" data-element_type=\"widget\" data-widget_type=\"heading.default\">\n\t\t\t\t<div class=\"elementor-widget-container\">\n\t\t\t<h4 class=\"elementor-heading-title elementor-size-default\">Standardn\u00ed doru\u010den\u00ed - 2 - 4 pracovn\u00ed dny (plat\u00ed od pond\u011bl\u00ed do p\u00e1tku)<\/h4>\t\t<\/div>\n\t\t\t\t<\/div>\n\t\t\t\t<div class=\"elementor-element elementor-element-800aee5 elementor-widget elementor-widget-text-editor\" data-id=\"800aee5\" data-element_type=\"widget\" data-widget_type=\"text-editor.default\">\n\t\t\t\t<div class=\"elementor-widget-container\">\n\t\t\t\t\t\t\t<p>Standardn\u00ed doru\u010den\u00ed \u2013 bal\u00edky jsou st\u00e1le odes\u00edl\u00e1ny p\u0159es noc, ale up\u0159ednost\u0148ujeme nejprve expresn\u00ed objedn\u00e1vky a pot\u00e9 bal\u00edme standardn\u00ed objedn\u00e1vky. Polo\u017eky v t\u00e9to slu\u017eb\u011b budou doru\u010deny mezi 2 a 4 pracovn\u00edmi dny.<\/p>\t\t\t\t\t\t<\/div>\n\t\t\t\t<\/div>\n\t\t\t\t<div class=\"elementor-element elementor-element-9e8f9bf elementor-widget elementor-widget-heading\" data-id=\"9e8f9bf\" data-element_type=\"widget\" data-widget_type=\"heading.default\">\n\t\t\t\t<div class=\"elementor-widget-container\">\n\t\t\t<h4 class=\"elementor-heading-title elementor-size-default\">Doru\u010den\u00ed zdarma do Spojen\u00e9ho kr\u00e1lovstv\u00ed * Plat\u00ed T&amp;C<\/h4>\t\t<\/div>\n\t\t\t\t<\/div>\n\t\t\t\t<div class=\"elementor-element elementor-element-aa8445a elementor-widget elementor-widget-text-editor\" data-id=\"aa8445a\" data-element_type=\"widget\" data-widget_type=\"text-editor.default\">\n\t\t\t\t<div class=\"elementor-widget-container\">\n\t\t\t\t\t\t\t<p>Utra\u0165te nad 50 \u00a3 a my v\u00e1m doru\u010d\u00edme zdarma. Nezahrnuje vybran\u00e9 oblasti Skotska a cel\u00e9 Severn\u00ed Irsko. Po\u0161tovn\u00e9 n\u00e1klady m\u016f\u017eete zkontrolovat pomoc\u00ed Odhadce po\u0161tovn\u00e9ho na str\u00e1nce Ko\u0161\u00edk p\u0159id\u00e1n\u00edm po\u0161tovn\u00edho sm\u011brovac\u00edho \u010d\u00edsla.<\/p>\t\t\t\t\t\t<\/div>\n\t\t\t\t<\/div>\n\t\t\t\t<div class=\"elementor-element elementor-element-8bfcdd0 elementor-widget elementor-widget-text-editor\" data-id=\"8bfcdd0\" data-element_type=\"widget\" data-widget_type=\"text-editor.default\">\n\t\t\t\t<div class=\"elementor-widget-container\">\n\t\t\t\t\t\t\tEvropsk\u00e1 slu\u017eba \u2013 do\u010dasn\u011b pozastavena.\t\t\t\t\t\t<\/div>\n\t\t\t\t<\/div>\n\t\t\t\t\t<\/div>\n\t\t<\/div>\n\t\t\t\t\t\t\t<\/div>\n\t\t<\/section>\n\t\t\t\t\t\t\t<\/div>","protected":false},"excerpt":{"rendered":"<p>Informace o doru\u010den\u00ed Expresn\u00ed doru\u010den\u00ed \u2013 1-2 pracovn\u00ed dny \u2013 (plat\u00ed od pond\u011bl\u00ed do p\u00e1tku) Objedn\u00e1vku je nutn\u00e9 zadat do 14:00. Z\u00e1silky TNT n\u011bkdy podl\u00e9haj\u00ed 24hodinov\u00e9mu zpo\u017ed\u011bn\u00ed p\u0159i p\u0159eprav\u011b kv\u016fli velk\u00e9mu objemu v jejich s\u00edti \u2013 tak\u017ee jak\u00fdkoli product nad 30 kg m\u016f\u017ee m\u00edt pomalej\u0161\u00ed dobu p\u0159epravy. B\u011b\u017en\u00e9 product pod<\/p>\n<div class=\"read-more\"><a class=\"btn btn-fill-out\" href=\"https:\/\/uoogear.com\/cs\/delivery-information-usa\/\">P\u0159e\u010dt\u011bte si v\u00edce<\/a><\/div>","protected":false},"author":1,"featured_media":0,"parent":0,"menu_order":0,"comment_status":"closed","ping_status":"closed","template":"","meta":{"footnotes":""},"class_list":["post-3184","page","type-page","status-publish","hentry"],"_links":{"self":[{"href":"https:\/\/uoogear.com\/cs\/wp-json\/wp\/v2\/pages\/3184","targetHints":{"allow":["GET"]}}],"collection":[{"href":"https:\/\/uoogear.com\/cs\/wp-json\/wp\/v2\/pages"}],"about":[{"href":"https:\/\/uoogear.com\/cs\/wp-json\/wp\/v2\/types\/page"}],"author":[{"embeddable":true,"href":"https:\/\/uoogear.com\/cs\/wp-json\/wp\/v2\/users\/1"}],"replies":[{"embeddable":true,"href":"https:\/\/uoogear.com\/cs\/wp-json\/wp\/v2\/comments?post=3184"}],"version-history":[{"count":22,"href":"https:\/\/uoogear.com\/cs\/wp-json\/wp\/v2\/pages\/3184\/revisions"}],"predecessor-version":[{"id":3206,"href":"https:\/\/uoogear.com\/cs\/wp-json\/wp\/v2\/pages\/3184\/revisions\/3206"}],"wp:attachment":[{"href":"https:\/\/uoogear.com\/cs\/wp-json\/wp\/v2\/media?parent=3184"}],"curies":[{"name":"wp","href":"https:\/\/api.w.org\/{rel}","templated":true}]}}