{"id":3259,"date":"2023-08-07T05:28:09","date_gmt":"2023-08-07T05:28:09","guid":{"rendered":"https:\/\/uoogear.com\/?page_id=3259"},"modified":"2023-08-07T05:35:14","modified_gmt":"2023-08-07T05:35:14","slug":"brexit","status":"publish","type":"page","link":"https:\/\/uoogear.com\/cs\/brexit\/","title":{"rendered":"Brexit"},"content":{"rendered":"<div data-elementor-type=\"wp-page\" data-elementor-id=\"3259\" class=\"elementor elementor-3259\">\n\t\t\t\t\t\t\t\t\t<section class=\"elementor-section elementor-top-section elementor-element elementor-element-0e6ff3e elementor-section-boxed elementor-section-height-default elementor-section-height-default\" data-id=\"0e6ff3e\" data-element_type=\"section\">\n\t\t\t\t\t\t<div class=\"elementor-container elementor-column-gap-default\">\n\t\t\t\t\t<div class=\"elementor-column elementor-col-100 elementor-top-column elementor-element elementor-element-d98582c\" data-id=\"d98582c\" data-element_type=\"column\">\n\t\t\t<div class=\"elementor-widget-wrap elementor-element-populated\">\n\t\t\t\t\t\t\t\t<div class=\"elementor-element elementor-element-08d0798 elementor-widget elementor-widget-heading\" data-id=\"08d0798\" data-element_type=\"widget\" data-widget_type=\"heading.default\">\n\t\t\t\t<div class=\"elementor-widget-container\">\n\t\t\t<style>\/*! elementor - v3.14.0 - 26-06-2023 *\/\n.elementor-heading-title{padding:0;margin:0;line-height:1}.elementor-widget-heading .elementor-heading-title[class*=elementor-size-]>a{color:inherit;font-size:inherit;line-height:inherit}.elementor-widget-heading .elementor-heading-title.elementor-size-small{font-size:15px}.elementor-widget-heading .elementor-heading-title.elementor-size-medium{font-size:19px}.elementor-widget-heading .elementor-heading-title.elementor-size-large{font-size:29px}.elementor-widget-heading .elementor-heading-title.elementor-size-xl{font-size:39px}.elementor-widget-heading .elementor-heading-title.elementor-size-xxl{font-size:59px}<\/style><h2 class=\"elementor-heading-title elementor-size-default\">Aktualizace Brexitu<\/h2>\t\t<\/div>\n\t\t\t\t<\/div>\n\t\t\t\t<div class=\"elementor-element elementor-element-0b25089 elementor-widget elementor-widget-text-editor\" data-id=\"0b25089\" data-element_type=\"widget\" data-widget_type=\"text-editor.default\">\n\t\t\t\t<div class=\"elementor-widget-container\">\n\t\t\t<style>\/*! elementor - v3.14.0 - 26-06-2023 *\/\n.elementor-widget-text-editor.elementor-drop-cap-view-stacked .elementor-drop-cap{background-color:#69727d;color:#fff}.elementor-widget-text-editor.elementor-drop-cap-view-framed .elementor-drop-cap{color:#69727d;border:3px solid;background-color:transparent}.elementor-widget-text-editor:not(.elementor-drop-cap-view-default) .elementor-drop-cap{margin-top:8px}.elementor-widget-text-editor:not(.elementor-drop-cap-view-default) .elementor-drop-cap-letter{width:1em;height:1em}.elementor-widget-text-editor .elementor-drop-cap{float:left;text-align:center;line-height:1;font-size:50px}.elementor-widget-text-editor .elementor-drop-cap-letter{display:inline-block}<\/style>\t\t\t\t<strong>Aktualizace: Do\u010dasn\u011b jsme pozastavili zas\u00edl\u00e1n\u00ed bal\u00edk\u016f do pevninsk\u00fdch zem\u00ed EU, zat\u00edmco jsou implementov\u00e1na nov\u00e1 pravidla a p\u0159edpisy t\u00fdkaj\u00edc\u00ed se DPH. Na\u0161\u00edm c\u00edlem je nab\u00eddnout doru\u010den\u00ed do EU do 12. \u010dervence 2021. Pro v\u00edce informac\u00ed se pros\u00edm vra\u0165te pozd\u011bji. Up\u0159\u00edmn\u011b se omlouv\u00e1me za zp\u016fsoben\u00e9 nep\u0159\u00edjemnosti.<\/strong>\t\t\t\t\t\t<\/div>\n\t\t\t\t<\/div>\n\t\t\t\t<div class=\"elementor-element elementor-element-0706693 elementor-widget elementor-widget-text-editor\" data-id=\"0706693\" data-element_type=\"widget\" data-widget_type=\"text-editor.default\">\n\t\t\t\t<div class=\"elementor-widget-container\">\n\t\t\t\t\t\t\t<p>Z\u00e1silky zas\u00edl\u00e1me do cel\u00e9ho sv\u011bta, m\u00e1me ji\u017e zaveden\u00e9 obchodn\u00ed faktury a procesy, abychom i po Brexitu z\u016fstali doru\u010dov\u00e1ni do EU.<\/p><p>Spojen\u00e9 kr\u00e1lovstv\u00ed nyn\u00ed opustilo Evropskou unii, co\u017e ovlivn\u00ed zp\u016fsob, jak\u00fdm jsou na\u0161e produkty dod\u00e1v\u00e1ny v r\u00e1mci EU.<\/p>\t\t\t\t\t\t<\/div>\n\t\t\t\t<\/div>\n\t\t\t\t<div class=\"elementor-element elementor-element-906d963 elementor-widget elementor-widget-heading\" data-id=\"906d963\" data-element_type=\"widget\" data-widget_type=\"heading.default\">\n\t\t\t\t<div class=\"elementor-widget-container\">\n\t\t\t<h4 class=\"elementor-heading-title elementor-size-default\">Co to znamen\u00e1?<\/h4>\t\t<\/div>\n\t\t\t\t<\/div>\n\t\t\t\t<div class=\"elementor-element elementor-element-a6d9397 elementor-icon-list--layout-traditional elementor-list-item-link-full_width elementor-widget elementor-widget-icon-list\" data-id=\"a6d9397\" data-element_type=\"widget\" data-widget_type=\"icon-list.default\">\n\t\t\t\t<div class=\"elementor-widget-container\">\n\t\t\t<link rel=\"stylesheet\" href=\"https:\/\/uoogear.com\/wp-content\/plugins\/elementor\/assets\/css\/widget-icon-list.min.css\">\t\t<ul class=\"elementor-icon-list-items\">\n\t\t\t\t\t\t\t<li class=\"elementor-icon-list-item\">\n\t\t\t\t\t\t\t\t\t\t\t<span class=\"elementor-icon-list-icon\">\n\t\t\t\t\t\t\t<i aria-hidden=\"true\" class=\"far fa-dot-circle\"><\/i>\t\t\t\t\t\t<\/span>\n\t\t\t\t\t\t\t\t\t\t<span class=\"elementor-icon-list-text\">Doru\u010den\u00ed bude trvat o den a\u017e dva d\u00e9le.<\/span>\n\t\t\t\t\t\t\t\t\t<\/li>\n\t\t\t\t\t\t\t\t<li class=\"elementor-icon-list-item\">\n\t\t\t\t\t\t\t\t\t\t\t<span class=\"elementor-icon-list-icon\">\n\t\t\t\t\t\t\t<i aria-hidden=\"true\" class=\"far fa-dot-circle\"><\/i>\t\t\t\t\t\t<\/span>\n\t\t\t\t\t\t\t\t\t\t<span class=\"elementor-icon-list-text\">Ji\u017e neplat\u00edte britskou da\u0148 z n\u00e1kup\u016f.<\/span>\n\t\t\t\t\t\t\t\t\t<\/li>\n\t\t\t\t\t\t\t\t<li class=\"elementor-icon-list-item\">\n\t\t\t\t\t\t\t\t\t\t\t<span class=\"elementor-icon-list-icon\">\n\t\t\t\t\t\t\t<i aria-hidden=\"true\" class=\"far fa-dot-circle\"><\/i>\t\t\t\t\t\t<\/span>\n\t\t\t\t\t\t\t\t\t\t<span class=\"elementor-icon-list-text\">P\u0159ed dod\u00e1n\u00edm mo\u017en\u00e1 budete muset zaplatit dovozn\u00ed poplatek nebo da\u0148 ve va\u0161\u00ed zemi.<\/span>\n\t\t\t\t\t\t\t\t\t<\/li>\n\t\t\t\t\t\t\t\t<li class=\"elementor-icon-list-item\">\n\t\t\t\t\t\t\t\t\t\t\t<span class=\"elementor-icon-list-icon\">\n\t\t\t\t\t\t\t<i aria-hidden=\"true\" class=\"far fa-dot-circle\"><\/i>\t\t\t\t\t\t<\/span>\n\t\t\t\t\t\t\t\t\t\t<span class=\"elementor-icon-list-text\">Mo\u017en\u00e1 budete muset zaplatit dovozn\u00ed poplatek, pokud je produkt vyroben mimo Spojen\u00e9 kr\u00e1lovstv\u00ed (co\u017e je v\u011bt\u0161ina produkt\u016f)<\/span>\n\t\t\t\t\t\t\t\t\t<\/li>\n\t\t\t\t\t\t<\/ul>\n\t\t\t\t<\/div>\n\t\t\t\t<\/div>\n\t\t\t\t<div class=\"elementor-element elementor-element-a29e04a elementor-widget elementor-widget-heading\" data-id=\"a29e04a\" data-element_type=\"widget\" data-widget_type=\"heading.default\">\n\t\t\t\t<div class=\"elementor-widget-container\">\n\t\t\t<h4 class=\"elementor-heading-title elementor-size-default\">Spojen\u00e9 kr\u00e1lovstv\u00ed a Severn\u00ed Irsko<\/h4>\t\t<\/div>\n\t\t\t\t<\/div>\n\t\t\t\t<div class=\"elementor-element elementor-element-6f6ac0a elementor-widget elementor-widget-text-editor\" data-id=\"6f6ac0a\" data-element_type=\"widget\" data-widget_type=\"text-editor.default\">\n\t\t\t\t<div class=\"elementor-widget-container\">\n\t\t\t\t\t\t\t<strong>dod\u00e1vka<\/strong>\t\t\t\t\t\t<\/div>\n\t\t\t\t<\/div>\n\t\t\t\t<div class=\"elementor-element elementor-element-cf8a092 elementor-widget elementor-widget-text-editor\" data-id=\"cf8a092\" data-element_type=\"widget\" data-widget_type=\"text-editor.default\">\n\t\t\t\t<div class=\"elementor-widget-container\">\n\t\t\t\t\t\t\tSpojen\u00e9 kr\u00e1lovstv\u00ed, v\u010detn\u011b Severn\u00edho Irska, z\u016fstane jako obvykle a va\u0161e doru\u010den\u00ed nebude ovlivn\u011bno. Na\u0161e firma s\u00eddl\u00ed ve Spojen\u00e9m kr\u00e1lovstv\u00ed a vzhledem k tomu, \u017ee Severn\u00ed Irsko z\u016fst\u00e1v\u00e1 sou\u010d\u00e1st\u00ed Spojen\u00e9ho kr\u00e1lovstv\u00ed, na\u0161e dod\u00e1vky do va\u0161eho regionu nebudou ovlivn\u011bny.\t\t\t\t\t\t<\/div>\n\t\t\t\t<\/div>\n\t\t\t\t<div class=\"elementor-element elementor-element-73e8e32 elementor-widget elementor-widget-text-editor\" data-id=\"73e8e32\" data-element_type=\"widget\" data-widget_type=\"text-editor.default\">\n\t\t\t\t<div class=\"elementor-widget-container\">\n\t\t\t\t\t\t\t<strong>Mus\u00edm za doru\u010den\u00ed z\u00e1silky do Severn\u00edho Irska platit dan\u011b nebo dovozn\u00ed poplatek?<\/strong>\t\t\t\t\t\t<\/div>\n\t\t\t\t<\/div>\n\t\t\t\t<div class=\"elementor-element elementor-element-106783e elementor-widget elementor-widget-text-editor\" data-id=\"106783e\" data-element_type=\"widget\" data-widget_type=\"text-editor.default\">\n\t\t\t\t<div class=\"elementor-widget-container\">\n\t\t\t\t\t\t\t<p>Ne, proto\u017ee vnit\u0159n\u00ed trh n\u00e1s kryje p\u0159i odes\u00edl\u00e1n\u00ed zbo\u017e\u00ed do Severn\u00edho Irska. Na va\u0161i objedn\u00e1vku se vztahuje da\u0148ov\u00e1 sazba UK 20%.<\/p><p>Na na\u0161\u00ed stran\u011b mohou b\u00fdt n\u011bjak\u00e9 dal\u0161\u00ed pap\u00edrov\u00e1n\u00ed, abychom zajistili, \u017ee v\u00e1\u0161 bal\u00edk doraz\u00ed s v\u00e1mi.<\/p>\t\t\t\t\t\t<\/div>\n\t\t\t\t<\/div>\n\t\t\t\t<div class=\"elementor-element elementor-element-604421c elementor-widget elementor-widget-heading\" data-id=\"604421c\" data-element_type=\"widget\" data-widget_type=\"heading.default\">\n\t\t\t\t<div class=\"elementor-widget-container\">\n\t\t\t<h4 class=\"elementor-heading-title elementor-size-default\">zbytek Evropy<\/h4>\t\t<\/div>\n\t\t\t\t<\/div>\n\t\t\t\t<div class=\"elementor-element elementor-element-807a3bd elementor-widget elementor-widget-text-editor\" data-id=\"807a3bd\" data-element_type=\"widget\" data-widget_type=\"text-editor.default\">\n\t\t\t\t<div class=\"elementor-widget-container\">\n\t\t\t\t\t\t\tNyn\u00ed jsme na na\u0161em webu odstranili DPH z dod\u00e1vek do v\u0161ech evropsk\u00fdch zem\u00ed. Nyn\u00ed v\u0161ak budete platit dovozn\u00ed da\u0148 z va\u0161\u00ed objedn\u00e1vky, proto\u017ee va\u0161e objedn\u00e1vka p\u0159ich\u00e1z\u00ed ze zem\u00ed mimo Evropskou unii, kter\u00e1 bude poch\u00e1zet od va\u0161\u00ed m\u00edstn\u00ed vl\u00e1dy. Bude to va\u0161e da\u0148ov\u00e1 sazba ve va\u0161\u00ed zemi. P\u0159\u00edklady n\u00ed\u017ee:\t\t\t\t\t\t<\/div>\n\t\t\t\t<\/div>\n\t\t\t\t<div class=\"elementor-element elementor-element-883933c elementor-icon-list--layout-traditional elementor-list-item-link-full_width elementor-widget elementor-widget-icon-list\" data-id=\"883933c\" data-element_type=\"widget\" data-widget_type=\"icon-list.default\">\n\t\t\t\t<div class=\"elementor-widget-container\">\n\t\t\t\t\t<ul class=\"elementor-icon-list-items\">\n\t\t\t\t\t\t\t<li class=\"elementor-icon-list-item\">\n\t\t\t\t\t\t\t\t\t\t\t<span class=\"elementor-icon-list-icon\">\n\t\t\t\t\t\t\t<i aria-hidden=\"true\" class=\"far fa-dot-circle\"><\/i>\t\t\t\t\t\t<\/span>\n\t\t\t\t\t\t\t\t\t\t<span class=\"elementor-icon-list-text\">Rakousko: 20%<\/span>\n\t\t\t\t\t\t\t\t\t<\/li>\n\t\t\t\t\t\t\t\t<li class=\"elementor-icon-list-item\">\n\t\t\t\t\t\t\t\t\t\t\t<span class=\"elementor-icon-list-icon\">\n\t\t\t\t\t\t\t<i aria-hidden=\"true\" class=\"far fa-dot-circle\"><\/i>\t\t\t\t\t\t<\/span>\n\t\t\t\t\t\t\t\t\t\t<span class=\"elementor-icon-list-text\">Francie: 20%<\/span>\n\t\t\t\t\t\t\t\t\t<\/li>\n\t\t\t\t\t\t\t\t<li class=\"elementor-icon-list-item\">\n\t\t\t\t\t\t\t\t\t\t\t<span class=\"elementor-icon-list-icon\">\n\t\t\t\t\t\t\t<i aria-hidden=\"true\" class=\"far fa-dot-circle\"><\/i>\t\t\t\t\t\t<\/span>\n\t\t\t\t\t\t\t\t\t\t<span class=\"elementor-icon-list-text\">N\u011bmecko: 19%<\/span>\n\t\t\t\t\t\t\t\t\t<\/li>\n\t\t\t\t\t\t\t\t<li class=\"elementor-icon-list-item\">\n\t\t\t\t\t\t\t\t\t\t\t<span class=\"elementor-icon-list-icon\">\n\t\t\t\t\t\t\t<i aria-hidden=\"true\" class=\"far fa-dot-circle\"><\/i>\t\t\t\t\t\t<\/span>\n\t\t\t\t\t\t\t\t\t\t<span class=\"elementor-icon-list-text\">Irsko: 23% (21% b\u011bhem koronaviru)<\/span>\n\t\t\t\t\t\t\t\t\t<\/li>\n\t\t\t\t\t\t\t\t<li class=\"elementor-icon-list-item\">\n\t\t\t\t\t\t\t\t\t\t\t<span class=\"elementor-icon-list-icon\">\n\t\t\t\t\t\t\t<i aria-hidden=\"true\" class=\"far fa-dot-circle\"><\/i>\t\t\t\t\t\t<\/span>\n\t\t\t\t\t\t\t\t\t\t<span class=\"elementor-icon-list-text\">It\u00e1lie: 22%<\/span>\n\t\t\t\t\t\t\t\t\t<\/li>\n\t\t\t\t\t\t\t\t<li class=\"elementor-icon-list-item\">\n\t\t\t\t\t\t\t\t\t\t\t<span class=\"elementor-icon-list-icon\">\n\t\t\t\t\t\t\t<i aria-hidden=\"true\" class=\"far fa-dot-circle\"><\/i>\t\t\t\t\t\t<\/span>\n\t\t\t\t\t\t\t\t\t\t<span class=\"elementor-icon-list-text\">Polsko: 23%<\/span>\n\t\t\t\t\t\t\t\t\t<\/li>\n\t\t\t\t\t\t\t\t<li class=\"elementor-icon-list-item\">\n\t\t\t\t\t\t\t\t\t\t\t<span class=\"elementor-icon-list-icon\">\n\t\t\t\t\t\t\t<i aria-hidden=\"true\" class=\"far fa-dot-circle\"><\/i>\t\t\t\t\t\t<\/span>\n\t\t\t\t\t\t\t\t\t\t<span class=\"elementor-icon-list-text\">Portugalsko: 23%<\/span>\n\t\t\t\t\t\t\t\t\t<\/li>\n\t\t\t\t\t\t\t\t<li class=\"elementor-icon-list-item\">\n\t\t\t\t\t\t\t\t\t\t\t<span class=\"elementor-icon-list-icon\">\n\t\t\t\t\t\t\t<i aria-hidden=\"true\" class=\"far fa-dot-circle\"><\/i>\t\t\t\t\t\t<\/span>\n\t\t\t\t\t\t\t\t\t\t<span class=\"elementor-icon-list-text\">\u0160pan\u011blsko: 21%<\/span>\n\t\t\t\t\t\t\t\t\t<\/li>\n\t\t\t\t\t\t<\/ul>\n\t\t\t\t<\/div>\n\t\t\t\t<\/div>\n\t\t\t\t<div class=\"elementor-element elementor-element-56d086b elementor-widget elementor-widget-heading\" data-id=\"56d086b\" data-element_type=\"widget\" data-widget_type=\"heading.default\">\n\t\t\t\t<div class=\"elementor-widget-container\">\n\t\t\t<h4 class=\"elementor-heading-title elementor-size-default\">Poplatky za dovoz<\/h4>\t\t<\/div>\n\t\t\t\t<\/div>\n\t\t\t\t<div class=\"elementor-element elementor-element-a383d82 elementor-widget elementor-widget-text-editor\" data-id=\"a383d82\" data-element_type=\"widget\" data-widget_type=\"text-editor.default\">\n\t\t\t\t<div class=\"elementor-widget-container\">\n\t\t\t\t\t\t\tPokud jsou produkty, kter\u00e9 v\u00e1m zas\u00edl\u00e1me, vyrobeny mimo Spojen\u00e9 kr\u00e1lovstv\u00ed, co\u017e je 99,91 TP3T produkt\u016f, kter\u00e9 prod\u00e1v\u00e1me, mo\u017en\u00e1 budete muset zaplatit dovozn\u00ed poplatek nad r\u00e1mec sazby DPH \u2013 jsou vyrobeny v \u010c\u00edn\u011b nebo Vietnamu. Tento poplatek se v ka\u017ed\u00e9 zemi li\u0161\u00ed a budete si muset ov\u011b\u0159it u sv\u00e9ho m\u00edstn\u00edho \u00fa\u0159adu DPH. Poplatek se obvykle pohybuje kolem 12% v z\u00e1vislosti na zemi.\t\t\t\t\t\t<\/div>\n\t\t\t\t<\/div>\n\t\t\t\t<div class=\"elementor-element elementor-element-b5194f4 elementor-widget elementor-widget-text-editor\" data-id=\"b5194f4\" data-element_type=\"widget\" data-widget_type=\"text-editor.default\">\n\t\t\t\t<div class=\"elementor-widget-container\">\n\t\t\t\t\t\t\tNen\u00ed pochyb o tom, \u017ee je dra\u017e\u0161\u00ed objedn\u00e1vat ze zem\u00ed mimo EU, pokud \u017eijete v EU, proto\u017ee mus\u00edte zaplatit v\u00edce dan\u00ed a dovozn\u00edch cel \u2013 tak\u017ee je v\u017edy moudr\u00e9 sna\u017eit se z\u00edskat objedn\u00e1vku m\u00edstn\u011b \u2013 nebo se informovat u sv\u00e9ho m\u00edstn\u00ed samospr\u00e1vy p\u0159ed zad\u00e1n\u00edm objedn\u00e1vky zkontrolujte, jak\u00e9 mohou b\u00fdt va\u0161e n\u00e1klady na dovoz.\t\t\t\t\t\t<\/div>\n\t\t\t\t<\/div>\n\t\t\t\t\t<\/div>\n\t\t<\/div>\n\t\t\t\t\t\t\t<\/div>\n\t\t<\/section>\n\t\t\t\t\t\t\t<\/div>","protected":false},"excerpt":{"rendered":"<p>Aktualizace Brexit Update: Do\u010dasn\u011b jsme pozastavili zas\u00edl\u00e1n\u00ed bal\u00edk\u016f do pevninsk\u00fdch zem\u00ed EU, zat\u00edmco jsou implementov\u00e1na nov\u00e1 pravidla a p\u0159edpisy t\u00fdkaj\u00edc\u00ed se DPH. Na\u0161\u00edm c\u00edlem je, abychom byli schopni nab\u00eddnout doru\u010den\u00ed do EU do 12. \u010dervence 2021. Pro v\u00edce informac\u00ed se pros\u00edm vra\u0165te pozd\u011bji. Up\u0159\u00edmn\u011b se omlouv\u00e1me za zp\u016fsoben\u00e9 nep\u0159\u00edjemnosti. Odes\u00edl\u00e1me<\/p>\n<div class=\"read-more\"><a class=\"btn btn-fill-out\" href=\"https:\/\/uoogear.com\/cs\/brexit\/\">P\u0159e\u010dt\u011bte si v\u00edce<\/a><\/div>","protected":false},"author":1,"featured_media":0,"parent":0,"menu_order":0,"comment_status":"closed","ping_status":"closed","template":"","meta":{"footnotes":""},"class_list":["post-3259","page","type-page","status-publish","hentry"],"_links":{"self":[{"href":"https:\/\/uoogear.com\/cs\/wp-json\/wp\/v2\/pages\/3259","targetHints":{"allow":["GET"]}}],"collection":[{"href":"https:\/\/uoogear.com\/cs\/wp-json\/wp\/v2\/pages"}],"about":[{"href":"https:\/\/uoogear.com\/cs\/wp-json\/wp\/v2\/types\/page"}],"author":[{"embeddable":true,"href":"https:\/\/uoogear.com\/cs\/wp-json\/wp\/v2\/users\/1"}],"replies":[{"embeddable":true,"href":"https:\/\/uoogear.com\/cs\/wp-json\/wp\/v2\/comments?post=3259"}],"version-history":[{"count":16,"href":"https:\/\/uoogear.com\/cs\/wp-json\/wp\/v2\/pages\/3259\/revisions"}],"predecessor-version":[{"id":3278,"href":"https:\/\/uoogear.com\/cs\/wp-json\/wp\/v2\/pages\/3259\/revisions\/3278"}],"wp:attachment":[{"href":"https:\/\/uoogear.com\/cs\/wp-json\/wp\/v2\/media?parent=3259"}],"curies":[{"name":"wp","href":"https:\/\/api.w.org\/{rel}","templated":true}]}}