{"id":3378,"date":"2023-08-07T06:22:41","date_gmt":"2023-08-07T06:22:41","guid":{"rendered":"https:\/\/uoogear.com\/?page_id=3378"},"modified":"2023-08-07T06:30:04","modified_gmt":"2023-08-07T06:30:04","slug":"returns-policy","status":"publish","type":"page","link":"https:\/\/uoogear.com\/cs\/returns-policy\/","title":{"rendered":"Z\u00e1sady vr\u00e1cen\u00ed"},"content":{"rendered":"<div data-elementor-type=\"wp-page\" data-elementor-id=\"3378\" class=\"elementor elementor-3378\">\n\t\t\t\t\t\t\t\t\t<section class=\"elementor-section elementor-top-section elementor-element elementor-element-4a9feaf elementor-section-boxed elementor-section-height-default elementor-section-height-default\" data-id=\"4a9feaf\" data-element_type=\"section\">\n\t\t\t\t\t\t<div class=\"elementor-container elementor-column-gap-default\">\n\t\t\t\t\t<div class=\"elementor-column elementor-col-100 elementor-top-column elementor-element elementor-element-049edf5\" data-id=\"049edf5\" data-element_type=\"column\">\n\t\t\t<div class=\"elementor-widget-wrap elementor-element-populated\">\n\t\t\t\t\t\t\t\t<div class=\"elementor-element elementor-element-3977164 elementor-widget elementor-widget-heading\" data-id=\"3977164\" data-element_type=\"widget\" data-widget_type=\"heading.default\">\n\t\t\t\t<div class=\"elementor-widget-container\">\n\t\t\t<style>\/*! elementor - v3.14.0 - 26-06-2023 *\/\n.elementor-heading-title{padding:0;margin:0;line-height:1}.elementor-widget-heading .elementor-heading-title[class*=elementor-size-]>a{color:inherit;font-size:inherit;line-height:inherit}.elementor-widget-heading .elementor-heading-title.elementor-size-small{font-size:15px}.elementor-widget-heading .elementor-heading-title.elementor-size-medium{font-size:19px}.elementor-widget-heading .elementor-heading-title.elementor-size-large{font-size:29px}.elementor-widget-heading .elementor-heading-title.elementor-size-xl{font-size:39px}.elementor-widget-heading .elementor-heading-title.elementor-size-xxl{font-size:59px}<\/style><h2 class=\"elementor-heading-title elementor-size-default\">Z\u00e1sady vr\u00e1cen\u00ed<\/h2>\t\t<\/div>\n\t\t\t\t<\/div>\n\t\t\t\t<div class=\"elementor-element elementor-element-6fc9a4f elementor-widget elementor-widget-spacer\" data-id=\"6fc9a4f\" data-element_type=\"widget\" data-widget_type=\"spacer.default\">\n\t\t\t\t<div class=\"elementor-widget-container\">\n\t\t\t<style>\/*! elementor - v3.14.0 - 26-06-2023 *\/\n.elementor-column .elementor-spacer-inner{height:var(--spacer-size)}.e-con{--container-widget-width:100%}.e-con-inner>.elementor-widget-spacer,.e-con>.elementor-widget-spacer{width:var(--container-widget-width,var(--spacer-size));--align-self:var(--container-widget-align-self,initial);--flex-shrink:0}.e-con-inner>.elementor-widget-spacer>.elementor-widget-container,.e-con-inner>.elementor-widget-spacer>.elementor-widget-container>.elementor-spacer,.e-con>.elementor-widget-spacer>.elementor-widget-container,.e-con>.elementor-widget-spacer>.elementor-widget-container>.elementor-spacer{height:100%}.e-con-inner>.elementor-widget-spacer>.elementor-widget-container>.elementor-spacer>.elementor-spacer-inner,.e-con>.elementor-widget-spacer>.elementor-widget-container>.elementor-spacer>.elementor-spacer-inner{height:var(--container-widget-height,var(--spacer-size))}<\/style>\t\t<div class=\"elementor-spacer\">\n\t\t\t<div class=\"elementor-spacer-inner\"><\/div>\n\t\t<\/div>\n\t\t\t\t<\/div>\n\t\t\t\t<\/div>\n\t\t\t\t<div class=\"elementor-element elementor-element-1c367a8 elementor-widget elementor-widget-heading\" data-id=\"1c367a8\" data-element_type=\"widget\" data-widget_type=\"heading.default\">\n\t\t\t\t<div class=\"elementor-widget-container\">\n\t\t\t<h4 class=\"elementor-heading-title elementor-size-default\">Nevy\u017e\u00e1dan\u00e9 polo\u017eky zakoupen\u00e9 v obchod\u011b<\/h4>\t\t<\/div>\n\t\t\t\t<\/div>\n\t\t\t\t<div class=\"elementor-element elementor-element-161f077 elementor-widget elementor-widget-text-editor\" data-id=\"161f077\" data-element_type=\"widget\" data-widget_type=\"text-editor.default\">\n\t\t\t\t<div class=\"elementor-widget-container\">\n\t\t\t<style>\/*! elementor - v3.14.0 - 26-06-2023 *\/\n.elementor-widget-text-editor.elementor-drop-cap-view-stacked .elementor-drop-cap{background-color:#69727d;color:#fff}.elementor-widget-text-editor.elementor-drop-cap-view-framed .elementor-drop-cap{color:#69727d;border:3px solid;background-color:transparent}.elementor-widget-text-editor:not(.elementor-drop-cap-view-default) .elementor-drop-cap{margin-top:8px}.elementor-widget-text-editor:not(.elementor-drop-cap-view-default) .elementor-drop-cap-letter{width:1em;height:1em}.elementor-widget-text-editor .elementor-drop-cap{float:left;text-align:center;line-height:1;font-size:50px}.elementor-widget-text-editor .elementor-drop-cap-letter{display:inline-block}<\/style>\t\t\t\tNevy\u017e\u00e1dan\u00e9 polo\u017eky zakoupen\u00e9 od UooGear mohou b\u00fdt vr\u00e1ceny v perfektn\u00edm stavu pro dal\u0161\u00ed prodej (v\u010detn\u011b obal\u016f a \u0161t\u00edtk\u016f) do 30 dn\u016f od n\u00e1kupu za \u00fa\u010delem vr\u00e1cen\u00ed pen\u011bz nebo v\u00fdm\u011bny v pln\u00e9 v\u00fd\u0161i. Nepat\u0159\u00ed sem zbo\u017e\u00ed pou\u017eit\u00e9, zne\u010di\u0161t\u011bn\u00e9, zap\u00e1chaj\u00edc\u00ed nebo po\u0161kozen\u00e9 nespr\u00e1vn\u00fdm pou\u017e\u00edv\u00e1n\u00edm.\t\t\t\t\t\t<\/div>\n\t\t\t\t<\/div>\n\t\t\t\t<div class=\"elementor-element elementor-element-b913df6 elementor-widget elementor-widget-heading\" data-id=\"b913df6\" data-element_type=\"widget\" data-widget_type=\"heading.default\">\n\t\t\t\t<div class=\"elementor-widget-container\">\n\t\t\t<h4 class=\"elementor-heading-title elementor-size-default\">Necht\u011bn\u00e9 polo\u017eky z uoogear.com<\/h4>\t\t<\/div>\n\t\t\t\t<\/div>\n\t\t\t\t<div class=\"elementor-element elementor-element-c7c6ddc elementor-widget elementor-widget-text-editor\" data-id=\"c7c6ddc\" data-element_type=\"widget\" data-widget_type=\"text-editor.default\">\n\t\t\t\t<div class=\"elementor-widget-container\">\n\t\t\t\t\t\t\tNevy\u017e\u00e1dan\u00e9 polo\u017eky zakoupen\u00e9 na uoogear.com mohou b\u00fdt vr\u00e1ceny v perfektn\u00edm stavu pro dal\u0161\u00ed prodej (v\u010detn\u011b obal\u016f a \u0161t\u00edtk\u016f) do 30 dn\u016f od doru\u010den\u00ed. Pokud si p\u0159ejete, abychom tyto polo\u017eky vyzvedli, pak m\u016f\u017eeme za\u0159\u00eddit, aby n\u00e1\u0161 kur\u00fdr vyzvedl tyto polo\u017eky z adresy, kterou si zvol\u00edte, za cenu 10,00 GBP za krabici (U polo\u017eek nad 30 kg se n\u00e1klady zv\u00fd\u0161\u00ed, co\u017e v\u00e1m sd\u011bl\u00edme v nab\u00eddce od kur\u00fdr). Pokud byste rad\u011bji zbo\u017e\u00ed poslali zp\u011bt na vlastn\u00ed n\u00e1klady, mus\u00ed b\u00fdt zp\u011bt u n\u00e1s do 28 dn\u016f. Jste v\u0161ak odpov\u011bdn\u00ed za tyto polo\u017eky, dokud se k n\u00e1m nedostanou. Z tohoto d\u016fvodu v\u00e1m doporu\u010dujeme pou\u017e\u00edt bezpe\u010dn\u00e9 doru\u010den\u00ed.\t\t\t\t\t\t<\/div>\n\t\t\t\t<\/div>\n\t\t\t\t<div class=\"elementor-element elementor-element-5f45aa1 elementor-widget elementor-widget-heading\" data-id=\"5f45aa1\" data-element_type=\"widget\" data-widget_type=\"heading.default\">\n\t\t\t\t<div class=\"elementor-widget-container\">\n\t\t\t<h4 class=\"elementor-heading-title elementor-size-default\">Vadn\u00e9 polo\u017eky<\/h4>\t\t<\/div>\n\t\t\t\t<\/div>\n\t\t\t\t<div class=\"elementor-element elementor-element-5771ea0 elementor-widget elementor-widget-text-editor\" data-id=\"5771ea0\" data-element_type=\"widget\" data-widget_type=\"text-editor.default\">\n\t\t\t\t<div class=\"elementor-widget-container\">\n\t\t\t\t\t\t\tVadn\u00e9 polo\u017eky se zjevnou skute\u010dnou chybou mohou b\u00fdt vr\u00e1ceny a do 30 dn\u016f budou vr\u00e1ceny pen\u00edze, nahrazeny nebo vym\u011bn\u011bny. Vadn\u00e9 polo\u017eky, kter\u00e9 jsou vr\u00e1ceny po 30 dnech, nebo polo\u017eky, kter\u00e9 nemaj\u00ed zjevnou chybu (nap\u0159\u00edklad net\u011bsnost), mohou b\u00fdt vr\u00e1ceny; m\u016f\u017ee se v\u0161ak st\u00e1t, \u017ee budeme muset odeslat polo\u017eku t\u0159et\u00ed stran\u011b k ov\u011b\u0159en\u00ed chyby. (To m\u016f\u017ee trvat n\u011bkolik t\u00fddn\u016f v z\u00e1vislosti na t\u0159et\u00ed stran\u011b). Pot\u0159ebujeme ov\u011b\u0159en\u00ed v\u0161ech z\u00e1vad p\u00edsemn\u011b, e-mailem. Pokud se u va\u0161eho produktu objev\u00ed z\u00e1vada b\u011bhem prvn\u00edch t\u0159\u00ed m\u011bs\u00edc\u016f, m\u016f\u017eete po ov\u011b\u0159en\u00ed z\u00e1vady po\u017eadovat vr\u00e1cen\u00ed pen\u011bz.\t\t\t\t\t\t<\/div>\n\t\t\t\t<\/div>\n\t\t\t\t<div class=\"elementor-element elementor-element-bebd1d5 elementor-widget elementor-widget-heading\" data-id=\"bebd1d5\" data-element_type=\"widget\" data-widget_type=\"heading.default\">\n\t\t\t\t<div class=\"elementor-widget-container\">\n\t\t\t<h4 class=\"elementor-heading-title elementor-size-default\">Polo\u017eky oble\u010den\u00ed<\/h4>\t\t<\/div>\n\t\t\t\t<\/div>\n\t\t\t\t<div class=\"elementor-element elementor-element-930100e elementor-widget elementor-widget-text-editor\" data-id=\"930100e\" data-element_type=\"widget\" data-widget_type=\"text-editor.default\">\n\t\t\t\t<div class=\"elementor-widget-container\">\n\t\t\t\t\t\t\tPokud se n\u00e1m zbo\u017e\u00ed vrac\u00ed jako nevhodn\u00e9 pro zam\u00fd\u0161len\u00fd \u00fa\u010del, ujist\u011bte se, \u017ee jste n\u00e1s informovali o sv\u00e9m \u00famyslu n\u00e1m je vr\u00e1tit do 7 dn\u016f od n\u00e1kupu. Pokud si p\u0159ejete, abychom v\u00e1m zbo\u017e\u00ed vyzvedli a\/nebo vym\u011bnili, r\u00e1di tak u\u010din\u00edme za poplatek 10,00 GBP. Alternativn\u011b n\u00e1m m\u016f\u017eete zbo\u017e\u00ed vr\u00e1tit z vlastn\u00ed v\u016fle, my v\u0161ak mus\u00edme m\u00edt zbo\u017e\u00ed zp\u011bt do 28 dn\u016f od data n\u00e1kupu.\t\t\t\t\t\t<\/div>\n\t\t\t\t<\/div>\n\t\t\t\t<div class=\"elementor-element elementor-element-8796eb8 elementor-widget elementor-widget-text-editor\" data-id=\"8796eb8\" data-element_type=\"widget\" data-widget_type=\"text-editor.default\">\n\t\t\t\t<div class=\"elementor-widget-container\">\n\t\t\t\t\t\t\tUpozorn\u011bn\u00ed: nevhodn\u00e9 zbo\u017e\u00ed mus\u00ed b\u00fdt vr\u00e1ceno NEPOU\u017dIT\u00c9, \u010dist\u00e9, sv\u011b\u017e\u00ed, zbaven\u00e9 ps\u00edch chlup\u016f atd. a jak\u00fdchkoli jin\u00fdch d\u016fkaz\u016f o obecn\u00e9m zneu\u017eit\u00ed. Ve\u0161ker\u00e9 oble\u010den\u00ed mus\u00ed m\u00edt \u0161t\u00edtek v\u00fdrobce a l\u00edstky na swing. Jak\u00e9koli polo\u017eky vr\u00e1cen\u00e9 n\u00e1m, kter\u00e9 nespl\u0148uj\u00ed v\u00fd\u0161e uveden\u00e9 podm\u00ednky, mohou ovlivnit na\u0161i schopnost vr\u00e1tit pen\u00edze v pln\u00e9 v\u00fd\u0161i.\t\t\t\t\t\t<\/div>\n\t\t\t\t<\/div>\n\t\t\t\t<div class=\"elementor-element elementor-element-79185b2 elementor-widget elementor-widget-heading\" data-id=\"79185b2\" data-element_type=\"widget\" data-widget_type=\"heading.default\">\n\t\t\t\t<div class=\"elementor-widget-container\">\n\t\t\t<h4 class=\"elementor-heading-title elementor-size-default\">Stan se vrac\u00ed<\/h4>\t\t<\/div>\n\t\t\t\t<\/div>\n\t\t\t\t<div class=\"elementor-element elementor-element-33eb9aa elementor-widget elementor-widget-text-editor\" data-id=\"33eb9aa\" data-element_type=\"widget\" data-widget_type=\"text-editor.default\">\n\t\t\t\t<div class=\"elementor-widget-container\">\n\t\t\t\t\t\t\tJe naprosto nezbytn\u00e9, abyste sv\u016fj stan p\u0159ed odjezdem na dovolenou zkontrolovali. Nem\u016f\u017eeme n\u00e9st odpov\u011bdnost za nezkontrolov\u00e1n\u00ed stanu p\u0159ed va\u0161\u00ed dovolenou, abychom se ujistili, \u017ee v\u0161echny sou\u010d\u00e1sti jsou ve stanu. Ka\u017ed\u00fd stan je p\u0159i v\u00fdrob\u011b kontrolov\u00e1n hmotnost\u00ed, aby bylo zaji\u0161t\u011bno, \u017ee jsou tam v\u0161echny komponenty. P\u0159ed odjezdem je v\u0161ak nutn\u00e9 stan zkontrolovat a sezn\u00e1mit se s n\u00edm.\t\t\t\t\t\t<\/div>\n\t\t\t\t<\/div>\n\t\t\t\t<div class=\"elementor-element elementor-element-44506a9 elementor-widget elementor-widget-text-editor\" data-id=\"44506a9\" data-element_type=\"widget\" data-widget_type=\"text-editor.default\">\n\t\t\t\t<div class=\"elementor-widget-container\">\n\t\t\t\t\t\t\tJakmile se stan postav\u00ed venku, ji\u017e se nepova\u017euje za v perfektn\u00edm stavu pro dal\u0161\u00ed prodej. Na v\u0161echny stany se vztahuje 2let\u00e1 z\u00e1ruka v\u00fdrobce a Outdoor World bude stan kr\u00fdt stejnou dobu. Je vy\u017eadov\u00e1n doklad o koupi. Vezm\u011bte pros\u00edm na v\u011bdom\u00ed, \u017ee z\u00e1ruka se nevztahuje na po\u0161kozen\u00ed stanu, jeho ty\u010d\u00ed nebo jak\u00e9koli jin\u00e9 sou\u010d\u00e1sti zp\u016fsoben\u00e9 t\u00edm\t\t\t\t\t\t<\/div>\n\t\t\t\t<\/div>\n\t\t\t\t<div class=\"elementor-element elementor-element-afc5129 elementor-widget elementor-widget-text-editor\" data-id=\"afc5129\" data-element_type=\"widget\" data-widget_type=\"text-editor.default\">\n\t\t\t\t<div class=\"elementor-widget-container\">\n\t\t\t\t\t\t\t<p>Varov\u00e1n\u00ed p\u0159ed nep\u0159\u00edzniv\u00fdmi pov\u011btrnostn\u00edmi podm\u00ednkami (po\u0161kozen\u00ed vich\u0159ic\u00ed)<br \/>Nehody<br \/>Zneu\u017e\u00edt<br \/>opot\u0159eben\u00ed<br \/>UV degradace<br \/>Pl\u00edse\u0148 v d\u016fsledku mokr\u00e9ho balen\u00ed nebo nespr\u00e1vn\u00e9ho skladov\u00e1n\u00ed<\/p>\t\t\t\t\t\t<\/div>\n\t\t\t\t<\/div>\n\t\t\t\t<div class=\"elementor-element elementor-element-4fac535 elementor-widget elementor-widget-text-editor\" data-id=\"4fac535\" data-element_type=\"widget\" data-widget_type=\"text-editor.default\">\n\t\t\t\t<div class=\"elementor-widget-container\">\n\t\t\t\t\t\t\tPokud se domn\u00edv\u00e1te, \u017ee v\u00e1\u0161 stan m\u00e1 v\u00fdrobn\u00ed chybu, prvn\u00ed v\u011bc, kterou mus\u00edte ud\u011blat, je kontaktovat linku pro vr\u00e1cen\u00ed stan\u016f na \u010d\u00edsle 01924 265457.\t\t\t\t\t\t<\/div>\n\t\t\t\t<\/div>\n\t\t\t\t<div class=\"elementor-element elementor-element-ab871b1 elementor-widget elementor-widget-text-editor\" data-id=\"ab871b1\" data-element_type=\"widget\" data-widget_type=\"text-editor.default\">\n\t\t\t\t<div class=\"elementor-widget-container\">\n\t\t\t\t\t\t\tV p\u0159\u00edpad\u011b, \u017ee pot\u0159ebujete vr\u00e1tit stan v obchod\u011b nebo online, m\u011bjte na pam\u011bti:\t\t\t\t\t\t<\/div>\n\t\t\t\t<\/div>\n\t\t\t\t<div class=\"elementor-element elementor-element-9cf37f6 elementor-widget elementor-widget-text-editor\" data-id=\"9cf37f6\" data-element_type=\"widget\" data-widget_type=\"text-editor.default\">\n\t\t\t\t<div class=\"elementor-widget-container\">\n\t\t\t\t\t\t\t<p>Stan nemus\u00ed b\u00fdt p\u0159ijat, pokud je stan mokr\u00fd nebo nadm\u011brn\u011b zne\u010di\u0161t\u011bn\u00fd z d\u016fvodu ochrany zdrav\u00ed a bezpe\u010dnosti \u2013 stan mus\u00ed b\u00fdt such\u00fd 100%, jinak v\u00e1m bude bez pozornosti vr\u00e1cen.<br \/>N\u011bkter\u00e9 stany m\u016f\u017ee b\u00fdt tak\u00e9 nutn\u00e9 zaslat t\u0159et\u00ed stran\u011b k posouzen\u00ed<br \/>Z\u00e1ruku na stany Vango lze prodlou\u017eit na 3 roky tak, \u017ee p\u0159ejdete na web Vango a zaregistrujete n\u00e1kup.<br \/>Pokud vr\u00e1t\u00edte sv\u016fj stan s prohl\u00e1\u0161en\u00edm, \u017ee je zcela nov\u00fd a nepou\u017eit\u00fd, a my ho otev\u0159eme, abychom zjistili, \u017ee byl zjevn\u011b pou\u017e\u00edv\u00e1n a vykazuje zn\u00e1mky bl\u00e1ta, pta\u010d\u00edho lejna, m\u00edzy strom\u016f, bude vyfotografov\u00e1n a okam\u017eit\u011b v\u00e1m vr\u00e1cen a pen\u00edze v\u00e1m nebudou vr\u00e1ceny. zpracov\u00e1no. Bohu\u017eel se n\u00e1m to st\u00e1v\u00e1 mnohokr\u00e1t za sez\u00f3nu, proto\u017ee lid\u00e9 pou\u017e\u00edvaj\u00ed produkt na dovolenou a sna\u017e\u00ed se ho pot\u00e9 vr\u00e1tit.<\/p>\t\t\t\t\t\t<\/div>\n\t\t\t\t<\/div>\n\t\t\t\t<div class=\"elementor-element elementor-element-43e2398 elementor-widget elementor-widget-text-editor\" data-id=\"43e2398\" data-element_type=\"widget\" data-widget_type=\"text-editor.default\">\n\t\t\t\t<div class=\"elementor-widget-container\">\n\t\t\t\t\t\t\tToto upozorn\u011bn\u00ed dopl\u0148uje va\u0161e z\u00e1konn\u00e1 pr\u00e1va.\t\t\t\t\t\t<\/div>\n\t\t\t\t<\/div>\n\t\t\t\t\t<\/div>\n\t\t<\/div>\n\t\t\t\t\t\t\t<\/div>\n\t\t<\/section>\n\t\t\t\t\t\t\t<\/div>","protected":false},"excerpt":{"rendered":"<p>Z\u00e1sady vracen\u00ed Nevy\u017e\u00e1dan\u00e9 polo\u017eky zakoupen\u00e9 v obchod\u011b Nevy\u017e\u00e1dan\u00e9 polo\u017eky zakoupen\u00e9 od UooGear mohou b\u00fdt vr\u00e1ceny v perfektn\u00edm stavu pro dal\u0161\u00ed prodej (v\u010detn\u011b obal\u016f a \u0161t\u00edtk\u016f) do 30 dn\u016f od n\u00e1kupu za \u00fa\u010delem vr\u00e1cen\u00ed pen\u011bz nebo v\u00fdm\u011bny v pln\u00e9 v\u00fd\u0161i. Nepat\u0159\u00ed sem zbo\u017e\u00ed pou\u017eit\u00e9, zne\u010di\u0161t\u011bn\u00e9, zap\u00e1chaj\u00edc\u00ed nebo po\u0161kozen\u00e9 nespr\u00e1vn\u00fdm pou\u017e\u00edv\u00e1n\u00edm. Necht\u011bn\u00e9 polo\u017eky z uoogear.com<\/p>\n<div class=\"read-more\"><a class=\"btn btn-fill-out\" href=\"https:\/\/uoogear.com\/cs\/returns-policy\/\">P\u0159e\u010dt\u011bte si v\u00edce<\/a><\/div>","protected":false},"author":1,"featured_media":0,"parent":0,"menu_order":0,"comment_status":"closed","ping_status":"closed","template":"","meta":{"footnotes":""},"class_list":["post-3378","page","type-page","status-publish","hentry"],"_links":{"self":[{"href":"https:\/\/uoogear.com\/cs\/wp-json\/wp\/v2\/pages\/3378","targetHints":{"allow":["GET"]}}],"collection":[{"href":"https:\/\/uoogear.com\/cs\/wp-json\/wp\/v2\/pages"}],"about":[{"href":"https:\/\/uoogear.com\/cs\/wp-json\/wp\/v2\/types\/page"}],"author":[{"embeddable":true,"href":"https:\/\/uoogear.com\/cs\/wp-json\/wp\/v2\/users\/1"}],"replies":[{"embeddable":true,"href":"https:\/\/uoogear.com\/cs\/wp-json\/wp\/v2\/comments?post=3378"}],"version-history":[{"count":10,"href":"https:\/\/uoogear.com\/cs\/wp-json\/wp\/v2\/pages\/3378\/revisions"}],"predecessor-version":[{"id":3388,"href":"https:\/\/uoogear.com\/cs\/wp-json\/wp\/v2\/pages\/3378\/revisions\/3388"}],"wp:attachment":[{"href":"https:\/\/uoogear.com\/cs\/wp-json\/wp\/v2\/media?parent=3378"}],"curies":[{"name":"wp","href":"https:\/\/api.w.org\/{rel}","templated":true}]}}