{"id":4108,"date":"2023-11-13T10:46:57","date_gmt":"2023-11-13T10:46:57","guid":{"rendered":"https:\/\/uoogear.com\/product\/competitive-price-hot-sale-car-top-roof-tent-rooftop-tent\/"},"modified":"2023-11-28T05:59:54","modified_gmt":"2023-11-28T05:59:54","slug":"competitive-price-hot-sale-car-top-roof-tent-rooftop-tent","status":"publish","type":"product","link":"https:\/\/uoogear.com\/cs\/produkt\/competitive-price-hot-sale-car-top-roof-tent-rooftop-tent\/","title":{"rendered":"Konkuren\u010dn\u00ed cena \u017ehav\u00fd v\u00fdprodej auto stan st\u0159e\u0161n\u00ed stan st\u0159e\u0161n\u00ed stan"},"content":{"rendered":"<ul>\n<li><strong>Plocha : <\/strong> 8CBM<\/li>\n<li><strong>Tkanina: <\/strong> Pl\u00e1tno<\/li>\n<li><strong>Index vod\u011bodolnosti vn\u011bj\u0161\u00edho stanu: <\/strong> &lt;1000 mm<\/li>\n<li><strong>Spodn\u00ed index vod\u011bodolnosti: <\/strong> &gt; 3000 mm<\/li>\n<li><strong>Typ budovy: <\/strong> Rychl\u00e9 automatick\u00e9 otev\u00edr\u00e1n\u00ed<\/li>\n<li><strong>Styl stanu: <\/strong> Typ diagon\u00e1ln\u00ed v\u00fdztuhy<\/li>\n<li><strong>Sez\u00f3na : <\/strong> \u010cty\u0159sez\u00f3nn\u00ed stan<\/li>\n<li><strong>Struktura: <\/strong> Jedna lo\u017enice<\/li>\n<li><strong>Jm\u00e9no v\u00fdrobku : <\/strong> Stan na kempov\u00e1n\u00ed<\/li>\n<li><strong>Pou\u017eit\u00ed: <\/strong> Venkovn\u00ed kempingov\u00fd divok\u00fd stan<\/li>\n<li><strong>Kl\u00ed\u010dov\u00e9 slovo: <\/strong> st\u0159e\u0161n\u00ed stan<\/li>\n<li><strong>Velikost: <\/strong> 210cmx(150+240)cm<\/li>\n<li><strong>Materi\u00e1l: <\/strong> Pl\u00e1tno<\/li>\n<li><strong>Aplikace : <\/strong> Venkovn\u00ed kempov\u00fd rodinn\u00fd stan<\/li>\n<li><strong>Funkce: <\/strong> Kempov\u00e1n\u00ed venku<\/li>\n<li><strong>MOQ: <\/strong> 1 kus<\/li>\n<li><strong>Materi\u00e1l r\u00e1mu: <\/strong> 16mm hlin\u00edkov\u00e1 ty\u010d<\/li>\n<li><strong>Vlastnosti : <\/strong> Waterpoof<\/li>\n<\/ul>","protected":false},"excerpt":{"rendered":"<p>Plocha : 8CBM Tkanina : Pl\u00e1tno Vn\u011bj\u0161\u00ed stan Vodot\u011bsnost : &lt;1000 mm Spodn\u00ed Vodot\u011bsnost : &gt;3000 mm Typ budovy : Rychl\u00e9 automatick\u00e9 otev\u00edr\u00e1n\u00ed Styl stanu : Typ s diagon\u00e1ln\u00edm vyztu\u017een\u00edm Sez\u00f3na : \u010cty\u0159sez\u00f3nn\u00ed Struktura stanu : Jedna lo\u017enice N\u00e1zev produktu : Kempingov\u00fd stan Pou\u017eit\u00ed : Outdoor Camping Wild Tent Kl\u00ed\u010dov\u00e9 slovo: st\u0159e\u0161n\u00ed stan<\/p>\n<div class=\"read-more\"><a class=\"btn btn-fill-out\" href=\"https:\/\/uoogear.com\/cs\/produkt\/competitive-price-hot-sale-car-top-roof-tent-rooftop-tent\/\">P\u0159e\u010dt\u011bte si v\u00edce<\/a><\/div>","protected":false},"featured_media":4107,"template":"","meta":[],"product_brand":[],"product_cat":[15],"product_tag":[140,141,142],"class_list":{"0":"post-4108","1":"product","2":"type-product","3":"status-publish","4":"has-post-thumbnail","6":"product_cat-uncategorized","7":"product_tag-camping-hiking","8":"product_tag-outdoor-tents","9":"product_tag-roof-tent","10":"tm-no-options","12":"first","13":"instock","14":"shipping-taxable","15":"purchasable","16":"product-type-variable"},"_links":{"self":[{"href":"https:\/\/uoogear.com\/cs\/wp-json\/wp\/v2\/product\/4108","targetHints":{"allow":["GET"]}}],"collection":[{"href":"https:\/\/uoogear.com\/cs\/wp-json\/wp\/v2\/product"}],"about":[{"href":"https:\/\/uoogear.com\/cs\/wp-json\/wp\/v2\/types\/product"}],"wp:featuredmedia":[{"embeddable":true,"href":"https:\/\/uoogear.com\/cs\/wp-json\/wp\/v2\/media\/4107"}],"wp:attachment":[{"href":"https:\/\/uoogear.com\/cs\/wp-json\/wp\/v2\/media?parent=4108"}],"wp:term":[{"taxonomy":"product_brand","embeddable":true,"href":"https:\/\/uoogear.com\/cs\/wp-json\/wp\/v2\/product_brand?post=4108"},{"taxonomy":"product_cat","embeddable":true,"href":"https:\/\/uoogear.com\/cs\/wp-json\/wp\/v2\/product_cat?post=4108"},{"taxonomy":"product_tag","embeddable":true,"href":"https:\/\/uoogear.com\/cs\/wp-json\/wp\/v2\/product_tag?post=4108"}],"curies":[{"name":"wp","href":"https:\/\/api.w.org\/{rel}","templated":true}]}}