{"id":4116,"date":"2023-11-13T11:07:07","date_gmt":"2023-11-13T11:07:07","guid":{"rendered":"https:\/\/uoogear.com\/product\/customized-home-outdoor-park-camping-waterproof-roof-top-tent\/"},"modified":"2023-11-30T02:39:12","modified_gmt":"2023-11-30T02:39:12","slug":"customized-home-outdoor-park-camping-waterproof-roof-top-tent","status":"publish","type":"product","link":"https:\/\/uoogear.com\/cs\/produkt\/customized-home-outdoor-park-camping-waterproof-roof-top-tent\/","title":{"rendered":"P\u0159izp\u016fsoben\u00fd dom\u00e1c\u00ed venkovn\u00ed parkov\u00fd kempingov\u00fd stan na st\u0159echu"},"content":{"rendered":"<ul>\n<li><strong>Plocha : <\/strong> 8CBM<\/li>\n<li><strong>Tkanina: <\/strong> Pl\u00e1tno<\/li>\n<li><strong>Index vod\u011bodolnosti vn\u011bj\u0161\u00edho stanu: <\/strong> &lt;1000 mm<\/li>\n<li><strong>Spodn\u00ed index vod\u011bodolnosti: <\/strong> &gt; 3000 mm<\/li>\n<li><strong>Typ budovy: <\/strong> Rychl\u00e9 automatick\u00e9 otev\u00edr\u00e1n\u00ed<\/li>\n<li><strong>Styl stanu: <\/strong> Typ diagon\u00e1ln\u00ed v\u00fdztuhy<\/li>\n<li><strong>Sez\u00f3na : <\/strong> \u010cty\u0159sez\u00f3nn\u00ed stan<\/li>\n<li><strong>Struktura: <\/strong> Jedna lo\u017enice<\/li>\n<li><strong>Jm\u00e9no v\u00fdrobku : <\/strong> Stan na kempov\u00e1n\u00ed<\/li>\n<li><strong>Pou\u017eit\u00ed: <\/strong> Venkovn\u00ed kempov\u00fd stan<\/li>\n<li><strong>Kl\u00ed\u010dov\u00e9 slovo: <\/strong> st\u0159e\u0161n\u00ed stan<\/li>\n<li><strong>Velikost: <\/strong> 210cmx(150+240)cm<\/li>\n<li><strong>Materi\u00e1l: <\/strong> Pl\u00e1tno<\/li>\n<li><strong>Aplikace : <\/strong> Venkovn\u00ed kempov\u00fd rodinn\u00fd stan<\/li>\n<li><strong>Funkce: <\/strong> Kempov\u00e1n\u00ed venku<\/li>\n<li><strong>MOQ: <\/strong> 1 kus<\/li>\n<li><strong>Materi\u00e1l r\u00e1mu: <\/strong> 16mm hlin\u00edkov\u00e1 ty\u010d<\/li>\n<li><strong>Vlastnosti : <\/strong> Waterpoof<\/li>\n<\/ul>\n<div data-magic-global=\"%7B%22bizId%22%3A2206962912116%2C%22pageId%22%3A5052045798%2C%22siteId%22%3A5005786273%7D\">\n<div>\n<div>\n<div>\n<div>\n<div>\n<div><\/div>\n<\/div>\n<\/div>\n<\/div>\n<\/div>\n<\/div>\n<div>\n<div data-section=\"AliMagic-k7j8u2\" data-section-title=\"Product Description\">Popis v\u00fdrobku<\/div>\n<\/div>\n<div>\n<div>\n<div><img loading=\"lazy\" decoding=\"async\" class=\"alignnone size-full wp-image-5167\" src=\"https:\/\/uoogear.com\/wp-content\/uploads\/2023\/11\/H9dd60be25fa14a6dab35cb282fd8019cd.png\" width=\"890\" height=\"847\" srcset=\"https:\/\/uoogear.com\/wp-content\/uploads\/2023\/11\/H9dd60be25fa14a6dab35cb282fd8019cd.png 890w, https:\/\/uoogear.com\/wp-content\/uploads\/2023\/11\/H9dd60be25fa14a6dab35cb282fd8019cd-300x286.png 300w, https:\/\/uoogear.com\/wp-content\/uploads\/2023\/11\/H9dd60be25fa14a6dab35cb282fd8019cd-768x731.png 768w, https:\/\/uoogear.com\/wp-content\/uploads\/2023\/11\/H9dd60be25fa14a6dab35cb282fd8019cd-600x571.png 600w, https:\/\/uoogear.com\/wp-content\/uploads\/2023\/11\/H9dd60be25fa14a6dab35cb282fd8019cd-57x54.png 57w\" sizes=\"auto, (max-width: 890px) 100vw, 890px\" \/><\/div>\n<div><img loading=\"lazy\" decoding=\"async\" class=\"alignnone size-full wp-image-5168\" src=\"https:\/\/uoogear.com\/wp-content\/uploads\/2023\/11\/Hbec3b674ffe243ccaf65469a97943425v.jpg\" width=\"1280\" height=\"960\" srcset=\"https:\/\/uoogear.com\/wp-content\/uploads\/2023\/11\/Hbec3b674ffe243ccaf65469a97943425v.jpg 1280w, https:\/\/uoogear.com\/wp-content\/uploads\/2023\/11\/Hbec3b674ffe243ccaf65469a97943425v-300x225.jpg 300w, https:\/\/uoogear.com\/wp-content\/uploads\/2023\/11\/Hbec3b674ffe243ccaf65469a97943425v-1024x768.jpg 1024w, https:\/\/uoogear.com\/wp-content\/uploads\/2023\/11\/Hbec3b674ffe243ccaf65469a97943425v-768x576.jpg 768w, https:\/\/uoogear.com\/wp-content\/uploads\/2023\/11\/Hbec3b674ffe243ccaf65469a97943425v-600x450.jpg 600w, https:\/\/uoogear.com\/wp-content\/uploads\/2023\/11\/Hbec3b674ffe243ccaf65469a97943425v-72x54.jpg 72w\" sizes=\"auto, (max-width: 1280px) 100vw, 1280px\" \/><\/div>\n<div><img loading=\"lazy\" decoding=\"async\" class=\"alignnone size-full wp-image-5169\" src=\"https:\/\/uoogear.com\/wp-content\/uploads\/2023\/11\/H1c9aa96f96ef4048b63fc07ef788ae9fj.jpg\" width=\"1280\" height=\"960\" srcset=\"https:\/\/uoogear.com\/wp-content\/uploads\/2023\/11\/H1c9aa96f96ef4048b63fc07ef788ae9fj.jpg 1280w, https:\/\/uoogear.com\/wp-content\/uploads\/2023\/11\/H1c9aa96f96ef4048b63fc07ef788ae9fj-300x225.jpg 300w, https:\/\/uoogear.com\/wp-content\/uploads\/2023\/11\/H1c9aa96f96ef4048b63fc07ef788ae9fj-1024x768.jpg 1024w, https:\/\/uoogear.com\/wp-content\/uploads\/2023\/11\/H1c9aa96f96ef4048b63fc07ef788ae9fj-768x576.jpg 768w, https:\/\/uoogear.com\/wp-content\/uploads\/2023\/11\/H1c9aa96f96ef4048b63fc07ef788ae9fj-600x450.jpg 600w, https:\/\/uoogear.com\/wp-content\/uploads\/2023\/11\/H1c9aa96f96ef4048b63fc07ef788ae9fj-72x54.jpg 72w\" sizes=\"auto, (max-width: 1280px) 100vw, 1280px\" \/><\/div>\n<div><img loading=\"lazy\" decoding=\"async\" class=\"alignnone size-full wp-image-5170\" src=\"https:\/\/uoogear.com\/wp-content\/uploads\/2023\/11\/H6ede6da9351744ceac2d985f8a599b28l.jpg\" width=\"1280\" height=\"960\" srcset=\"https:\/\/uoogear.com\/wp-content\/uploads\/2023\/11\/H6ede6da9351744ceac2d985f8a599b28l.jpg 1280w, https:\/\/uoogear.com\/wp-content\/uploads\/2023\/11\/H6ede6da9351744ceac2d985f8a599b28l-300x225.jpg 300w, https:\/\/uoogear.com\/wp-content\/uploads\/2023\/11\/H6ede6da9351744ceac2d985f8a599b28l-1024x768.jpg 1024w, https:\/\/uoogear.com\/wp-content\/uploads\/2023\/11\/H6ede6da9351744ceac2d985f8a599b28l-768x576.jpg 768w, https:\/\/uoogear.com\/wp-content\/uploads\/2023\/11\/H6ede6da9351744ceac2d985f8a599b28l-600x450.jpg 600w, https:\/\/uoogear.com\/wp-content\/uploads\/2023\/11\/H6ede6da9351744ceac2d985f8a599b28l-72x54.jpg 72w\" sizes=\"auto, (max-width: 1280px) 100vw, 1280px\" \/><\/div>\n<div><img loading=\"lazy\" decoding=\"async\" class=\"alignnone size-full wp-image-5171\" src=\"https:\/\/uoogear.com\/wp-content\/uploads\/2023\/11\/H3e45721a57344521b1cf48aa3707aab9a.jpg\" width=\"1280\" height=\"960\" srcset=\"https:\/\/uoogear.com\/wp-content\/uploads\/2023\/11\/H3e45721a57344521b1cf48aa3707aab9a.jpg 1280w, https:\/\/uoogear.com\/wp-content\/uploads\/2023\/11\/H3e45721a57344521b1cf48aa3707aab9a-300x225.jpg 300w, https:\/\/uoogear.com\/wp-content\/uploads\/2023\/11\/H3e45721a57344521b1cf48aa3707aab9a-1024x768.jpg 1024w, https:\/\/uoogear.com\/wp-content\/uploads\/2023\/11\/H3e45721a57344521b1cf48aa3707aab9a-768x576.jpg 768w, https:\/\/uoogear.com\/wp-content\/uploads\/2023\/11\/H3e45721a57344521b1cf48aa3707aab9a-600x450.jpg 600w, https:\/\/uoogear.com\/wp-content\/uploads\/2023\/11\/H3e45721a57344521b1cf48aa3707aab9a-72x54.jpg 72w\" sizes=\"auto, (max-width: 1280px) 100vw, 1280px\" \/><\/div>\n<div><img loading=\"lazy\" decoding=\"async\" class=\"alignnone size-full wp-image-5173\" src=\"https:\/\/uoogear.com\/wp-content\/uploads\/2023\/11\/H8d0b6b0575bf4544945ae0c765cdad94H.jpg\" width=\"1280\" height=\"960\" srcset=\"https:\/\/uoogear.com\/wp-content\/uploads\/2023\/11\/H8d0b6b0575bf4544945ae0c765cdad94H.jpg 1280w, https:\/\/uoogear.com\/wp-content\/uploads\/2023\/11\/H8d0b6b0575bf4544945ae0c765cdad94H-300x225.jpg 300w, https:\/\/uoogear.com\/wp-content\/uploads\/2023\/11\/H8d0b6b0575bf4544945ae0c765cdad94H-1024x768.jpg 1024w, https:\/\/uoogear.com\/wp-content\/uploads\/2023\/11\/H8d0b6b0575bf4544945ae0c765cdad94H-768x576.jpg 768w, https:\/\/uoogear.com\/wp-content\/uploads\/2023\/11\/H8d0b6b0575bf4544945ae0c765cdad94H-600x450.jpg 600w, https:\/\/uoogear.com\/wp-content\/uploads\/2023\/11\/H8d0b6b0575bf4544945ae0c765cdad94H-72x54.jpg 72w\" sizes=\"auto, (max-width: 1280px) 100vw, 1280px\" \/><\/div>\n<\/div>\n<\/div>\n<div>\n<div data-section=\"AliMagic-p9qjis\" data-section-title=\"Specification\"><\/div>\n<\/div>\n<div><\/div>\n<div>\n<div>\n<div>\n<div>\n<div>\n<div><\/div>\n<\/div>\n<\/div>\n<\/div>\n<\/div>\n<\/div>\n<\/div>","protected":false},"excerpt":{"rendered":"<p>Plocha : 8CBM Tkanina : Pl\u00e1tno Vn\u011bj\u0161\u00ed stan Vodot\u011bsnost : &lt;1000 mm Spodn\u00ed Vodot\u011bsnost : &gt;3000 mm Typ budovy : Rychl\u00e9 automatick\u00e9 otev\u00edr\u00e1n\u00ed Styl stanu : Typ s diagon\u00e1ln\u00edm vyztu\u017een\u00edm Sez\u00f3na : \u010cty\u0159sez\u00f3nn\u00ed Struktura stanu : Jedna lo\u017enice N\u00e1zev produktu : Kempingov\u00fd stan Pou\u017eit\u00ed : Outdoor Camping Stan Kl\u00ed\u010dov\u00e9 slovo: st\u0159e\u0161n\u00ed stan Velikost<\/p>\n<div class=\"read-more\"><a class=\"btn btn-fill-out\" href=\"https:\/\/uoogear.com\/cs\/produkt\/customized-home-outdoor-park-camping-waterproof-roof-top-tent\/\">P\u0159e\u010dt\u011bte si v\u00edce<\/a><\/div>","protected":false},"featured_media":4115,"template":"","meta":[],"product_brand":[],"product_cat":[15],"product_tag":[],"class_list":{"0":"post-4116","1":"product","2":"type-product","3":"status-publish","4":"has-post-thumbnail","6":"product_cat-uncategorized","7":"tm-no-options","9":"first","10":"instock","11":"shipping-taxable","12":"purchasable","13":"product-type-variable"},"_links":{"self":[{"href":"https:\/\/uoogear.com\/cs\/wp-json\/wp\/v2\/product\/4116","targetHints":{"allow":["GET"]}}],"collection":[{"href":"https:\/\/uoogear.com\/cs\/wp-json\/wp\/v2\/product"}],"about":[{"href":"https:\/\/uoogear.com\/cs\/wp-json\/wp\/v2\/types\/product"}],"wp:featuredmedia":[{"embeddable":true,"href":"https:\/\/uoogear.com\/cs\/wp-json\/wp\/v2\/media\/4115"}],"wp:attachment":[{"href":"https:\/\/uoogear.com\/cs\/wp-json\/wp\/v2\/media?parent=4116"}],"wp:term":[{"taxonomy":"product_brand","embeddable":true,"href":"https:\/\/uoogear.com\/cs\/wp-json\/wp\/v2\/product_brand?post=4116"},{"taxonomy":"product_cat","embeddable":true,"href":"https:\/\/uoogear.com\/cs\/wp-json\/wp\/v2\/product_cat?post=4116"},{"taxonomy":"product_tag","embeddable":true,"href":"https:\/\/uoogear.com\/cs\/wp-json\/wp\/v2\/product_tag?post=4116"}],"curies":[{"name":"wp","href":"https:\/\/api.w.org\/{rel}","templated":true}]}}