{"id":4172,"date":"2023-11-13T12:17:26","date_gmt":"2023-11-13T12:17:26","guid":{"rendered":"https:\/\/uoogear.com\/product\/outdoor-folding-off-road-camping-pickup-camper-trailer-truck-bed-tents\/"},"modified":"2023-11-30T07:31:23","modified_gmt":"2023-11-30T07:31:23","slug":"outdoor-folding-off-road-camping-pickup-camper-trailer-truck-bed-tents","status":"publish","type":"product","link":"https:\/\/uoogear.com\/cs\/produkt\/outdoor-folding-off-road-camping-pickup-camper-trailer-truck-bed-tents\/","title":{"rendered":"venkovn\u00ed skl\u00e1dac\u00ed off road camping pick-up karavan p\u0159\u00edv\u011bs kamion postel stany"},"content":{"rendered":"<ul>\n<li><strong>Plocha : <\/strong> 2,25 m2<\/li>\n<li><strong>Tkanina: <\/strong> Polyester Oxford<\/li>\n<li><strong>Index vod\u011bodolnosti vn\u011bj\u0161\u00edho stanu: <\/strong> 1500-2000 mm<\/li>\n<li><strong>Spodn\u00ed index vod\u011bodolnosti: <\/strong> &gt; 3000 mm<\/li>\n<li><strong>Typ budovy: <\/strong> Konstrukce na z\u00e1klad\u011b pot\u0159eby<\/li>\n<li><strong>Styl stanu: <\/strong> Typ diagon\u00e1ln\u00ed v\u00fdztuhy<\/li>\n<li><strong>Sez\u00f3na : <\/strong> \u010cty\u0159sez\u00f3nn\u00ed stan<\/li>\n<li><strong>Struktura: <\/strong> Jedna lo\u017enice<\/li>\n<li><strong>Jm\u00e9no v\u00fdrobku : <\/strong> Polyesterov\u00fd karavanov\u00fd stan Oxford<\/li>\n<li><strong>Velikost: <\/strong> 148*152*150 cm<\/li>\n<li><strong>p\u00f3l: <\/strong> Sklolamin\u00e1t<\/li>\n<li><strong>Podlaha : <\/strong> 2,25 m2<\/li>\n<li><strong>Materi\u00e1l: <\/strong> Polyester Oxford<\/li>\n<li><strong>Vlastnosti : <\/strong> Odoln\u00e1 proti UV z\u00e1\u0159en\u00ed<\/li>\n<li><strong>Funkce: <\/strong> Kempov\u00e1n\u00ed venku<\/li>\n<li><strong>Typ: <\/strong> Stan pro 1-2 osoby<\/li>\n<li><strong>styl: <\/strong> P\u0159enosn\u00fd venkovn\u00ed stan<\/li>\n<li><strong>Aplikace : <\/strong> Venkovn\u00ed cestov\u00e1n\u00ed Turistika Kempov\u00e1n\u00ed<\/li>\n<\/ul>\n<div>\n<div data-magic-global=\"%7B%22bizId%22%3A2206962912116%2C%22pageId%22%3A21257988365%2C%22siteId%22%3A5005786273%7D\">\n<div>\n<div data-section=\"AliMagic-ea536q\" data-section-title=\"Product Description\">Popis v\u00fdrobku<\/div>\n<\/div>\n<div>\n<div><img decoding=\"async\" src=\"https:\/\/uoogear.com\/wp-content\/uploads\/2023\/11\/Hcca962780c0e43b8ad39b3c0255408eaU.webp\" data-src=\"https:\/\/uoogear.com\/wp-content\/uploads\/2023\/11\/Hcca962780c0e43b8ad39b3c0255408eaU.webp\" \/><\/div>\n<\/div>\n<div>\n<div><img decoding=\"async\" src=\"https:\/\/uoogear.com\/wp-content\/uploads\/2023\/11\/H99eb8b8c32bc42cdb414ea4013d5a549Y.webp\" data-src=\"https:\/\/uoogear.com\/wp-content\/uploads\/2023\/11\/H99eb8b8c32bc42cdb414ea4013d5a549Y.webp\" \/><\/div>\n<div><img decoding=\"async\" src=\"https:\/\/uoogear.com\/wp-content\/uploads\/2023\/11\/H54bd8571cc4a409499bfdf6f2048925fW.webp\" data-src=\"https:\/\/uoogear.com\/wp-content\/uploads\/2023\/11\/H54bd8571cc4a409499bfdf6f2048925fW.webp\" \/><\/div>\n<div><img decoding=\"async\" src=\"https:\/\/uoogear.com\/wp-content\/uploads\/2023\/11\/H4fa51f0d47f543138bd06fb33cd88167v.webp\" data-src=\"https:\/\/uoogear.com\/wp-content\/uploads\/2023\/11\/H4fa51f0d47f543138bd06fb33cd88167v.webp\" \/><\/div>\n<div><img decoding=\"async\" src=\"https:\/\/uoogear.com\/wp-content\/uploads\/2023\/11\/Hadabc1b7b495463ab551c309fe0a9213s.webp\" data-src=\"https:\/\/uoogear.com\/wp-content\/uploads\/2023\/11\/Hadabc1b7b495463ab551c309fe0a9213s.webp\" \/><\/div>\n<div><img decoding=\"async\" src=\"https:\/\/uoogear.com\/wp-content\/uploads\/2023\/11\/H7b539598d666467b877df856bc38249eY.webp\" data-src=\"https:\/\/uoogear.com\/wp-content\/uploads\/2023\/11\/H7b539598d666467b877df856bc38249eY.webp\" \/><\/div>\n<div><img decoding=\"async\" src=\"https:\/\/uoogear.com\/wp-content\/uploads\/2023\/11\/H5040086fa0744661adbbbe4afdd4bd6cj.webp\" data-src=\"https:\/\/uoogear.com\/wp-content\/uploads\/2023\/11\/H5040086fa0744661adbbbe4afdd4bd6cj.webp\" \/><\/div>\n<div><img decoding=\"async\" src=\"https:\/\/uoogear.com\/wp-content\/uploads\/2023\/11\/H62897e219f0f4f32abfc68bf21fa9f78J.webp\" data-src=\"https:\/\/uoogear.com\/wp-content\/uploads\/2023\/11\/H62897e219f0f4f32abfc68bf21fa9f78J.webp\" \/><\/div>\n<\/div>\n<div><\/div>\n<div>\n<div>\n<div>\n<div>\n<div><\/div>\n<\/div>\n<\/div>\n<\/div>\n<\/div>\n<\/div>\n<\/div>","protected":false},"excerpt":{"rendered":"<p>Plocha : 2,25 sqrm L\u00e1tka : Polyester Oxford Index vod\u011bodolnosti : 1500-2000 Mm Spodn\u00ed Vodot\u011bsnost : &gt;3000 mm Typ budovy : Konstrukce zalo\u017een\u00e1 na pot\u0159eb\u011b Styl stanu : Typ diagon\u00e1ln\u00edho vyztu\u017een\u00ed Sez\u00f3na : \u010cty\u0159sez\u00f3nn\u00ed Struktura stanu : Jedna lo\u017enice N\u00e1zev produktu Polyesterov\u00fd karavanov\u00fd stan Oxford Velikost: 148*152*150cm Ty\u010d:<\/p>\n<div class=\"read-more\"><a class=\"btn btn-fill-out\" href=\"https:\/\/uoogear.com\/cs\/produkt\/outdoor-folding-off-road-camping-pickup-camper-trailer-truck-bed-tents\/\">P\u0159e\u010dt\u011bte si v\u00edce<\/a><\/div>","protected":false},"featured_media":4171,"template":"","meta":[],"product_brand":[],"product_cat":[15],"product_tag":[],"class_list":{"0":"post-4172","1":"product","2":"type-product","3":"status-publish","4":"has-post-thumbnail","6":"product_cat-uncategorized","7":"tm-no-options","9":"first","10":"instock","11":"shipping-taxable","12":"purchasable","13":"product-type-variable"},"_links":{"self":[{"href":"https:\/\/uoogear.com\/cs\/wp-json\/wp\/v2\/product\/4172","targetHints":{"allow":["GET"]}}],"collection":[{"href":"https:\/\/uoogear.com\/cs\/wp-json\/wp\/v2\/product"}],"about":[{"href":"https:\/\/uoogear.com\/cs\/wp-json\/wp\/v2\/types\/product"}],"wp:featuredmedia":[{"embeddable":true,"href":"https:\/\/uoogear.com\/cs\/wp-json\/wp\/v2\/media\/4171"}],"wp:attachment":[{"href":"https:\/\/uoogear.com\/cs\/wp-json\/wp\/v2\/media?parent=4172"}],"wp:term":[{"taxonomy":"product_brand","embeddable":true,"href":"https:\/\/uoogear.com\/cs\/wp-json\/wp\/v2\/product_brand?post=4172"},{"taxonomy":"product_cat","embeddable":true,"href":"https:\/\/uoogear.com\/cs\/wp-json\/wp\/v2\/product_cat?post=4172"},{"taxonomy":"product_tag","embeddable":true,"href":"https:\/\/uoogear.com\/cs\/wp-json\/wp\/v2\/product_tag?post=4172"}],"curies":[{"name":"wp","href":"https:\/\/api.w.org\/{rel}","templated":true}]}}