{"id":4191,"date":"2023-11-13T12:20:24","date_gmt":"2023-11-13T12:20:24","guid":{"rendered":"https:\/\/uoogear.com\/product\/soft-shell-aluminium-camping-rooftop-tents-car-roof-top-for-sale\/"},"modified":"2023-11-30T07:23:49","modified_gmt":"2023-11-30T07:23:49","slug":"soft-shell-aluminium-camping-rooftop-tents-car-roof-top-for-sale","status":"publish","type":"product","link":"https:\/\/uoogear.com\/cs\/produkt\/soft-shell-aluminium-camping-rooftop-tents-car-roof-top-for-sale\/","title":{"rendered":"soft shell hlin\u00edkov\u00e9 kempingov\u00e9 st\u0159e\u0161n\u00ed stany na prodej st\u0159echy auta"},"content":{"rendered":"<ul>\n<li><strong>Tkanina: <\/strong> Oxford<\/li>\n<li><strong>Index vod\u011bodolnosti vn\u011bj\u0161\u00edho stanu: <\/strong> 1500-2000 mm<\/li>\n<li><strong>Spodn\u00ed index vod\u011bodolnosti: <\/strong> &gt; 3000 mm<\/li>\n<li><strong>Typ budovy: <\/strong> Konstrukce na z\u00e1klad\u011b pot\u0159eby<\/li>\n<li><strong>Styl stanu: <\/strong> P\u0159\u00edm\u00fd typ v\u00fdztuhy<\/li>\n<li><strong>Sez\u00f3na : <\/strong> \u010cty\u0159sez\u00f3nn\u00ed stan<\/li>\n<li><strong>Struktura: <\/strong> Jedna lo\u017enice<\/li>\n<li><strong>Jm\u00e9no v\u00fdrobku : <\/strong> St\u0159e\u0161n\u00ed stan na auto<\/li>\n<li><strong>Materi\u00e1l: <\/strong> Oxford Polyester, Rip-stop pl\u00e1tno<\/li>\n<li><strong>Materi\u00e1l ty\u010de: <\/strong> Hlin\u00edk<\/li>\n<li><strong>Velikost produktu : <\/strong> Rozm\u011bry 310 x 143 x 115 cm<\/li>\n<li><strong>Vlastnosti : <\/strong> Waterpoof<\/li>\n<li><strong>\u017eeb\u0159\u00edk: <\/strong> Hlin\u00edkov\u00fd teleskopick\u00fd \u017eeb\u0159\u00edk<\/li>\n<li><strong>Pou\u017eit\u00ed: <\/strong> Outdoor Camping P\u011b\u0161\u00ed turistika Cestov\u00e1n\u00ed<\/li>\n<li><strong>GW: <\/strong> 59 kg<\/li>\n<li><strong>Kl\u00ed\u010dov\u00e9 slovo: <\/strong> St\u0159e\u0161n\u00ed stan z tvrd\u00e9 sko\u0159epiny<\/li>\n<li><strong>styl: <\/strong> Snadn\u00e9 skl\u00e1d\u00e1n\u00ed<\/li>\n<\/ul>\n<div>\n<div data-magic-global=\"%7B%22bizId%22%3A2206962912116%2C%22pageId%22%3A21304999933%2C%22siteId%22%3A5005786273%7D\">\n<div><\/div>\n<div>\n<div><\/div>\n<\/div>\n<div>\n<div>\n<div><img decoding=\"async\" src=\"https:\/\/uoogear.com\/wp-content\/uploads\/2023\/11\/Head17f2fb29142fab53715928afb7c7bt.webp\" data-src=\"https:\/\/uoogear.com\/wp-content\/uploads\/2023\/11\/Head17f2fb29142fab53715928afb7c7bt.webp\" \/><\/div>\n<div><img decoding=\"async\" src=\"https:\/\/uoogear.com\/wp-content\/uploads\/2023\/11\/Hfcc7a91a0f504e0f81c8dae1632864e42-wpp1701328893862.jpg\" data-src=\"https:\/\/uoogear.com\/wp-content\/uploads\/2023\/11\/Hfcc7a91a0f504e0f81c8dae1632864e42-wpp1701328893862.jpg\" \/><\/div>\n<div><img decoding=\"async\" src=\"https:\/\/uoogear.com\/wp-content\/uploads\/2023\/11\/H8ec27b29741b4f08afb6ce95b0b9b6aeo-wpp1701328748942.webp\" data-src=\"https:\/\/uoogear.com\/wp-content\/uploads\/2023\/11\/H8ec27b29741b4f08afb6ce95b0b9b6aeo-wpp1701328748942.webp\" \/><\/div>\n<div><img decoding=\"async\" src=\"https:\/\/uoogear.com\/wp-content\/uploads\/2023\/11\/H741118498aec4d7e9187dd85b8e748368.webp\" data-src=\"https:\/\/uoogear.com\/wp-content\/uploads\/2023\/11\/H741118498aec4d7e9187dd85b8e748368.webp\" \/><\/div>\n<div><img decoding=\"async\" src=\"https:\/\/uoogear.com\/wp-content\/uploads\/2023\/11\/H31bcadeece5a41f79545474233d7c450F.webp\" data-src=\"https:\/\/uoogear.com\/wp-content\/uploads\/2023\/11\/H31bcadeece5a41f79545474233d7c450F.webp\" \/><\/div>\n<div><img decoding=\"async\" src=\"https:\/\/uoogear.com\/wp-content\/uploads\/2023\/11\/Hd09d9c862a164800839cbbf832b621417.webp\" data-src=\"https:\/\/uoogear.com\/wp-content\/uploads\/2023\/11\/Hd09d9c862a164800839cbbf832b621417.webp\" \/><\/div>\n<div><img decoding=\"async\" src=\"https:\/\/uoogear.com\/wp-content\/uploads\/2023\/11\/H0563ea9c013d4a3ca309db9c332ebab6l.webp\" data-src=\"https:\/\/uoogear.com\/wp-content\/uploads\/2023\/11\/H0563ea9c013d4a3ca309db9c332ebab6l.webp\" \/><\/div>\n<div><img decoding=\"async\" src=\"https:\/\/uoogear.com\/wp-content\/uploads\/2023\/11\/H00ea59eb398e4db0af8b1d8eca61ce60f.webp\" data-src=\"https:\/\/uoogear.com\/wp-content\/uploads\/2023\/11\/H00ea59eb398e4db0af8b1d8eca61ce60f.webp\" \/><\/div>\n<\/div>\n<\/div>\n<div><\/div>\n<div>\n<div>\n<div>\n<div>\n<div><\/div>\n<\/div>\n<\/div>\n<\/div>\n<\/div>\n<\/div>\n<\/div>","protected":false},"excerpt":{"rendered":"<p>Tkanina : Oxford Outside Tent Index vod\u011bodolnosti : 1500-2000 Mm Spodn\u00ed Vodot\u011bsnost : &gt;3000 mm Typ budovy : Konstrukce zalo\u017een\u00e1 na pot\u0159eb\u011b Styl stanu : P\u0159\u00edm\u00fd typ v\u00fdztuhy Sez\u00f3na : \u010cty\u0159sez\u00f3nn\u00ed Struktura stanu : Jedna lo\u017enice N\u00e1zev produktu : Materi\u00e1l stanu na st\u0159echu auta : Oxford Polyester, Rip-stop pl\u00e1tno Materi\u00e1l ty\u010de: Hlin\u00edk Velikost produktu<\/p>\n<div class=\"read-more\"><a class=\"btn btn-fill-out\" href=\"https:\/\/uoogear.com\/cs\/produkt\/soft-shell-aluminium-camping-rooftop-tents-car-roof-top-for-sale\/\">P\u0159e\u010dt\u011bte si v\u00edce<\/a><\/div>","protected":false},"featured_media":4190,"template":"","meta":[],"product_brand":[],"product_cat":[15],"product_tag":[],"class_list":{"0":"post-4191","1":"product","2":"type-product","3":"status-publish","4":"has-post-thumbnail","6":"product_cat-uncategorized","7":"tm-no-options","9":"first","10":"instock","11":"shipping-taxable","12":"purchasable","13":"product-type-variable"},"_links":{"self":[{"href":"https:\/\/uoogear.com\/cs\/wp-json\/wp\/v2\/product\/4191","targetHints":{"allow":["GET"]}}],"collection":[{"href":"https:\/\/uoogear.com\/cs\/wp-json\/wp\/v2\/product"}],"about":[{"href":"https:\/\/uoogear.com\/cs\/wp-json\/wp\/v2\/types\/product"}],"wp:featuredmedia":[{"embeddable":true,"href":"https:\/\/uoogear.com\/cs\/wp-json\/wp\/v2\/media\/4190"}],"wp:attachment":[{"href":"https:\/\/uoogear.com\/cs\/wp-json\/wp\/v2\/media?parent=4191"}],"wp:term":[{"taxonomy":"product_brand","embeddable":true,"href":"https:\/\/uoogear.com\/cs\/wp-json\/wp\/v2\/product_brand?post=4191"},{"taxonomy":"product_cat","embeddable":true,"href":"https:\/\/uoogear.com\/cs\/wp-json\/wp\/v2\/product_cat?post=4191"},{"taxonomy":"product_tag","embeddable":true,"href":"https:\/\/uoogear.com\/cs\/wp-json\/wp\/v2\/product_tag?post=4191"}],"curies":[{"name":"wp","href":"https:\/\/api.w.org\/{rel}","templated":true}]}}