{"id":4212,"date":"2023-11-13T12:24:25","date_gmt":"2023-11-13T12:24:25","guid":{"rendered":"https:\/\/uoogear.com\/product\/rainproof-polyester-canvas-material-tent-for-outdoor-off-road-suv-soft-top-long-car-roof-tent\/"},"modified":"2025-09-14T16:40:13","modified_gmt":"2025-09-14T08:40:13","slug":"rainproof-polyester-canvas-material-tent-for-outdoor-off-road-suv-soft-top-long-car-roof-tent","status":"publish","type":"product","link":"https:\/\/uoogear.com\/cs\/produkt\/rainproof-polyester-canvas-material-tent-for-outdoor-off-road-suv-soft-top-long-car-roof-tent\/","title":{"rendered":"Stan z nepromokav\u00e9ho polyesterov\u00e9ho pl\u00e1t\u011bn\u00e9ho materi\u00e1lu pro venkovn\u00ed Off-Road Suv Soft Top dlouh\u00fd st\u0159e\u0161n\u00ed stan na auto"},"content":{"rendered":"<ul>\n<li><strong>Plocha : <\/strong> Rozm\u011br 310*160*126 cm<\/li>\n<li><strong>Tkanina: <\/strong> Polyester<\/li>\n<li><strong>Index vod\u011bodolnosti vn\u011bj\u0161\u00edho stanu: <\/strong> 2000-3000 mm<\/li>\n<li><strong>Spodn\u00ed index vod\u011bodolnosti: <\/strong> &gt; 3000 mm<\/li>\n<li><strong>Typ budovy: <\/strong> Konstrukce na z\u00e1klad\u011b pot\u0159eby<\/li>\n<li><strong>Styl stanu: <\/strong> P\u0159\u00edm\u00fd typ v\u00fdztuhy<\/li>\n<li><strong>Sez\u00f3na : <\/strong> \u010cty\u0159sez\u00f3nn\u00ed stan<\/li>\n<li><strong>Struktura: <\/strong> Jedna lo\u017enice<\/li>\n<li><strong>Jm\u00e9no v\u00fdrobku : <\/strong> St\u0159e\u0161n\u00ed stan House Car De\u0161\u0165ot\u011bsn\u00fd Soft Top Car stan<\/li>\n<li><strong>Materi\u00e1l tkaniny: <\/strong> Bavln\u011bn\u00e9 bavln\u011bn\u00e9 pl\u00e1tno o gram\u00e1\u017ei 300 g\/m2<\/li>\n<li><strong>Vlastnosti : <\/strong> Vodot\u011bsnost 2000 mm<\/li>\n<li><strong>Velikost: <\/strong> Velikost rozbalen\u00ed: 310*160*126cm<\/li>\n<li><strong>matrace: <\/strong> 60 mm tlou\u0161\u0165ka Nedeformuj\u00edc\u00ed houba, s prateln\u00fdm sn\u00edmateln\u00fdm potahem<\/li>\n<li><strong>\u017eeb\u0159\u00edk: <\/strong> Teleskopick\u00fd hlin\u00edkov\u00fd \u017eeb\u0159\u00edk, 230 cm<\/li>\n<li><strong>Logo: <\/strong> P\u0159izp\u016fsoben\u00e9 logo<\/li>\n<li><strong>P\u0159\u00edslu\u0161enstv\u00ed : <\/strong> Ta\u0161ka na boty \u017eeb\u0159\u00edk+<\/li>\n<li><strong>Voliteln\u00e9 d\u00edly: <\/strong> P\u0159\u00edloha, Izola\u010dn\u00ed tepl\u00e1 pod\u0161\u00edvka, R\u016fzn\u00e9 de\u0161\u0165ov\u00e9 vzory<\/li>\n<\/ul>\n<div>\n<div data-magic-global=\"%7B%22bizId%22%3A2634101818%2C%22pageId%22%3A21330129207%2C%22siteId%22%3A5005227190%7D\">\n<div>\n<div>\n<div>\n<div>\n<div>\n<div><img decoding=\"async\" src=\"https:\/\/uoogear.com\/wp-content\/uploads\/2023\/11\/H4d2450ccd74648318c7ab759dace20f6i-wpp1701327585422.webp\" data-src=\"https:\/\/uoogear.com\/wp-content\/uploads\/2023\/11\/H4d2450ccd74648318c7ab759dace20f6i-wpp1701327585422.webp\" \/><\/div>\n<\/div>\n<\/div>\n<\/div>\n<\/div>\n<\/div>\n<div>\n<div data-section=\"AliMagic-0q1i93\" data-section-title=\"Product Paramenters\"><\/div>\n<\/div>\n<\/div>\n<\/div>","protected":false},"excerpt":{"rendered":"<p>Plocha : 310*160*126cm L\u00e1tka : Polyester Vn\u011bj\u0161\u00ed stan Vodot\u011bsnost : 2000-3000 Mm Spodn\u00ed Vodot\u011bsnost : &gt;3000 mm Typ budovy : Konstrukce zalo\u017een\u00e1 na pot\u0159eb\u011b Styl stanu : P\u0159\u00edm\u00fd typ v\u00fdztuhy Sez\u00f3na : \u010cty\u0159sez\u00f3nn\u00ed Struktura stanu : Jednolo\u017enicov\u00fd produkt N\u00e1zev : St\u0159e\u0161n\u00ed stan House Auto De\u0161\u0165ov\u00e1 m\u011bkk\u00e1 st\u0159echa Materi\u00e1l tkaniny :<\/p>\n<div class=\"read-more\"><a class=\"btn btn-fill-out\" href=\"https:\/\/uoogear.com\/cs\/produkt\/rainproof-polyester-canvas-material-tent-for-outdoor-off-road-suv-soft-top-long-car-roof-tent\/\">P\u0159e\u010dt\u011bte si v\u00edce<\/a><\/div>","protected":false},"featured_media":4211,"template":"","meta":[],"product_brand":[],"product_cat":[15],"product_tag":[],"class_list":{"0":"post-4212","1":"product","2":"type-product","3":"status-publish","4":"has-post-thumbnail","6":"product_cat-uncategorized","7":"tm-no-options","9":"first","10":"instock","11":"shipping-taxable","12":"purchasable","13":"product-type-variable"},"_links":{"self":[{"href":"https:\/\/uoogear.com\/cs\/wp-json\/wp\/v2\/product\/4212","targetHints":{"allow":["GET"]}}],"collection":[{"href":"https:\/\/uoogear.com\/cs\/wp-json\/wp\/v2\/product"}],"about":[{"href":"https:\/\/uoogear.com\/cs\/wp-json\/wp\/v2\/types\/product"}],"wp:featuredmedia":[{"embeddable":true,"href":"https:\/\/uoogear.com\/cs\/wp-json\/wp\/v2\/media\/4211"}],"wp:attachment":[{"href":"https:\/\/uoogear.com\/cs\/wp-json\/wp\/v2\/media?parent=4212"}],"wp:term":[{"taxonomy":"product_brand","embeddable":true,"href":"https:\/\/uoogear.com\/cs\/wp-json\/wp\/v2\/product_brand?post=4212"},{"taxonomy":"product_cat","embeddable":true,"href":"https:\/\/uoogear.com\/cs\/wp-json\/wp\/v2\/product_cat?post=4212"},{"taxonomy":"product_tag","embeddable":true,"href":"https:\/\/uoogear.com\/cs\/wp-json\/wp\/v2\/product_tag?post=4212"}],"curies":[{"name":"wp","href":"https:\/\/api.w.org\/{rel}","templated":true}]}}