{"id":4273,"date":"2023-11-13T12:30:29","date_gmt":"2023-11-13T12:30:29","guid":{"rendered":"https:\/\/uoogear.com\/product\/unistrengh-mini-4x4-offroad-outdoor-camping-car-soft-shell-roof-top-tents-for-sale\/"},"modified":"2023-11-30T06:16:50","modified_gmt":"2023-11-30T06:16:50","slug":"unistrengh-mini-4x4-offroad-outdoor-camping-car-soft-shell-roof-top-tents-for-sale","status":"publish","type":"product","link":"https:\/\/uoogear.com\/cs\/produkt\/unistrengh-mini-4x4-offroad-outdoor-camping-car-soft-shell-roof-top-tents-for-sale\/","title":{"rendered":"Prod\u00e1m softshellov\u00e9 st\u0159e\u0161n\u00ed stany Unistrengh Mini 4\u00d74 offroad pro venkovn\u00ed kempingov\u00e9 auto"},"content":{"rendered":"<ul>\n<li><strong>Plocha : <\/strong> 134*109 cm<\/li>\n<li><strong>Tkanina: <\/strong> Bavln\u011bn\u00e1 polyesterov\u00e1 tkanina<\/li>\n<li><strong>Index vod\u011bodolnosti vn\u011bj\u0161\u00edho stanu: <\/strong> 2000-3000 mm<\/li>\n<li><strong>Spodn\u00ed index vod\u011bodolnosti: <\/strong> &gt; 3000 mm<\/li>\n<li><strong>Styl stanu: <\/strong> P\u0159\u00edm\u00fd typ v\u00fdztuhy<\/li>\n<li><strong>Sez\u00f3na : <\/strong> \u010cty\u0159sez\u00f3nn\u00ed stan, 4sez\u00f3nn\u00ed<\/li>\n<li><strong>Struktura: <\/strong> Jedna lo\u017enice<\/li>\n<li><strong>Jm\u00e9no v\u00fdrobku : <\/strong> M\u011bkk\u00e1 hydroizolace st\u0159e\u0161n\u00edho stanu pro mini auto<\/li>\n<li><strong>Aplikace : <\/strong> Venkovn\u00ed kempov\u00fd rodinn\u00fd stan<\/li>\n<li><strong>Kl\u00ed\u010dov\u00e9 slovo: <\/strong> hydroizolace stanu<\/li>\n<li><strong>Velikost: <\/strong> 2157*1330*1130MM<\/li>\n<li><strong>Materi\u00e1l: <\/strong> Bavln\u011bn\u00e1 polyesterov\u00e1 tkanina<\/li>\n<li><strong>MOQ: <\/strong> 1 kus<\/li>\n<li><strong>Logo: <\/strong> P\u0159izp\u016fsoben\u00e9 logo<\/li>\n<li><strong>Hmotnost: <\/strong> 41,5 kg<\/li>\n<li><strong>Z\u00e1ruka: <\/strong> 12 m\u011bs\u00edc\u016f<\/li>\n<\/ul>\n<div>\n<div data-magic-global=\"%7B%22bizId%22%3A2634101818%2C%22pageId%22%3A21250043969%2C%22siteId%22%3A5005227190%7D\">\n<div>\n<div data-section=\"AliMagic-ljemi3\" data-section-title=\"Product Description\">Popis v\u00fdrobku<\/div>\n<\/div>\n<div>\n<div>\n<div>\n<div>\n<div>\n<div><\/div>\n<\/div>\n<\/div>\n<\/div>\n<div>\n<div>St\u0159e\u0161n\u00ed mini stan<\/div>\n<div>St\u0159e\u0161n\u00ed mini stan je p\u0159ipraven b\u011bhem n\u011bkolika minut, tak\u017ee m\u016f\u017eete relaxovat a u\u017e\u00edvat si outdoorov\u00e9 aktivity. Vyrobeno z<br \/>\nodoln\u00e1 vysoce kvalitn\u00ed prody\u0161n\u00e1 tkanina z poly\/bavlny, v\u00e1\u0161 st\u0159e\u0161n\u00ed stan odoln\u00fd proti pl\u00edsn\u00edm a vod\u011b se \u00fahledn\u011b vejde na st\u0159echu va\u0161eho auta 4x4. Pevn\u00fd hlin\u00edkov\u00fd v\u00fdsuvn\u00fd \u017eeb\u0159\u00edk umo\u017e\u0148uje snadn\u00fd p\u0159\u00edstup. Matrace jsou dod\u00e1v\u00e1ny s p\u011bnovou matrac\u00ed s vysokou hustotou se sn\u00edmateln\u00fdm potahem. S pln\u011b st\u00edn\u011bn\u00fdmi okny a dve\u0159mi, prachot\u011bsn\u00e9 a odoln\u00e9 proti hmyzu.<\/div>\n<\/div>\n<\/div>\n<\/div>\n<div>\n<div>\n<div>\n<h3>Funkce<\/h3>\n<div>\n<div>\n<div>-\u010cty\u0159sez\u00f3nn\u00ed stan postaven\u00fd tak, aby vydr\u017eel prvky jak\u00e9hokoli ro\u010dn\u00edho obdob\u00ed a klimatu -M\u016f\u017ee ubytovat a\u017e 2 osoby<br \/>\n-Tkanina stanu je odoln\u00e1 v\u016f\u010di UV z\u00e1\u0159en\u00ed a pl\u00edsn\u00edm, aby vydr\u017eela prvky v ka\u017ed\u00e9m ro\u010dn\u00edm obdob\u00ed<br \/>\n-\u010cty\u0159i velk\u00e9 vnit\u0159n\u00ed kapsy pro ulo\u017een\u00ed vybaven\u00ed a p\u0159\u00edslu\u0161enstv\u00ed pro kempov\u00e1n\u00ed<br \/>\n- Obsahuje p\u011bnovou matraci s vysokou hustotou pro v\u011bt\u0161\u00ed pohodl\u00ed<br \/>\n-Snadn\u00e1 v\u00fdm\u011bna st\u0159\u00ed\u0161ky v z\u00e1vislosti na ro\u010dn\u00edm obdob\u00ed a pov\u011btrnostn\u00edch podm\u00ednk\u00e1ch (dal\u0161\u00ed st\u0159\u00ed\u0161ky se prod\u00e1vaj\u00ed samostatn\u011b)<\/div>\n<\/div>\n<\/div>\n<\/div>\n<\/div>\n<\/div>\n<div>\n<div>\n<table>\n<tbody>\n<tr>\n<td>\n<div>Otev\u0159en\u00e1 velikost<\/div>\n<\/td>\n<td>\n<div>2157*1330*1130MM<\/div>\n<\/td>\n<td>\n<div><\/div>\n<\/td>\n<td>\n<div><\/div>\n<\/td>\n<td>\n<div><\/div>\n<\/td>\n<\/tr>\n<tr>\n<td>\n<div>Zav\u0159\u00edt velikost<\/div>\n<\/td>\n<td>\n<div>1340*1090*220MM<\/div>\n<\/td>\n<td>\n<div><\/div>\n<\/td>\n<td>\n<div><\/div>\n<\/td>\n<td>\n<div><\/div>\n<\/td>\n<\/tr>\n<tr>\n<td>\n<div>SZ<\/div>\n<\/td>\n<td>\n<div>41,5 kg<\/div>\n<\/td>\n<td>\n<div><\/div>\n<\/td>\n<td>\n<div><\/div>\n<\/td>\n<td>\n<div><\/div>\n<\/td>\n<\/tr>\n<tr>\n<td>\n<div>GW<\/div>\n<\/td>\n<td>\n<div>51,8 kg<\/div>\n<\/td>\n<td>\n<div><\/div>\n<\/td>\n<td>\n<div><\/div>\n<\/td>\n<td>\n<div><\/div>\n<\/td>\n<\/tr>\n<\/tbody>\n<\/table>\n<\/div>\n<\/div>\n<div>\n<div data-section=\"AliMagic-hdvu51\" data-section-title=\"Product details\">Detaily produktu<\/div>\n<\/div>\n<div>\n<div>\n<div><\/div>\n<div><img decoding=\"async\" src=\"https:\/\/uoogear.com\/wp-content\/uploads\/2023\/11\/H1bf314a0e04e47408594be1fd416e0a6f.webp\" data-src=\"https:\/\/uoogear.com\/wp-content\/uploads\/2023\/11\/H1bf314a0e04e47408594be1fd416e0a6f.webp\" \/><\/div>\n<\/div>\n<\/div>\n<div>\n<div data-section=\"AliMagic-3qaa90\" data-section-title=\"Related products\">Souvisej\u00edc\u00ed produkty<\/div>\n<\/div>\n<div>\n<div>\n<div>\n<div>\n<div>\n<div><\/div>\n<\/div>\n<div>\n<div>\n<div><strong>St\u0159e\u0161n\u00ed stan z m\u011bkk\u00e9 sko\u0159epiny<\/strong><\/div>\n<\/div>\n<\/div>\n<\/div>\n<div>\n<div>\n<div><\/div>\n<\/div>\n<div>\n<div>\n<div><strong>Dlouh\u00fd \u00fasek s p\u0159\u00edlohou<\/strong><\/div>\n<\/div>\n<\/div>\n<\/div>\n<div>\n<div>\n<div><img loading=\"lazy\" decoding=\"async\" class=\"alignnone\" src=\"https:\/\/uoogear.com\/wp-content\/uploads\/2023\/11\/H437d0352f3994ed2b130dac4e75a83d4d.webp\" alt=\"\" width=\"800\" height=\"533\" data-src=\"https:\/\/uoogear.com\/wp-content\/uploads\/2023\/11\/H437d0352f3994ed2b130dac4e75a83d4d.webp\" \/><\/div>\n<\/div>\n<div>\n<div>\n<div><strong>Bo\u010dn\u00ed mark\u00fdza do auta<\/strong><\/div>\n<\/div>\n<\/div>\n<\/div>\n<\/div>\n<\/div>\n<\/div>\n<div>\n<div>\n<div>\n<div><img loading=\"lazy\" decoding=\"async\" class=\"alignnone\" src=\"https:\/\/uoogear.com\/wp-content\/uploads\/2023\/11\/Hff9bd9063cef44a8ba9b43b61c0257d1W.webp\" alt=\"\" width=\"800\" height=\"600\" data-src=\"https:\/\/uoogear.com\/wp-content\/uploads\/2023\/11\/Hff9bd9063cef44a8ba9b43b61c0257d1W.webp\" \/><\/div>\n<\/div>\n<div><\/div>\n<\/div>\n<div>\n<div>\n<div><\/div>\n<\/div>\n<div>\n<div><\/div>\n<\/div>\n<\/div>\n<div>\n<div>\n<div>\n<div><\/div>\n<\/div>\n<\/div>\n<\/div>\n<\/div>\n<div>\n<div data-section=\"AliMagic-tf79ni\" data-section-title=\"Company Imformation\"><\/div>\n<\/div>\n<\/div>\n<\/div>","protected":false},"excerpt":{"rendered":"<p>Plocha : 134*109 cm L\u00e1tka : Polyesterov\u00e1 bavln\u011bn\u00e1 tkanina Vn\u011bj\u0161\u00ed stan Index vod\u011bodolnosti : 2000-3000 Mm Spodn\u00ed Vodot\u011bsnost : &gt;3000 mm Styl stanu : Rovn\u00fd typ v\u00fdztuhy Sez\u00f3na : \u010cty\u0159sez\u00f3nn\u00ed stan, 4 sez\u00f3ny Struktura : Jedna m\u011bkk\u00e1 lo\u017enice N\u00e1zev produktu: M\u011bkk\u00e1 hydroizolace stanu na st\u0159echu mini auta Pou\u017eit\u00ed: Rodinn\u00fd stan pro venkovn\u00ed kemping Kl\u00ed\u010dov\u00e9 slovo: stan<\/p>\n<div class=\"read-more\"><a class=\"btn btn-fill-out\" href=\"https:\/\/uoogear.com\/cs\/produkt\/unistrengh-mini-4x4-offroad-outdoor-camping-car-soft-shell-roof-top-tents-for-sale\/\">P\u0159e\u010dt\u011bte si v\u00edce<\/a><\/div>","protected":false},"featured_media":4272,"template":"","meta":[],"product_brand":[],"product_cat":[15],"product_tag":[],"class_list":{"0":"post-4273","1":"product","2":"type-product","3":"status-publish","4":"has-post-thumbnail","6":"product_cat-uncategorized","7":"tm-no-options","9":"first","10":"instock","11":"shipping-taxable","12":"purchasable","13":"product-type-variable"},"_links":{"self":[{"href":"https:\/\/uoogear.com\/cs\/wp-json\/wp\/v2\/product\/4273","targetHints":{"allow":["GET"]}}],"collection":[{"href":"https:\/\/uoogear.com\/cs\/wp-json\/wp\/v2\/product"}],"about":[{"href":"https:\/\/uoogear.com\/cs\/wp-json\/wp\/v2\/types\/product"}],"wp:featuredmedia":[{"embeddable":true,"href":"https:\/\/uoogear.com\/cs\/wp-json\/wp\/v2\/media\/4272"}],"wp:attachment":[{"href":"https:\/\/uoogear.com\/cs\/wp-json\/wp\/v2\/media?parent=4273"}],"wp:term":[{"taxonomy":"product_brand","embeddable":true,"href":"https:\/\/uoogear.com\/cs\/wp-json\/wp\/v2\/product_brand?post=4273"},{"taxonomy":"product_cat","embeddable":true,"href":"https:\/\/uoogear.com\/cs\/wp-json\/wp\/v2\/product_cat?post=4273"},{"taxonomy":"product_tag","embeddable":true,"href":"https:\/\/uoogear.com\/cs\/wp-json\/wp\/v2\/product_tag?post=4273"}],"curies":[{"name":"wp","href":"https:\/\/api.w.org\/{rel}","templated":true}]}}