{"id":4313,"date":"2023-11-13T12:34:03","date_gmt":"2023-11-13T12:34:03","guid":{"rendered":"https:\/\/uoogear.com\/product\/hot-sale-custom-outdoor-camping-car-soft-roof-top-tent-waterproofing\/"},"modified":"2023-11-30T07:47:48","modified_gmt":"2023-11-30T07:47:48","slug":"hot-sale-custom-outdoor-camping-car-soft-roof-top-tent-waterproofing","status":"publish","type":"product","link":"https:\/\/uoogear.com\/cs\/produkt\/hot-sale-custom-outdoor-camping-car-soft-roof-top-tent-waterproofing\/","title":{"rendered":"Hot v\u00fdprodej zak\u00e1zkov\u00e9 venkovn\u00ed kempingov\u00e9 auto m\u011bkk\u00e1 st\u0159e\u0161n\u00ed hydroizolace stanu"},"content":{"rendered":"<ul>\n<li><strong>Plocha : <\/strong> Rozm\u011br 310*140*120 cm<\/li>\n<li><strong>Tkanina: <\/strong> Pl\u00e1tno<\/li>\n<li><strong>Index vod\u011bodolnosti vn\u011bj\u0161\u00edho stanu: <\/strong> 2000-3000 mm<\/li>\n<li><strong>Spodn\u00ed index vod\u011bodolnosti: <\/strong> &gt; 3000 mm<\/li>\n<li><strong>Typ budovy: <\/strong> Konstrukce na z\u00e1klad\u011b pot\u0159eby<\/li>\n<li><strong>Styl stanu: <\/strong> P\u0159\u00edm\u00fd typ v\u00fdztuhy<\/li>\n<li><strong>Sez\u00f3na : <\/strong> \u010cty\u0159sez\u00f3nn\u00ed stan<\/li>\n<li><strong>Struktura: <\/strong> Jedna lo\u017enice<\/li>\n<li><strong>Jm\u00e9no v\u00fdrobku : <\/strong> Hot v\u00fdprodej zak\u00e1zkov\u00e9 venkovn\u00ed kempingov\u00e9 auto m\u011bkk\u00e1 st\u0159e\u0161n\u00ed hydroizolace stanu<\/li>\n<li><strong>Aplikace : <\/strong> Venkovn\u00ed kempov\u00fd rodinn\u00fd stan<\/li>\n<li><strong>Kl\u00ed\u010dov\u00e9 slovo: <\/strong> hydroizolace stanu<\/li>\n<li><strong>Velikost: <\/strong> Rozm\u011bry 310 x 140 x 130 cm<\/li>\n<li><strong>Tkanina t\u011bla: <\/strong> 280 g polyesterov\u00e1 bavlna<\/li>\n<li><strong>Na\u010d\u00edt\u00e1n\u00ed : <\/strong> 300-350 kg<\/li>\n<li><strong>Podlaha : <\/strong> Hlin\u00edkov\u00fd plech<\/li>\n<li><strong>Hmotnost: <\/strong> 57 kg<\/li>\n<li><strong>MOQ: <\/strong> 1 kus<\/li>\n<li><strong>Z\u00e1ruka: <\/strong> 12 m\u011bs\u00edc\u016f<\/li>\n<\/ul>\n<div>\n<div data-host=\"111518424\" data-magic-global=\"%7B%22bizId%22%3A2634101818%2C%22pageId%22%3A5054242772%2C%22siteId%22%3A5005227190%7D\" data-id=\"detail_decorate_root\">\n<div data-section=\"AliMagic-ucqhaz\" data-section-title=\"Products Description\">Popis produkt\u016f<\/div>\n<div>\n<div>\n<div>\n<div>\n<div><\/div>\n<\/div>\n<\/div>\n<\/div>\n<div>\n<div data-id=\"below-title\">Hot v\u00fdprodej zak\u00e1zkov\u00e9 venkovn\u00ed kempingov\u00e9 auto m\u011bkk\u00e1 st\u0159e\u0161n\u00ed hydroizolace stanu<\/div>\n<div data-id=\"below-content\">St\u0159e\u0161n\u00ed stan a mark\u00fdzy Soft Shell 4\u00d74 jsou p\u0159ipraveny b\u011bhem n\u011bkolika minut, tak\u017ee m\u016f\u017eete relaxovat a u\u017e\u00edvat si venku. Vyroben\u00fd z odoln\u00e9 vysoce kvalitn\u00ed prody\u0161n\u00e9 tkaniny z poly\/bavlny, v\u00e1\u0161 pl\u00eds\u0148ov\u00fd a vod\u011bodoln\u00fd st\u0159e\u0161n\u00ed stan \u00fahledn\u011b padne na st\u0159echu va\u0161eho 4\u00d74. Pevn\u00fd hlin\u00edkov\u00fd v\u00fdsuvn\u00fd \u017eeb\u0159\u00edk umo\u017e\u0148uje snadn\u00fd p\u0159\u00edstup. Matrace jsou dod\u00e1v\u00e1ny s 65mm p\u011bnovou matrac\u00ed s vysokou hustotou se sn\u00edmateln\u00fdm potahem. S pln\u011b st\u00edn\u011bn\u00fdmi okny a dve\u0159mi. prachot\u011bsn\u00e9 a odoln\u00e9 proti hmyzu.<\/div>\n<\/div>\n<\/div>\n<div>\n<div>\n<h3 data-id=\"title0\">Funkce<\/h3>\n<div>\n<div>\n<div data-id=\"paragraph0\">\n<p>-\u010cty\u0159sez\u00f3nn\u00ed stan postaven\u00fd tak, aby vydr\u017eel prvky ka\u017ed\u00e9ho ro\u010dn\u00edho obdob\u00ed a klimatu<\/p>\n<div>- M\u016f\u017ee ubytovat a\u017e 2-3 osoby<br \/>\n-Tkanina stanu je odoln\u00e1 v\u016f\u010di UV z\u00e1\u0159en\u00ed a pl\u00edsn\u00edm, aby vydr\u017eela prvky v ka\u017ed\u00e9m ro\u010dn\u00edm obdob\u00ed<br \/>\n-\u010cty\u0159i velk\u00e9 vnit\u0159n\u00ed kapsy pro ulo\u017een\u00ed vybaven\u00ed a p\u0159\u00edslu\u0161enstv\u00ed pro kempov\u00e1n\u00ed<br \/>\n- Obsahuje p\u011bnovou matraci s vysokou hustotou pro v\u011bt\u0161\u00ed pohodl\u00ed<\/div>\n<\/div>\n<\/div>\n<\/div>\n<\/div>\n<\/div>\n<div data-section=\"AliMagic-t25ve8\" data-section-title=\"Specification\">Specifikace<\/div>\n<div>\n<table>\n<tbody>\n<tr>\n<td>\n<div>Ro\u010dn\u00ed obdob\u00ed<\/div>\n<\/td>\n<td>\n<div>4-sez\u00f3nn\u00ed<\/div>\n<\/td>\n<td>\n<div><\/div>\n<\/td>\n<td>\n<div><\/div>\n<\/td>\n<td>\n<div><\/div>\n<\/td>\n<\/tr>\n<tr>\n<td>\n<div>Velikost<\/div>\n<\/td>\n<td>\n<div>Rozm\u011br 310\u00d7140\/160\/190\u00d7130 cm<\/div>\n<\/td>\n<td>\n<div><\/div>\n<\/td>\n<td>\n<div><\/div>\n<\/td>\n<td>\n<div><\/div>\n<\/td>\n<\/tr>\n<tr>\n<td>\n<div>Podlaha<\/div>\n<\/td>\n<td>\n<div>Hlin\u00edkov\u00fd plech<\/div>\n<\/td>\n<td>\n<div><\/div>\n<\/td>\n<td>\n<div><\/div>\n<\/td>\n<td>\n<div><\/div>\n<\/td>\n<\/tr>\n<tr>\n<td>\n<div>Barva<\/div>\n<\/td>\n<td>\n<div>Zelen\u00e1, khaki, \u0161ed\u00e1, oran\u017eov\u00e1<\/div>\n<\/td>\n<td>\n<div><\/div>\n<\/td>\n<td>\n<div><\/div>\n<\/td>\n<td>\n<div><\/div>\n<\/td>\n<\/tr>\n<tr>\n<td>\n<div>Tkanina na baldach\u00fdn<\/div>\n<\/td>\n<td>\n<div>280 g polyesterov\u00e1 bavlna; 600D ripstop tkanina s vod\u011bodoln\u00fdm ventila\u010dn\u00edm z\u00e1t\u011brem<\/div>\n<\/td>\n<td>\n<div><\/div>\n<\/td>\n<td>\n<div><\/div>\n<\/td>\n<td>\n<div><\/div>\n<\/td>\n<\/tr>\n<tr>\n<td>\n<div>S\u00edt\u011b proti hmyzu<\/div>\n<\/td>\n<td>\n<div>neviditeln\u00e1 s\u00ed\u0165ovina<\/div>\n<\/td>\n<td>\n<div><\/div>\n<\/td>\n<td>\n<div><\/div>\n<\/td>\n<td>\n<div><\/div>\n<\/td>\n<\/tr>\n<tr>\n<td>\n<div>Materi\u00e1l ty\u010de<\/div>\n<\/td>\n<td>\n<div>Nerezov\u00e1 ocel<\/div>\n<\/td>\n<td>\n<div><\/div>\n<\/td>\n<td>\n<div><\/div>\n<\/td>\n<td>\n<div><\/div>\n<\/td>\n<\/tr>\n<tr>\n<td>\n<div>Tkanina Rainfly<\/div>\n<\/td>\n<td>\n<div>420D polyester Oxford; pota\u017eeno PU<\/div>\n<\/td>\n<td>\n<div><\/div>\n<\/td>\n<td>\n<div><\/div>\n<\/td>\n<td>\n<div><\/div>\n<\/td>\n<\/tr>\n<tr>\n<td>\n<div>Matrace<\/div>\n<\/td>\n<td>\n<div>Nedeformuj\u00edc\u00ed houba, hustota 38 s bavln\u011bn\u00fdm potahem<\/div>\n<\/td>\n<td>\n<div><\/div>\n<\/td>\n<td>\n<div><\/div>\n<\/td>\n<td>\n<div><\/div>\n<\/td>\n<\/tr>\n<tr>\n<td>\n<div>Konstrukce \u017eeb\u0159\u00edku<\/div>\n<\/td>\n<td>\n<div>Posuvn\u00fd hlin\u00edkov\u00fd \u017eeb\u0159\u00edk<\/div>\n<\/td>\n<td>\n<div><\/div>\n<\/td>\n<td>\n<div><\/div>\n<\/td>\n<td>\n<div><\/div>\n<\/td>\n<\/tr>\n<tr>\n<td>\n<div>Zip<\/div>\n<\/td>\n<td>\n<div>SBS<\/div>\n<\/td>\n<td>\n<div><\/div>\n<\/td>\n<td>\n<div><\/div>\n<\/td>\n<td>\n<div><\/div>\n<\/td>\n<\/tr>\n<tr>\n<td>\n<div>Materi\u00e1l p\u0159\u00edlohy<\/div>\n<\/td>\n<td>\n<div>420D polyester Oxford; pota\u017eeno PU<\/div>\n<\/td>\n<td>\n<div><\/div>\n<\/td>\n<td>\n<div><\/div>\n<\/td>\n<td>\n<div><\/div>\n<\/td>\n<\/tr>\n<tr>\n<td>\n<div>Materi\u00e1l krytu<\/div>\n<\/td>\n<td>\n<div>550 g vysoce odoln\u00e9ho PVC<\/div>\n<\/td>\n<td>\n<div><\/div>\n<\/td>\n<td>\n<div><\/div>\n<\/td>\n<td>\n<div><\/div>\n<\/td>\n<\/tr>\n<tr>\n<td>\n<div>Vnit\u0159n\u00ed r\u00e1m<\/div>\n<\/td>\n<td>\n<div>5\/8\u2033 hlin\u00edkov\u00e1 trubka<\/div>\n<\/td>\n<td>\n<div><\/div>\n<\/td>\n<td>\n<div><\/div>\n<\/td>\n<td>\n<div><\/div>\n<\/td>\n<\/tr>\n<tr>\n<td>\n<div>Konstrukce z\u00e1kladny<\/div>\n<\/td>\n<td>\n<div>Sva\u0159ovan\u00e1 hlin\u00edkov\u00e1 trubka s izolac\u00ed a hlin\u00edkov\u00fdm kryc\u00edm plechem<\/div>\n<\/td>\n<td>\n<div><\/div>\n<\/td>\n<td>\n<div><\/div>\n<\/td>\n<td>\n<div><\/div>\n<\/td>\n<\/tr>\n<\/tbody>\n<\/table>\n<\/div>\n<div data-section=\"AliMagic-sgqxja\" data-section-title=\"Detail Images\">Detailn\u00ed obr\u00e1zky<\/div>\n<div>\n<div>\n<div>\n<div>\n<div><img decoding=\"async\" src=\"https:\/\/uoogear.com\/wp-content\/uploads\/2023\/11\/H05875097f393437d90c7cb5734d90bb4c-scaled-wpp1701330347852.webp\" data-src=\"https:\/\/uoogear.com\/wp-content\/uploads\/2023\/11\/H05875097f393437d90c7cb5734d90bb4c-scaled-wpp1701330347852.webp\" data-id=\"child-image-0\" \/><\/div>\n<div><img decoding=\"async\" src=\"https:\/\/uoogear.com\/wp-content\/uploads\/2023\/11\/H52ed2ae186a54bb9bcfebc49ad4647b4H-scaled-wpp1701330361453.webp\" data-src=\"https:\/\/uoogear.com\/wp-content\/uploads\/2023\/11\/H52ed2ae186a54bb9bcfebc49ad4647b4H-scaled-wpp1701330361453.webp\" data-id=\"child-image-1\" \/><\/div>\n<\/div>\n<\/div>\n<\/div>\n<\/div>\n<div>\n<div>\n<div>\n<div>\n<div><img decoding=\"async\" src=\"https:\/\/uoogear.com\/wp-content\/uploads\/2023\/11\/Hfd18a866aa95458f89d11a94b3c729f1t.webp\" data-src=\"https:\/\/uoogear.com\/wp-content\/uploads\/2023\/11\/Hfd18a866aa95458f89d11a94b3c729f1t.webp\" data-id=\"child-image-0\" \/><\/div>\n<div><img decoding=\"async\" src=\"https:\/\/uoogear.com\/wp-content\/uploads\/2023\/11\/Hde867b6b58d344c7ab6dc141829b26f9u-scaled-wpp1701330381780.webp\" data-src=\"https:\/\/uoogear.com\/wp-content\/uploads\/2023\/11\/Hde867b6b58d344c7ab6dc141829b26f9u-scaled-wpp1701330381780.webp\" data-id=\"child-image-1\" \/><\/div>\n<\/div>\n<\/div>\n<\/div>\n<\/div>\n<div>\n<div>\n<div>\n<div>\n<div><img decoding=\"async\" src=\"https:\/\/uoogear.com\/wp-content\/uploads\/2023\/11\/Hf917b443e011405fba88c86fed9f791fx.webp\" data-src=\"https:\/\/uoogear.com\/wp-content\/uploads\/2023\/11\/Hf917b443e011405fba88c86fed9f791fx.webp\" \/><\/div>\n<\/div>\n<\/div>\n<\/div>\n<\/div>\n<div>\n<div>\n<div>\n<div>\n<div><img decoding=\"async\" src=\"https:\/\/uoogear.com\/wp-content\/uploads\/2023\/11\/H45d5ab05161742ff9f2154c1200ae1d3H.webp\" data-src=\"https:\/\/uoogear.com\/wp-content\/uploads\/2023\/11\/H45d5ab05161742ff9f2154c1200ae1d3H.webp\" \/><\/div>\n<\/div>\n<\/div>\n<\/div>\n<\/div>\n<div data-section=\"AliMagic-jwz105\" data-section-title=\"Customer Photos\"><\/div>\n<\/div>\n<\/div>","protected":false},"excerpt":{"rendered":"<p>Plocha : 310*140*120cm L\u00e1tka : Pl\u00e1tno Vn\u011bj\u0161\u00ed stan Vodot\u011bsnost : 2000-3000 Mm Spodn\u00ed Vodot\u011bsnost : &gt;3000 mm Typ budovy : Konstrukce zalo\u017een\u00e1 na pot\u0159eb\u011b Styl stanu : Typ s rovn\u00fdm vyztu\u017een\u00edm Sez\u00f3na : \u010cty\u0159sez\u00f3nn\u00ed Struktura stanu : Jedna lo\u017enice n\u00e1zev: Hot prodej zak\u00e1zkov\u00e9 venkovn\u00ed kempingov\u00e9 auto hydroizolace na m\u011bkkou st\u0159echu stanu Aplikace<\/p>\n<div class=\"read-more\"><a class=\"btn btn-fill-out\" href=\"https:\/\/uoogear.com\/cs\/produkt\/hot-sale-custom-outdoor-camping-car-soft-roof-top-tent-waterproofing\/\">P\u0159e\u010dt\u011bte si v\u00edce<\/a><\/div>","protected":false},"featured_media":4312,"template":"","meta":[],"product_brand":[],"product_cat":[15],"product_tag":[],"class_list":{"0":"post-4313","1":"product","2":"type-product","3":"status-publish","4":"has-post-thumbnail","6":"product_cat-uncategorized","7":"tm-no-options","9":"first","10":"instock","11":"shipping-taxable","12":"purchasable","13":"product-type-variable"},"_links":{"self":[{"href":"https:\/\/uoogear.com\/cs\/wp-json\/wp\/v2\/product\/4313","targetHints":{"allow":["GET"]}}],"collection":[{"href":"https:\/\/uoogear.com\/cs\/wp-json\/wp\/v2\/product"}],"about":[{"href":"https:\/\/uoogear.com\/cs\/wp-json\/wp\/v2\/types\/product"}],"wp:featuredmedia":[{"embeddable":true,"href":"https:\/\/uoogear.com\/cs\/wp-json\/wp\/v2\/media\/4312"}],"wp:attachment":[{"href":"https:\/\/uoogear.com\/cs\/wp-json\/wp\/v2\/media?parent=4313"}],"wp:term":[{"taxonomy":"product_brand","embeddable":true,"href":"https:\/\/uoogear.com\/cs\/wp-json\/wp\/v2\/product_brand?post=4313"},{"taxonomy":"product_cat","embeddable":true,"href":"https:\/\/uoogear.com\/cs\/wp-json\/wp\/v2\/product_cat?post=4313"},{"taxonomy":"product_tag","embeddable":true,"href":"https:\/\/uoogear.com\/cs\/wp-json\/wp\/v2\/product_tag?post=4313"}],"curies":[{"name":"wp","href":"https:\/\/api.w.org\/{rel}","templated":true}]}}