{"id":4342,"date":"2023-11-13T12:42:10","date_gmt":"2023-11-13T12:42:10","guid":{"rendered":"https:\/\/uoogear.com\/product\/outdoor-camping-car-soft-roof-top-tent-waterproofing\/"},"modified":"2023-11-30T08:28:02","modified_gmt":"2023-11-30T08:28:02","slug":"outdoor-camping-car-soft-roof-top-tent-waterproofing","status":"publish","type":"product","link":"https:\/\/uoogear.com\/cs\/produkt\/outdoor-camping-car-soft-roof-top-tent-waterproofing\/","title":{"rendered":"Hydroizolace stanu s m\u011bkkou st\u0159echou pro venkovn\u00ed kempingov\u00e9 auto"},"content":{"rendered":"<ul>\n<li><strong>Plocha : <\/strong> Rozm\u011bry 240 x 140 x 130 cm<\/li>\n<li><strong>Tkanina: <\/strong> Pl\u00e1tno<\/li>\n<li><strong>Index vod\u011bodolnosti vn\u011bj\u0161\u00edho stanu: <\/strong> 2000-3000 mm<\/li>\n<li><strong>Spodn\u00ed index vod\u011bodolnosti: <\/strong> &gt; 3000 mm<\/li>\n<li><strong>Typ budovy: <\/strong> Konstrukce na z\u00e1klad\u011b pot\u0159eby<\/li>\n<li><strong>Styl stanu: <\/strong> P\u0159\u00edm\u00fd typ v\u00fdztuhy<\/li>\n<li><strong>Sez\u00f3na : <\/strong> \u010cty\u0159sez\u00f3nn\u00ed stan<\/li>\n<li><strong>Struktura: <\/strong> Jedna lo\u017enice<\/li>\n<li><strong>Jm\u00e9no v\u00fdrobku : <\/strong> Hydroizolace stanu s m\u011bkkou st\u0159echou pro venkovn\u00ed kempingov\u00e9 auto<\/li>\n<li><strong>Aplikace : <\/strong> Venkovn\u00ed cestov\u00e1n\u00ed Turistika Kempov\u00e1n\u00ed<\/li>\n<li><strong>Kl\u00ed\u010dov\u00e9 slovo: <\/strong> hydroizolace stanu<\/li>\n<li><strong>Velikost stanu: <\/strong> Rozm\u011bry 310 x 140 x 130 cm<\/li>\n<li><strong>Velikost balen\u00ed: <\/strong> 145*123*24cm<\/li>\n<li><strong>Tkanina t\u011bla: <\/strong> 280 g polyesterov\u00e1 bavlna<\/li>\n<li><strong>Na\u010d\u00edt\u00e1n\u00ed : <\/strong> 300-350 kg<\/li>\n<li><strong>Podlaha : <\/strong> Hlin\u00edkov\u00fd plech<\/li>\n<li><strong>MOQ: <\/strong> 1 kus<\/li>\n<li><strong>Logo: <\/strong> P\u0159izp\u016fsoben\u00e9 logo<\/li>\n<\/ul>\n<div>\n<div data-host=\"112311420\" data-magic-global=\"%7B%22bizId%22%3A2634101818%2C%22pageId%22%3A5052820534%2C%22siteId%22%3A5005227190%7D\" data-id=\"detail_decorate_root\">\n<div data-section=\"AliMagic-nax1bk\" data-section-title=\"Products Description\">Popis produkt\u016f<\/div>\n<div>\n<div>\n<div>\n<div>\n<div><\/div>\n<\/div>\n<\/div>\n<\/div>\n<div>\n<div data-id=\"below-title\">Hydroizolace stanu s m\u011bkkou st\u0159echou pro venkovn\u00ed kempingov\u00e9 auto<\/div>\n<div data-id=\"below-content\">St\u0159e\u0161n\u00ed stan a mark\u00fdzy Soft Shell 4\u00d74 jsou p\u0159ipraveny b\u011bhem n\u011bkolika minut, tak\u017ee m\u016f\u017eete relaxovat a u\u017e\u00edvat si venku. Vyroben\u00fd z odoln\u00e9 vysoce kvalitn\u00ed prody\u0161n\u00e9 tkaniny z poly\/bavlny, v\u00e1\u0161 pl\u00eds\u0148ov\u00fd a vod\u011bodoln\u00fd st\u0159e\u0161n\u00ed stan \u00fahledn\u011b padne na st\u0159echu va\u0161eho 4\u00d74. Pevn\u00fd hlin\u00edkov\u00fd v\u00fdsuvn\u00fd \u017eeb\u0159\u00edk umo\u017e\u0148uje snadn\u00fd p\u0159\u00edstup. Matrace jsou dod\u00e1v\u00e1ny s 65mm p\u011bnovou matrac\u00ed s vysokou hustotou se sn\u00edmateln\u00fdm potahem. S pln\u011b st\u00edn\u011bn\u00fdmi okny a dve\u0159mi. prachot\u011bsn\u00e9 a odoln\u00e9 proti hmyzu.<\/div>\n<\/div>\n<\/div>\n<div>\n<div>\n<h3 data-id=\"title0\">Funkce<\/h3>\n<div>\n<div>\n<div data-id=\"paragraph0\">\n<p>-\u010cty\u0159sez\u00f3nn\u00ed stan postaven\u00fd tak, aby vydr\u017eel prvky ka\u017ed\u00e9ho ro\u010dn\u00edho obdob\u00ed a klimatu<\/p>\n<div>- M\u016f\u017ee ubytovat a\u017e 2-3 osoby<br \/>\n-Tkanina stanu je odoln\u00e1 v\u016f\u010di UV z\u00e1\u0159en\u00ed a pl\u00edsn\u00edm, aby vydr\u017eela prvky v ka\u017ed\u00e9m ro\u010dn\u00edm obdob\u00ed<br \/>\n-\u010cty\u0159i velk\u00e9 vnit\u0159n\u00ed kapsy pro ulo\u017een\u00ed vybaven\u00ed a p\u0159\u00edslu\u0161enstv\u00ed pro kempov\u00e1n\u00ed<br \/>\n- Obsahuje p\u011bnovou matraci s vysokou hustotou pro v\u011bt\u0161\u00ed pohodl\u00ed<\/div>\n<\/div>\n<\/div>\n<\/div>\n<\/div>\n<\/div>\n<div data-section=\"AliMagic-n3jor0\" data-section-title=\"Specification\">Specifikace<\/div>\n<div>\n<table>\n<tbody>\n<tr>\n<td>\n<div>Ro\u010dn\u00ed obdob\u00ed<\/div>\n<\/td>\n<td>\n<div>4-sez\u00f3nn\u00ed<\/div>\n<\/td>\n<td>\n<div><\/div>\n<\/td>\n<td>\n<div><\/div>\n<\/td>\n<td>\n<div><\/div>\n<\/td>\n<\/tr>\n<tr>\n<td>\n<div>Velikost<\/div>\n<\/td>\n<td>\n<div>Rozm\u011br 240\u00d7140\/160\/190\u00d7130 cm<\/div>\n<\/td>\n<td>\n<div><\/div>\n<\/td>\n<td>\n<div><\/div>\n<\/td>\n<td>\n<div><\/div>\n<\/td>\n<\/tr>\n<tr>\n<td>\n<div>Podlaha<\/div>\n<\/td>\n<td>\n<div>Hlin\u00edkov\u00fd plech<\/div>\n<\/td>\n<td>\n<div><\/div>\n<\/td>\n<td>\n<div><\/div>\n<\/td>\n<td>\n<div><\/div>\n<\/td>\n<\/tr>\n<tr>\n<td>\n<div>Barva<\/div>\n<\/td>\n<td>\n<div>Zelen\u00e1, khaki, \u0161ed\u00e1, oran\u017eov\u00e1<\/div>\n<\/td>\n<td>\n<div><\/div>\n<\/td>\n<td>\n<div><\/div>\n<\/td>\n<td>\n<div><\/div>\n<\/td>\n<\/tr>\n<tr>\n<td>\n<div>Tkanina na baldach\u00fdn<\/div>\n<\/td>\n<td>\n<div>280 g polyesterov\u00e1 bavlna; 600D ripstop tkanina s vod\u011bodoln\u00fdm ventila\u010dn\u00edm z\u00e1t\u011brem<\/div>\n<\/td>\n<td>\n<div><\/div>\n<\/td>\n<td>\n<div><\/div>\n<\/td>\n<td>\n<div><\/div>\n<\/td>\n<\/tr>\n<tr>\n<td>\n<div>Materi\u00e1l ty\u010de<\/div>\n<\/td>\n<td>\n<div>Nerezov\u00e1 ocel<\/div>\n<\/td>\n<td>\n<div><\/div>\n<\/td>\n<td>\n<div><\/div>\n<\/td>\n<td>\n<div><\/div>\n<\/td>\n<\/tr>\n<tr>\n<td>\n<div>Tkanina Rainfly<\/div>\n<\/td>\n<td>\n<div>420D polyester Oxford; pota\u017eeno PU<\/div>\n<\/td>\n<td>\n<div><\/div>\n<\/td>\n<td>\n<div><\/div>\n<\/td>\n<td>\n<div><\/div>\n<\/td>\n<\/tr>\n<tr>\n<td>\n<div>Matrace<\/div>\n<\/td>\n<td>\n<div>Nedeformuj\u00edc\u00ed houba, hustota 38 s bavln\u011bn\u00fdm potahem<\/div>\n<\/td>\n<td>\n<div><\/div>\n<\/td>\n<td>\n<div><\/div>\n<\/td>\n<td>\n<div><\/div>\n<\/td>\n<\/tr>\n<tr>\n<td>\n<div>Konstrukce \u017eeb\u0159\u00edku<\/div>\n<\/td>\n<td>\n<div>Posuvn\u00fd hlin\u00edkov\u00fd \u017eeb\u0159\u00edk<\/div>\n<\/td>\n<td>\n<div><\/div>\n<\/td>\n<td>\n<div><\/div>\n<\/td>\n<td>\n<div><\/div>\n<\/td>\n<\/tr>\n<tr>\n<td>\n<div>Materi\u00e1l p\u0159\u00edlohy<\/div>\n<\/td>\n<td>\n<div>420D polyester Oxford; pota\u017eeno PU<\/div>\n<\/td>\n<td>\n<div><\/div>\n<\/td>\n<td>\n<div><\/div>\n<\/td>\n<td>\n<div><\/div>\n<\/td>\n<\/tr>\n<tr>\n<td>\n<div>Materi\u00e1l krytu<\/div>\n<\/td>\n<td>\n<div>550 g vysoce odoln\u00e9ho PVC<\/div>\n<\/td>\n<td>\n<div><\/div>\n<\/td>\n<td>\n<div><\/div>\n<\/td>\n<td>\n<div><\/div>\n<\/td>\n<\/tr>\n<tr>\n<td>\n<div>Vnit\u0159n\u00ed r\u00e1m<\/div>\n<\/td>\n<td>\n<div>5\/8\u2033 hlin\u00edkov\u00e1 trubka<\/div>\n<\/td>\n<td>\n<div><\/div>\n<\/td>\n<td>\n<div><\/div>\n<\/td>\n<td>\n<div><\/div>\n<\/td>\n<\/tr>\n<tr>\n<td>\n<div>Konstrukce z\u00e1kladny<\/div>\n<\/td>\n<td>\n<div>Sva\u0159ovan\u00e1 hlin\u00edkov\u00e1 trubka s izolac\u00ed a hlin\u00edkov\u00fdm kryc\u00edm plechem<\/div>\n<\/td>\n<td>\n<div><\/div>\n<\/td>\n<td>\n<div><\/div>\n<\/td>\n<td>\n<div><\/div>\n<\/td>\n<\/tr>\n<\/tbody>\n<\/table>\n<\/div>\n<div data-section=\"AliMagic-cs29h0\" data-section-title=\"Detail Images\">Detailn\u00ed obr\u00e1zky<\/div>\n<div>\n<div>\n<div>\n<div>\n<div><\/div>\n<\/div>\n<\/div>\n<\/div>\n<\/div>\n<div>\n<div>\n<div>\n<div>\n<div><img decoding=\"async\" src=\"https:\/\/uoogear.com\/wp-content\/uploads\/2023\/11\/Hdcd8e733e3c646b1955a6f4f5f060547q.webp\" data-src=\"https:\/\/uoogear.com\/wp-content\/uploads\/2023\/11\/Hdcd8e733e3c646b1955a6f4f5f060547q.webp\" \/><\/div>\n<\/div>\n<\/div>\n<\/div>\n<\/div>\n<div>\n<div>\n<div>\n<div>\n<div><img decoding=\"async\" src=\"https:\/\/uoogear.com\/wp-content\/uploads\/2023\/11\/H28c9eea970d24e0db9c7690b92a66ca4E-wpp1701332824151.webp\" data-src=\"https:\/\/uoogear.com\/wp-content\/uploads\/2023\/11\/H28c9eea970d24e0db9c7690b92a66ca4E-wpp1701332824151.webp\" \/><\/div>\n<\/div>\n<\/div>\n<\/div>\n<\/div>\n<div data-section=\"AliMagic-5vo4c6\" data-section-title=\"Customer Photos\"><\/div>\n<\/div>\n<\/div>","protected":false},"excerpt":{"rendered":"<p>Plocha : 240x140x130 cm L\u00e1tka : Pl\u00e1tno Vn\u011bj\u0161\u00ed stan Vodot\u011bsnost : 2000-3000 Mm Spodn\u00ed Vodot\u011bsnost : &gt;3000 mm Typ budovy : Konstrukce zalo\u017een\u00e1 na pot\u0159eb\u011b Styl stanu : P\u0159\u00edm\u00fd typ v\u00fdztuhy Sez\u00f3na : \u010cty\u0159sez\u00f3nn\u00ed Struktura stanu : Venkovn\u00ed Struktura produktu : Venkovn\u00ed hydroizolace stanu na st\u0159echu kempingov\u00e9ho auta Pou\u017eit\u00ed: Venkovn\u00ed<\/p>\n<div class=\"read-more\"><a class=\"btn btn-fill-out\" href=\"https:\/\/uoogear.com\/cs\/produkt\/outdoor-camping-car-soft-roof-top-tent-waterproofing\/\">P\u0159e\u010dt\u011bte si v\u00edce<\/a><\/div>","protected":false},"featured_media":4341,"template":"","meta":[],"product_brand":[],"product_cat":[15],"product_tag":[],"class_list":{"0":"post-4342","1":"product","2":"type-product","3":"status-publish","4":"has-post-thumbnail","6":"product_cat-uncategorized","7":"tm-no-options","9":"first","10":"instock","11":"shipping-taxable","12":"purchasable","13":"product-type-variable"},"_links":{"self":[{"href":"https:\/\/uoogear.com\/cs\/wp-json\/wp\/v2\/product\/4342","targetHints":{"allow":["GET"]}}],"collection":[{"href":"https:\/\/uoogear.com\/cs\/wp-json\/wp\/v2\/product"}],"about":[{"href":"https:\/\/uoogear.com\/cs\/wp-json\/wp\/v2\/types\/product"}],"wp:featuredmedia":[{"embeddable":true,"href":"https:\/\/uoogear.com\/cs\/wp-json\/wp\/v2\/media\/4341"}],"wp:attachment":[{"href":"https:\/\/uoogear.com\/cs\/wp-json\/wp\/v2\/media?parent=4342"}],"wp:term":[{"taxonomy":"product_brand","embeddable":true,"href":"https:\/\/uoogear.com\/cs\/wp-json\/wp\/v2\/product_brand?post=4342"},{"taxonomy":"product_cat","embeddable":true,"href":"https:\/\/uoogear.com\/cs\/wp-json\/wp\/v2\/product_cat?post=4342"},{"taxonomy":"product_tag","embeddable":true,"href":"https:\/\/uoogear.com\/cs\/wp-json\/wp\/v2\/product_tag?post=4342"}],"curies":[{"name":"wp","href":"https:\/\/api.w.org\/{rel}","templated":true}]}}