{"id":4351,"date":"2023-11-13T12:43:08","date_gmt":"2023-11-13T12:43:08","guid":{"rendered":"https:\/\/uoogear.com\/product\/4x4-offroad-faberglass-hard-shell-diy-car-roof-top-tent-for-sale\/"},"modified":"2023-11-30T08:38:35","modified_gmt":"2023-11-30T08:38:35","slug":"4x4-offroad-faberglass-hard-shell-diy-car-roof-top-tent-for-sale","status":"publish","type":"product","link":"https:\/\/uoogear.com\/cs\/produkt\/4x4-offroad-faberglass-hard-shell-diy-car-roof-top-tent-for-sale\/","title":{"rendered":"Prod\u00e1m st\u0159e\u0161n\u00ed stan 4\u00d74 offroad faberglass s tvrdou sko\u0159epinou"},"content":{"rendered":"<ul>\n<li><strong>Plocha : <\/strong> 215*145*95 cm<\/li>\n<li><strong>Tkanina: <\/strong> 280g polyester-bavln\u011bn\u00e9 pl\u00e1tno<\/li>\n<li><strong>Index vod\u011bodolnosti vn\u011bj\u0161\u00edho stanu: <\/strong> 2000-3000 mm<\/li>\n<li><strong>Spodn\u00ed index vod\u011bodolnosti: <\/strong> &gt; 3000 mm<\/li>\n<li><strong>Styl stanu: <\/strong> P\u0159\u00edm\u00fd typ v\u00fdztuhy<\/li>\n<li><strong>Sez\u00f3na : <\/strong> \u010cty\u0159sez\u00f3nn\u00ed stan<\/li>\n<li><strong>Struktura: <\/strong> Jedna lo\u017enice<\/li>\n<li><strong>Jm\u00e9no v\u00fdrobku : <\/strong> Prod\u00e1m st\u0159e\u0161n\u00ed stan 4\u00d74 offroad faberglass s tvrdou sko\u0159epinou<\/li>\n<li><strong>Kl\u00ed\u010dov\u00e9 slovo: <\/strong> st\u0159e\u0161n\u00ed stan pro kutily<\/li>\n<li><strong>Otev\u0159en\u00e1 velikost: <\/strong> 215*145*95 cm<\/li>\n<li><strong>Velikost balen\u00ed : <\/strong> 226*160*37 cm<\/li>\n<li><strong>Materi\u00e1l r\u00e1mu: <\/strong> Nerezov\u00e1 ocel<\/li>\n<li><strong>T\u011blo: <\/strong> 280G Vodot\u011bsn\u00fd PU2000 mm<\/li>\n<li><strong>\u017eeb\u0159\u00edk: <\/strong> Hlin\u00edk<\/li>\n<li><strong>Hmotnost: <\/strong> 65 kg<\/li>\n<li><strong>Na\u010d\u00edt\u00e1n\u00ed : <\/strong> 250-300 kg<\/li>\n<li><strong>MOQ: <\/strong> 1 kus<\/li>\n<\/ul>\n<div>\n<div data-host=\"111234190\" data-magic-global=\"%7B%22bizId%22%3A2634101818%2C%22pageId%22%3A5053233173%2C%22siteId%22%3A5005227190%7D\" data-id=\"detail_decorate_root\">\n<div data-section=\"AliMagic-5xqu4z\" data-section-title=\"Products Description\">Popis produkt\u016f<\/div>\n<div>\n<div>\n<div>\n<div>\n<div><img decoding=\"async\" src=\"https:\/\/uoogear.com\/wp-content\/uploads\/2023\/11\/H6401db70f462417b9631ded5b12306832-wpp1701333469364.webp\" data-src=\"https:\/\/uoogear.com\/wp-content\/uploads\/2023\/11\/H6401db70f462417b9631ded5b12306832-wpp1701333469364.webp\" data-id=\"child-image-0\" \/><\/div>\n<\/div>\n<\/div>\n<\/div>\n<div>\n<div data-id=\"below-title\">Prod\u00e1m st\u0159e\u0161n\u00ed stan 4\u00d74 offroad faberglass s tvrdou sko\u0159epinou<\/div>\n<div data-id=\"below-content\">St\u0159e\u0161n\u00ed stan z tvrd\u00e9 sko\u0159epiny nab\u00edz\u00ed nov\u00fd zp\u016fsob, jak se d\u00edvat na kempov\u00e1n\u00ed a dobrodru\u017enou dovolenou s pohonem v\u0161ech kol. S v\u011bt\u0161\u00edm vnit\u0159n\u00edm prostorem poskytuje PLAYDO prostor na span\u00ed pro dva dosp\u011bl\u00e9 a d\u00edt\u011b. Tvrd\u00fd sko\u0159epinov\u00fd stan PLAYDO m\u00e1 dvoje dve\u0159e se dv\u011bma okny, co\u017e vytv\u00e1\u0159\u00ed vynikaj\u00edc\u00ed p\u0159\u00ed\u010dn\u00e9 v\u011btr\u00e1n\u00ed umo\u017e\u0148uj\u00edc\u00ed vzduchovou cirkulaci v cel\u00e9m stanu. Otev\u0159en\u00ed a zav\u0159en\u00ed b\u011bhem n\u011bkolika sekund pomoc\u00ed jedine\u010dn\u00e9ho hydraulick\u00e9ho podp\u016frn\u00e9ho syst\u00e9mu. V\u0161echny st\u0159e\u0161n\u00ed stany PLAYDO se hod\u00ed na st\u0159echu v\u011bt\u0161iny vozidel a lze je sejmout a ulo\u017eit.<\/div>\n<\/div>\n<\/div>\n<div data-section=\"AliMagic-mzm61b\" data-section-title=\"Product Paramenters\">Parametry produktu<\/div>\n<div>\n<table>\n<tbody>\n<tr>\n<td>\n<div>Ro\u010dn\u00ed obdob\u00ed<\/div>\n<\/td>\n<td>\n<div>4-sez\u00f3nn\u00ed<\/div>\n<\/td>\n<td>\n<div><\/div>\n<\/td>\n<td>\n<div><\/div>\n<\/td>\n<td>\n<div><\/div>\n<\/td>\n<\/tr>\n<tr>\n<td>\n<div>Kapacita<\/div>\n<\/td>\n<td>\n<div>Doporu\u010deno pro 2-3 osoby, maxim\u00e1ln\u00ed nosnost 250 kg<\/div>\n<\/td>\n<td>\n<div><\/div>\n<\/td>\n<td>\n<div><\/div>\n<\/td>\n<td>\n<div><\/div>\n<\/td>\n<\/tr>\n<tr>\n<td>\n<div>Mo\u017enost Barva<\/div>\n<\/td>\n<td>\n<div>Sko\u0159\u00e1pka (\u010dern\u00e1\/b\u00edl\u00e1) a l\u00e1tka (\u0161ed\u00e1\/zelen\u00e1\/khaki)<\/div>\n<\/td>\n<td>\n<div><\/div>\n<\/td>\n<td>\n<div><\/div>\n<\/td>\n<td>\n<div><\/div>\n<\/td>\n<\/tr>\n<tr>\n<td>\n<div>Materi\u00e1l pl\u00e1\u0161t\u011b<\/div>\n<\/td>\n<td>\n<div>Kompozitn\u00ed materi\u00e1ly ze skeln\u00fdch vl\u00e1ken<\/div>\n<\/td>\n<td>\n<div><\/div>\n<\/td>\n<td>\n<div><\/div>\n<\/td>\n<td>\n<div><\/div>\n<\/td>\n<\/tr>\n<tr>\n<td>\n<div>Body Fabric<\/div>\n<\/td>\n<td>\n<div>280g polyester-bavln\u011bn\u00e9 pl\u00e1tno, PU z\u00e1t\u011br, vod\u011bodoln\u00e9, UV odoln\u00e9<\/div>\n<\/td>\n<td>\n<div><\/div>\n<\/td>\n<td>\n<div><\/div>\n<\/td>\n<td>\n<div><\/div>\n<\/td>\n<\/tr>\n<tr>\n<td>\n<div>S\u00edt\u011b proti hmyzu<\/div>\n<\/td>\n<td>\n<div>No-see-um s\u00ed\u0165ovina<\/div>\n<\/td>\n<td>\n<div><\/div>\n<\/td>\n<td>\n<div><\/div>\n<\/td>\n<td>\n<div><\/div>\n<\/td>\n<\/tr>\n<tr>\n<td>\n<div>Vedlej\u0161\u00ed<\/div>\n<\/td>\n<td>\n<div>Ty\u010d z nerezov\u00e9 oceli m\u00edsto star\u00e9 ty\u010de z uhl\u00edkov\u00e9 oceli<\/div>\n<\/td>\n<td>\n<div><\/div>\n<\/td>\n<td>\n<div><\/div>\n<\/td>\n<td>\n<div><\/div>\n<\/td>\n<\/tr>\n<tr>\n<td>\n<div>Matrace<\/div>\n<\/td>\n<td>\n<div>7cm nedeformuj\u00edc\u00ed se houba, hustota 30 s 3D s\u00ed\u0165ovinou<\/div>\n<\/td>\n<td>\n<div><\/div>\n<\/td>\n<td>\n<div><\/div>\n<\/td>\n<td>\n<div><\/div>\n<\/td>\n<\/tr>\n<tr>\n<td>\n<div>\u017deb\u0159\u00edk<\/div>\n<\/td>\n<td>\n<div>Hlin\u00edkov\u00fd teleskopick\u00fd \u017eeb\u0159\u00edk (maxim\u00e1ln\u00ed zat\u00ed\u017een\u00ed 150 kg), 70-260 cm<\/div>\n<\/td>\n<td>\n<div><\/div>\n<\/td>\n<td>\n<div><\/div>\n<\/td>\n<td>\n<div><\/div>\n<\/td>\n<\/tr>\n<tr>\n<td>\n<div>Dve\u0159e<\/div>\n<\/td>\n<td>\n<div>Dvoudve\u0159ov\u00e9 90*74cm<\/div>\n<\/td>\n<td>\n<div><\/div>\n<\/td>\n<td>\n<div><\/div>\n<\/td>\n<td>\n<div><\/div>\n<\/td>\n<\/tr>\n<tr>\n<td>\n<div>Okno<\/div>\n<\/td>\n<td>\n<div>Dv\u011b okna 60*55cm<\/div>\n<\/td>\n<td>\n<div><\/div>\n<\/td>\n<td>\n<div><\/div>\n<\/td>\n<td>\n<div><\/div>\n<\/td>\n<\/tr>\n<tr>\n<td>\n<div>Slune\u010dn\u00ed clona<\/div>\n<\/td>\n<td>\n<div>Sou\u010d\u00e1st\u00ed jsou dva, jeden m\u00e1 rozm\u011br 190x90cm, druh\u00fd je troj\u00faheln\u00edkov\u00fd baldach\u00fdn<\/div>\n<\/td>\n<td>\n<div><\/div>\n<\/td>\n<td>\n<div><\/div>\n<\/td>\n<td>\n<div><\/div>\n<\/td>\n<\/tr>\n<tr>\n<td>\n<div>Ta\u0161ka na boty<\/div>\n<\/td>\n<td>\n<div>V\u010detn\u011b dvou ta\u0161ek na boty<\/div>\n<\/td>\n<td>\n<div><\/div>\n<\/td>\n<td>\n<div><\/div>\n<\/td>\n<td>\n<div><\/div>\n<\/td>\n<\/tr>\n<tr>\n<td>\n<div>Sv\u011btlo<\/div>\n<\/td>\n<td>\n<div>Sou\u010d\u00e1st\u00ed jsou dv\u011b sv\u011btla, jedno je na zadn\u00ed stran\u011b sko\u0159epiny, dal\u0161\u00ed je ve stanu<\/div>\n<\/td>\n<td>\n<div><\/div>\n<\/td>\n<td>\n<div><\/div>\n<\/td>\n<td>\n<div><\/div>\n<\/td>\n<\/tr>\n<\/tbody>\n<\/table>\n<\/div>\n<div data-section=\"AliMagic-vebk0r\" data-section-title=\"Detail Images\">Detailn\u00ed obr\u00e1zky<\/div>\n<div>\n<div>\n<div>\n<div>\n<div><img decoding=\"async\" src=\"https:\/\/uoogear.com\/wp-content\/uploads\/2023\/11\/Hcf1889e97e384349af70cc256aa309230-wpp1701333335925.webp\" data-src=\"https:\/\/uoogear.com\/wp-content\/uploads\/2023\/11\/Hcf1889e97e384349af70cc256aa309230-wpp1701333335925.webp\" \/><\/div>\n<\/div>\n<\/div>\n<\/div>\n<\/div>\n<div data-section=\"AliMagic-a8fbbj\" data-section-title=\"Why choose us\"><\/div>\n<\/div>\n<\/div>","protected":false},"excerpt":{"rendered":"<p>Plocha: 215*145*95cm L\u00e1tka: 280g Polyester-Bavlna pl\u00e1tno Vn\u011bj\u0161\u00ed stan Index vod\u011bodolnosti: 2000-3000 Mm Spodn\u00ed Vodot\u011bsnost: &gt;3000 mm Styl stanu: Rovn\u00fd typ v\u00fdztuhy Sez\u00f3na: \u010cty\u0159sez\u00f3nn\u00ed stan Struktura produktu: Jedna postel Struktura stanu: Jedna postel \u00d74 offroad faberglass tvrd\u00fd sko\u0159epinov\u00fd stan na st\u0159echu auta pro kutily na prodej Kl\u00ed\u010dov\u00e9 slovo : st\u0159echa auta pro kutily<\/p>\n<div class=\"read-more\"><a class=\"btn btn-fill-out\" href=\"https:\/\/uoogear.com\/cs\/produkt\/4x4-offroad-faberglass-hard-shell-diy-car-roof-top-tent-for-sale\/\">P\u0159e\u010dt\u011bte si v\u00edce<\/a><\/div>","protected":false},"featured_media":4350,"template":"","meta":[],"product_brand":[],"product_cat":[15],"product_tag":[],"class_list":{"0":"post-4351","1":"product","2":"type-product","3":"status-publish","4":"has-post-thumbnail","6":"product_cat-uncategorized","7":"tm-no-options","9":"first","10":"instock","11":"shipping-taxable","12":"purchasable","13":"product-type-variable"},"_links":{"self":[{"href":"https:\/\/uoogear.com\/cs\/wp-json\/wp\/v2\/product\/4351","targetHints":{"allow":["GET"]}}],"collection":[{"href":"https:\/\/uoogear.com\/cs\/wp-json\/wp\/v2\/product"}],"about":[{"href":"https:\/\/uoogear.com\/cs\/wp-json\/wp\/v2\/types\/product"}],"wp:featuredmedia":[{"embeddable":true,"href":"https:\/\/uoogear.com\/cs\/wp-json\/wp\/v2\/media\/4350"}],"wp:attachment":[{"href":"https:\/\/uoogear.com\/cs\/wp-json\/wp\/v2\/media?parent=4351"}],"wp:term":[{"taxonomy":"product_brand","embeddable":true,"href":"https:\/\/uoogear.com\/cs\/wp-json\/wp\/v2\/product_brand?post=4351"},{"taxonomy":"product_cat","embeddable":true,"href":"https:\/\/uoogear.com\/cs\/wp-json\/wp\/v2\/product_cat?post=4351"},{"taxonomy":"product_tag","embeddable":true,"href":"https:\/\/uoogear.com\/cs\/wp-json\/wp\/v2\/product_tag?post=4351"}],"curies":[{"name":"wp","href":"https:\/\/api.w.org\/{rel}","templated":true}]}}