{"id":4361,"date":"2023-11-13T12:43:53","date_gmt":"2023-11-13T12:43:53","guid":{"rendered":"https:\/\/uoogear.com\/product\/luxury-winter-dome-yurts-for-sale-mongolian-yurt-tent-canvas-yurt\/"},"modified":"2023-11-30T02:31:58","modified_gmt":"2023-11-30T02:31:58","slug":"luxury-winter-dome-yurts-for-sale-mongolian-yurt-tent-canvas-yurt","status":"publish","type":"product","link":"https:\/\/uoogear.com\/cs\/produkt\/luxury-winter-dome-yurts-for-sale-mongolian-yurt-tent-canvas-yurt\/","title":{"rendered":"Luxusn\u00ed zimn\u00ed kupolov\u00e9 jurty na prodej pl\u00e1t\u011bn\u00e1 jurta mongolsk\u00e1 jurta"},"content":{"rendered":"<ul>\n<li><strong>Plocha : <\/strong> 9 m2<\/li>\n<li><strong>Tkanina: <\/strong> Pl\u00e1tno<\/li>\n<li><strong>Index vod\u011bodolnosti vn\u011bj\u0161\u00edho stanu: <\/strong> 1500-2000 mm<\/li>\n<li><strong>Spodn\u00ed index vod\u011bodolnosti: <\/strong> &gt; 3000 mm<\/li>\n<li><strong>Typ budovy: <\/strong> Konstrukce na z\u00e1klad\u011b pot\u0159eby<\/li>\n<li><strong>Styl stanu: <\/strong> P\u0159\u00edm\u00fd typ v\u00fdztuhy<\/li>\n<li><strong>Sez\u00f3na : <\/strong> \u010cty\u0159sez\u00f3nn\u00ed stan, 4sez\u00f3nn\u00ed<\/li>\n<li><strong>Struktura: <\/strong> Jedna lo\u017enice<\/li>\n<li><strong>Jm\u00e9no v\u00fdrobku : <\/strong> Luxusn\u00ed zimn\u00ed kupolov\u00e9 jurty na prodej pl\u00e1t\u011bn\u00e1 jurta mongolsk\u00e1 jurta<\/li>\n<li><strong>Aplikace : <\/strong> Venkovn\u00ed cestov\u00e1n\u00ed Turistika Kempov\u00e1n\u00ed<\/li>\n<li><strong>Kl\u00ed\u010dov\u00e9 slovo: <\/strong> Jurtov\u00fd stan<\/li>\n<li><strong>Vlastnosti : <\/strong> Vod\u011bodoln\u00fd<\/li>\n<li><strong>zip: <\/strong> SBS zip<\/li>\n<li><strong>R\u00e1mov\u00e1 ty\u010d: <\/strong> 22mm, 2m*11ks<\/li>\n<li><strong>MOQ: <\/strong> 1 kus<\/li>\n<li><strong>Logo: <\/strong> P\u0159izp\u016fsoben\u00e9 logo<\/li>\n<li><strong>Z\u00e1ruka: <\/strong> 12 m\u011bs\u00edc\u016f<\/li>\n<\/ul>\n<div>\n<div data-host=\"112190218\" data-magic-global=\"%7B%22bizId%22%3A2634101818%2C%22pageId%22%3A5046751166%2C%22siteId%22%3A5005227190%7D\" data-id=\"detail_decorate_root\">\n<div>\n<div data-section=\"AliMagic-j4t17u\" data-section-title=\"Product Description\">Popis v\u00fdrobku<\/div>\n<\/div>\n<div>\n<div>\n<div>\n<div>\n<div>\n<div><img decoding=\"async\" src=\"\/\/sc01.alicdn.com\/kf\/H56aa441716f44669837912c6acf8a941b\/225636084\/H56aa441716f44669837912c6acf8a941b.jpg\" data-src=\"\/\/sc01.alicdn.com\/kf\/H56aa441716f44669837912c6acf8a941b\/225636084\/H56aa441716f44669837912c6acf8a941b.jpg\" \/><\/div>\n<\/div>\n<\/div>\n<\/div>\n<\/div>\n<\/div>\n<div>\n<div>\n<div>\n<h3 data-id=\"title0\">Luxusn\u00ed 4 sez\u00f3nn\u00ed t\u011b\u017ek\u00fd jurtov\u00fd stan<\/h3>\n<div>\n<div>\n<div data-id=\"paragraph0\">Jurtov\u00e9 stany maj\u00ed dlouhou historii a lid\u00e9 je pou\u017e\u00edvali oded\u00e1vna. Tento stan je zjednodu\u0161en\u00fd na z\u00e1klad\u011b p\u016fvodn\u00ed jurty. Instalace a pou\u017eit\u00ed jsou jednodu\u0161\u0161\u00ed a vnit\u0159n\u00ed prostor je \u0161irok\u00fd, co\u017e m\u016f\u017ee vyhov\u011bt pot\u0159eb\u00e1m rodiny. M\u00e1 dobr\u00e9 vodot\u011bsn\u00e9 a v\u011btruodoln\u00e9 vlastnosti pro venkovn\u00ed pou\u017eit\u00ed a dobrou ventilaci. Je to dobr\u00e1 volba pro venkovn\u00ed cestov\u00e1n\u00ed.<\/div>\n<\/div>\n<\/div>\n<\/div>\n<\/div>\n<\/div>\n<div>\n<div>\n<div>\n<h3 data-id=\"title0\"><strong>Funkce<\/strong><\/h3>\n<div>\n<div>\n<div data-id=\"paragraph0\">1. Mnohem v\u011bt\u0161\u00ed prostor pro rodinn\u00e9 kempov\u00e1n\u00ed, v\u011bt\u0161\u00ed kapacita pro 6-10 osob.<br \/>\n2. Ultra-lehk\u00fd design morden, p\u0159enosn\u00fd a skl\u00e1dac\u00ed<br \/>\n3. Vod\u011bodoln\u00e9 bavln\u011bn\u00e9 pl\u00e1tno<br \/>\n4. Velk\u00e1 okna se s\u00ed\u0165ovinou p\u0159inesou v\u00fdhled pro prevenci hmyzu.<\/div>\n<\/div>\n<\/div>\n<\/div>\n<\/div>\n<\/div>\n<div><\/div>\n<div>\n<div><\/div>\n<\/div>\n<div>\n<div data-section=\"AliMagic-783agr\" data-section-title=\"Detail Images\">Detailn\u00ed obr\u00e1zky<\/div>\n<\/div>\n<div>\n<div>\n<div>\n<div>\n<div>\n<div><\/div>\n<\/div>\n<\/div>\n<\/div>\n<\/div>\n<\/div>\n<div>\n<div>\n<div>\n<div>\n<div>\n<div><img decoding=\"async\" src=\"\/\/sc02.alicdn.com\/kf\/H403daa1716cd453f8176004be66d1cabZ\/225636084\/H403daa1716cd453f8176004be66d1cabZ.jpg\" data-src=\"\/\/sc02.alicdn.com\/kf\/H403daa1716cd453f8176004be66d1cabZ\/225636084\/H403daa1716cd453f8176004be66d1cabZ.jpg\" data-id=\"child-image-0\" \/><\/div>\n<div><img decoding=\"async\" src=\"\/\/sc01.alicdn.com\/kf\/H1b359a025f5c4d2a920071abfb30e71cK\/225636084\/H1b359a025f5c4d2a920071abfb30e71cK.jpg\" data-src=\"\/\/sc01.alicdn.com\/kf\/H1b359a025f5c4d2a920071abfb30e71cK\/225636084\/H1b359a025f5c4d2a920071abfb30e71cK.jpg\" data-id=\"child-image-1\" \/><\/div>\n<\/div>\n<\/div>\n<\/div>\n<\/div>\n<\/div>\n<div>\n<div>\n<div>\n<div>\n<div>\n<div><img decoding=\"async\" src=\"\/\/sc02.alicdn.com\/kf\/H89d139573765466a9a468cfa9925ea34o\/225636084\/H89d139573765466a9a468cfa9925ea34o.jpg\" data-src=\"\/\/sc02.alicdn.com\/kf\/H89d139573765466a9a468cfa9925ea34o\/225636084\/H89d139573765466a9a468cfa9925ea34o.jpg\" data-id=\"child-image-0\" \/><\/div>\n<div><img decoding=\"async\" src=\"\/\/sc02.alicdn.com\/kf\/H0fd1652041b3450cb22c142cd3460c4c3\/225636084\/H0fd1652041b3450cb22c142cd3460c4c3.jpg\" data-src=\"\/\/sc02.alicdn.com\/kf\/H0fd1652041b3450cb22c142cd3460c4c3\/225636084\/H0fd1652041b3450cb22c142cd3460c4c3.jpg\" data-id=\"child-image-1\" \/><\/div>\n<\/div>\n<\/div>\n<\/div>\n<\/div>\n<\/div>\n<div>\n<div>\n<div>\n<div>\n<div>\n<div><img decoding=\"async\" src=\"\/\/sc01.alicdn.com\/kf\/H1b6521d09772495ead74eccc19dcb548I\/225636084\/H1b6521d09772495ead74eccc19dcb548I.jpg\" data-src=\"\/\/sc01.alicdn.com\/kf\/H1b6521d09772495ead74eccc19dcb548I\/225636084\/H1b6521d09772495ead74eccc19dcb548I.jpg\" data-id=\"child-image-0\" \/><\/div>\n<div><img decoding=\"async\" src=\"\/\/sc01.alicdn.com\/kf\/Hf2692e1b39f8487aa4381c111ba52025V\/225636084\/Hf2692e1b39f8487aa4381c111ba52025V.jpg\" data-src=\"\/\/sc01.alicdn.com\/kf\/Hf2692e1b39f8487aa4381c111ba52025V\/225636084\/Hf2692e1b39f8487aa4381c111ba52025V.jpg\" data-id=\"child-image-1\" \/><\/div>\n<\/div>\n<\/div>\n<\/div>\n<\/div>\n<\/div>\n<div>\n<div data-section=\"AliMagic-0z5n3b\" data-section-title=\"Why Choose us\"><\/div>\n<\/div>\n<\/div>\n<\/div>","protected":false},"excerpt":{"rendered":"<p>Plocha : 9 m2 Tkanina : Pl\u00e1tno Vn\u011bj\u0161\u00ed stan Vodot\u011bsnost : 1500-2000 Mm Spodn\u00ed Vodot\u011bsnost : &gt;3000 mm Typ budovy : Konstrukce zalo\u017een\u00e1 na pot\u0159eb\u011b Styl stanu : Typ s p\u0159\u00edm\u00fdm vyztu\u017een\u00edm Sez\u00f3na : \u010cty\u0159sez\u00f3nn\u00ed stan, 4-sez\u00f3nn\u00ed Struktura : Jedna lo\u017enice N\u00e1zev produktu : Luxusn\u00ed zimn\u00ed kupolov\u00e9 jurty na prodej pl\u00e1tno z mongolsk\u00e9 jurty<\/p>\n<div class=\"read-more\"><a class=\"btn btn-fill-out\" href=\"https:\/\/uoogear.com\/cs\/produkt\/luxury-winter-dome-yurts-for-sale-mongolian-yurt-tent-canvas-yurt\/\">P\u0159e\u010dt\u011bte si v\u00edce<\/a><\/div>","protected":false},"featured_media":4360,"template":"","meta":[],"product_brand":[],"product_cat":[15],"product_tag":[],"class_list":{"0":"post-4361","1":"product","2":"type-product","3":"status-publish","4":"has-post-thumbnail","6":"product_cat-uncategorized","7":"tm-no-options","9":"first","10":"instock","11":"shipping-taxable","12":"purchasable","13":"product-type-variable"},"_links":{"self":[{"href":"https:\/\/uoogear.com\/cs\/wp-json\/wp\/v2\/product\/4361","targetHints":{"allow":["GET"]}}],"collection":[{"href":"https:\/\/uoogear.com\/cs\/wp-json\/wp\/v2\/product"}],"about":[{"href":"https:\/\/uoogear.com\/cs\/wp-json\/wp\/v2\/types\/product"}],"wp:featuredmedia":[{"embeddable":true,"href":"https:\/\/uoogear.com\/cs\/wp-json\/wp\/v2\/media\/4360"}],"wp:attachment":[{"href":"https:\/\/uoogear.com\/cs\/wp-json\/wp\/v2\/media?parent=4361"}],"wp:term":[{"taxonomy":"product_brand","embeddable":true,"href":"https:\/\/uoogear.com\/cs\/wp-json\/wp\/v2\/product_brand?post=4361"},{"taxonomy":"product_cat","embeddable":true,"href":"https:\/\/uoogear.com\/cs\/wp-json\/wp\/v2\/product_cat?post=4361"},{"taxonomy":"product_tag","embeddable":true,"href":"https:\/\/uoogear.com\/cs\/wp-json\/wp\/v2\/product_tag?post=4361"}],"curies":[{"name":"wp","href":"https:\/\/api.w.org\/{rel}","templated":true}]}}