{"id":4391,"date":"2023-11-13T12:47:07","date_gmt":"2023-11-13T12:47:07","guid":{"rendered":"https:\/\/uoogear.com\/product\/outdoor-custom-waterproof-glamping-cotton-canvas-bell-tents-for-camping-with-awning\/"},"modified":"2023-11-30T02:30:23","modified_gmt":"2023-11-30T02:30:23","slug":"outdoor-custom-waterproof-glamping-cotton-canvas-bell-tents-for-camping-with-awning","status":"publish","type":"product","link":"https:\/\/uoogear.com\/cs\/produkt\/outdoor-custom-waterproof-glamping-cotton-canvas-bell-tents-for-camping-with-awning\/","title":{"rendered":"Venkovn\u00ed zak\u00e1zkov\u00e9 vod\u011bodoln\u00e9 glampingov\u00e9 bavln\u011bn\u00e9 zvonov\u00e9 stany pro kempov\u00e1n\u00ed s mark\u00fdzou"},"content":{"rendered":"<ul>\n<li><strong>Plocha : <\/strong> 500*300 cm<\/li>\n<li><strong>Tkanina: <\/strong> Pl\u00e1tno<\/li>\n<li><strong>Index vod\u011bodolnosti vn\u011bj\u0161\u00edho stanu: <\/strong> 1500-2000 mm<\/li>\n<li><strong>Spodn\u00ed index vod\u011bodolnosti: <\/strong> &gt; 3000 mm<\/li>\n<li><strong>Typ budovy: <\/strong> Konstrukce na z\u00e1klad\u011b pot\u0159eby<\/li>\n<li><strong>Styl stanu: <\/strong> P\u0159\u00edm\u00fd typ v\u00fdztuhy<\/li>\n<li><strong>Sez\u00f3na : <\/strong> \u010cty\u0159sez\u00f3nn\u00ed stan<\/li>\n<li><strong>Struktura: <\/strong> Jedna lo\u017enice<\/li>\n<li><strong>Jm\u00e9no v\u00fdrobku : <\/strong> Zvonov\u00e9 stany z bavln\u011bn\u00e9ho pl\u00e1tna pro kempov\u00e1n\u00ed s mark\u00fdzou<\/li>\n<li><strong>Barva : <\/strong> B\u00e9\u017eov\u00fd<\/li>\n<li><strong>Aplikace : <\/strong> Venkovn\u00ed cestov\u00e1n\u00ed Turistika Kempov\u00e1n\u00ed<\/li>\n<li><strong>Kl\u00ed\u010dov\u00e9 slovo: <\/strong> stany pro kempov\u00e1n\u00ed<\/li>\n<li><strong>Vlastnosti : <\/strong> Vod\u011bodoln\u00fd<\/li>\n<li><strong>Materi\u00e1l: <\/strong> 300gm bavln\u011bn\u00e9 pl\u00e1tno<\/li>\n<li><strong>Velikost: <\/strong> 500*300*170\/60 cm<\/li>\n<li><strong>MOQ: <\/strong> 1 kus<\/li>\n<\/ul>\n<div>\n<div data-host=\"112311420\" data-id=\"detail_decorate_root\">\n<div data-reactroot=\"\">\n<div data-section=\"AliMagic-af7zby\" data-section-title=\"Products Description\">Popis produkt\u016f<\/div>\n<div>\n<div>\n<div>\n<div>\n<div><img decoding=\"async\" src=\"\/\/sc01.alicdn.com\/kf\/Hf36d73868dd540b595b5d4574c7a2a13M\/225636084\/Hf36d73868dd540b595b5d4574c7a2a13M.jpg\" data-src=\"\/\/sc01.alicdn.com\/kf\/Hf36d73868dd540b595b5d4574c7a2a13M\/225636084\/Hf36d73868dd540b595b5d4574c7a2a13M.jpg\" data-id=\"child-image-0\" \/><\/div>\n<\/div>\n<\/div>\n<\/div>\n<div>\n<div data-id=\"below-title\">Bavln\u011bn\u00e9 pl\u00e1t\u011bn\u00e9 zvonov\u00e9 stany pro kempov\u00e1n\u00ed s mark\u00fdzou<\/div>\n<div data-id=\"below-content\">Klasick\u00fd, prostorn\u00fd design stanu Bell, vylep\u0161en\u00fd integrovanou podl\u00e1\u017ekou pro velk\u00e9 zat\u00ed\u017een\u00ed poskytuj\u00edc\u00ed vodot\u011bsn\u00e9 t\u011bsn\u011bn\u00ed kolem z\u00e1kladny pro extra jistotu vlhk\u00e9ho po\u010das\u00ed. 5 metrov\u00fd zvonov\u00fd stan m\u00e1 dostatek prostoru pro kempov\u00e1n\u00ed velk\u00e9 rodiny s kapacitou pro \u010dty\u0159i dvojit\u00e9 matrace. Jen s jednou postel\u00ed je opravdu velmi prostorn\u00e1, se spoustou m\u00edsta pro v\u0161echny va\u0161e kempingov\u00e9 p\u0159epychy \u2013 a spousty nav\u00edc!<\/div>\n<\/div>\n<\/div>\n<div>\n<div>\n<h3 data-id=\"title0\">\u00a0 \u00a0 Funkce<\/h3>\n<div>\n<div>\n<div data-id=\"paragraph0\">\n<p>\u00a0 \u00a0 1.Pl\u00e1t\u011bn\u00fd zvonov\u00fd stan je vybaven odolnou podl\u00e1\u017ekou, kter\u00e1 je ke stanu p\u0159ipevn\u011bna zipem.<\/p>\n<div>\u00a0 \u00a0 2. Podlaha je vyrobena z PVC a v\u00e1\u017e\u00ed 540 g\/m\u00b2<\/div>\n<div>\u00a0 \u00a0 3. Strany se snadno sroluj\u00ed, aby pod nimi mohl v hork\u00fdch letn\u00edch dnech proch\u00e1zet v\u00edtr<\/div>\n<div>\u00a0 \u00a0 4.Kr\u00e1sn\u011b vyroben\u00e9 kvalitn\u00ed postaven\u00e9. Dvojit\u00e9 pro\u0161\u00edv\u00e1n\u00ed po cel\u00e9m obvodu a zes\u00edlen\u00e9 kl\u00ed\u010dov\u00e9 body<\/div>\n<div>\u00a0 \u00a0 5. Materi\u00e1l je o\u0161et\u0159en tak, aby byl je\u0161t\u011b v\u00edce odoln\u00fd v\u016f\u010di vod\u011b a pl\u00edsn\u00edm.<\/div>\n<div>\u00a0 \u00a0 6. Zabere 1 osob\u011b pouze 5 a\u017e 8 minut, ne\u017e se nadhod\u00ed<\/div>\n<\/div>\n<\/div>\n<\/div>\n<\/div>\n<\/div>\n<div data-section=\"AliMagic-u2qvef\" data-section-title=\"Specification\">Specifikace<\/div>\n<div>\n<table>\n<tbody>\n<tr>\n<td>\n<div>Velikost produktu<\/div>\n<\/td>\n<td>\n<div>300*250*160\/60 cm<\/div>\n<\/td>\n<td>\n<div><\/div>\n<\/td>\n<td>\n<div><\/div>\n<\/td>\n<td>\n<div><\/div>\n<\/td>\n<\/tr>\n<tr>\n<td>\n<div>Velikost balen\u00ed<\/div>\n<\/td>\n<td>\n<div>110*27*32 cm<\/div>\n<\/td>\n<td>\n<div><\/div>\n<\/td>\n<td>\n<div><\/div>\n<\/td>\n<td>\n<div><\/div>\n<\/td>\n<\/tr>\n<tr>\n<td>\n<div>Tkanina<\/div>\n<\/td>\n<td>\n<div>Bavln\u011bn\u00e9 pl\u00e1tno 100% o gram\u00e1\u017ei 300 g\/m2<\/div>\n<\/td>\n<td>\n<div><\/div>\n<\/td>\n<td>\n<div><\/div>\n<\/td>\n<td>\n<div><\/div>\n<\/td>\n<\/tr>\n<tr>\n<td>\n<div>Podlaha<\/div>\n<\/td>\n<td>\n<div>540 gsm rip-stop PVC<\/div>\n<\/td>\n<td>\n<div><\/div>\n<\/td>\n<td>\n<div><\/div>\n<\/td>\n<td>\n<div><\/div>\n<\/td>\n<\/tr>\n<tr>\n<td>\n<div>st\u0159edn\u00ed p\u00f3l<\/div>\n<\/td>\n<td>\n<div>Pr\u016fm\u011br 32 mm, pozinkovan\u00e1 ocelov\u00e1 trubka, m\u011bd\u011bno-zinkov\u00e1 povrchov\u00e1 \u00faprava<\/div>\n<\/td>\n<td>\n<div><\/div>\n<\/td>\n<td>\n<div><\/div>\n<\/td>\n<td>\n<div><\/div>\n<\/td>\n<\/tr>\n<tr>\n<td>\n<div>Typ vchodu<\/div>\n<\/td>\n<td>\n<div>R\u00e1mov\u00e1 ty\u010d u dve\u0159\u00ed, pr\u016fm\u011br 19 mm<\/div>\n<\/td>\n<td>\n<div><\/div>\n<\/td>\n<td>\n<div><\/div>\n<\/td>\n<td>\n<div><\/div>\n<\/td>\n<\/tr>\n<tr>\n<td>\n<div>Zipy<\/div>\n<\/td>\n<td>\n<div>Zip SBS, zipy s dvojitou rukojet\u00ed<\/div>\n<\/td>\n<td>\n<div><\/div>\n<\/td>\n<td>\n<div><\/div>\n<\/td>\n<td>\n<div><\/div>\n<\/td>\n<\/tr>\n<tr>\n<td>\n<div>Okna<\/div>\n<\/td>\n<td>\n<div>4*okna na zip se s\u00ed\u0165kou<\/div>\n<\/td>\n<td>\n<div><\/div>\n<\/td>\n<td>\n<div><\/div>\n<\/td>\n<td>\n<div><\/div>\n<\/td>\n<\/tr>\n<tr>\n<td>\n<div>V\u011btrac\u00ed otvory<\/div>\n<\/td>\n<td>\n<div>4*troj\u00faheln\u00edkov\u00e9 v\u011btrac\u00ed otvory se s\u00ed\u0165kou<\/div>\n<\/td>\n<td>\n<div><\/div>\n<\/td>\n<td>\n<div><\/div>\n<\/td>\n<td>\n<div><\/div>\n<\/td>\n<\/tr>\n<tr>\n<td>\n<div>Dve\u0159e<\/div>\n<\/td>\n<td>\n<div>1 dv\u00ed\u0159ka na zip se s\u00ed\u0165ovinou<\/div>\n<\/td>\n<td>\n<div><\/div>\n<\/td>\n<td>\n<div><\/div>\n<\/td>\n<td>\n<div><\/div>\n<\/td>\n<\/tr>\n<tr>\n<td>\n<div>Kol\u00ed\u010dky<\/div>\n<\/td>\n<td>\n<div>\u0278 6mm 5mmx20mm 24ks<\/div>\n<\/td>\n<td>\n<div><\/div>\n<\/td>\n<td>\n<div><\/div>\n<\/td>\n<td>\n<div><\/div>\n<\/td>\n<\/tr>\n<tr>\n<td>\n<div>Balen\u00ed<\/div>\n<\/td>\n<td>\n<div>v p\u0159enosn\u00e9 ta\u0161ce a pot\u00e9 v kartonov\u00e9m obalu<\/div>\n<\/td>\n<td>\n<div><\/div>\n<\/td>\n<td>\n<div><\/div>\n<\/td>\n<td>\n<div><\/div>\n<\/td>\n<\/tr>\n<\/tbody>\n<\/table>\n<\/div>\n<div data-section=\"AliMagic-78q3yo\" data-section-title=\"Details\">Podrobnosti<\/div>\n<div>\n<div>\n<div>\n<div>\n<div><img decoding=\"async\" src=\"\/\/sc02.alicdn.com\/kf\/H7b5e068f5bbc40089647cddc36ee6a66e\/225636084\/H7b5e068f5bbc40089647cddc36ee6a66e.jpg\" data-src=\"\/\/sc02.alicdn.com\/kf\/H7b5e068f5bbc40089647cddc36ee6a66e\/225636084\/H7b5e068f5bbc40089647cddc36ee6a66e.jpg\" \/><\/div>\n<\/div>\n<\/div>\n<\/div>\n<\/div>\n<div>\n<div>\n<div>\n<div>\n<div><img decoding=\"async\" src=\"\/\/sc01.alicdn.com\/kf\/H0d2acdfd09a0449c81414d4c4087b535i\/225636084\/H0d2acdfd09a0449c81414d4c4087b535i.jpg\" data-src=\"\/\/sc01.alicdn.com\/kf\/H0d2acdfd09a0449c81414d4c4087b535i\/225636084\/H0d2acdfd09a0449c81414d4c4087b535i.jpg\" \/><\/div>\n<\/div>\n<\/div>\n<\/div>\n<\/div>\n<div data-section=\"AliMagic-xk4fxk\" data-section-title=\"Application\">aplikace<\/div>\n<div>\n<div>\n<div>\n<div>\n<div><img decoding=\"async\" src=\"\/\/sc02.alicdn.com\/kf\/H2c99e2db1880498da08767acaa3c1fce6\/225636084\/H2c99e2db1880498da08767acaa3c1fce6.png\" data-src=\"\/\/sc02.alicdn.com\/kf\/H2c99e2db1880498da08767acaa3c1fce6\/225636084\/H2c99e2db1880498da08767acaa3c1fce6.png\" \/><\/div>\n<\/div>\n<\/div>\n<\/div>\n<\/div>\n<div>\n<div>\n<div>\n<div>\n<div><img decoding=\"async\" src=\"\/\/sc01.alicdn.com\/kf\/H9aa939c18c40425abdf172a611ffe8a9Q\/225636084\/H9aa939c18c40425abdf172a611ffe8a9Q.png\" data-src=\"\/\/sc01.alicdn.com\/kf\/H9aa939c18c40425abdf172a611ffe8a9Q\/225636084\/H9aa939c18c40425abdf172a611ffe8a9Q.png\" \/><\/div>\n<\/div>\n<\/div>\n<\/div>\n<\/div>\n<div data-section=\"AliMagic-bk6wn1\" data-section-title=\"Packing &amp; Delivery\"><\/div>\n<\/div>\n<\/div>\n<\/div>","protected":false},"excerpt":{"rendered":"<p>Plocha : 500*300 cm L\u00e1tka : Pl\u00e1tno Vn\u011bj\u0161\u00ed stan Vodot\u011bsnost : 1500-2000 Mm Spodn\u00ed Vodot\u011bsnost : &gt;3000 mm Typ budovy : Konstrukce zalo\u017een\u00e1 na pot\u0159eb\u011b Styl stanu : P\u0159\u00edm\u00fd typ v\u00fdztuhy Sez\u00f3na : \u010cty\u0159sez\u00f3nn\u00ed Struktura stanu : Jedna lo\u017enice N\u00e1zev produktu : Zvonov\u00e9 stany z bavln\u011bn\u00e9ho pl\u00e1tna pro kempov\u00e1n\u00ed s mark\u00fdzou Barva : B\u00e9\u017eov\u00e1<\/p>\n<div class=\"read-more\"><a class=\"btn btn-fill-out\" href=\"https:\/\/uoogear.com\/cs\/produkt\/outdoor-custom-waterproof-glamping-cotton-canvas-bell-tents-for-camping-with-awning\/\">P\u0159e\u010dt\u011bte si v\u00edce<\/a><\/div>","protected":false},"featured_media":4390,"template":"","meta":[],"product_brand":[],"product_cat":[15],"product_tag":[],"class_list":{"0":"post-4391","1":"product","2":"type-product","3":"status-publish","4":"has-post-thumbnail","6":"product_cat-uncategorized","7":"tm-no-options","9":"first","10":"instock","11":"shipping-taxable","12":"purchasable","13":"product-type-variable"},"_links":{"self":[{"href":"https:\/\/uoogear.com\/cs\/wp-json\/wp\/v2\/product\/4391","targetHints":{"allow":["GET"]}}],"collection":[{"href":"https:\/\/uoogear.com\/cs\/wp-json\/wp\/v2\/product"}],"about":[{"href":"https:\/\/uoogear.com\/cs\/wp-json\/wp\/v2\/types\/product"}],"wp:featuredmedia":[{"embeddable":true,"href":"https:\/\/uoogear.com\/cs\/wp-json\/wp\/v2\/media\/4390"}],"wp:attachment":[{"href":"https:\/\/uoogear.com\/cs\/wp-json\/wp\/v2\/media?parent=4391"}],"wp:term":[{"taxonomy":"product_brand","embeddable":true,"href":"https:\/\/uoogear.com\/cs\/wp-json\/wp\/v2\/product_brand?post=4391"},{"taxonomy":"product_cat","embeddable":true,"href":"https:\/\/uoogear.com\/cs\/wp-json\/wp\/v2\/product_cat?post=4391"},{"taxonomy":"product_tag","embeddable":true,"href":"https:\/\/uoogear.com\/cs\/wp-json\/wp\/v2\/product_tag?post=4391"}],"curies":[{"name":"wp","href":"https:\/\/api.w.org\/{rel}","templated":true}]}}