{"id":4417,"date":"2023-11-13T12:52:12","date_gmt":"2023-11-13T12:52:12","guid":{"rendered":"https:\/\/uoogear.com\/product\/large-canvas-tents-inflatable-air-tourist-tent-from-cabin-camping-outdoor-waterproof-for-hiking-and-travelling\/"},"modified":"2023-11-30T02:31:46","modified_gmt":"2023-11-30T02:31:46","slug":"large-canvas-tents-inflatable-air-tourist-tent-from-cabin-camping-outdoor-waterproof-for-hiking-and-travelling","status":"publish","type":"product","link":"https:\/\/uoogear.com\/cs\/produkt\/large-canvas-tents-inflatable-air-tourist-tent-from-cabin-camping-outdoor-waterproof-for-hiking-and-travelling\/","title":{"rendered":"Velk\u00e9 pl\u00e1t\u011bn\u00e9 stany Nafukovac\u00ed vzdu\u0161n\u00fd turistick\u00fd stan z kabiny Kempov\u00e1n\u00ed Venkovn\u00ed Vodot\u011bsn\u00e9 Pro turistiku a cestov\u00e1n\u00ed"},"content":{"rendered":"<ul>\n<li><strong>Tkanina: <\/strong> Oxford<\/li>\n<li><strong>Index vod\u011bodolnosti vn\u011bj\u0161\u00edho stanu: <\/strong> 2000-3000 mm<\/li>\n<li><strong>Spodn\u00ed index vod\u011bodolnosti: <\/strong> 1500-2000 mm<\/li>\n<li><strong>Typ budovy: <\/strong> Rychl\u00e9 automatick\u00e9 otev\u00edr\u00e1n\u00ed<\/li>\n<li><strong>Styl stanu: <\/strong> Ground Nail typu Trigon\/V<\/li>\n<li><strong>Sez\u00f3na : <\/strong> \u010cty\u0159sez\u00f3nn\u00ed stan, t\u0159\u00edsez\u00f3nn\u00ed stan<\/li>\n<li><strong>Struktura: <\/strong> Jedna lo\u017enice<\/li>\n<li><strong>Jm\u00e9no v\u00fdrobku : <\/strong> Venkovn\u00ed kempov\u00fd stan<\/li>\n<li><strong>Barva : <\/strong> Khaki<\/li>\n<li><strong>Pou\u017eit\u00ed: <\/strong> Kempov\u00e1n\u00ed P\u011b\u0161\u00ed turistika Cestov\u00e1n\u00ed<\/li>\n<li><strong>Velikost: <\/strong> 300*200*200 cm<\/li>\n<li><strong>Hmotnost: <\/strong> 16 kg<\/li>\n<li><strong>Podlaha : <\/strong> Oxford<\/li>\n<li><strong>Kapacita: <\/strong> 3-4 osoby<\/li>\n<li><strong>\u010cas doru\u010den\u00ed : <\/strong> 20 dn\u00ed<\/li>\n<li><strong>Balen\u00ed: <\/strong> 1PC\/Poly Bag<\/li>\n<\/ul>\n<div>\n<div data-section=\"AliPostDhMb-uunfl\" data-section-title=\"Product Description\">\n<div>Popis v\u00fdrobku<\/div>\n<div>\n<p>Velk\u00e9 pl\u00e1t\u011bn\u00e9 stany Nafukovac\u00ed vzdu\u0161n\u00fd turistick\u00fd stan z kabiny Kempov\u00e1n\u00ed Venkovn\u00ed Vodot\u011bsn\u00e9 Pro turistiku a cestov\u00e1n\u00ed<\/p>\n<\/div>\n<\/div>\n<p><strong><em>Barvu a velikost lze p\u0159izp\u016fsobit va\u0161im po\u017eadavk\u016fm!<\/em><\/strong><\/p>\n<div><\/div>\n<div>Detailn\u00ed foto<\/div>\n<div><\/div>\n<p><img decoding=\"async\" src=\"\/\/sc04.alicdn.com\/kf\/H63608db4db8a455a842461b944da215bA\/274217001\/H63608db4db8a455a842461b944da215bA.jpg\" alt=\"Velk\u00e9 pl\u00e1t\u011bn\u00e9 stany Nafukovac\u00ed vzdu\u0161n\u00fd turistick\u00fd stan z kabiny Kempov\u00e1n\u00ed Venkovn\u00ed Vodot\u011bsn\u00e9 Pro turistiku a cestov\u00e1n\u00ed\" width=\"750\" height=\"504.37500000000006\" data-src=\"\/\/sc04.alicdn.com\/kf\/H63608db4db8a455a842461b944da215bA\/274217001\/H63608db4db8a455a842461b944da215bA.jpg\" data-alt=\"Large Canvas Tents Inflatable Air Tourist Tent From Cabin Camping Outdoor Waterproof For Hiking and Travelling\" \/><\/p>\n<p><img loading=\"lazy\" decoding=\"async\" src=\"\/\/sc04.alicdn.com\/kf\/H4d99fe1bb1d34ee19370ebd12d8cf8fda\/274217001\/H4d99fe1bb1d34ee19370ebd12d8cf8fda.jpeg\" alt=\"Velk\u00e9 pl\u00e1t\u011bn\u00e9 stany Nafukovac\u00ed vzdu\u0161n\u00fd turistick\u00fd stan z kabiny Kempov\u00e1n\u00ed Venkovn\u00ed Vodot\u011bsn\u00e9 Pro turistiku a cestov\u00e1n\u00ed\" width=\"750\" height=\"750\" data-src=\"\/\/sc04.alicdn.com\/kf\/H4d99fe1bb1d34ee19370ebd12d8cf8fda\/274217001\/H4d99fe1bb1d34ee19370ebd12d8cf8fda.jpeg\" data-alt=\"Large Canvas Tents Inflatable Air Tourist Tent From Cabin Camping Outdoor Waterproof For Hiking and Travelling\" \/><img loading=\"lazy\" decoding=\"async\" src=\"\/\/sc04.alicdn.com\/kf\/H08767252a32b463ca2e68a5c7cdd225bI\/274217001\/H08767252a32b463ca2e68a5c7cdd225bI.jpeg\" alt=\"Velk\u00e9 pl\u00e1t\u011bn\u00e9 stany Nafukovac\u00ed vzdu\u0161n\u00fd turistick\u00fd stan z kabiny Kempov\u00e1n\u00ed Venkovn\u00ed Vodot\u011bsn\u00e9 Pro turistiku a cestov\u00e1n\u00ed\" width=\"750\" height=\"750\" data-src=\"\/\/sc04.alicdn.com\/kf\/H08767252a32b463ca2e68a5c7cdd225bI\/274217001\/H08767252a32b463ca2e68a5c7cdd225bI.jpeg\" data-alt=\"Large Canvas Tents Inflatable Air Tourist Tent From Cabin Camping Outdoor Waterproof For Hiking and Travelling\" \/><img loading=\"lazy\" decoding=\"async\" src=\"\/\/sc04.alicdn.com\/kf\/Hfcc1c9d63b874da59c734e4556a927786\/274217001\/Hfcc1c9d63b874da59c734e4556a927786.jpeg\" alt=\"Velk\u00e9 pl\u00e1t\u011bn\u00e9 stany Nafukovac\u00ed vzdu\u0161n\u00fd turistick\u00fd stan z kabiny Kempov\u00e1n\u00ed Venkovn\u00ed Vodot\u011bsn\u00e9 Pro turistiku a cestov\u00e1n\u00ed\" width=\"750\" height=\"750\" data-src=\"\/\/sc04.alicdn.com\/kf\/Hfcc1c9d63b874da59c734e4556a927786\/274217001\/Hfcc1c9d63b874da59c734e4556a927786.jpeg\" data-alt=\"Large Canvas Tents Inflatable Air Tourist Tent From Cabin Camping Outdoor Waterproof For Hiking and Travelling\" \/><img loading=\"lazy\" decoding=\"async\" src=\"\/\/sc04.alicdn.com\/kf\/Hfd119202cccb4d208dbed1da0e78e69a5\/274217001\/Hfd119202cccb4d208dbed1da0e78e69a5.jpeg\" alt=\"Velk\u00e9 pl\u00e1t\u011bn\u00e9 stany Nafukovac\u00ed vzdu\u0161n\u00fd turistick\u00fd stan z kabiny Kempov\u00e1n\u00ed Venkovn\u00ed Vodot\u011bsn\u00e9 Pro turistiku a cestov\u00e1n\u00ed\" width=\"750\" height=\"750\" data-src=\"\/\/sc04.alicdn.com\/kf\/Hfd119202cccb4d208dbed1da0e78e69a5\/274217001\/Hfd119202cccb4d208dbed1da0e78e69a5.jpeg\" data-alt=\"Large Canvas Tents Inflatable Air Tourist Tent From Cabin Camping Outdoor Waterproof For Hiking and Travelling\" \/><img loading=\"lazy\" decoding=\"async\" src=\"\/\/sc04.alicdn.com\/kf\/Hdc0cffe4d8df4611989bcbec79772a13t\/274217001\/Hdc0cffe4d8df4611989bcbec79772a13t.jpeg\" alt=\"Velk\u00e9 pl\u00e1t\u011bn\u00e9 stany Nafukovac\u00ed vzdu\u0161n\u00fd turistick\u00fd stan z kabiny Kempov\u00e1n\u00ed Venkovn\u00ed Vodot\u011bsn\u00e9 Pro turistiku a cestov\u00e1n\u00ed\" width=\"750\" height=\"750\" data-src=\"\/\/sc04.alicdn.com\/kf\/Hdc0cffe4d8df4611989bcbec79772a13t\/274217001\/Hdc0cffe4d8df4611989bcbec79772a13t.jpeg\" data-alt=\"Large Canvas Tents Inflatable Air Tourist Tent From Cabin Camping Outdoor Waterproof For Hiking and Travelling\" \/><img loading=\"lazy\" decoding=\"async\" src=\"\/\/sc04.alicdn.com\/kf\/H65397663cdcb40358f8a144753638848O\/274217001\/H65397663cdcb40358f8a144753638848O.jpeg\" alt=\"Velk\u00e9 pl\u00e1t\u011bn\u00e9 stany Nafukovac\u00ed vzdu\u0161n\u00fd turistick\u00fd stan z kabiny Kempov\u00e1n\u00ed Venkovn\u00ed Vodot\u011bsn\u00e9 Pro turistiku a cestov\u00e1n\u00ed\" width=\"750\" height=\"750\" data-src=\"\/\/sc04.alicdn.com\/kf\/H65397663cdcb40358f8a144753638848O\/274217001\/H65397663cdcb40358f8a144753638848O.jpeg\" data-alt=\"Large Canvas Tents Inflatable Air Tourist Tent From Cabin Camping Outdoor Waterproof For Hiking and Travelling\" \/><\/p>\n<p>&nbsp;<\/p>\n<div data-section=\"AliPostDhMb-gmyk2\" data-section-title=\"FAQ\">\n<div><\/div>\n<\/div>\n<\/div>","protected":false},"excerpt":{"rendered":"<p>Tkanina: Oxford Outside Stan Vodot\u011bsnost Index: 2000-3000 Mm Spodn\u00ed Vodot\u011bsnost: 1500-2000 Mm Typ budovy: Rychl\u00e9 automatick\u00e9 otev\u00edr\u00e1n\u00ed Styl stanu: Trigone\/V-typ Ground Nail Sez\u00f3na: \u010cty\u0159sez\u00f3nn\u00ed stan, T\u0159\u00edsez\u00f3nn\u00ed Struktura stanu: Jedno Lo\u017enice N\u00e1zev produktu: Venkovn\u00ed kempingov\u00fd stan Barva: Khaki Pou\u017eit\u00ed: Kempov\u00e1n\u00ed Turistika Cestov\u00e1n\u00ed Velikost: 300*200*200cm<\/p>\n<div class=\"read-more\"><a class=\"btn btn-fill-out\" href=\"https:\/\/uoogear.com\/cs\/produkt\/large-canvas-tents-inflatable-air-tourist-tent-from-cabin-camping-outdoor-waterproof-for-hiking-and-travelling\/\">P\u0159e\u010dt\u011bte si v\u00edce<\/a><\/div>","protected":false},"featured_media":4416,"template":"","meta":[],"product_brand":[],"product_cat":[15],"product_tag":[],"class_list":{"0":"post-4417","1":"product","2":"type-product","3":"status-publish","4":"has-post-thumbnail","6":"product_cat-uncategorized","7":"tm-no-options","9":"first","10":"instock","11":"shipping-taxable","12":"purchasable","13":"product-type-variable"},"_links":{"self":[{"href":"https:\/\/uoogear.com\/cs\/wp-json\/wp\/v2\/product\/4417","targetHints":{"allow":["GET"]}}],"collection":[{"href":"https:\/\/uoogear.com\/cs\/wp-json\/wp\/v2\/product"}],"about":[{"href":"https:\/\/uoogear.com\/cs\/wp-json\/wp\/v2\/types\/product"}],"wp:featuredmedia":[{"embeddable":true,"href":"https:\/\/uoogear.com\/cs\/wp-json\/wp\/v2\/media\/4416"}],"wp:attachment":[{"href":"https:\/\/uoogear.com\/cs\/wp-json\/wp\/v2\/media?parent=4417"}],"wp:term":[{"taxonomy":"product_brand","embeddable":true,"href":"https:\/\/uoogear.com\/cs\/wp-json\/wp\/v2\/product_brand?post=4417"},{"taxonomy":"product_cat","embeddable":true,"href":"https:\/\/uoogear.com\/cs\/wp-json\/wp\/v2\/product_cat?post=4417"},{"taxonomy":"product_tag","embeddable":true,"href":"https:\/\/uoogear.com\/cs\/wp-json\/wp\/v2\/product_tag?post=4417"}],"curies":[{"name":"wp","href":"https:\/\/api.w.org\/{rel}","templated":true}]}}