{"id":4441,"date":"2023-11-13T12:55:53","date_gmt":"2023-11-13T12:55:53","guid":{"rendered":"https:\/\/uoogear.com\/product\/customized-camping-equipment-outdoor-waterproof-camping-glamping-tent-luxury-tents-camping-outdoor-inflatable-tent\/"},"modified":"2023-11-30T02:18:13","modified_gmt":"2023-11-30T02:18:13","slug":"customized-camping-equipment-outdoor-waterproof-camping-glamping-tent-luxury-tents-camping-outdoor-inflatable-tent","status":"publish","type":"product","link":"https:\/\/uoogear.com\/cs\/produkt\/customized-camping-equipment-outdoor-waterproof-camping-glamping-tent-luxury-tents-camping-outdoor-inflatable-tent\/","title":{"rendered":"Kempingov\u00e9 vybaven\u00ed na m\u00edru venkovn\u00ed vodot\u011bsn\u00fd kempingov\u00fd glamping stan luxusn\u00ed stany kempingov\u00fd outdoor Nafukovac\u00ed stan"},"content":{"rendered":"<ul>\n<li><strong>Tkanina: <\/strong> Polyester<\/li>\n<li><strong>Index vod\u011bodolnosti vn\u011bj\u0161\u00edho stanu: <\/strong> 2000-3000 mm<\/li>\n<li><strong>Spodn\u00ed index vod\u011bodolnosti: <\/strong> &gt; 3000 mm<\/li>\n<li><strong>Typ budovy: <\/strong> Rychl\u00e9 automatick\u00e9 otev\u00edr\u00e1n\u00ed<\/li>\n<li><strong>Styl stanu: <\/strong> Prodlou\u017een\u00fd typ, trubkov\u00fd typ stanov\u00fd kol\u00edk<\/li>\n<li><strong>Sez\u00f3na : <\/strong> \u010cty\u0159sez\u00f3nn\u00ed stan<\/li>\n<li><strong>Struktura: <\/strong> Jedna lo\u017enice<\/li>\n<li><strong>Jm\u00e9no v\u00fdrobku : <\/strong> Venkovn\u00ed nafukovac\u00ed stan pro kempov\u00e1n\u00ed<\/li>\n<li><strong>Barva : <\/strong> Modr\u00fd<\/li>\n<li><strong>Pou\u017eit\u00ed: <\/strong> Kempov\u00e1n\u00ed P\u011b\u0161\u00ed turistika Cestov\u00e1n\u00ed<\/li>\n<li><strong>Velikost: <\/strong> Rozm\u011br 240*240*170 cm<\/li>\n<li><strong>Hmotnost: <\/strong> 5,4 kg<\/li>\n<li><strong>Velikost balen\u00ed : <\/strong> Rozm\u011br 70*28*28 cm<\/li>\n<li><strong>Podlaha : <\/strong> 210D Oxford<\/li>\n<li><strong>Kapacita: <\/strong> 4-5 osob<\/li>\n<li><strong>\u010cas doru\u010den\u00ed : <\/strong> 20 dn\u00ed<\/li>\n<\/ul>\n<div>\n<div data-section=\"AliPostDhMb-k8t1e\" data-section-title=\"Product Description\">\n<div>\n<p>Detailn\u00ed foto<\/p>\n<p>&nbsp;<\/p>\n<p><img loading=\"lazy\" decoding=\"async\" class=\"alignnone size-full wp-image-5134\" src=\"https:\/\/uoogear.com\/wp-content\/uploads\/2023\/11\/H63608db4db8a455a842461b944da215bA-2.jpg\" width=\"800\" height=\"538\" alt=\"Kempingov\u00e9 vybaven\u00ed na m\u00edru venkovn\u00ed vodot\u011bsn\u00fd kempingov\u00fd glamping stan luxusn\u00ed stany kempingov\u00fd outdoor Nafukovac\u00ed stan\" srcset=\"https:\/\/uoogear.com\/wp-content\/uploads\/2023\/11\/H63608db4db8a455a842461b944da215bA-2.jpg 800w, https:\/\/uoogear.com\/wp-content\/uploads\/2023\/11\/H63608db4db8a455a842461b944da215bA-2-300x202.jpg 300w, https:\/\/uoogear.com\/wp-content\/uploads\/2023\/11\/H63608db4db8a455a842461b944da215bA-2-768x516.jpg 768w, https:\/\/uoogear.com\/wp-content\/uploads\/2023\/11\/H63608db4db8a455a842461b944da215bA-2-600x404.jpg 600w, https:\/\/uoogear.com\/wp-content\/uploads\/2023\/11\/H63608db4db8a455a842461b944da215bA-2-80x54.jpg 80w\" sizes=\"auto, (max-width: 800px) 100vw, 800px\" \/><img loading=\"lazy\" decoding=\"async\" src=\"\/\/sc04.alicdn.com\/kf\/H207935525891464d9d55f635a640aff7q\/274217001\/H207935525891464d9d55f635a640aff7q.jpg\" alt=\"Kempingov\u00e9 vybaven\u00ed na m\u00edru venkovn\u00ed vodot\u011bsn\u00fd kempingov\u00fd glamping stan luxusn\u00ed stany kempingov\u00fd outdoor Nafukovac\u00ed stan\" width=\"750\" height=\"750\" data-src=\"\/\/sc04.alicdn.com\/kf\/H207935525891464d9d55f635a640aff7q\/274217001\/H207935525891464d9d55f635a640aff7q.jpg\" data-alt=\"Customized camping equipment outdoor waterproof camping glamping tent luxury tents camping outdoor Inflatable tent\" \/><img loading=\"lazy\" decoding=\"async\" src=\"\/\/sc04.alicdn.com\/kf\/Hb0ce56b7f3f5466384b200eb0b67021aF\/274217001\/Hb0ce56b7f3f5466384b200eb0b67021aF.jpg\" alt=\"Kempingov\u00e9 vybaven\u00ed na m\u00edru venkovn\u00ed vodot\u011bsn\u00fd kempingov\u00fd glamping stan luxusn\u00ed stany kempingov\u00fd outdoor Nafukovac\u00ed stan\" width=\"750\" height=\"750\" data-src=\"\/\/sc04.alicdn.com\/kf\/Hb0ce56b7f3f5466384b200eb0b67021aF\/274217001\/Hb0ce56b7f3f5466384b200eb0b67021aF.jpg\" data-alt=\"Customized camping equipment outdoor waterproof camping glamping tent luxury tents camping outdoor Inflatable tent\" \/><img loading=\"lazy\" decoding=\"async\" src=\"\/\/sc04.alicdn.com\/kf\/H324950cf993e43659fd176bb355623ba3\/274217001\/H324950cf993e43659fd176bb355623ba3.jpg\" alt=\"Kempingov\u00e9 vybaven\u00ed na m\u00edru venkovn\u00ed vodot\u011bsn\u00fd kempingov\u00fd glamping stan luxusn\u00ed stany kempingov\u00fd outdoor Nafukovac\u00ed stan\" width=\"750\" height=\"750\" data-src=\"\/\/sc04.alicdn.com\/kf\/H324950cf993e43659fd176bb355623ba3\/274217001\/H324950cf993e43659fd176bb355623ba3.jpg\" data-alt=\"Customized camping equipment outdoor waterproof camping glamping tent luxury tents camping outdoor Inflatable tent\" \/><img loading=\"lazy\" decoding=\"async\" src=\"\/\/sc04.alicdn.com\/kf\/H9207cb051b58477a82968c8f5b72b522H\/274217001\/H9207cb051b58477a82968c8f5b72b522H.jpg\" alt=\"Kempingov\u00e9 vybaven\u00ed na m\u00edru venkovn\u00ed vodot\u011bsn\u00fd kempingov\u00fd glamping stan luxusn\u00ed stany kempingov\u00fd outdoor Nafukovac\u00ed stan\" width=\"750\" height=\"750\" data-src=\"\/\/sc04.alicdn.com\/kf\/H9207cb051b58477a82968c8f5b72b522H\/274217001\/H9207cb051b58477a82968c8f5b72b522H.jpg\" data-alt=\"Customized camping equipment outdoor waterproof camping glamping tent luxury tents camping outdoor Inflatable tent\" \/><\/p>\n<\/div>\n<\/div>\n<div data-section=\"AliPostDhMb-h1rt6\" data-section-title=\"FAQ\">\n<div><\/div>\n<\/div>\n<\/div>","protected":false},"excerpt":{"rendered":"<p>Tkanina : Polyester Index vod\u011bodolnosti vn\u011bj\u0161\u00edho stanu : 2000-3000 Mm Index vod\u011bodolnosti dna : &gt;3000 mm Typ budovy : Rychl\u00e9 automatick\u00e9 otev\u00edr\u00e1n\u00ed Styl stanu : Prodlou\u017een\u00fd typ, Tubusov\u00fd typ Stan Stake Sez\u00f3na : \u010cty\u0159sez\u00f3nn\u00ed Struktura stanu : Jedna lo\u017enice N\u00e1zev produktu : Venkovn\u00ed kemp nafukovac\u00ed stan Barva : Modr\u00e1 Pou\u017eit\u00ed : Kempov\u00e1n\u00ed Turistika Cestov\u00e1n\u00ed Velikost<\/p>\n<div class=\"read-more\"><a class=\"btn btn-fill-out\" href=\"https:\/\/uoogear.com\/cs\/produkt\/customized-camping-equipment-outdoor-waterproof-camping-glamping-tent-luxury-tents-camping-outdoor-inflatable-tent\/\">P\u0159e\u010dt\u011bte si v\u00edce<\/a><\/div>","protected":false},"featured_media":4440,"template":"","meta":[],"product_brand":[],"product_cat":[15],"product_tag":[],"class_list":{"0":"post-4441","1":"product","2":"type-product","3":"status-publish","4":"has-post-thumbnail","6":"product_cat-uncategorized","7":"tm-no-options","9":"first","10":"instock","11":"shipping-taxable","12":"purchasable","13":"product-type-variable"},"_links":{"self":[{"href":"https:\/\/uoogear.com\/cs\/wp-json\/wp\/v2\/product\/4441","targetHints":{"allow":["GET"]}}],"collection":[{"href":"https:\/\/uoogear.com\/cs\/wp-json\/wp\/v2\/product"}],"about":[{"href":"https:\/\/uoogear.com\/cs\/wp-json\/wp\/v2\/types\/product"}],"wp:featuredmedia":[{"embeddable":true,"href":"https:\/\/uoogear.com\/cs\/wp-json\/wp\/v2\/media\/4440"}],"wp:attachment":[{"href":"https:\/\/uoogear.com\/cs\/wp-json\/wp\/v2\/media?parent=4441"}],"wp:term":[{"taxonomy":"product_brand","embeddable":true,"href":"https:\/\/uoogear.com\/cs\/wp-json\/wp\/v2\/product_brand?post=4441"},{"taxonomy":"product_cat","embeddable":true,"href":"https:\/\/uoogear.com\/cs\/wp-json\/wp\/v2\/product_cat?post=4441"},{"taxonomy":"product_tag","embeddable":true,"href":"https:\/\/uoogear.com\/cs\/wp-json\/wp\/v2\/product_tag?post=4441"}],"curies":[{"name":"wp","href":"https:\/\/api.w.org\/{rel}","templated":true}]}}