{"id":4447,"date":"2023-11-13T12:56:44","date_gmt":"2023-11-13T12:56:44","guid":{"rendered":"https:\/\/uoogear.com\/product\/advanced-big-inflatable-camping-equipment-outdoor-waterproof-camping-outdoor-glamping-tent-camping-equipment-inflatable-tent\/"},"modified":"2023-11-30T02:19:36","modified_gmt":"2023-11-30T02:19:36","slug":"advanced-big-inflatable-camping-equipment-outdoor-waterproof-camping-outdoor-glamping-tent-camping-equipment-inflatable-tent","status":"publish","type":"product","link":"https:\/\/uoogear.com\/cs\/produkt\/advanced-big-inflatable-camping-equipment-outdoor-waterproof-camping-outdoor-glamping-tent-camping-equipment-inflatable-tent\/","title":{"rendered":"Pokro\u010dil\u00e9 velk\u00e9 nafukovac\u00ed kempingov\u00e9 vybaven\u00ed venkovn\u00ed vod\u011bodoln\u00fd kempingov\u00fd venkovn\u00ed glamping stan kempingov\u00e9 vybaven\u00ed Nafukovac\u00ed stan"},"content":{"rendered":"<ul>\n<li><strong>Tkanina: <\/strong> Bavlna<\/li>\n<li><strong>Index vod\u011bodolnosti vn\u011bj\u0161\u00edho stanu: <\/strong> 2000-3000 mm<\/li>\n<li><strong>Spodn\u00ed index vod\u011bodolnosti: <\/strong> 2000-3000 mm<\/li>\n<li><strong>Styl stanu: <\/strong> Prodlou\u017een\u00fd typ, trubkov\u00fd typ stanov\u00fd kol\u00edk<\/li>\n<li><strong>Sez\u00f3na : <\/strong> \u010cty\u0159sez\u00f3nn\u00ed stan<\/li>\n<li><strong>Struktura: <\/strong> Jedna lo\u017enice<\/li>\n<li><strong>Jm\u00e9no v\u00fdrobku : <\/strong> Venkovn\u00ed nafukovac\u00ed stan pro kempov\u00e1n\u00ed<\/li>\n<li><strong>Barva : <\/strong> B\u00edl\u00fd<\/li>\n<li><strong>Pou\u017eit\u00ed: <\/strong> Kempov\u00e1n\u00ed P\u011b\u0161\u00ed turistika Cestov\u00e1n\u00ed<\/li>\n<li><strong>Velikost: <\/strong> 385*335*215 cm<\/li>\n<li><strong>Hmotnost: <\/strong> 14 kg<\/li>\n<li><strong>Podlaha : <\/strong> Oxford<\/li>\n<li><strong>Kapacita: <\/strong> 3-4 osoby<\/li>\n<li><strong>\u010cas doru\u010den\u00ed : <\/strong> 20 dn\u00ed<\/li>\n<\/ul>\n<div>\n<div data-section=\"AliPostDhMb-k8t1e\" data-section-title=\"Product Description\">\n<div>Popis v\u00fdrobku<\/div>\n<div>\n<p>Pokro\u010dil\u00e9 velk\u00e9 nafukovac\u00ed kempingov\u00e9 vybaven\u00ed venkovn\u00ed vod\u011bodoln\u00fd kempingov\u00fd venkovn\u00ed glamping stan kempingov\u00e9 vybaven\u00ed Nafukovac\u00ed stan<\/p>\n<p>Detailn\u00ed foto<\/p>\n<p><img loading=\"lazy\" decoding=\"async\" class=\"alignnone size-full wp-image-5136\" src=\"https:\/\/uoogear.com\/wp-content\/uploads\/2023\/11\/H63608db4db8a455a842461b944da215bA-4.jpg\" width=\"800\" height=\"538\" alt=\"Pokro\u010dil\u00e9 velk\u00e9 nafukovac\u00ed kempingov\u00e9 vybaven\u00ed venkovn\u00ed vod\u011bodoln\u00fd kempingov\u00fd venkovn\u00ed glamping stan kempingov\u00e9 vybaven\u00ed Nafukovac\u00ed stan\" srcset=\"https:\/\/uoogear.com\/wp-content\/uploads\/2023\/11\/H63608db4db8a455a842461b944da215bA-4.jpg 800w, https:\/\/uoogear.com\/wp-content\/uploads\/2023\/11\/H63608db4db8a455a842461b944da215bA-4-300x202.jpg 300w, https:\/\/uoogear.com\/wp-content\/uploads\/2023\/11\/H63608db4db8a455a842461b944da215bA-4-768x516.jpg 768w, https:\/\/uoogear.com\/wp-content\/uploads\/2023\/11\/H63608db4db8a455a842461b944da215bA-4-600x404.jpg 600w, https:\/\/uoogear.com\/wp-content\/uploads\/2023\/11\/H63608db4db8a455a842461b944da215bA-4-80x54.jpg 80w\" sizes=\"auto, (max-width: 800px) 100vw, 800px\" \/><img loading=\"lazy\" decoding=\"async\" src=\"\/\/sc04.alicdn.com\/kf\/H428d7b67a52d406aa6d221b2af2a6d3bq\/274217001\/H428d7b67a52d406aa6d221b2af2a6d3bq.jpg\" alt=\"Pokro\u010dil\u00e9 velk\u00e9 nafukovac\u00ed kempingov\u00e9 vybaven\u00ed venkovn\u00ed vod\u011bodoln\u00fd kempingov\u00fd venkovn\u00ed glamping stan kempingov\u00e9 vybaven\u00ed Nafukovac\u00ed stan\" width=\"750\" height=\"750\" data-src=\"\/\/sc04.alicdn.com\/kf\/H428d7b67a52d406aa6d221b2af2a6d3bq\/274217001\/H428d7b67a52d406aa6d221b2af2a6d3bq.jpg\" data-alt=\"Advanced big inflatable camping equipment outdoor waterproof camping outdoor glamping tent camping equipment Inflatable tent\" \/><img loading=\"lazy\" decoding=\"async\" src=\"\/\/sc04.alicdn.com\/kf\/Hf3afab94f52847a7bcdc3f9afad8bbd1r\/274217001\/Hf3afab94f52847a7bcdc3f9afad8bbd1r.jpg\" alt=\"Pokro\u010dil\u00e9 velk\u00e9 nafukovac\u00ed kempingov\u00e9 vybaven\u00ed venkovn\u00ed vod\u011bodoln\u00fd kempingov\u00fd venkovn\u00ed glamping stan kempingov\u00e9 vybaven\u00ed Nafukovac\u00ed stan\" width=\"750\" height=\"750\" data-src=\"\/\/sc04.alicdn.com\/kf\/Hf3afab94f52847a7bcdc3f9afad8bbd1r\/274217001\/Hf3afab94f52847a7bcdc3f9afad8bbd1r.jpg\" data-alt=\"Advanced big inflatable camping equipment outdoor waterproof camping outdoor glamping tent camping equipment Inflatable tent\" \/><img loading=\"lazy\" decoding=\"async\" src=\"\/\/sc04.alicdn.com\/kf\/H41a3938fadc041ca998505f664c5f5b0v\/274217001\/H41a3938fadc041ca998505f664c5f5b0v.jpg\" alt=\"Pokro\u010dil\u00e9 velk\u00e9 nafukovac\u00ed kempingov\u00e9 vybaven\u00ed venkovn\u00ed vod\u011bodoln\u00fd kempingov\u00fd venkovn\u00ed glamping stan kempingov\u00e9 vybaven\u00ed Nafukovac\u00ed stan\" width=\"750\" height=\"750\" data-src=\"\/\/sc04.alicdn.com\/kf\/H41a3938fadc041ca998505f664c5f5b0v\/274217001\/H41a3938fadc041ca998505f664c5f5b0v.jpg\" data-alt=\"Advanced big inflatable camping equipment outdoor waterproof camping outdoor glamping tent camping equipment Inflatable tent\" \/><img loading=\"lazy\" decoding=\"async\" src=\"\/\/sc04.alicdn.com\/kf\/H60a31a8d3cf0469dbdfcfb463907ed07V\/274217001\/H60a31a8d3cf0469dbdfcfb463907ed07V.jpg\" alt=\"Pokro\u010dil\u00e9 velk\u00e9 nafukovac\u00ed kempingov\u00e9 vybaven\u00ed venkovn\u00ed vod\u011bodoln\u00fd kempingov\u00fd venkovn\u00ed glamping stan kempingov\u00e9 vybaven\u00ed Nafukovac\u00ed stan\" width=\"750\" height=\"750\" data-src=\"\/\/sc04.alicdn.com\/kf\/H60a31a8d3cf0469dbdfcfb463907ed07V\/274217001\/H60a31a8d3cf0469dbdfcfb463907ed07V.jpg\" data-alt=\"Advanced big inflatable camping equipment outdoor waterproof camping outdoor glamping tent camping equipment Inflatable tent\" \/><img loading=\"lazy\" decoding=\"async\" src=\"\/\/sc04.alicdn.com\/kf\/H9f779d7e56d343b0a04ed1845c5648eaB\/274217001\/H9f779d7e56d343b0a04ed1845c5648eaB.jpg\" alt=\"Pokro\u010dil\u00e9 velk\u00e9 nafukovac\u00ed kempingov\u00e9 vybaven\u00ed venkovn\u00ed vod\u011bodoln\u00fd kempingov\u00fd venkovn\u00ed glamping stan kempingov\u00e9 vybaven\u00ed Nafukovac\u00ed stan\" width=\"750\" height=\"750\" data-src=\"\/\/sc04.alicdn.com\/kf\/H9f779d7e56d343b0a04ed1845c5648eaB\/274217001\/H9f779d7e56d343b0a04ed1845c5648eaB.jpg\" data-alt=\"Advanced big inflatable camping equipment outdoor waterproof camping outdoor glamping tent camping equipment Inflatable tent\" \/><img loading=\"lazy\" decoding=\"async\" src=\"\/\/sc04.alicdn.com\/kf\/Ha936d1b140354d78bcab0df48e660350i\/274217001\/Ha936d1b140354d78bcab0df48e660350i.jpg\" alt=\"Pokro\u010dil\u00e9 velk\u00e9 nafukovac\u00ed kempingov\u00e9 vybaven\u00ed venkovn\u00ed vod\u011bodoln\u00fd kempingov\u00fd venkovn\u00ed glamping stan kempingov\u00e9 vybaven\u00ed Nafukovac\u00ed stan\" width=\"750\" height=\"750\" data-src=\"\/\/sc04.alicdn.com\/kf\/Ha936d1b140354d78bcab0df48e660350i\/274217001\/Ha936d1b140354d78bcab0df48e660350i.jpg\" data-alt=\"Advanced big inflatable camping equipment outdoor waterproof camping outdoor glamping tent camping equipment Inflatable tent\" \/><\/p>\n<\/div>\n<\/div>\n<div data-section=\"AliPostDhMb-h1rt6\" data-section-title=\"FAQ\">\n<div><\/div>\n<\/div>\n<\/div>","protected":false},"excerpt":{"rendered":"<p>Tkanina : Bavlna Vn\u011bj\u0161\u00ed stan Index vod\u011bodolnosti : 2000-3000 Mm Spodn\u00ed Vodot\u011bsnost : 2000-3000 Mm Styl stanu : Prodlou\u017een\u00fd typ, Typ tubusu Stan Stake Sez\u00f3na : \u010cty\u0159sez\u00f3nn\u00ed Struktura stanu : Jedna lo\u017enice B\u00edl\u00e1 N\u00e1zev produktu : Venkovn\u00ed stan Barevn\u00fd kemping: nafukovac\u00ed Pou\u017eit\u00ed: Kempov\u00e1n\u00ed Turistika Cestov\u00e1n\u00ed Velikost: 385*335*215cm Hmotnost: 14kg Podlaha<\/p>\n<div class=\"read-more\"><a class=\"btn btn-fill-out\" href=\"https:\/\/uoogear.com\/cs\/produkt\/advanced-big-inflatable-camping-equipment-outdoor-waterproof-camping-outdoor-glamping-tent-camping-equipment-inflatable-tent\/\">P\u0159e\u010dt\u011bte si v\u00edce<\/a><\/div>","protected":false},"featured_media":4446,"template":"","meta":[],"product_brand":[],"product_cat":[15],"product_tag":[],"class_list":{"0":"post-4447","1":"product","2":"type-product","3":"status-publish","4":"has-post-thumbnail","6":"product_cat-uncategorized","7":"tm-no-options","9":"first","10":"instock","11":"shipping-taxable","12":"purchasable","13":"product-type-variable"},"_links":{"self":[{"href":"https:\/\/uoogear.com\/cs\/wp-json\/wp\/v2\/product\/4447","targetHints":{"allow":["GET"]}}],"collection":[{"href":"https:\/\/uoogear.com\/cs\/wp-json\/wp\/v2\/product"}],"about":[{"href":"https:\/\/uoogear.com\/cs\/wp-json\/wp\/v2\/types\/product"}],"wp:featuredmedia":[{"embeddable":true,"href":"https:\/\/uoogear.com\/cs\/wp-json\/wp\/v2\/media\/4446"}],"wp:attachment":[{"href":"https:\/\/uoogear.com\/cs\/wp-json\/wp\/v2\/media?parent=4447"}],"wp:term":[{"taxonomy":"product_brand","embeddable":true,"href":"https:\/\/uoogear.com\/cs\/wp-json\/wp\/v2\/product_brand?post=4447"},{"taxonomy":"product_cat","embeddable":true,"href":"https:\/\/uoogear.com\/cs\/wp-json\/wp\/v2\/product_cat?post=4447"},{"taxonomy":"product_tag","embeddable":true,"href":"https:\/\/uoogear.com\/cs\/wp-json\/wp\/v2\/product_tag?post=4447"}],"curies":[{"name":"wp","href":"https:\/\/api.w.org\/{rel}","templated":true}]}}