{"id":4455,"date":"2023-11-13T12:57:35","date_gmt":"2023-11-13T12:57:35","guid":{"rendered":"https:\/\/uoogear.com\/product\/advanced-big-inflatable-camping-equipment-outdoor-waterproof-camping-glamping-tent-outdoor-glamping-inflatable-tent\/"},"modified":"2023-11-30T02:21:48","modified_gmt":"2023-11-30T02:21:48","slug":"advanced-big-inflatable-camping-equipment-outdoor-waterproof-camping-glamping-tent-outdoor-glamping-inflatable-tent","status":"publish","type":"product","link":"https:\/\/uoogear.com\/cs\/produkt\/advanced-big-inflatable-camping-equipment-outdoor-waterproof-camping-glamping-tent-outdoor-glamping-inflatable-tent\/","title":{"rendered":"Pokro\u010dil\u00e9 velk\u00e9 nafukovac\u00ed kempingov\u00e9 vybaven\u00ed venkovn\u00ed vod\u011bodoln\u00fd kempingov\u00fd glamping stan venkovn\u00ed glamping Nafukovac\u00ed stan"},"content":{"rendered":"<ul>\n<li><strong>Tkanina: <\/strong> Bavlna<\/li>\n<li><strong>Index vod\u011bodolnosti vn\u011bj\u0161\u00edho stanu: <\/strong> 2000-3000 mm, &gt;3000 mm<\/li>\n<li><strong>Spodn\u00ed index vod\u011bodolnosti: <\/strong> &gt; 3000 mm<\/li>\n<li><strong>Styl stanu: <\/strong> Prodlou\u017een\u00fd typ, trubkov\u00fd typ stanov\u00fd kol\u00edk<\/li>\n<li><strong>Sez\u00f3na : <\/strong> \u010cty\u0159sez\u00f3nn\u00ed stan<\/li>\n<li><strong>Struktura: <\/strong> Jedna lo\u017enice<\/li>\n<li><strong>Jm\u00e9no v\u00fdrobku : <\/strong> Venkovn\u00ed nafukovac\u00ed stan pro kempov\u00e1n\u00ed<\/li>\n<li><strong>Barva : <\/strong> B\u00edl\u00fd<\/li>\n<li><strong>Pou\u017eit\u00ed: <\/strong> Kempov\u00e1n\u00ed P\u011b\u0161\u00ed turistika Cestov\u00e1n\u00ed<\/li>\n<li><strong>Velikost: <\/strong> Rozm\u011br 320*250*220 cm<\/li>\n<li><strong>Velikost balen\u00ed: <\/strong> Rozm\u011br 80*45*40 cm<\/li>\n<li><strong>Hmotnost: <\/strong> 30 kg<\/li>\n<li><strong>Podlaha : <\/strong> 210 g bavlny<\/li>\n<li><strong>Kapacita: <\/strong> 3-4 osoby<\/li>\n<li><strong>\u010cas doru\u010den\u00ed : <\/strong> 20 dn\u00ed<\/li>\n<\/ul>\n<div>\n<div data-section=\"AliPostDhMb-k8t1e\" data-section-title=\"Product Description\">\n<div>\n<p>&nbsp;<\/p>\n<p>Detailn\u00ed foto<\/p>\n<p>&nbsp;<\/p>\n<p><img loading=\"lazy\" decoding=\"async\" class=\"alignnone size-full wp-image-5137\" src=\"https:\/\/uoogear.com\/wp-content\/uploads\/2023\/11\/H63608db4db8a455a842461b944da215bA-5.jpg\" width=\"800\" height=\"538\" alt=\"Pokro\u010dil\u00e9 velk\u00e9 nafukovac\u00ed kempingov\u00e9 vybaven\u00ed venkovn\u00ed vod\u011bodoln\u00fd kempingov\u00fd glamping stan venkovn\u00ed glamping Nafukovac\u00ed stan\" srcset=\"https:\/\/uoogear.com\/wp-content\/uploads\/2023\/11\/H63608db4db8a455a842461b944da215bA-5.jpg 800w, https:\/\/uoogear.com\/wp-content\/uploads\/2023\/11\/H63608db4db8a455a842461b944da215bA-5-300x202.jpg 300w, https:\/\/uoogear.com\/wp-content\/uploads\/2023\/11\/H63608db4db8a455a842461b944da215bA-5-768x516.jpg 768w, https:\/\/uoogear.com\/wp-content\/uploads\/2023\/11\/H63608db4db8a455a842461b944da215bA-5-600x404.jpg 600w, https:\/\/uoogear.com\/wp-content\/uploads\/2023\/11\/H63608db4db8a455a842461b944da215bA-5-80x54.jpg 80w\" sizes=\"auto, (max-width: 800px) 100vw, 800px\" \/><img loading=\"lazy\" decoding=\"async\" src=\"\/\/sc04.alicdn.com\/kf\/H29833dcd1a46454db318414d9546f2c6O\/274217001\/H29833dcd1a46454db318414d9546f2c6O.jpg\" alt=\"Pokro\u010dil\u00e9 velk\u00e9 nafukovac\u00ed kempingov\u00e9 vybaven\u00ed venkovn\u00ed vod\u011bodoln\u00fd kempingov\u00fd glamping stan venkovn\u00ed glamping Nafukovac\u00ed stan\" width=\"750\" height=\"750\" data-src=\"\/\/sc04.alicdn.com\/kf\/H29833dcd1a46454db318414d9546f2c6O\/274217001\/H29833dcd1a46454db318414d9546f2c6O.jpg\" data-alt=\"Advanced big inflatable camping equipment outdoor waterproof camping glamping tent outdoor glamping Inflatable tent\" \/><img loading=\"lazy\" decoding=\"async\" src=\"\/\/sc04.alicdn.com\/kf\/Hf3e95b5bdcc04ade92ce10549a1553dbl\/274217001\/Hf3e95b5bdcc04ade92ce10549a1553dbl.jpg\" alt=\"Pokro\u010dil\u00e9 velk\u00e9 nafukovac\u00ed kempingov\u00e9 vybaven\u00ed venkovn\u00ed vod\u011bodoln\u00fd kempingov\u00fd glamping stan venkovn\u00ed glamping Nafukovac\u00ed stan\" width=\"750\" height=\"750\" data-src=\"\/\/sc04.alicdn.com\/kf\/Hf3e95b5bdcc04ade92ce10549a1553dbl\/274217001\/Hf3e95b5bdcc04ade92ce10549a1553dbl.jpg\" data-alt=\"Advanced big inflatable camping equipment outdoor waterproof camping glamping tent outdoor glamping Inflatable tent\" \/><img loading=\"lazy\" decoding=\"async\" src=\"\/\/sc04.alicdn.com\/kf\/H93e3cb144f784318925b6bd2d96f01675\/274217001\/H93e3cb144f784318925b6bd2d96f01675.jpg\" alt=\"Pokro\u010dil\u00e9 velk\u00e9 nafukovac\u00ed kempingov\u00e9 vybaven\u00ed venkovn\u00ed vod\u011bodoln\u00fd kempingov\u00fd glamping stan venkovn\u00ed glamping Nafukovac\u00ed stan\" width=\"750\" height=\"750\" data-src=\"\/\/sc04.alicdn.com\/kf\/H93e3cb144f784318925b6bd2d96f01675\/274217001\/H93e3cb144f784318925b6bd2d96f01675.jpg\" data-alt=\"Advanced big inflatable camping equipment outdoor waterproof camping glamping tent outdoor glamping Inflatable tent\" \/><img loading=\"lazy\" decoding=\"async\" src=\"\/\/sc04.alicdn.com\/kf\/Hfd243fcd276047cfbd79db6400d93d813\/274217001\/Hfd243fcd276047cfbd79db6400d93d813.jpg\" alt=\"Pokro\u010dil\u00e9 velk\u00e9 nafukovac\u00ed kempingov\u00e9 vybaven\u00ed venkovn\u00ed vod\u011bodoln\u00fd kempingov\u00fd glamping stan venkovn\u00ed glamping Nafukovac\u00ed stan\" width=\"750\" height=\"750\" data-src=\"\/\/sc04.alicdn.com\/kf\/Hfd243fcd276047cfbd79db6400d93d813\/274217001\/Hfd243fcd276047cfbd79db6400d93d813.jpg\" data-alt=\"Advanced big inflatable camping equipment outdoor waterproof camping glamping tent outdoor glamping Inflatable tent\" \/><img loading=\"lazy\" decoding=\"async\" src=\"\/\/sc04.alicdn.com\/kf\/H0990557c3f364ff584a750f915fbfbc3B\/274217001\/H0990557c3f364ff584a750f915fbfbc3B.jpg\" alt=\"Pokro\u010dil\u00e9 velk\u00e9 nafukovac\u00ed kempingov\u00e9 vybaven\u00ed venkovn\u00ed vod\u011bodoln\u00fd kempingov\u00fd glamping stan venkovn\u00ed glamping Nafukovac\u00ed stan\" width=\"750\" height=\"750\" data-src=\"\/\/sc04.alicdn.com\/kf\/H0990557c3f364ff584a750f915fbfbc3B\/274217001\/H0990557c3f364ff584a750f915fbfbc3B.jpg\" data-alt=\"Advanced big inflatable camping equipment outdoor waterproof camping glamping tent outdoor glamping Inflatable tent\" \/><img loading=\"lazy\" decoding=\"async\" src=\"\/\/sc04.alicdn.com\/kf\/H144601bd93d0427ebcfc685adb798e5e4\/274217001\/H144601bd93d0427ebcfc685adb798e5e4.jpg\" alt=\"Pokro\u010dil\u00e9 velk\u00e9 nafukovac\u00ed kempingov\u00e9 vybaven\u00ed venkovn\u00ed vod\u011bodoln\u00fd kempingov\u00fd glamping stan venkovn\u00ed glamping Nafukovac\u00ed stan\" width=\"750\" height=\"750\" data-src=\"\/\/sc04.alicdn.com\/kf\/H144601bd93d0427ebcfc685adb798e5e4\/274217001\/H144601bd93d0427ebcfc685adb798e5e4.jpg\" data-alt=\"Advanced big inflatable camping equipment outdoor waterproof camping glamping tent outdoor glamping Inflatable tent\" \/><img loading=\"lazy\" decoding=\"async\" src=\"\/\/sc04.alicdn.com\/kf\/Hdc25b634ec104f5e9bc9913505d4f1a03\/274217001\/Hdc25b634ec104f5e9bc9913505d4f1a03.jpg\" alt=\"Pokro\u010dil\u00e9 velk\u00e9 nafukovac\u00ed kempingov\u00e9 vybaven\u00ed venkovn\u00ed vod\u011bodoln\u00fd kempingov\u00fd glamping stan venkovn\u00ed glamping Nafukovac\u00ed stan\" width=\"750\" height=\"750\" data-src=\"\/\/sc04.alicdn.com\/kf\/Hdc25b634ec104f5e9bc9913505d4f1a03\/274217001\/Hdc25b634ec104f5e9bc9913505d4f1a03.jpg\" data-alt=\"Advanced big inflatable camping equipment outdoor waterproof camping glamping tent outdoor glamping Inflatable tent\" \/><img loading=\"lazy\" decoding=\"async\" src=\"\/\/sc04.alicdn.com\/kf\/H3f4ab9387757474fb8282c5100100293X\/274217001\/H3f4ab9387757474fb8282c5100100293X.jpg\" alt=\"Pokro\u010dil\u00e9 velk\u00e9 nafukovac\u00ed kempingov\u00e9 vybaven\u00ed venkovn\u00ed vod\u011bodoln\u00fd kempingov\u00fd glamping stan venkovn\u00ed glamping Nafukovac\u00ed stan\" width=\"750\" height=\"750\" data-src=\"\/\/sc04.alicdn.com\/kf\/H3f4ab9387757474fb8282c5100100293X\/274217001\/H3f4ab9387757474fb8282c5100100293X.jpg\" data-alt=\"Advanced big inflatable camping equipment outdoor waterproof camping glamping tent outdoor glamping Inflatable tent\" \/><img loading=\"lazy\" decoding=\"async\" src=\"\/\/sc04.alicdn.com\/kf\/H84ae1f0d3cda4168bcf01e5cf74e49e7X\/274217001\/H84ae1f0d3cda4168bcf01e5cf74e49e7X.jpg\" alt=\"Pokro\u010dil\u00e9 velk\u00e9 nafukovac\u00ed kempingov\u00e9 vybaven\u00ed venkovn\u00ed vod\u011bodoln\u00fd kempingov\u00fd glamping stan venkovn\u00ed glamping Nafukovac\u00ed stan\" width=\"750\" height=\"750\" data-src=\"\/\/sc04.alicdn.com\/kf\/H84ae1f0d3cda4168bcf01e5cf74e49e7X\/274217001\/H84ae1f0d3cda4168bcf01e5cf74e49e7X.jpg\" data-alt=\"Advanced big inflatable camping equipment outdoor waterproof camping glamping tent outdoor glamping Inflatable tent\" \/><img loading=\"lazy\" decoding=\"async\" src=\"\/\/sc04.alicdn.com\/kf\/Ha620e22c89ad4377bca68d260c063b76b\/274217001\/Ha620e22c89ad4377bca68d260c063b76b.jpg\" alt=\"Pokro\u010dil\u00e9 velk\u00e9 nafukovac\u00ed kempingov\u00e9 vybaven\u00ed venkovn\u00ed vod\u011bodoln\u00fd kempingov\u00fd glamping stan venkovn\u00ed glamping Nafukovac\u00ed stan\" width=\"750\" height=\"750\" data-src=\"\/\/sc04.alicdn.com\/kf\/Ha620e22c89ad4377bca68d260c063b76b\/274217001\/Ha620e22c89ad4377bca68d260c063b76b.jpg\" data-alt=\"Advanced big inflatable camping equipment outdoor waterproof camping glamping tent outdoor glamping Inflatable tent\" \/><\/p>\n<\/div>\n<\/div>\n<div data-section=\"AliPostDhMb-h1rt6\" data-section-title=\"FAQ\">\n<div><\/div>\n<\/div>\n<\/div>","protected":false},"excerpt":{"rendered":"<p>Tkanina : Bavlna Vn\u011bj\u0161\u00ed stan Vodot\u011bsnost : 2000-3000 Mm, &gt;3000 mm Spodn\u00ed Vodot\u011bsnost : &gt;3000 mm Styl stanu : Prodlou\u017een\u00fd typ, Tubusov\u00fd typ Stan Stake Sez\u00f3na : \u010cty\u0159sez\u00f3nn\u00ed Struktura stanu : Jedna lo\u017enice N\u00e1zev produktu : Venkovn\u00ed kemping na nafukovac\u00ed Barva: B\u00edl\u00e1 Pou\u017eit\u00ed: Kempov\u00e1n\u00ed Turistika Cestov\u00e1n\u00ed Velikost: 320*250*220cm Velikost balen\u00ed<\/p>\n<div class=\"read-more\"><a class=\"btn btn-fill-out\" href=\"https:\/\/uoogear.com\/cs\/produkt\/advanced-big-inflatable-camping-equipment-outdoor-waterproof-camping-glamping-tent-outdoor-glamping-inflatable-tent\/\">P\u0159e\u010dt\u011bte si v\u00edce<\/a><\/div>","protected":false},"featured_media":4454,"template":"","meta":[],"product_brand":[],"product_cat":[15],"product_tag":[],"class_list":{"0":"post-4455","1":"product","2":"type-product","3":"status-publish","4":"has-post-thumbnail","6":"product_cat-uncategorized","7":"tm-no-options","9":"first","10":"instock","11":"shipping-taxable","12":"purchasable","13":"product-type-variable"},"_links":{"self":[{"href":"https:\/\/uoogear.com\/cs\/wp-json\/wp\/v2\/product\/4455","targetHints":{"allow":["GET"]}}],"collection":[{"href":"https:\/\/uoogear.com\/cs\/wp-json\/wp\/v2\/product"}],"about":[{"href":"https:\/\/uoogear.com\/cs\/wp-json\/wp\/v2\/types\/product"}],"wp:featuredmedia":[{"embeddable":true,"href":"https:\/\/uoogear.com\/cs\/wp-json\/wp\/v2\/media\/4454"}],"wp:attachment":[{"href":"https:\/\/uoogear.com\/cs\/wp-json\/wp\/v2\/media?parent=4455"}],"wp:term":[{"taxonomy":"product_brand","embeddable":true,"href":"https:\/\/uoogear.com\/cs\/wp-json\/wp\/v2\/product_brand?post=4455"},{"taxonomy":"product_cat","embeddable":true,"href":"https:\/\/uoogear.com\/cs\/wp-json\/wp\/v2\/product_cat?post=4455"},{"taxonomy":"product_tag","embeddable":true,"href":"https:\/\/uoogear.com\/cs\/wp-json\/wp\/v2\/product_tag?post=4455"}],"curies":[{"name":"wp","href":"https:\/\/api.w.org\/{rel}","templated":true}]}}