{"id":4463,"date":"2023-11-13T12:58:19","date_gmt":"2023-11-13T12:58:19","guid":{"rendered":"https:\/\/uoogear.com\/product\/2023-custom-multi-persons-camping-tent-waterproof-inflatable-house-air-big-tent-outdoor-inflatable-camping-house-tent\/"},"modified":"2023-11-30T02:24:45","modified_gmt":"2023-11-30T02:24:45","slug":"2023-custom-multi-persons-camping-tent-waterproof-inflatable-house-air-big-tent-outdoor-inflatable-camping-house-tent","status":"publish","type":"product","link":"https:\/\/uoogear.com\/cs\/produkt\/2023-custom-multi-persons-camping-tent-waterproof-inflatable-house-air-big-tent-outdoor-inflatable-camping-house-tent\/","title":{"rendered":"2023 vlastn\u00ed kempingov\u00fd stan pro v\u00edce osob Vodot\u011bsn\u00fd nafukovac\u00ed d\u016fm Vzduchov\u00fd velk\u00fd stan Venkovn\u00ed nafukovac\u00ed kempingov\u00fd stan"},"content":{"rendered":"<ul>\n<li><strong>Tkanina: <\/strong> Bavlna<\/li>\n<li><strong>Index vod\u011bodolnosti vn\u011bj\u0161\u00edho stanu: <\/strong> 1500-2000 mm<\/li>\n<li><strong>Spodn\u00ed index vod\u011bodolnosti: <\/strong> 1000-1500 mm<\/li>\n<li><strong>Typ budovy: <\/strong> Konstrukce na z\u00e1klad\u011b pot\u0159eby<\/li>\n<li><strong>Styl stanu: <\/strong> Ground Nail typu Trigon\/V<\/li>\n<li><strong>Sez\u00f3na : <\/strong> \u010cty\u0159sez\u00f3nn\u00ed stan, t\u0159\u00edsez\u00f3nn\u00ed stan<\/li>\n<li><strong>Struktura: <\/strong> Dv\u011b lo\u017enice a jeden ob\u00fdvac\u00ed pokoj<\/li>\n<li><strong>Jm\u00e9no v\u00fdrobku : <\/strong> Venkovn\u00ed kempov\u00fd stan<\/li>\n<li><strong>Barva : <\/strong> Khaki<\/li>\n<li><strong>Pou\u017eit\u00ed: <\/strong> Kempov\u00e1n\u00ed P\u011b\u0161\u00ed turistika Cestov\u00e1n\u00ed<\/li>\n<li><strong>Velikost: <\/strong> 300*400*200 cm<\/li>\n<li><strong>Velikost balen\u00ed: <\/strong> 82*49*49 cm<\/li>\n<li><strong>Hmotnost: <\/strong> 22-28 kg<\/li>\n<li><strong>Podlaha : <\/strong> Oxford<\/li>\n<li><strong>Kapacita: <\/strong> 5-8 osob<\/li>\n<li><strong>\u010cas doru\u010den\u00ed : <\/strong> 20 dn\u00ed<\/li>\n<\/ul>\n<div>\n<div data-section=\"AliPostDhMb-uunfl\" data-section-title=\"Product Description\">\n<div>Popis v\u00fdrobku<\/div>\n<div>\n<p>Yumuq Glamping Canvas nafukovac\u00ed venkovn\u00ed kemping, p\u0159izp\u016fsoben\u00fd luxusn\u00ed polyesterov\u00fd vzdu\u0161n\u00fd rodinn\u00fd stan<\/p>\n<\/div>\n<\/div>\n<p><strong><em>Barvu a velikost lze p\u0159izp\u016fsobit va\u0161im po\u017eadavk\u016fm!<\/em><\/strong><\/p>\n<div><\/div>\n<div>Detailn\u00ed foto<\/div>\n<div><\/div>\n<p><img decoding=\"async\" src=\"\/\/sc04.alicdn.com\/kf\/H63608db4db8a455a842461b944da215bA\/274217001\/H63608db4db8a455a842461b944da215bA.jpg\" alt=\"2023 vlastn\u00ed kempingov\u00fd stan pro v\u00edce osob Vodot\u011bsn\u00fd nafukovac\u00ed d\u016fm Vzduchov\u00fd velk\u00fd stan Venkovn\u00ed nafukovac\u00ed kempingov\u00fd stan\" width=\"750\" height=\"504.37500000000006\" data-src=\"\/\/sc04.alicdn.com\/kf\/H63608db4db8a455a842461b944da215bA\/274217001\/H63608db4db8a455a842461b944da215bA.jpg\" data-alt=\"2023 custom Multi Persons camping Tent Waterproof Inflatable House Air Big Tent Outdoor Inflatable Camping house Tent\" \/><\/p>\n<p><img loading=\"lazy\" decoding=\"async\" src=\"\/\/sc04.alicdn.com\/kf\/H5dcbbff427a5469d925586926dd4912bW\/274217001\/H5dcbbff427a5469d925586926dd4912bW.jpeg\" alt=\"2023 vlastn\u00ed kempingov\u00fd stan pro v\u00edce osob Vodot\u011bsn\u00fd nafukovac\u00ed d\u016fm Vzduchov\u00fd velk\u00fd stan Venkovn\u00ed nafukovac\u00ed kempingov\u00fd stan\" width=\"750\" height=\"750\" data-src=\"\/\/sc04.alicdn.com\/kf\/H5dcbbff427a5469d925586926dd4912bW\/274217001\/H5dcbbff427a5469d925586926dd4912bW.jpeg\" data-alt=\"2023 custom Multi Persons camping Tent Waterproof Inflatable House Air Big Tent Outdoor Inflatable Camping house Tent\" \/><img loading=\"lazy\" decoding=\"async\" src=\"\/\/sc04.alicdn.com\/kf\/Hed8105f88d484031ae976d70c8b812f71\/274217001\/Hed8105f88d484031ae976d70c8b812f71.jpg\" alt=\"2023 vlastn\u00ed kempingov\u00fd stan pro v\u00edce osob Vodot\u011bsn\u00fd nafukovac\u00ed d\u016fm Vzduchov\u00fd velk\u00fd stan Venkovn\u00ed nafukovac\u00ed kempingov\u00fd stan\" width=\"750\" height=\"750\" data-src=\"\/\/sc04.alicdn.com\/kf\/Hed8105f88d484031ae976d70c8b812f71\/274217001\/Hed8105f88d484031ae976d70c8b812f71.jpg\" data-alt=\"2023 custom Multi Persons camping Tent Waterproof Inflatable House Air Big Tent Outdoor Inflatable Camping house Tent\" \/><img loading=\"lazy\" decoding=\"async\" src=\"\/\/sc04.alicdn.com\/kf\/Had4cea96d17d42958641889201d33021D\/274217001\/Had4cea96d17d42958641889201d33021D.jpg\" alt=\"2023 vlastn\u00ed kempingov\u00fd stan pro v\u00edce osob Vodot\u011bsn\u00fd nafukovac\u00ed d\u016fm Vzduchov\u00fd velk\u00fd stan Venkovn\u00ed nafukovac\u00ed kempingov\u00fd stan\" width=\"750\" height=\"750\" data-src=\"\/\/sc04.alicdn.com\/kf\/Had4cea96d17d42958641889201d33021D\/274217001\/Had4cea96d17d42958641889201d33021D.jpg\" data-alt=\"2023 custom Multi Persons camping Tent Waterproof Inflatable House Air Big Tent Outdoor Inflatable Camping house Tent\" \/><img loading=\"lazy\" decoding=\"async\" src=\"\/\/sc04.alicdn.com\/kf\/H8afdede805034cfbb06b5324a772071aW\/274217001\/H8afdede805034cfbb06b5324a772071aW.jpeg\" alt=\"2023 vlastn\u00ed kempingov\u00fd stan pro v\u00edce osob Vodot\u011bsn\u00fd nafukovac\u00ed d\u016fm Vzduchov\u00fd velk\u00fd stan Venkovn\u00ed nafukovac\u00ed kempingov\u00fd stan\" width=\"750\" height=\"750\" data-src=\"\/\/sc04.alicdn.com\/kf\/H8afdede805034cfbb06b5324a772071aW\/274217001\/H8afdede805034cfbb06b5324a772071aW.jpeg\" data-alt=\"2023 custom Multi Persons camping Tent Waterproof Inflatable House Air Big Tent Outdoor Inflatable Camping house Tent\" \/><img loading=\"lazy\" decoding=\"async\" src=\"\/\/sc04.alicdn.com\/kf\/Hdadcd0df211d4a8e9358691e729c94649\/274217001\/Hdadcd0df211d4a8e9358691e729c94649.jpeg\" alt=\"2023 vlastn\u00ed kempingov\u00fd stan pro v\u00edce osob Vodot\u011bsn\u00fd nafukovac\u00ed d\u016fm Vzduchov\u00fd velk\u00fd stan Venkovn\u00ed nafukovac\u00ed kempingov\u00fd stan\" width=\"750\" height=\"750\" data-src=\"\/\/sc04.alicdn.com\/kf\/Hdadcd0df211d4a8e9358691e729c94649\/274217001\/Hdadcd0df211d4a8e9358691e729c94649.jpeg\" data-alt=\"2023 custom Multi Persons camping Tent Waterproof Inflatable House Air Big Tent Outdoor Inflatable Camping house Tent\" \/><img loading=\"lazy\" decoding=\"async\" src=\"\/\/sc04.alicdn.com\/kf\/H8800695004764415bf5c88da8af9fcb8O\/274217001\/H8800695004764415bf5c88da8af9fcb8O.jpg\" alt=\"2023 vlastn\u00ed kempingov\u00fd stan pro v\u00edce osob Vodot\u011bsn\u00fd nafukovac\u00ed d\u016fm Vzduchov\u00fd velk\u00fd stan Venkovn\u00ed nafukovac\u00ed kempingov\u00fd stan\" width=\"750\" height=\"750\" data-src=\"\/\/sc04.alicdn.com\/kf\/H8800695004764415bf5c88da8af9fcb8O\/274217001\/H8800695004764415bf5c88da8af9fcb8O.jpg\" data-alt=\"2023 custom Multi Persons camping Tent Waterproof Inflatable House Air Big Tent Outdoor Inflatable Camping house Tent\" \/><\/p>\n<p>&nbsp;<\/p>\n<div data-section=\"AliPostDhMb-gmyk2\" data-section-title=\"FAQ\">\n<div><\/div>\n<\/div>\n<\/div>","protected":false},"excerpt":{"rendered":"<p>Tkanina : Bavlna Vn\u011bj\u0161\u00ed stan Index vod\u011bodolnosti : 1500-2000 Mm Spodn\u00ed Vodot\u011bsnost : 1000-1500 Mm Typ budovy : Konstrukce zalo\u017een\u00e1 na pot\u0159eb\u011b Styl stanu : Trigone\/typ V typu Ground Nail Sez\u00f3na : \u010cty\u0159sez\u00f3nn\u00ed stan, T\u0159\u00edsez\u00f3nn\u00ed konstrukce stanu: Dv\u011b lo\u017enice a jeden ob\u00fdvac\u00ed pokoj N\u00e1zev produktu : Venkovn\u00ed kempingov\u00fd stan Barva : Khaki Pou\u017eit\u00ed : Kempov\u00e1n\u00ed<\/p>\n<div class=\"read-more\"><a class=\"btn btn-fill-out\" href=\"https:\/\/uoogear.com\/cs\/produkt\/2023-custom-multi-persons-camping-tent-waterproof-inflatable-house-air-big-tent-outdoor-inflatable-camping-house-tent\/\">P\u0159e\u010dt\u011bte si v\u00edce<\/a><\/div>","protected":false},"featured_media":4462,"template":"","meta":[],"product_brand":[],"product_cat":[15],"product_tag":[],"class_list":{"0":"post-4463","1":"product","2":"type-product","3":"status-publish","4":"has-post-thumbnail","6":"product_cat-uncategorized","7":"tm-no-options","9":"first","10":"instock","11":"shipping-taxable","12":"purchasable","13":"product-type-variable"},"_links":{"self":[{"href":"https:\/\/uoogear.com\/cs\/wp-json\/wp\/v2\/product\/4463","targetHints":{"allow":["GET"]}}],"collection":[{"href":"https:\/\/uoogear.com\/cs\/wp-json\/wp\/v2\/product"}],"about":[{"href":"https:\/\/uoogear.com\/cs\/wp-json\/wp\/v2\/types\/product"}],"wp:featuredmedia":[{"embeddable":true,"href":"https:\/\/uoogear.com\/cs\/wp-json\/wp\/v2\/media\/4462"}],"wp:attachment":[{"href":"https:\/\/uoogear.com\/cs\/wp-json\/wp\/v2\/media?parent=4463"}],"wp:term":[{"taxonomy":"product_brand","embeddable":true,"href":"https:\/\/uoogear.com\/cs\/wp-json\/wp\/v2\/product_brand?post=4463"},{"taxonomy":"product_cat","embeddable":true,"href":"https:\/\/uoogear.com\/cs\/wp-json\/wp\/v2\/product_cat?post=4463"},{"taxonomy":"product_tag","embeddable":true,"href":"https:\/\/uoogear.com\/cs\/wp-json\/wp\/v2\/product_tag?post=4463"}],"curies":[{"name":"wp","href":"https:\/\/api.w.org\/{rel}","templated":true}]}}