{"id":4498,"date":"2023-11-14T01:57:26","date_gmt":"2023-11-14T01:57:26","guid":{"rendered":"https:\/\/uoogear.com\/product\/high-quality-customized-logo-outdoor-camp-family-air-camping-tent-large-inflatable-tent\/"},"modified":"2023-11-30T02:23:24","modified_gmt":"2023-11-30T02:23:24","slug":"high-quality-customized-logo-outdoor-camp-family-air-camping-tent-large-inflatable-tent","status":"publish","type":"product","link":"https:\/\/uoogear.com\/cs\/produkt\/high-quality-customized-logo-outdoor-camp-family-air-camping-tent-large-inflatable-tent\/","title":{"rendered":"Vysoce kvalitn\u00ed p\u0159izp\u016fsoben\u00e9 logo Outdoor Camp Rodinn\u00fd vzduchov\u00fd kempingov\u00fd stan Velk\u00fd nafukovac\u00ed stan"},"content":{"rendered":"<ul>\n<li><strong>Tkanina: <\/strong> Polyester<\/li>\n<li><strong>Index vod\u011bodolnosti vn\u011bj\u0161\u00edho stanu: <\/strong> 1000-1500 mm<\/li>\n<li><strong>Spodn\u00ed index vod\u011bodolnosti: <\/strong> 1000-1500 mm<\/li>\n<li><strong>Typ budovy: <\/strong> Rychl\u00e9 automatick\u00e9 otev\u00edr\u00e1n\u00ed<\/li>\n<li><strong>Styl stanu: <\/strong> Trubkov\u00fd stanov\u00fd kol\u00edk<\/li>\n<li><strong>Sez\u00f3na : <\/strong> \u010cty\u0159sez\u00f3nn\u00ed stan<\/li>\n<li><strong>Struktura: <\/strong> Jedna lo\u017enice a jeden ob\u00fdvac\u00ed pokoj<\/li>\n<li><strong>Jm\u00e9no v\u00fdrobku : <\/strong> Nafukovac\u00ed kempingov\u00fd stan<\/li>\n<li><strong>Pou\u017eit\u00ed: <\/strong> Venkovn\u00ed z\u00e1bava<\/li>\n<li><strong>styl: <\/strong> Modern\u00ed<\/li>\n<li><strong>Barva : <\/strong> Barva zlat\u00e9ho p\u00edsku<\/li>\n<li><strong>Aplikace : <\/strong> Outdoor Travel Camping<\/li>\n<li><strong>Velikost: <\/strong> 520&#215;400<\/li>\n<li><strong>MOQ: <\/strong> 1 kus<\/li>\n<li><strong>Materi\u00e1l: <\/strong> PVC<\/li>\n<li><strong>P\u0159\u00edslu\u0161enstv\u00ed : <\/strong> Pumpa+ ta\u0161ka na p\u0159en\u00e1\u0161en\u00ed+ kol\u00edky+ lana<\/li>\n<li><strong>Vlastnosti : <\/strong> Vod\u011bodoln\u00fd<\/li>\n<\/ul>\n<div>\n<div data-magic-global=\"%7B%22bizId%22%3A2212793521237%2C%22pageId%22%3A21196441129%2C%22siteId%22%3A10003212050%7D\">\n<div>\n<div data-section=\"AliMagic-lt2ehm\" data-section-title=\"Products Description\">Popis produkt\u016f<\/div>\n<\/div>\n<div>\n<div>\n<table>\n<tbody>\n<tr>\n<td>\n<div><span style=\"color: #000000; font-family: Arial;\"><span data-spm-anchor-id=\"a2700.custom-template.0.i133.65b03333DKbf22\"><strong>jm\u00e9no v\u00fdrobku<\/strong><\/span><\/span><\/div>\n<\/td>\n<td>\n<div>Velk\u00fd kempingov\u00fd stan<\/div>\n<\/td>\n<\/tr>\n<tr>\n<td>\n<div><span style=\"color: #000000; font-family: Arial;\"><strong>OEM MOQ<\/strong><\/span><\/div>\n<\/td>\n<td>\n<div><span style=\"font-family: Arial;\"><span data-spm-anchor-id=\"a2700.custom-template.0.i131.65b03333DKbf22\">P\u0159ijm\u011bte p\u0159izp\u016fsoben\u00fd vzorek \/1 sada<\/span><\/span><\/div>\n<\/td>\n<\/tr>\n<tr>\n<td>\n<div><span style=\"color: #000000; font-family: Arial;\"><strong>Barva barva<\/strong><\/span><\/div>\n<\/td>\n<td>\n<div><span style=\"font-family: Arial;\"><span data-spm-anchor-id=\"a2700.custom-template.0.i132.65b03333DKbf22\">Jako obr\u00e1zek, P\u0159ijmout p\u0159izp\u016fsoben\u00e9<\/span><\/span><\/div>\n<\/td>\n<\/tr>\n<tr>\n<td>\n<div><span style=\"color: #000000; font-family: Arial;\"><span data-spm-anchor-id=\"a2700.custom-template.0.i158.65b03333DKbf22\"><strong>Kapacita<\/strong><\/span><\/span><\/div>\n<\/td>\n<td>\n<div><span style=\"font-family: Arial;\">2\/3\/4\/5\/6\/7\/8 lid\u00ed (p\u0159izp\u016fsoben\u00e1 kapacita)<\/span><\/div>\n<\/td>\n<\/tr>\n<tr>\n<td>\n<div><strong>Velikost<\/strong><\/div>\n<\/td>\n<td>\n<div>M\u016f\u017ee si vybrat velikost standardn\u00edch produkt\u016f, p\u0159ijmout p\u0159izp\u016fsobenou velikost<\/div>\n<\/td>\n<\/tr>\n<tr>\n<td>\n<div>\n<div><strong>Vlastnosti<\/strong><\/div>\n<\/div>\n<\/td>\n<td>\n<div><span style=\"font-family: Arial;\">Odoln\u00e9 proti UV z\u00e1\u0159en\u00ed a de\u0161ti, prody\u0161n\u00e9, zabra\u0148uj\u00ed velkoleposti, velk\u00fd prostor, stabiln\u00ed struktura, dobr\u00fd v\u00fdkon ventilace, \u0161irok\u00e1 aplikace, mal\u00e1 velikost, snadn\u00e9 p\u0159en\u00e1\u0161en\u00ed, nastaven\u00ed, snadn\u00e9 vysunut\u00ed, automatick\u00e9, pohodln\u00e9<\/span><\/div>\n<\/td>\n<\/tr>\n<\/tbody>\n<\/table>\n<\/div>\n<\/div>\n<div>\n<div data-section=\"AliMagic-3dgtn4\" data-section-title=\"Details Images\">Podrobnosti Obr\u00e1zky<\/div>\n<\/div>\n<div>\n<div>\n<div><img decoding=\"async\" src=\"\/\/sc04.alicdn.com\/kf\/Hbe21446ef4374ec2b8e3aff588088202z\/255148517\/Hbe21446ef4374ec2b8e3aff588088202z.jpg\" data-src=\"\/\/sc04.alicdn.com\/kf\/Hbe21446ef4374ec2b8e3aff588088202z\/255148517\/Hbe21446ef4374ec2b8e3aff588088202z.jpg\" \/><\/div>\n<div><img decoding=\"async\" src=\"\/\/sc04.alicdn.com\/kf\/Hbabff50c70374a838c8e37339136b3cfi\/255148517\/Hbabff50c70374a838c8e37339136b3cfi.jpg\" data-src=\"\/\/sc04.alicdn.com\/kf\/Hbabff50c70374a838c8e37339136b3cfi\/255148517\/Hbabff50c70374a838c8e37339136b3cfi.jpg\" \/><\/div>\n<div><img decoding=\"async\" src=\"\/\/sc04.alicdn.com\/kf\/H703b92f9b0594bff9aa3d8acbaa8718ep\/255148517\/H703b92f9b0594bff9aa3d8acbaa8718ep.jpg\" data-src=\"\/\/sc04.alicdn.com\/kf\/H703b92f9b0594bff9aa3d8acbaa8718ep\/255148517\/H703b92f9b0594bff9aa3d8acbaa8718ep.jpg\" \/><\/div>\n<div><img decoding=\"async\" src=\"\/\/sc04.alicdn.com\/kf\/H6f8fc31559574b67ac153ffb9619273dS\/255148517\/H6f8fc31559574b67ac153ffb9619273dS.jpg\" data-src=\"\/\/sc04.alicdn.com\/kf\/H6f8fc31559574b67ac153ffb9619273dS\/255148517\/H6f8fc31559574b67ac153ffb9619273dS.jpg\" \/><\/div>\n<\/div>\n<\/div>\n<div><\/div>\n<div>\n<div>\n<div>\n<div>\n<div><\/div>\n<\/div>\n<\/div>\n<\/div>\n<\/div>\n<\/div>\n<\/div>","protected":false},"excerpt":{"rendered":"<p>L\u00e1tka : Polyester Vodot\u011bsnost vn\u011bj\u0161\u00edho stanu : 1000-1500 Mm Spodn\u00ed Vodot\u011bsnost : 1000-1500 Mm Typ budovy : Rychl\u00e9 automatick\u00e9 otev\u00edr\u00e1n\u00ed Styl stanu : Trubkov\u00fd typ Stan Stake Sez\u00f3na : \u010cty\u0159sez\u00f3nn\u00ed Struktura stanu : Jedna lo\u017enice a jeden ob\u00fdvac\u00ed pokoj N\u00e1zev produktu : Pou\u017eit\u00ed nafukovac\u00edho stanu pro kempov\u00e1n\u00ed: Styl venkovn\u00ed z\u00e1bavy: Modern\u00ed barva<\/p>\n<div class=\"read-more\"><a class=\"btn btn-fill-out\" href=\"https:\/\/uoogear.com\/cs\/produkt\/high-quality-customized-logo-outdoor-camp-family-air-camping-tent-large-inflatable-tent\/\">P\u0159e\u010dt\u011bte si v\u00edce<\/a><\/div>","protected":false},"featured_media":4497,"template":"","meta":[],"product_brand":[],"product_cat":[15],"product_tag":[],"class_list":{"0":"post-4498","1":"product","2":"type-product","3":"status-publish","4":"has-post-thumbnail","6":"product_cat-uncategorized","7":"tm-no-options","9":"first","10":"instock","11":"shipping-taxable","12":"purchasable","13":"product-type-variable"},"_links":{"self":[{"href":"https:\/\/uoogear.com\/cs\/wp-json\/wp\/v2\/product\/4498","targetHints":{"allow":["GET"]}}],"collection":[{"href":"https:\/\/uoogear.com\/cs\/wp-json\/wp\/v2\/product"}],"about":[{"href":"https:\/\/uoogear.com\/cs\/wp-json\/wp\/v2\/types\/product"}],"wp:featuredmedia":[{"embeddable":true,"href":"https:\/\/uoogear.com\/cs\/wp-json\/wp\/v2\/media\/4497"}],"wp:attachment":[{"href":"https:\/\/uoogear.com\/cs\/wp-json\/wp\/v2\/media?parent=4498"}],"wp:term":[{"taxonomy":"product_brand","embeddable":true,"href":"https:\/\/uoogear.com\/cs\/wp-json\/wp\/v2\/product_brand?post=4498"},{"taxonomy":"product_cat","embeddable":true,"href":"https:\/\/uoogear.com\/cs\/wp-json\/wp\/v2\/product_cat?post=4498"},{"taxonomy":"product_tag","embeddable":true,"href":"https:\/\/uoogear.com\/cs\/wp-json\/wp\/v2\/product_tag?post=4498"}],"curies":[{"name":"wp","href":"https:\/\/api.w.org\/{rel}","templated":true}]}}