{"id":4516,"date":"2023-11-14T02:00:05","date_gmt":"2023-11-14T02:00:05","guid":{"rendered":"https:\/\/uoogear.com\/product\/factory-price-waterproof-camping-air-tent-faimly-party-event-outdoor-inflatable-tent\/"},"modified":"2023-11-30T02:24:09","modified_gmt":"2023-11-30T02:24:09","slug":"factory-price-waterproof-camping-air-tent-faimly-party-event-outdoor-inflatable-tent","status":"publish","type":"product","link":"https:\/\/uoogear.com\/cs\/produkt\/factory-price-waterproof-camping-air-tent-faimly-party-event-outdoor-inflatable-tent\/","title":{"rendered":"Tov\u00e1rn\u00ed cena Vodot\u011bsn\u00fd kempingov\u00fd vzduchov\u00fd stan Venkovn\u00ed nafukovac\u00ed stan pro rodinn\u00e9 oslavy"},"content":{"rendered":"<ul>\n<li><strong>Plocha : <\/strong> 300*210<\/li>\n<li><strong>Tkanina: <\/strong> PVC+bavln\u011bn\u00e1 tkanina+ polyesterov\u00e1 s\u00ed\u0165ovina<\/li>\n<li><strong>Index vod\u011bodolnosti vn\u011bj\u0161\u00edho stanu: <\/strong> &gt; 3000 mm<\/li>\n<li><strong>Spodn\u00ed index vod\u011bodolnosti: <\/strong> &gt; 3000 mm<\/li>\n<li><strong>Typ budovy: <\/strong> Konstrukce na z\u00e1klad\u011b pot\u0159eby<\/li>\n<li><strong>Styl stanu: <\/strong> Trubkov\u00fd stanov\u00fd kol\u00edk<\/li>\n<li><strong>Sez\u00f3na : <\/strong> \u010cty\u0159sez\u00f3nn\u00ed stan<\/li>\n<li><strong>Struktura: <\/strong> Jedna lo\u017enice a jeden ob\u00fdvac\u00ed pokoj<\/li>\n<li><strong>Jm\u00e9no v\u00fdrobku : <\/strong> Nafukovac\u00ed kempingov\u00fd stan<\/li>\n<li><strong>Pou\u017eit\u00ed: <\/strong> Venkovn\u00ed z\u00e1bava<\/li>\n<li><strong>styl: <\/strong> Modern\u00ed<\/li>\n<li><strong>Barva : <\/strong> Barva zlat\u00e9ho p\u00edsku<\/li>\n<li><strong>Aplikace : <\/strong> Outdoor Travel Camping<\/li>\n<li><strong>Velikost: <\/strong> 300*210*200<\/li>\n<li><strong>MOQ: <\/strong> 1 kus<\/li>\n<li><strong>Materi\u00e1l: <\/strong> PVC<\/li>\n<li><strong>P\u0159\u00edslu\u0161enstv\u00ed : <\/strong> Pumpa+ ta\u0161ka na p\u0159en\u00e1\u0161en\u00ed+ kol\u00edky+ lana<\/li>\n<li><strong>Vlastnosti : <\/strong> Vod\u011bodoln\u00fd<\/li>\n<\/ul>\n<div>\n<div data-magic-global=\"%7B%22bizId%22%3A2212793521237%2C%22pageId%22%3A21194920595%2C%22siteId%22%3A10003212050%7D\">\n<div>\n<div>\n<div>\n<div>\n<div>\n<div>\n<div><\/div>\n<\/div>\n<\/div>\n<\/div>\n<\/div>\n<\/div>\n<\/div>\n<div>\n<div data-section=\"AliMagic-gflxsw\" data-section-title=\"Details Images\">Podrobnosti Obr\u00e1zky<\/div>\n<\/div>\n<div>\n<div>\n<div><img decoding=\"async\" src=\"\/\/sc04.alicdn.com\/kf\/H37475806ba70487c93d6b7982aa3cc20Q\/255148517\/H37475806ba70487c93d6b7982aa3cc20Q.jpg\" data-src=\"\/\/sc04.alicdn.com\/kf\/H37475806ba70487c93d6b7982aa3cc20Q\/255148517\/H37475806ba70487c93d6b7982aa3cc20Q.jpg\" \/><\/div>\n<div><img decoding=\"async\" src=\"\/\/sc04.alicdn.com\/kf\/Haad59990b4f34f76a9c982218abf33bee\/255148517\/Haad59990b4f34f76a9c982218abf33bee.jpg\" data-src=\"\/\/sc04.alicdn.com\/kf\/Haad59990b4f34f76a9c982218abf33bee\/255148517\/Haad59990b4f34f76a9c982218abf33bee.jpg\" \/><\/div>\n<div><img decoding=\"async\" src=\"\/\/sc04.alicdn.com\/kf\/H63fad25e7c4147e195846d49d2d24864e\/255148517\/H63fad25e7c4147e195846d49d2d24864e.jpg\" data-src=\"\/\/sc04.alicdn.com\/kf\/H63fad25e7c4147e195846d49d2d24864e\/255148517\/H63fad25e7c4147e195846d49d2d24864e.jpg\" \/><\/div>\n<\/div>\n<\/div>\n<div>\n<div>\n<div>\n<div>\n<div>\n<div><img decoding=\"async\" src=\"\/\/sc04.alicdn.com\/kf\/He9c856cc41994feb9bbd9f3d9db22c3fs\/255148517\/He9c856cc41994feb9bbd9f3d9db22c3fs.jpg\" data-src=\"\/\/sc04.alicdn.com\/kf\/He9c856cc41994feb9bbd9f3d9db22c3fs\/255148517\/He9c856cc41994feb9bbd9f3d9db22c3fs.jpg\" \/><\/div>\n<\/div>\n<\/div>\n<\/div>\n<\/div>\n<\/div>\n<div><\/div>\n<div>\n<div>\n<div>\n<div>\n<div><\/div>\n<\/div>\n<\/div>\n<\/div>\n<\/div>\n<\/div>\n<\/div>","protected":false},"excerpt":{"rendered":"<p>Plocha : 300*210 Tkanina : PVC+bavln\u011bn\u00e1 tkanina+ polyesterov\u00e1 s\u00ed\u0165ovina Vn\u011bj\u0161\u00ed stan Index vod\u011bodolnosti : &gt;3000 mm Spodn\u00ed index vodot\u011bsnosti : &gt;3000 mm Typ budovy : Konstrukce podle pot\u0159eby Styl stanu : Trubkov\u00fd typ Stan Stake Sez\u00f3na : \u010cty\u0159sez\u00f3nn\u00ed Struktura stanu : Jedna lo\u017enice a jeden ob\u00fdvac\u00ed pokoj N\u00e1zev produktu : Pou\u017eit\u00ed nafukovac\u00edho kempingov\u00e9ho stanu<\/p>\n<div class=\"read-more\"><a class=\"btn btn-fill-out\" href=\"https:\/\/uoogear.com\/cs\/produkt\/factory-price-waterproof-camping-air-tent-faimly-party-event-outdoor-inflatable-tent\/\">P\u0159e\u010dt\u011bte si v\u00edce<\/a><\/div>","protected":false},"featured_media":4515,"template":"","meta":[],"product_brand":[],"product_cat":[15],"product_tag":[],"class_list":{"0":"post-4516","1":"product","2":"type-product","3":"status-publish","4":"has-post-thumbnail","6":"product_cat-uncategorized","7":"tm-no-options","9":"first","10":"instock","11":"shipping-taxable","12":"purchasable","13":"product-type-variable"},"_links":{"self":[{"href":"https:\/\/uoogear.com\/cs\/wp-json\/wp\/v2\/product\/4516","targetHints":{"allow":["GET"]}}],"collection":[{"href":"https:\/\/uoogear.com\/cs\/wp-json\/wp\/v2\/product"}],"about":[{"href":"https:\/\/uoogear.com\/cs\/wp-json\/wp\/v2\/types\/product"}],"wp:featuredmedia":[{"embeddable":true,"href":"https:\/\/uoogear.com\/cs\/wp-json\/wp\/v2\/media\/4515"}],"wp:attachment":[{"href":"https:\/\/uoogear.com\/cs\/wp-json\/wp\/v2\/media?parent=4516"}],"wp:term":[{"taxonomy":"product_brand","embeddable":true,"href":"https:\/\/uoogear.com\/cs\/wp-json\/wp\/v2\/product_brand?post=4516"},{"taxonomy":"product_cat","embeddable":true,"href":"https:\/\/uoogear.com\/cs\/wp-json\/wp\/v2\/product_cat?post=4516"},{"taxonomy":"product_tag","embeddable":true,"href":"https:\/\/uoogear.com\/cs\/wp-json\/wp\/v2\/product_tag?post=4516"}],"curies":[{"name":"wp","href":"https:\/\/api.w.org\/{rel}","templated":true}]}}