{"id":4561,"date":"2023-11-14T02:06:24","date_gmt":"2023-11-14T02:06:24","guid":{"rendered":"https:\/\/uoogear.com\/product\/outdoor-inflatable-tent-camping-equipment-camping-air-tent\/"},"modified":"2023-11-30T02:40:06","modified_gmt":"2023-11-30T02:40:06","slug":"outdoor-inflatable-tent-camping-equipment-camping-air-tent","status":"publish","type":"product","link":"https:\/\/uoogear.com\/cs\/produkt\/outdoor-inflatable-tent-camping-equipment-camping-air-tent\/","title":{"rendered":"venkovn\u00ed Nafukovac\u00ed stan kempingov\u00e9 vybaven\u00ed kempingov\u00fd vzduchov\u00fd stan"},"content":{"rendered":"<ul>\n<li><strong>Tkanina: <\/strong> oxfordsk\u00e1 tkanina<\/li>\n<li><strong>Index vod\u011bodolnosti vn\u011bj\u0161\u00edho stanu: <\/strong> &gt; 3000 mm<\/li>\n<li><strong>Spodn\u00ed index vod\u011bodolnosti: <\/strong> &gt; 3000 mm<\/li>\n<li><strong>Typ budovy: <\/strong> Rychl\u00e9 automatick\u00e9 otev\u00edr\u00e1n\u00ed<\/li>\n<li><strong>Styl stanu: <\/strong> Trubkov\u00fd stanov\u00fd kol\u00edk<\/li>\n<li><strong>Sez\u00f3na : <\/strong> \u010cty\u0159sez\u00f3nn\u00ed stan<\/li>\n<li><strong>Struktura: <\/strong> Jedna lo\u017enice a jeden ob\u00fdvac\u00ed pokoj<\/li>\n<li><strong>Jm\u00e9no v\u00fdrobku : <\/strong> CaNafukovac\u00ed kempingov\u00fd stan<\/li>\n<li><strong>Pou\u017eit\u00ed: <\/strong> Vybaven\u00ed pro venkovn\u00ed kempov\u00e1n\u00ed<\/li>\n<li><strong>styl: <\/strong> Modern\u00ed<\/li>\n<li><strong>Aplikace : <\/strong> Outdoor Travel Camping<\/li>\n<li><strong>MOQ: <\/strong> 1 kus<\/li>\n<li><strong>Materi\u00e1l: <\/strong> oxfordsk\u00e1 tkanina<\/li>\n<li><strong>P\u0159\u00edslu\u0161enstv\u00ed : <\/strong> Pumpa+ ta\u0161ka na p\u0159en\u00e1\u0161en\u00ed+ kol\u00edky+ lana<\/li>\n<li><strong>Vlastnosti : <\/strong> Vod\u011bodoln\u00fd<\/li>\n<li><strong>Logo: <\/strong> P\u0159ijmout p\u0159izp\u016fsoben\u00e9 logo<\/li>\n<li><strong>Funkce: <\/strong> Kempov\u00e1n\u00ed venku<\/li>\n<\/ul>\n<div>\n<div data-magic-global=\"%7B%22bizId%22%3A2212793521237%2C%22pageId%22%3A21225850461%2C%22siteId%22%3A10003212050%7D\">\n<div>\n<div data-section=\"AliMagic-4f64uj\" data-section-title=\"Products Description\">Popis produkt\u016f<\/div>\n<\/div>\n<div>\n<div>\n<div><img decoding=\"async\" src=\"\/\/sc04.alicdn.com\/kf\/H799077670435478eb23f08d788014965z\/255148517\/H799077670435478eb23f08d788014965z.jpg\" data-src=\"\/\/sc04.alicdn.com\/kf\/H799077670435478eb23f08d788014965z\/255148517\/H799077670435478eb23f08d788014965z.jpg\" \/><\/div>\n<div><img decoding=\"async\" src=\"\/\/sc04.alicdn.com\/kf\/Hf09abb52a59a4729a58a29670b79b7b2z\/255148517\/Hf09abb52a59a4729a58a29670b79b7b2z.jpg\" data-src=\"\/\/sc04.alicdn.com\/kf\/Hf09abb52a59a4729a58a29670b79b7b2z\/255148517\/Hf09abb52a59a4729a58a29670b79b7b2z.jpg\" \/><\/div>\n<div><img decoding=\"async\" src=\"\/\/sc04.alicdn.com\/kf\/H97bc948f25a740e8a403b5d2fe80eb18J\/255148517\/H97bc948f25a740e8a403b5d2fe80eb18J.jpg\" data-src=\"\/\/sc04.alicdn.com\/kf\/H97bc948f25a740e8a403b5d2fe80eb18J\/255148517\/H97bc948f25a740e8a403b5d2fe80eb18J.jpg\" \/><\/div>\n<div><img decoding=\"async\" src=\"\/\/sc04.alicdn.com\/kf\/He88ac01cf47d4383be067b2606d84194W\/255148517\/He88ac01cf47d4383be067b2606d84194W.jpg\" data-src=\"\/\/sc04.alicdn.com\/kf\/He88ac01cf47d4383be067b2606d84194W\/255148517\/He88ac01cf47d4383be067b2606d84194W.jpg\" \/><\/div>\n<div><img decoding=\"async\" src=\"\/\/sc04.alicdn.com\/kf\/H85716bcaadfc4f5d80ca9913eacb115aF\/255148517\/H85716bcaadfc4f5d80ca9913eacb115aF.jpg\" data-src=\"\/\/sc04.alicdn.com\/kf\/H85716bcaadfc4f5d80ca9913eacb115aF\/255148517\/H85716bcaadfc4f5d80ca9913eacb115aF.jpg\" \/><\/div>\n<div><img decoding=\"async\" src=\"\/\/sc04.alicdn.com\/kf\/H704d73aedddf4986bd70e2a8010af0c0A\/255148517\/H704d73aedddf4986bd70e2a8010af0c0A.jpg\" data-src=\"\/\/sc04.alicdn.com\/kf\/H704d73aedddf4986bd70e2a8010af0c0A\/255148517\/H704d73aedddf4986bd70e2a8010af0c0A.jpg\" \/><\/div>\n<div><img decoding=\"async\" src=\"\/\/sc04.alicdn.com\/kf\/Hc89fb65da1a6420287f697c1d4ceb922c\/255148517\/Hc89fb65da1a6420287f697c1d4ceb922c.jpg\" data-src=\"\/\/sc04.alicdn.com\/kf\/Hc89fb65da1a6420287f697c1d4ceb922c\/255148517\/Hc89fb65da1a6420287f697c1d4ceb922c.jpg\" \/><\/div>\n<div><img decoding=\"async\" src=\"\/\/sc04.alicdn.com\/kf\/Hc71f68609660482b8a2f873d0a9526afD\/255148517\/Hc71f68609660482b8a2f873d0a9526afD.jpg\" data-src=\"\/\/sc04.alicdn.com\/kf\/Hc71f68609660482b8a2f873d0a9526afD\/255148517\/Hc71f68609660482b8a2f873d0a9526afD.jpg\" \/><\/div>\n<div><img decoding=\"async\" src=\"\/\/sc04.alicdn.com\/kf\/H718f349d8a454bc3b124eaa88ab3a365F\/255148517\/H718f349d8a454bc3b124eaa88ab3a365F.jpg\" data-src=\"\/\/sc04.alicdn.com\/kf\/H718f349d8a454bc3b124eaa88ab3a365F\/255148517\/H718f349d8a454bc3b124eaa88ab3a365F.jpg\" \/><\/div>\n<\/div>\n<\/div>\n<div><\/div>\n<div>\n<div>\n<div>\n<div>\n<div><\/div>\n<\/div>\n<\/div>\n<\/div>\n<\/div>\n<\/div>\n<\/div>","protected":false},"excerpt":{"rendered":"<p>L\u00e1tka : oxford tkanina Vn\u011bj\u0161\u00ed stan Vodot\u011bsnost : &gt;3000 mm Spodn\u00ed vodot\u011bsnost : &gt;3000 mm Typ budovy : Rychl\u00e9 automatick\u00e9 otev\u00edr\u00e1n\u00ed Styl stanu : Tubusov\u00fd typ Stan Stake Sez\u00f3na : \u010cty\u0159sez\u00f3nn\u00ed Struktura stanu : Jedna lo\u017enice a jeden ob\u00fdvac\u00ed pokoj N\u00e1zev produktu : CaNafukovac\u00ed Pou\u017eit\u00ed kempingov\u00e9ho stanu : Vybaven\u00ed pro venkovn\u00ed kempov\u00e1n\u00ed Styl :<\/p>\n<div class=\"read-more\"><a class=\"btn btn-fill-out\" href=\"https:\/\/uoogear.com\/cs\/produkt\/outdoor-inflatable-tent-camping-equipment-camping-air-tent\/\">P\u0159e\u010dt\u011bte si v\u00edce<\/a><\/div>","protected":false},"featured_media":4559,"template":"","meta":[],"product_brand":[],"product_cat":[15],"product_tag":[],"class_list":{"0":"post-4561","1":"product","2":"type-product","3":"status-publish","4":"has-post-thumbnail","6":"product_cat-uncategorized","7":"tm-no-options","9":"first","10":"instock","11":"shipping-taxable","12":"purchasable","13":"product-type-variable"},"_links":{"self":[{"href":"https:\/\/uoogear.com\/cs\/wp-json\/wp\/v2\/product\/4561","targetHints":{"allow":["GET"]}}],"collection":[{"href":"https:\/\/uoogear.com\/cs\/wp-json\/wp\/v2\/product"}],"about":[{"href":"https:\/\/uoogear.com\/cs\/wp-json\/wp\/v2\/types\/product"}],"wp:featuredmedia":[{"embeddable":true,"href":"https:\/\/uoogear.com\/cs\/wp-json\/wp\/v2\/media\/4559"}],"wp:attachment":[{"href":"https:\/\/uoogear.com\/cs\/wp-json\/wp\/v2\/media?parent=4561"}],"wp:term":[{"taxonomy":"product_brand","embeddable":true,"href":"https:\/\/uoogear.com\/cs\/wp-json\/wp\/v2\/product_brand?post=4561"},{"taxonomy":"product_cat","embeddable":true,"href":"https:\/\/uoogear.com\/cs\/wp-json\/wp\/v2\/product_cat?post=4561"},{"taxonomy":"product_tag","embeddable":true,"href":"https:\/\/uoogear.com\/cs\/wp-json\/wp\/v2\/product_tag?post=4561"}],"curies":[{"name":"wp","href":"https:\/\/api.w.org\/{rel}","templated":true}]}}