{"id":4570,"date":"2023-11-14T02:07:03","date_gmt":"2023-11-14T02:07:03","guid":{"rendered":"https:\/\/uoogear.com\/product\/middle-east-arab-inflatable-camping-tent-outdoor-waterproof-air-pole-tent-inflatable-tent\/"},"modified":"2023-11-30T02:40:16","modified_gmt":"2023-11-30T02:40:16","slug":"middle-east-arab-inflatable-camping-tent-outdoor-waterproof-air-pole-tent-inflatable-tent","status":"publish","type":"product","link":"https:\/\/uoogear.com\/cs\/produkt\/middle-east-arab-inflatable-camping-tent-outdoor-waterproof-air-pole-tent-inflatable-tent\/","title":{"rendered":"Bl\u00edzkov\u00fdchodn\u00ed arabsk\u00fd nafukovac\u00ed kempingov\u00fd stan venkovn\u00ed Vodot\u011bsn\u00fd nafukovac\u00ed stan na ty\u010de"},"content":{"rendered":"<ul>\n<li><strong>Plocha : <\/strong> 3\u33a1-36m\u00b2<\/li>\n<li><strong>Tkanina: <\/strong> Polyester<\/li>\n<li><strong>Index vod\u011bodolnosti vn\u011bj\u0161\u00edho stanu: <\/strong> &gt; 3000 mm<\/li>\n<li><strong>Spodn\u00ed index vod\u011bodolnosti: <\/strong> &gt; 3000 mm<\/li>\n<li><strong>Styl stanu: <\/strong> Roz\u0161\u00ed\u0159en\u00fd typ<\/li>\n<li><strong>Sez\u00f3na : <\/strong> \u010cty\u0159sez\u00f3nn\u00ed stan<\/li>\n<li><strong>Struktura: <\/strong> Jedna lo\u017enice a jeden ob\u00fdvac\u00ed pokoj<\/li>\n<li><strong>Kl\u00ed\u010dov\u00e9 slovo: <\/strong> Nafukovac\u00ed kempingov\u00fd stan<\/li>\n<li><strong>MOQ: <\/strong> 1 set<\/li>\n<li><strong>P\u0159\u00edslu\u0161enstv\u00ed : <\/strong> ru\u010dn\u00ed pumpa, kol\u00edky, v\u011btrn\u00e1 lana<\/li>\n<li><strong>Logo: <\/strong> p\u0159izp\u016fsoben\u00e9<\/li>\n<li><strong>Velikost: <\/strong> 3\u33a1-36m\u00b2<\/li>\n<li><strong>Materi\u00e1l: <\/strong> polyester bavlna+pvc<\/li>\n<li><strong>OEM\/ODM: <\/strong> P\u0159ijateln\u00e9 vlastn\u00ed<\/li>\n<li><strong>Kapacita: <\/strong> 8+ lid\u00ed<\/li>\n<li><strong>Jm\u00e9no v\u00fdrobku : <\/strong> Nafukovac\u00ed kempingov\u00fd stan<\/li>\n<li><strong>Funkce: <\/strong> Ochrana proti slunci proti de\u0161ti<\/li>\n<\/ul>\n<div>\n<div data-magic-global=\"%7B%22bizId%22%3A2212793521237%2C%22pageId%22%3A21264717523%2C%22siteId%22%3A10003212050%7D\">\n<div>\n<div data-section=\"AliMagic-ieuaxk\" data-section-title=\"Products Description\">Popis produkt\u016f<\/div>\n<\/div>\n<div>\n<div>\n<div><img decoding=\"async\" src=\"\/\/sc04.alicdn.com\/kf\/He4c3298ed6eb4e39bb6b5339319bad064\/255148517\/He4c3298ed6eb4e39bb6b5339319bad064.jpg\" data-src=\"\/\/sc04.alicdn.com\/kf\/He4c3298ed6eb4e39bb6b5339319bad064\/255148517\/He4c3298ed6eb4e39bb6b5339319bad064.jpg\" \/><\/div>\n<div><img decoding=\"async\" src=\"\/\/sc04.alicdn.com\/kf\/Hb9f73be253b34358b75bcfd954e38b10I\/255148517\/Hb9f73be253b34358b75bcfd954e38b10I.jpg\" data-src=\"\/\/sc04.alicdn.com\/kf\/Hb9f73be253b34358b75bcfd954e38b10I\/255148517\/Hb9f73be253b34358b75bcfd954e38b10I.jpg\" \/><\/div>\n<div><img decoding=\"async\" src=\"\/\/sc04.alicdn.com\/kf\/H2468e5ce4cd24427bdc3e866d21d03088\/255148517\/H2468e5ce4cd24427bdc3e866d21d03088.jpg\" data-src=\"\/\/sc04.alicdn.com\/kf\/H2468e5ce4cd24427bdc3e866d21d03088\/255148517\/H2468e5ce4cd24427bdc3e866d21d03088.jpg\" \/><\/div>\n<div><img decoding=\"async\" src=\"\/\/sc04.alicdn.com\/kf\/Haa267fa913844c3fa1eed088e7d3f307T\/255148517\/Haa267fa913844c3fa1eed088e7d3f307T.jpg\" data-src=\"\/\/sc04.alicdn.com\/kf\/Haa267fa913844c3fa1eed088e7d3f307T\/255148517\/Haa267fa913844c3fa1eed088e7d3f307T.jpg\" \/><\/div>\n<div><img decoding=\"async\" src=\"\/\/sc04.alicdn.com\/kf\/H32545585c7004bd6808990c88d472837F\/255148517\/H32545585c7004bd6808990c88d472837F.jpg\" data-src=\"\/\/sc04.alicdn.com\/kf\/H32545585c7004bd6808990c88d472837F\/255148517\/H32545585c7004bd6808990c88d472837F.jpg\" \/><\/div>\n<div><img decoding=\"async\" src=\"\/\/sc04.alicdn.com\/kf\/H16381039228b46eeaf9c0add0cd75658v\/255148517\/H16381039228b46eeaf9c0add0cd75658v.jpg\" data-src=\"\/\/sc04.alicdn.com\/kf\/H16381039228b46eeaf9c0add0cd75658v\/255148517\/H16381039228b46eeaf9c0add0cd75658v.jpg\" \/><\/div>\n<\/div>\n<\/div>\n<div><\/div>\n<div>\n<div>\n<div>\n<div>\n<div><\/div>\n<\/div>\n<\/div>\n<\/div>\n<\/div>\n<\/div>\n<\/div>","protected":false},"excerpt":{"rendered":"<p>Plocha : 3\u33a1-36m\u00b2 Tkanina : Polyester Vn\u011bj\u0161\u00ed stan Vodot\u011bsnost : &gt;3000 mm Spodn\u00ed Vodot\u011bsnost : &gt;3000 mm Styl stanu : Prodlou\u017een\u00fd typ Sez\u00f3na : \u010cty\u0159sez\u00f3nn\u00ed Struktura stanu : Jedna lo\u017enice a jeden ob\u00fdvac\u00ed pokoj Kl\u00ed\u010dov\u00e9 slovo : Nafukovac\u00ed kempingov\u00fd stan MOQ : 1 sada p\u0159\u00edslu\u0161enstv\u00ed: ru\u010dn\u00ed pumpa, kol\u00edky, nav\u00edjec\u00ed lana Logo: p\u0159izp\u016fsoben\u00e9 Velikost:<\/p>\n<div class=\"read-more\"><a class=\"btn btn-fill-out\" href=\"https:\/\/uoogear.com\/cs\/produkt\/middle-east-arab-inflatable-camping-tent-outdoor-waterproof-air-pole-tent-inflatable-tent\/\">P\u0159e\u010dt\u011bte si v\u00edce<\/a><\/div>","protected":false},"featured_media":4569,"template":"","meta":[],"product_brand":[],"product_cat":[15],"product_tag":[],"class_list":{"0":"post-4570","1":"product","2":"type-product","3":"status-publish","4":"has-post-thumbnail","6":"product_cat-uncategorized","7":"tm-no-options","9":"first","10":"instock","11":"shipping-taxable","12":"purchasable","13":"product-type-variable"},"_links":{"self":[{"href":"https:\/\/uoogear.com\/cs\/wp-json\/wp\/v2\/product\/4570","targetHints":{"allow":["GET"]}}],"collection":[{"href":"https:\/\/uoogear.com\/cs\/wp-json\/wp\/v2\/product"}],"about":[{"href":"https:\/\/uoogear.com\/cs\/wp-json\/wp\/v2\/types\/product"}],"wp:featuredmedia":[{"embeddable":true,"href":"https:\/\/uoogear.com\/cs\/wp-json\/wp\/v2\/media\/4569"}],"wp:attachment":[{"href":"https:\/\/uoogear.com\/cs\/wp-json\/wp\/v2\/media?parent=4570"}],"wp:term":[{"taxonomy":"product_brand","embeddable":true,"href":"https:\/\/uoogear.com\/cs\/wp-json\/wp\/v2\/product_brand?post=4570"},{"taxonomy":"product_cat","embeddable":true,"href":"https:\/\/uoogear.com\/cs\/wp-json\/wp\/v2\/product_cat?post=4570"},{"taxonomy":"product_tag","embeddable":true,"href":"https:\/\/uoogear.com\/cs\/wp-json\/wp\/v2\/product_tag?post=4570"}],"curies":[{"name":"wp","href":"https:\/\/api.w.org\/{rel}","templated":true}]}}