{"id":4615,"date":"2023-11-14T02:09:19","date_gmt":"2023-11-14T02:09:19","guid":{"rendered":"https:\/\/uoogear.com\/product\/custom-multi-persons-camping-tent-waterproof-inflatable-house-air-family-big-tent-outdoor-inflatable-camping-house-tent\/"},"modified":"2023-11-30T02:40:55","modified_gmt":"2023-11-30T02:40:55","slug":"custom-multi-persons-camping-tent-waterproof-inflatable-house-air-family-big-tent-outdoor-inflatable-camping-house-tent","status":"publish","type":"product","link":"https:\/\/uoogear.com\/cs\/produkt\/custom-multi-persons-camping-tent-waterproof-inflatable-house-air-family-big-tent-outdoor-inflatable-camping-house-tent\/","title":{"rendered":"vlastn\u00ed kempov\u00fd stan pro v\u00edce osob Vodot\u011bsn\u00fd nafukovac\u00ed d\u016fm Air Family Velk\u00fd stan Venkovn\u00ed nafukovac\u00ed kemp Campingov\u00fd stan"},"content":{"rendered":"<ul>\n<li><strong>Plocha : <\/strong> 12.6<\/li>\n<li><strong>Tkanina: <\/strong> Polyester<\/li>\n<li><strong>Index vod\u011bodolnosti vn\u011bj\u0161\u00edho stanu: <\/strong> &gt; 3000 mm<\/li>\n<li><strong>Spodn\u00ed index vod\u011bodolnosti: <\/strong> &gt; 3000 mm<\/li>\n<li><strong>Styl stanu: <\/strong> Roz\u0161\u00ed\u0159en\u00fd typ<\/li>\n<li><strong>Sez\u00f3na : <\/strong> \u010cty\u0159sez\u00f3nn\u00ed stan<\/li>\n<li><strong>Struktura: <\/strong> Jedna lo\u017enice a jeden ob\u00fdvac\u00ed pokoj<\/li>\n<li><strong>Kl\u00ed\u010dov\u00e9 slovo: <\/strong> Nafukovac\u00ed kempingov\u00fd stan<\/li>\n<li><strong>MOQ: <\/strong> 1 set<\/li>\n<li><strong>Barva : <\/strong> B\u00edl\u00e1 (p\u0159izp\u016fsobiteln\u00e1 barva)<\/li>\n<li><strong>P\u0159\u00edslu\u0161enstv\u00ed : <\/strong> ru\u010dn\u00ed pumpa, kol\u00edky, v\u011btrn\u00e1 lana<\/li>\n<li><strong>Logo: <\/strong> p\u0159izp\u016fsoben\u00e9<\/li>\n<li><strong>Velikost: <\/strong> 420*300*255 cm<\/li>\n<li><strong>Materi\u00e1l: <\/strong> polyester bavlna+pvc<\/li>\n<li><strong>OEM\/ODM: <\/strong> P\u0159ijateln\u00e9 vlastn\u00ed<\/li>\n<li><strong>Kapacita: <\/strong> 8+ lid\u00ed<\/li>\n<li><strong>Jm\u00e9no v\u00fdrobku : <\/strong> Nafukovac\u00ed kempingov\u00fd stan<\/li>\n<\/ul>\n<div>\n<div data-magic-global=\"%7B%22bizId%22%3A2212793521237%2C%22pageId%22%3A21254695489%2C%22siteId%22%3A10003212050%7D\">\n<div>\n<div data-section=\"AliMagic-a1hgaa\" data-section-title=\"Products Description\">Popis produkt\u016f<\/div>\n<\/div>\n<div>\n<div>\n<div><img decoding=\"async\" src=\"\/\/sc04.alicdn.com\/kf\/H45b829421df7429189feaf2c0aaedf1dM\/255148517\/H45b829421df7429189feaf2c0aaedf1dM.jpg\" data-src=\"\/\/sc04.alicdn.com\/kf\/H45b829421df7429189feaf2c0aaedf1dM\/255148517\/H45b829421df7429189feaf2c0aaedf1dM.jpg\" \/><\/div>\n<div><img decoding=\"async\" src=\"\/\/sc04.alicdn.com\/kf\/Ha86ce65a9e904bcfacdcd98f49d2e167p\/255148517\/Ha86ce65a9e904bcfacdcd98f49d2e167p.jpg\" data-src=\"\/\/sc04.alicdn.com\/kf\/Ha86ce65a9e904bcfacdcd98f49d2e167p\/255148517\/Ha86ce65a9e904bcfacdcd98f49d2e167p.jpg\" \/><\/div>\n<div><img decoding=\"async\" src=\"\/\/sc04.alicdn.com\/kf\/Hf438407597e24e21b9eb364593bf85338\/255148517\/Hf438407597e24e21b9eb364593bf85338.jpg\" data-src=\"\/\/sc04.alicdn.com\/kf\/Hf438407597e24e21b9eb364593bf85338\/255148517\/Hf438407597e24e21b9eb364593bf85338.jpg\" \/><\/div>\n<div><img decoding=\"async\" src=\"\/\/sc04.alicdn.com\/kf\/H7a4a30c313a748128d68a9af8dfda57fU\/255148517\/H7a4a30c313a748128d68a9af8dfda57fU.jpg\" data-src=\"\/\/sc04.alicdn.com\/kf\/H7a4a30c313a748128d68a9af8dfda57fU\/255148517\/H7a4a30c313a748128d68a9af8dfda57fU.jpg\" \/><\/div>\n<div><img decoding=\"async\" src=\"\/\/sc04.alicdn.com\/kf\/H91a270f4e9eb4fc1aec317f30d9efb0ei\/255148517\/H91a270f4e9eb4fc1aec317f30d9efb0ei.jpg\" data-src=\"\/\/sc04.alicdn.com\/kf\/H91a270f4e9eb4fc1aec317f30d9efb0ei\/255148517\/H91a270f4e9eb4fc1aec317f30d9efb0ei.jpg\" \/><\/div>\n<div><img decoding=\"async\" src=\"\/\/sc04.alicdn.com\/kf\/H67bca16355ac4c28a599cf5fa5728c13H\/255148517\/H67bca16355ac4c28a599cf5fa5728c13H.jpg\" data-src=\"\/\/sc04.alicdn.com\/kf\/H67bca16355ac4c28a599cf5fa5728c13H\/255148517\/H67bca16355ac4c28a599cf5fa5728c13H.jpg\" \/><\/div>\n<div><img decoding=\"async\" src=\"\/\/sc04.alicdn.com\/kf\/H3b4883ae004a4699a0e9c14c231d24f7A\/255148517\/H3b4883ae004a4699a0e9c14c231d24f7A.jpg\" data-src=\"\/\/sc04.alicdn.com\/kf\/H3b4883ae004a4699a0e9c14c231d24f7A\/255148517\/H3b4883ae004a4699a0e9c14c231d24f7A.jpg\" \/><\/div>\n<div><\/div>\n<div><\/div>\n<\/div>\n<\/div>\n<div><\/div>\n<\/div>\n<\/div>","protected":false},"excerpt":{"rendered":"<p>Plocha : 12,6\u33a1 L\u00e1tka : Polyester Vn\u011bj\u0161\u00ed stan Vodot\u011bsnost : &gt;3000 mm Spodn\u00ed Vodot\u011bsnost : &gt;3000 mm Styl stanu : Prodlou\u017een\u00fd typ Sez\u00f3na : \u010cty\u0159sez\u00f3nn\u00ed Struktura stanu : Jedna lo\u017enice a jeden ob\u00fdvac\u00ed pokoj Kl\u00ed\u010dov\u00e9 slovo : Nafukovac\u00ed kempingov\u00fd stan MOQ : 1 sada Barva: B\u00edl\u00e1 (p\u0159izp\u016fsobiteln\u00e1 barva) P\u0159\u00edslu\u0161enstv\u00ed: ru\u010dn\u00ed pumpa, kol\u00edky, nav\u00edjec\u00ed lana<\/p>\n<div class=\"read-more\"><a class=\"btn btn-fill-out\" href=\"https:\/\/uoogear.com\/cs\/produkt\/custom-multi-persons-camping-tent-waterproof-inflatable-house-air-family-big-tent-outdoor-inflatable-camping-house-tent\/\">P\u0159e\u010dt\u011bte si v\u00edce<\/a><\/div>","protected":false},"featured_media":4614,"template":"","meta":[],"product_brand":[],"product_cat":[15],"product_tag":[],"class_list":{"0":"post-4615","1":"product","2":"type-product","3":"status-publish","4":"has-post-thumbnail","6":"product_cat-uncategorized","7":"tm-no-options","9":"first","10":"instock","11":"shipping-taxable","12":"purchasable","13":"product-type-variable"},"_links":{"self":[{"href":"https:\/\/uoogear.com\/cs\/wp-json\/wp\/v2\/product\/4615","targetHints":{"allow":["GET"]}}],"collection":[{"href":"https:\/\/uoogear.com\/cs\/wp-json\/wp\/v2\/product"}],"about":[{"href":"https:\/\/uoogear.com\/cs\/wp-json\/wp\/v2\/types\/product"}],"wp:featuredmedia":[{"embeddable":true,"href":"https:\/\/uoogear.com\/cs\/wp-json\/wp\/v2\/media\/4614"}],"wp:attachment":[{"href":"https:\/\/uoogear.com\/cs\/wp-json\/wp\/v2\/media?parent=4615"}],"wp:term":[{"taxonomy":"product_brand","embeddable":true,"href":"https:\/\/uoogear.com\/cs\/wp-json\/wp\/v2\/product_brand?post=4615"},{"taxonomy":"product_cat","embeddable":true,"href":"https:\/\/uoogear.com\/cs\/wp-json\/wp\/v2\/product_cat?post=4615"},{"taxonomy":"product_tag","embeddable":true,"href":"https:\/\/uoogear.com\/cs\/wp-json\/wp\/v2\/product_tag?post=4615"}],"curies":[{"name":"wp","href":"https:\/\/api.w.org\/{rel}","templated":true}]}}