{"id":4658,"date":"2023-11-14T02:13:06","date_gmt":"2023-11-14T02:13:06","guid":{"rendered":"https:\/\/uoogear.com\/product\/good-quality-outdoor-oxford-waterproof-family-travel-camping-tent-inflatable-house-tent\/"},"modified":"2023-11-30T02:53:50","modified_gmt":"2023-11-30T02:53:50","slug":"good-quality-outdoor-oxford-waterproof-family-travel-camping-tent-inflatable-house-tent","status":"publish","type":"product","link":"https:\/\/uoogear.com\/cs\/produkt\/good-quality-outdoor-oxford-waterproof-family-travel-camping-tent-inflatable-house-tent\/","title":{"rendered":"Kvalitn\u00ed venkovn\u00ed vodot\u011bsn\u00fd rodinn\u00fd cestovn\u00ed kempov\u00fd kemp Oxford stan nafukovac\u00ed d\u016fm"},"content":{"rendered":"<ul>\n<li><strong>Modelov\u00e9 \u010d\u00edslo : <\/strong> B08<\/li>\n<li><strong>Tkanina: <\/strong> Oxford<\/li>\n<li><strong>Index vod\u011bodolnosti vn\u011bj\u0161\u00edho stanu: <\/strong> &gt; 3000 mm<\/li>\n<li><strong>Spodn\u00ed index vod\u011bodolnosti: <\/strong> &gt; 3000 mm<\/li>\n<li><strong>Typ budovy: <\/strong> Rychl\u00e9 automatick\u00e9 otev\u00edr\u00e1n\u00ed<\/li>\n<li><strong>Styl stanu: <\/strong> Trubkov\u00fd stanov\u00fd kol\u00edk<\/li>\n<li><strong>Sez\u00f3na : <\/strong> \u010cty\u0159sez\u00f3nn\u00ed stan<\/li>\n<li><strong>Struktura: <\/strong> Jedna lo\u017enice a jeden ob\u00fdvac\u00ed pokoj<\/li>\n<li><strong>Jm\u00e9no v\u00fdrobku : <\/strong> Nafukovac\u00ed kempingov\u00fd stan<\/li>\n<li><strong>Pou\u017eit\u00ed: <\/strong> Venkovn\u00ed z\u00e1bava<\/li>\n<li><strong>styl: <\/strong> Modern\u00ed<\/li>\n<li><strong>Barva : <\/strong> P\u0159izp\u016fsoben\u00e1 barva<\/li>\n<li><strong>Aplikace : <\/strong> Outdoor Travel Camping<\/li>\n<li><strong>Velikost: <\/strong> P\u0159izp\u016fsoben\u00e1 velikost<\/li>\n<li><strong>MOQ: <\/strong> 1 kus<\/li>\n<li><strong>Materi\u00e1l: <\/strong> Oxford<\/li>\n<li><strong>P\u0159\u00edslu\u0161enstv\u00ed : <\/strong> Pumpa+ ta\u0161ka na p\u0159en\u00e1\u0161en\u00ed+ kol\u00edky+ lana<\/li>\n<li><strong>Vlastnosti : <\/strong> Vod\u011bodoln\u00fd<\/li>\n<\/ul>\n<div>\n<div data-magic-global=\"%7B%22bizId%22%3A2212793521237%2C%22pageId%22%3A21234350211%2C%22siteId%22%3A10003212050%7D\">\n<div>\n<div data-section=\"AliMagic-51uxhm\" data-section-title=\"Products Description\">Popis produkt\u016f<\/div>\n<\/div>\n<div>\n<div>\n<div><img decoding=\"async\" src=\"\/\/sc04.alicdn.com\/kf\/H0255d4cecc2c48acae9d1fca255f949dI\/255148517\/H0255d4cecc2c48acae9d1fca255f949dI.jpg\" data-src=\"\/\/sc04.alicdn.com\/kf\/H0255d4cecc2c48acae9d1fca255f949dI\/255148517\/H0255d4cecc2c48acae9d1fca255f949dI.jpg\" \/><\/div>\n<div><img decoding=\"async\" src=\"\/\/sc04.alicdn.com\/kf\/H71b50e6a116a4654bff0faab52b7b8cbh\/255148517\/H71b50e6a116a4654bff0faab52b7b8cbh.jpg\" data-src=\"\/\/sc04.alicdn.com\/kf\/H71b50e6a116a4654bff0faab52b7b8cbh\/255148517\/H71b50e6a116a4654bff0faab52b7b8cbh.jpg\" \/><\/div>\n<\/div>\n<\/div>\n<div><\/div>\n<div>\n<div>\n<div>\n<div>\n<div><\/div>\n<\/div>\n<\/div>\n<\/div>\n<\/div>\n<\/div>\n<\/div>","protected":false},"excerpt":{"rendered":"<p>\u010c\u00edslo modelu : B08 L\u00e1tka : Oxford Outside Stan Vodot\u011bsnost Index : &gt;3000 mm Spodn\u00ed Vodot\u011bsnost : &gt;3000 mm Typ budovy : Rychl\u00e9 automatick\u00e9 otev\u00edr\u00e1n\u00ed Styl stanu : Tubus Type Stan Stake Sez\u00f3na : \u010cty\u0159sez\u00f3nn\u00ed Struktura stanu : Jedna lo\u017enice a jeden ob\u00fdvac\u00ed pokoj Produkt n\u00e1zev : Nafukovac\u00ed kempingov\u00fd stan Pou\u017eit\u00ed : Outdoor Entertainment<\/p>\n<div class=\"read-more\"><a class=\"btn btn-fill-out\" href=\"https:\/\/uoogear.com\/cs\/produkt\/good-quality-outdoor-oxford-waterproof-family-travel-camping-tent-inflatable-house-tent\/\">P\u0159e\u010dt\u011bte si v\u00edce<\/a><\/div>","protected":false},"featured_media":4657,"template":"","meta":[],"product_brand":[],"product_cat":[15],"product_tag":[],"class_list":{"0":"post-4658","1":"product","2":"type-product","3":"status-publish","4":"has-post-thumbnail","6":"product_cat-uncategorized","7":"tm-no-options","9":"first","10":"instock","11":"shipping-taxable","12":"purchasable","13":"product-type-variable"},"_links":{"self":[{"href":"https:\/\/uoogear.com\/cs\/wp-json\/wp\/v2\/product\/4658","targetHints":{"allow":["GET"]}}],"collection":[{"href":"https:\/\/uoogear.com\/cs\/wp-json\/wp\/v2\/product"}],"about":[{"href":"https:\/\/uoogear.com\/cs\/wp-json\/wp\/v2\/types\/product"}],"wp:featuredmedia":[{"embeddable":true,"href":"https:\/\/uoogear.com\/cs\/wp-json\/wp\/v2\/media\/4657"}],"wp:attachment":[{"href":"https:\/\/uoogear.com\/cs\/wp-json\/wp\/v2\/media?parent=4658"}],"wp:term":[{"taxonomy":"product_brand","embeddable":true,"href":"https:\/\/uoogear.com\/cs\/wp-json\/wp\/v2\/product_brand?post=4658"},{"taxonomy":"product_cat","embeddable":true,"href":"https:\/\/uoogear.com\/cs\/wp-json\/wp\/v2\/product_cat?post=4658"},{"taxonomy":"product_tag","embeddable":true,"href":"https:\/\/uoogear.com\/cs\/wp-json\/wp\/v2\/product_tag?post=4658"}],"curies":[{"name":"wp","href":"https:\/\/api.w.org\/{rel}","templated":true}]}}