{"id":4667,"date":"2023-11-14T02:13:45","date_gmt":"2023-11-14T02:13:45","guid":{"rendered":"https:\/\/uoogear.com\/product\/inflatable-camping-tent-outdoor-oxford-canvas-luxury-camping-inflatable-tent\/"},"modified":"2023-11-30T02:53:36","modified_gmt":"2023-11-30T02:53:36","slug":"inflatable-camping-tent-outdoor-oxford-canvas-luxury-camping-inflatable-tent","status":"publish","type":"product","link":"https:\/\/uoogear.com\/cs\/produkt\/inflatable-camping-tent-outdoor-oxford-canvas-luxury-camping-inflatable-tent\/","title":{"rendered":"Nafukovac\u00ed kempingov\u00fd stan venkovn\u00ed Oxford Canvas luxusn\u00ed kempingov\u00fd Nafukovac\u00ed stan"},"content":{"rendered":"<ul>\n<li><strong>Tkanina: <\/strong> Oxford<\/li>\n<li><strong>Index vod\u011bodolnosti vn\u011bj\u0161\u00edho stanu: <\/strong> &gt; 3000 mm<\/li>\n<li><strong>Spodn\u00ed index vod\u011bodolnosti: <\/strong> &gt; 3000 mm<\/li>\n<li><strong>Typ budovy: <\/strong> Rychl\u00e9 automatick\u00e9 otev\u00edr\u00e1n\u00ed<\/li>\n<li><strong>Styl stanu: <\/strong> Trubkov\u00fd stanov\u00fd kol\u00edk<\/li>\n<li><strong>Sez\u00f3na : <\/strong> \u010cty\u0159sez\u00f3nn\u00ed stan<\/li>\n<li><strong>Struktura: <\/strong> Jedna lo\u017enice<\/li>\n<li><strong>Jm\u00e9no v\u00fdrobku : <\/strong> Nafukovac\u00ed stan<\/li>\n<li><strong>Pou\u017eit\u00ed: <\/strong> Venkovn\u00ed z\u00e1bava<\/li>\n<li><strong>styl: <\/strong> Modern\u00ed<\/li>\n<li><strong>Barva : <\/strong> P\u0159izp\u016fsoben\u00e1 barva<\/li>\n<li><strong>Aplikace : <\/strong> Outdoor Travel Camping<\/li>\n<li><strong>Velikost: <\/strong> P\u0159izp\u016fsoben\u00e1 velikost<\/li>\n<li><strong>MOQ: <\/strong> 1 kus<\/li>\n<li><strong>Materi\u00e1l: <\/strong> Oxford<\/li>\n<li><strong>P\u0159\u00edslu\u0161enstv\u00ed : <\/strong> Pumpa+ ta\u0161ka na p\u0159en\u00e1\u0161en\u00ed+ kol\u00edky+ lana<\/li>\n<li><strong>Vlastnosti : <\/strong> Vod\u011bodoln\u00fd<\/li>\n<\/ul>\n<div>\n<div data-magic-global=\"%7B%22bizId%22%3A2212793521237%2C%22pageId%22%3A21240895187%2C%22siteId%22%3A10003212050%7D\">\n<div>\n<div data-section=\"AliMagic-qd0zn6\" data-section-title=\"Products Description\">Popis produkt\u016f<\/div>\n<\/div>\n<div>\n<div>\n<div><img decoding=\"async\" src=\"\/\/sc04.alicdn.com\/kf\/Hd0182a21f2544fce95341c2b3cedc8765\/255148517\/Hd0182a21f2544fce95341c2b3cedc8765.jpg\" data-src=\"\/\/sc04.alicdn.com\/kf\/Hd0182a21f2544fce95341c2b3cedc8765\/255148517\/Hd0182a21f2544fce95341c2b3cedc8765.jpg\" \/><\/div>\n<div><img decoding=\"async\" src=\"\/\/sc04.alicdn.com\/kf\/H1ba21d29de364d938b8dc5dae37c0c8bw\/255148517\/H1ba21d29de364d938b8dc5dae37c0c8bw.jpg\" data-src=\"\/\/sc04.alicdn.com\/kf\/H1ba21d29de364d938b8dc5dae37c0c8bw\/255148517\/H1ba21d29de364d938b8dc5dae37c0c8bw.jpg\" \/><\/div>\n<div><img decoding=\"async\" src=\"\/\/sc04.alicdn.com\/kf\/H08a92a9ee2fa4f479723c93542adc538p\/255148517\/H08a92a9ee2fa4f479723c93542adc538p.jpg\" data-src=\"\/\/sc04.alicdn.com\/kf\/H08a92a9ee2fa4f479723c93542adc538p\/255148517\/H08a92a9ee2fa4f479723c93542adc538p.jpg\" \/><\/div>\n<div><img decoding=\"async\" src=\"\/\/sc04.alicdn.com\/kf\/Hc3ea084092b645cd8155758355b0c997I\/255148517\/Hc3ea084092b645cd8155758355b0c997I.jpg\" data-src=\"\/\/sc04.alicdn.com\/kf\/Hc3ea084092b645cd8155758355b0c997I\/255148517\/Hc3ea084092b645cd8155758355b0c997I.jpg\" \/><\/div>\n<div><img decoding=\"async\" src=\"\/\/sc04.alicdn.com\/kf\/H4373f64b70ab4dc19b9fcea19c0f13fba\/255148517\/H4373f64b70ab4dc19b9fcea19c0f13fba.jpg\" data-src=\"\/\/sc04.alicdn.com\/kf\/H4373f64b70ab4dc19b9fcea19c0f13fba\/255148517\/H4373f64b70ab4dc19b9fcea19c0f13fba.jpg\" \/><\/div>\n<div><img decoding=\"async\" src=\"\/\/sc04.alicdn.com\/kf\/Hfb8f51e41c6b44fd9a04d40c30757e14E\/255148517\/Hfb8f51e41c6b44fd9a04d40c30757e14E.jpg\" data-src=\"\/\/sc04.alicdn.com\/kf\/Hfb8f51e41c6b44fd9a04d40c30757e14E\/255148517\/Hfb8f51e41c6b44fd9a04d40c30757e14E.jpg\" \/><\/div>\n<\/div>\n<\/div>\n<div><\/div>\n<div>\n<div>\n<div>\n<div>\n<div><\/div>\n<\/div>\n<\/div>\n<\/div>\n<\/div>\n<\/div>\n<\/div>","protected":false},"excerpt":{"rendered":"<p>L\u00e1tka : Oxford Outside Tent Vodot\u011bsnost : &gt;3000 mm Spodn\u00ed Vodot\u011bsnost : &gt;3000 mm Typ budovy : Rychl\u00e9 automatick\u00e9 otev\u00edr\u00e1n\u00ed Styl stanu : Trubkov\u00fd typ Stan Stake Sez\u00f3na : \u010cty\u0159sez\u00f3nn\u00ed Struktura stanu : Jedna lo\u017enice N\u00e1zev produktu : Nafukovac\u00ed stan Pou\u017eit\u00ed : Venkovn\u00ed z\u00e1bava Styl: Modern\u00ed Barva: P\u0159izp\u016fsoben\u00e1 aplikace barev:<\/p>\n<div class=\"read-more\"><a class=\"btn btn-fill-out\" href=\"https:\/\/uoogear.com\/cs\/produkt\/inflatable-camping-tent-outdoor-oxford-canvas-luxury-camping-inflatable-tent\/\">P\u0159e\u010dt\u011bte si v\u00edce<\/a><\/div>","protected":false},"featured_media":4666,"template":"","meta":[],"product_brand":[],"product_cat":[15],"product_tag":[],"class_list":{"0":"post-4667","1":"product","2":"type-product","3":"status-publish","4":"has-post-thumbnail","6":"product_cat-uncategorized","7":"tm-no-options","9":"first","10":"instock","11":"shipping-taxable","12":"purchasable","13":"product-type-variable"},"_links":{"self":[{"href":"https:\/\/uoogear.com\/cs\/wp-json\/wp\/v2\/product\/4667","targetHints":{"allow":["GET"]}}],"collection":[{"href":"https:\/\/uoogear.com\/cs\/wp-json\/wp\/v2\/product"}],"about":[{"href":"https:\/\/uoogear.com\/cs\/wp-json\/wp\/v2\/types\/product"}],"wp:featuredmedia":[{"embeddable":true,"href":"https:\/\/uoogear.com\/cs\/wp-json\/wp\/v2\/media\/4666"}],"wp:attachment":[{"href":"https:\/\/uoogear.com\/cs\/wp-json\/wp\/v2\/media?parent=4667"}],"wp:term":[{"taxonomy":"product_brand","embeddable":true,"href":"https:\/\/uoogear.com\/cs\/wp-json\/wp\/v2\/product_brand?post=4667"},{"taxonomy":"product_cat","embeddable":true,"href":"https:\/\/uoogear.com\/cs\/wp-json\/wp\/v2\/product_cat?post=4667"},{"taxonomy":"product_tag","embeddable":true,"href":"https:\/\/uoogear.com\/cs\/wp-json\/wp\/v2\/product_tag?post=4667"}],"curies":[{"name":"wp","href":"https:\/\/api.w.org\/{rel}","templated":true}]}}