{"id":4687,"date":"2023-11-14T02:15:18","date_gmt":"2023-11-14T02:15:18","guid":{"rendered":"https:\/\/uoogear.com\/product\/outdoor-large-family-camping-tent-waterproof-outdoor-canvas-air-cotton-glamping-inflatable-camping-tent\/"},"modified":"2023-11-30T02:51:51","modified_gmt":"2023-11-30T02:51:51","slug":"outdoor-large-family-camping-tent-waterproof-outdoor-canvas-air-cotton-glamping-inflatable-camping-tent","status":"publish","type":"product","link":"https:\/\/uoogear.com\/cs\/produkt\/outdoor-large-family-camping-tent-waterproof-outdoor-canvas-air-cotton-glamping-inflatable-camping-tent\/","title":{"rendered":"Venkovn\u00ed velk\u00fd rodinn\u00fd kempingov\u00fd stan Vodot\u011bsn\u00fd venkovn\u00ed pl\u00e1t\u011bn\u00fd vzduch Bavlna Glamping nafukovac\u00ed kempingov\u00fd stan"},"content":{"rendered":"<ul>\n<li><strong>Plocha : <\/strong> 6,3 metru \u010dtvere\u010dn\u00edho<\/li>\n<li><strong>Tkanina: <\/strong> Oxford<\/li>\n<li><strong>Index vod\u011bodolnosti vn\u011bj\u0161\u00edho stanu: <\/strong> 1000-1500 mm<\/li>\n<li><strong>Spodn\u00ed index vod\u011bodolnosti: <\/strong> 1000-1500 mm<\/li>\n<li><strong>Typ budovy: <\/strong> Rychl\u00e9 automatick\u00e9 otev\u00edr\u00e1n\u00ed<\/li>\n<li><strong>Styl stanu: <\/strong> Trubkov\u00fd stanov\u00fd kol\u00edk<\/li>\n<li><strong>Sez\u00f3na : <\/strong> \u010cty\u0159sez\u00f3nn\u00ed stan<\/li>\n<li><strong>Struktura: <\/strong> Jedna lo\u017enice a jeden ob\u00fdvac\u00ed pokoj<\/li>\n<li><strong>Jm\u00e9no v\u00fdrobku : <\/strong> Nafukovac\u00ed kempingov\u00fd stan<\/li>\n<li><strong>Velikost: <\/strong> Rozm\u011bry 300 x 210 x 200 cm<\/li>\n<li><strong>Barva : <\/strong> Quicksand Gold (p\u0159izp\u016fsobiteln\u00e1 barva)<\/li>\n<li><strong>Logo: <\/strong> P\u0159ijmout p\u0159izp\u016fsoben\u00e9 logo<\/li>\n<li><strong>MOQ: <\/strong> 1 set<\/li>\n<li><strong>Kl\u00ed\u010dov\u00e9 slovo: <\/strong> Vzduchov\u00fd stan<\/li>\n<li><strong>Materi\u00e1l: <\/strong> 210G polyester bavlna+pvc<\/li>\n<li><strong>OEM\/ODM: <\/strong> P\u0159ijateln\u00e9<\/li>\n<li><strong>Funkce: <\/strong> Kempov\u00e1n\u00ed venku<\/li>\n<li><strong>Pou\u017eit\u00ed: <\/strong> Outdoor Camping P\u011b\u0161\u00ed turistika Cestov\u00e1n\u00ed<\/li>\n<\/ul>\n<div>\n<div data-magic-global=\"%7B%22bizId%22%3A2212793521237%2C%22pageId%22%3A21200285495%2C%22siteId%22%3A10003212050%7D\">\n<div>\n<div data-section=\"AliMagic-34rhn3\" data-section-title=\"Products Description\"><\/div>\n<\/div>\n<div>\n<div data-section=\"AliMagic-6smcmb\" data-section-title=\"Details Images\">Podrobnosti Obr\u00e1zky<\/div>\n<\/div>\n<div>\n<div>\n<div><img decoding=\"async\" src=\"\/\/sc04.alicdn.com\/kf\/H8acc636776d54a4db8d801ddd99a3fd5R\/255148517\/H8acc636776d54a4db8d801ddd99a3fd5R.jpg\" data-src=\"\/\/sc04.alicdn.com\/kf\/H8acc636776d54a4db8d801ddd99a3fd5R\/255148517\/H8acc636776d54a4db8d801ddd99a3fd5R.jpg\" \/><\/div>\n<div><img decoding=\"async\" src=\"\/\/sc04.alicdn.com\/kf\/H8ec188c83b96483f9fbaf685d7bc7fe1I\/255148517\/H8ec188c83b96483f9fbaf685d7bc7fe1I.jpg\" data-src=\"\/\/sc04.alicdn.com\/kf\/H8ec188c83b96483f9fbaf685d7bc7fe1I\/255148517\/H8ec188c83b96483f9fbaf685d7bc7fe1I.jpg\" \/><\/div>\n<div><img decoding=\"async\" src=\"\/\/sc04.alicdn.com\/kf\/H982dbf063cc145979b94090d0edd35860\/255148517\/H982dbf063cc145979b94090d0edd35860.jpg\" data-src=\"\/\/sc04.alicdn.com\/kf\/H982dbf063cc145979b94090d0edd35860\/255148517\/H982dbf063cc145979b94090d0edd35860.jpg\" \/><\/div>\n<div><img decoding=\"async\" src=\"\/\/sc04.alicdn.com\/kf\/H87ed69d73ee0441893570a4b36096b0fD\/255148517\/H87ed69d73ee0441893570a4b36096b0fD.jpg\" data-src=\"\/\/sc04.alicdn.com\/kf\/H87ed69d73ee0441893570a4b36096b0fD\/255148517\/H87ed69d73ee0441893570a4b36096b0fD.jpg\" \/><\/div>\n<div><img decoding=\"async\" src=\"\/\/sc04.alicdn.com\/kf\/H9a27e33591dc4f3a915df9e02ccf989bk\/255148517\/H9a27e33591dc4f3a915df9e02ccf989bk.jpg\" data-src=\"\/\/sc04.alicdn.com\/kf\/H9a27e33591dc4f3a915df9e02ccf989bk\/255148517\/H9a27e33591dc4f3a915df9e02ccf989bk.jpg\" \/><\/div>\n<div><img decoding=\"async\" src=\"\/\/sc04.alicdn.com\/kf\/Hd192c14ec4e94d2ab78785ab09d480aaP\/255148517\/Hd192c14ec4e94d2ab78785ab09d480aaP.jpg\" data-src=\"\/\/sc04.alicdn.com\/kf\/Hd192c14ec4e94d2ab78785ab09d480aaP\/255148517\/Hd192c14ec4e94d2ab78785ab09d480aaP.jpg\" \/><\/div>\n<div><img decoding=\"async\" src=\"\/\/sc04.alicdn.com\/kf\/Hf55c29374e44478db53923ddb0d1d95bn\/255148517\/Hf55c29374e44478db53923ddb0d1d95bn.jpg\" data-src=\"\/\/sc04.alicdn.com\/kf\/Hf55c29374e44478db53923ddb0d1d95bn\/255148517\/Hf55c29374e44478db53923ddb0d1d95bn.jpg\" \/><\/div>\n<div><img decoding=\"async\" src=\"\/\/sc04.alicdn.com\/kf\/H78152f2f5f2744aeafe44263694d4430R\/255148517\/H78152f2f5f2744aeafe44263694d4430R.jpg\" data-src=\"\/\/sc04.alicdn.com\/kf\/H78152f2f5f2744aeafe44263694d4430R\/255148517\/H78152f2f5f2744aeafe44263694d4430R.jpg\" \/><\/div>\n<div><\/div>\n<\/div>\n<\/div>\n<div>\n<div>\n<div>\n<div>\n<div>\n<div><img decoding=\"async\" src=\"\/\/sc04.alicdn.com\/kf\/He9c856cc41994feb9bbd9f3d9db22c3fs\/255148517\/He9c856cc41994feb9bbd9f3d9db22c3fs.jpg\" data-src=\"\/\/sc04.alicdn.com\/kf\/He9c856cc41994feb9bbd9f3d9db22c3fs\/255148517\/He9c856cc41994feb9bbd9f3d9db22c3fs.jpg\" \/><\/div>\n<\/div>\n<\/div>\n<\/div>\n<\/div>\n<\/div>\n<div><\/div>\n<div>\n<div>\n<div>\n<div>\n<div><\/div>\n<\/div>\n<\/div>\n<\/div>\n<\/div>\n<\/div>\n<\/div>","protected":false},"excerpt":{"rendered":"<p>Plocha : 6,3 metru \u010dtvere\u010dn\u00edho Tkanina : Oxford Outside Stan Vodot\u011bsnost Index : 1000-1500 Mm Spodn\u00ed Vodot\u011bsnost : 1000-1500 Mm Typ budovy : Rychl\u00e9 automatick\u00e9 otev\u00edr\u00e1n\u00ed Styl stanu : Trubkov\u00fd typ Stan Stake Sez\u00f3na : \u010cty\u0159sez\u00f3nn\u00ed Struktura stanu : Jedna lo\u017enice a jedna Ob\u00fdvac\u00ed pokoj N\u00e1zev produktu : Nafukovac\u00ed kempingov\u00fd stan Velikost : 300x210x200cm<\/p>\n<div class=\"read-more\"><a class=\"btn btn-fill-out\" href=\"https:\/\/uoogear.com\/cs\/produkt\/outdoor-large-family-camping-tent-waterproof-outdoor-canvas-air-cotton-glamping-inflatable-camping-tent\/\">P\u0159e\u010dt\u011bte si v\u00edce<\/a><\/div>","protected":false},"featured_media":4686,"template":"","meta":[],"product_brand":[],"product_cat":[15],"product_tag":[],"class_list":{"0":"post-4687","1":"product","2":"type-product","3":"status-publish","4":"has-post-thumbnail","6":"product_cat-uncategorized","7":"tm-no-options","9":"first","10":"instock","11":"shipping-taxable","12":"purchasable","13":"product-type-variable"},"_links":{"self":[{"href":"https:\/\/uoogear.com\/cs\/wp-json\/wp\/v2\/product\/4687","targetHints":{"allow":["GET"]}}],"collection":[{"href":"https:\/\/uoogear.com\/cs\/wp-json\/wp\/v2\/product"}],"about":[{"href":"https:\/\/uoogear.com\/cs\/wp-json\/wp\/v2\/types\/product"}],"wp:featuredmedia":[{"embeddable":true,"href":"https:\/\/uoogear.com\/cs\/wp-json\/wp\/v2\/media\/4686"}],"wp:attachment":[{"href":"https:\/\/uoogear.com\/cs\/wp-json\/wp\/v2\/media?parent=4687"}],"wp:term":[{"taxonomy":"product_brand","embeddable":true,"href":"https:\/\/uoogear.com\/cs\/wp-json\/wp\/v2\/product_brand?post=4687"},{"taxonomy":"product_cat","embeddable":true,"href":"https:\/\/uoogear.com\/cs\/wp-json\/wp\/v2\/product_cat?post=4687"},{"taxonomy":"product_tag","embeddable":true,"href":"https:\/\/uoogear.com\/cs\/wp-json\/wp\/v2\/product_tag?post=4687"}],"curies":[{"name":"wp","href":"https:\/\/api.w.org\/{rel}","templated":true}]}}