{"id":4705,"date":"2023-11-14T02:17:48","date_gmt":"2023-11-14T02:17:48","guid":{"rendered":"https:\/\/uoogear.com\/product\/high-quality-family-waterproof-inflatable-air-pole-glamping-outdoor-house-family-canvas-tenda-inflatable-camping-tents\/"},"modified":"2023-11-30T02:53:07","modified_gmt":"2023-11-30T02:53:07","slug":"high-quality-family-waterproof-inflatable-air-pole-glamping-outdoor-house-family-canvas-tenda-inflatable-camping-tents","status":"publish","type":"product","link":"https:\/\/uoogear.com\/cs\/produkt\/high-quality-family-waterproof-inflatable-air-pole-glamping-outdoor-house-family-canvas-tenda-inflatable-camping-tents\/","title":{"rendered":"Vysoce kvalitn\u00ed rodinn\u00e9 vodot\u011bsn\u00e9 nafukovac\u00ed nafukovac\u00ed kempingov\u00e9 stany pro venkovn\u00ed pou\u017eit\u00ed"},"content":{"rendered":"<ul>\n<li><strong>Plocha : <\/strong> 300*210<\/li>\n<li><strong>Tkanina: <\/strong> PVC+bavln\u011bn\u00e1 tkanina+ polyesterov\u00e1 s\u00ed\u0165ovina<\/li>\n<li><strong>Index vod\u011bodolnosti vn\u011bj\u0161\u00edho stanu: <\/strong> &lt;1000 mm<\/li>\n<li><strong>Spodn\u00ed index vod\u011bodolnosti: <\/strong> &gt; 3000 mm<\/li>\n<li><strong>Typ budovy: <\/strong> Konstrukce na z\u00e1klad\u011b pot\u0159eby<\/li>\n<li><strong>Styl stanu: <\/strong> Trubkov\u00fd stanov\u00fd kol\u00edk<\/li>\n<li><strong>Sez\u00f3na : <\/strong> \u010cty\u0159sez\u00f3nn\u00ed stan<\/li>\n<li><strong>Struktura: <\/strong> Jedna lo\u017enice<\/li>\n<li><strong>Jm\u00e9no v\u00fdrobku : <\/strong> Nafukovac\u00ed kempingov\u00fd stan<\/li>\n<li><strong>Pou\u017eit\u00ed: <\/strong> Venkovn\u00ed z\u00e1bava<\/li>\n<li><strong>styl: <\/strong> Modern\u00ed<\/li>\n<li><strong>Barva : <\/strong> P\u0159izp\u016fsoben\u00e1 barva<\/li>\n<li><strong>Aplikace : <\/strong> Outdoor Travel Camping<\/li>\n<li><strong>Velikost: <\/strong> P\u0159izp\u016fsoben\u00e1 velikost<\/li>\n<li><strong>MOQ: <\/strong> 1 kus<\/li>\n<li><strong>Materi\u00e1l: <\/strong> PVC<\/li>\n<li><strong>P\u0159\u00edslu\u0161enstv\u00ed : <\/strong> Pumpa+ ta\u0161ka na p\u0159en\u00e1\u0161en\u00ed+ kol\u00edky+ lana<\/li>\n<li><strong>Vlastnosti : <\/strong> Vod\u011bodoln\u00fd<\/li>\n<\/ul>\n<div>\n<div data-magic-global=\"%7B%22bizId%22%3A2212793521237%2C%22pageId%22%3A21190383259%2C%22siteId%22%3A10003212050%7D\">\n<div>\n<div data-section=\"AliMagic-nw9cap\" data-section-title=\"Products Description\" data-spm-anchor-id=\"a2700.details.0.i81.60154726kx5o5f\"><\/div>\n<\/div>\n<div>\n<div>\n<table>\n<tbody>\n<tr>\n<td>\n<div><span style=\"color: #000000; font-family: Arial;\"><span data-spm-anchor-id=\"a2700.custom-template.0.i133.65b03333DKbf22\"><strong>jm\u00e9no v\u00fdrobku<\/strong><\/span><\/span><\/div>\n<\/td>\n<td>\n<div>Vzduchov\u00fd stan<\/div>\n<\/td>\n<\/tr>\n<tr>\n<td>\n<div><span style=\"color: #000000; font-family: Arial;\"><strong>OEM MOQ<\/strong><\/span><\/div>\n<\/td>\n<td>\n<div><span style=\"font-family: Arial;\"><span data-spm-anchor-id=\"a2700.custom-template.0.i131.65b03333DKbf22\">P\u0159ijm\u011bte p\u0159izp\u016fsoben\u00fd vzorek \/1 sada<\/span><\/span><\/div>\n<\/td>\n<\/tr>\n<tr>\n<td>\n<div><span style=\"color: #000000; font-family: Arial;\"><strong>Barva barva<\/strong><\/span><\/div>\n<\/td>\n<td>\n<div><span style=\"font-family: Arial;\"><span data-spm-anchor-id=\"a2700.custom-template.0.i132.65b03333DKbf22\">Jako obr\u00e1zek, P\u0159ijmout p\u0159izp\u016fsoben\u00e9<\/span><\/span><\/div>\n<\/td>\n<\/tr>\n<tr>\n<td>\n<div><span style=\"color: #000000; font-family: Arial;\"><span data-spm-anchor-id=\"a2700.custom-template.0.i158.65b03333DKbf22\"><strong>Kapacita<\/strong><\/span><\/span><\/div>\n<\/td>\n<td>\n<div><span style=\"font-family: Arial;\">2\/3\/4\/5\/6\/7\/8 lid\u00ed (p\u0159izp\u016fsoben\u00e1 kapacita)<\/span><\/div>\n<\/td>\n<\/tr>\n<tr>\n<td>\n<div><strong>Velikost<\/strong><\/div>\n<\/td>\n<td>\n<div>M\u016f\u017ee si vybrat velikost standardn\u00edch produkt\u016f, p\u0159ijmout p\u0159izp\u016fsobenou velikost<\/div>\n<\/td>\n<\/tr>\n<tr>\n<td>\n<div>\n<div><strong>Vlastnosti<\/strong><\/div>\n<\/div>\n<\/td>\n<td>\n<div><span style=\"font-family: Arial;\">Odoln\u00e9 proti UV z\u00e1\u0159en\u00ed a de\u0161ti, prody\u0161n\u00e9, zabra\u0148uj\u00ed velkoleposti, velk\u00fd prostor, stabiln\u00ed struktura, dobr\u00fd v\u00fdkon ventilace, \u0161irok\u00e1 aplikace, mal\u00e1 velikost, snadn\u00e9 p\u0159en\u00e1\u0161en\u00ed, nastaven\u00ed, snadn\u00e9 vysunut\u00ed, automatick\u00e9, pohodln\u00e9<\/span><\/div>\n<\/td>\n<\/tr>\n<\/tbody>\n<\/table>\n<\/div>\n<\/div>\n<div>\n<div data-section=\"AliMagic-29ms9w\" data-section-title=\"Details Images\">Podrobnosti Obr\u00e1zky<\/div>\n<\/div>\n<div>\n<div>\n<div><img decoding=\"async\" src=\"\/\/sc04.alicdn.com\/kf\/H0d93849815d64a58844b919b5ba91fa0D\/255148517\/H0d93849815d64a58844b919b5ba91fa0D.jpg\" data-src=\"\/\/sc04.alicdn.com\/kf\/H0d93849815d64a58844b919b5ba91fa0D\/255148517\/H0d93849815d64a58844b919b5ba91fa0D.jpg\" \/><\/div>\n<div><img decoding=\"async\" src=\"\/\/sc04.alicdn.com\/kf\/Haad59990b4f34f76a9c982218abf33bee\/255148517\/Haad59990b4f34f76a9c982218abf33bee.jpg\" data-src=\"\/\/sc04.alicdn.com\/kf\/Haad59990b4f34f76a9c982218abf33bee\/255148517\/Haad59990b4f34f76a9c982218abf33bee.jpg\" \/><\/div>\n<div><img decoding=\"async\" src=\"\/\/sc04.alicdn.com\/kf\/Hd4b64d969aee4f0eaaa0e5f660cb1768m\/255148517\/Hd4b64d969aee4f0eaaa0e5f660cb1768m.jpg\" data-src=\"\/\/sc04.alicdn.com\/kf\/Hd4b64d969aee4f0eaaa0e5f660cb1768m\/255148517\/Hd4b64d969aee4f0eaaa0e5f660cb1768m.jpg\" \/><\/div>\n<div><img decoding=\"async\" src=\"\/\/sc04.alicdn.com\/kf\/H63fad25e7c4147e195846d49d2d24864e\/255148517\/H63fad25e7c4147e195846d49d2d24864e.jpg\" data-src=\"\/\/sc04.alicdn.com\/kf\/H63fad25e7c4147e195846d49d2d24864e\/255148517\/H63fad25e7c4147e195846d49d2d24864e.jpg\" \/><\/div>\n<\/div>\n<\/div>\n<div>\n<div>\n<div>\n<div>\n<div>\n<div><img decoding=\"async\" src=\"\/\/sc04.alicdn.com\/kf\/He9c856cc41994feb9bbd9f3d9db22c3fs\/255148517\/He9c856cc41994feb9bbd9f3d9db22c3fs.jpg\" data-src=\"\/\/sc04.alicdn.com\/kf\/He9c856cc41994feb9bbd9f3d9db22c3fs\/255148517\/He9c856cc41994feb9bbd9f3d9db22c3fs.jpg\" \/><\/div>\n<\/div>\n<\/div>\n<\/div>\n<\/div>\n<\/div>\n<div>\n<div>\n<div>\n<div>\n<div>\n<div><\/div>\n<\/div>\n<\/div>\n<\/div>\n<\/div>\n<\/div>\n<\/div>\n<\/div>","protected":false},"excerpt":{"rendered":"<p>Plocha : 300*210 Tkanina : PVC+bavln\u011bn\u00e1 tkanina+ polyesterov\u00e1 s\u00ed\u0165ovina Vn\u011bj\u0161\u00ed stan Index vodot\u011bsnosti : &lt;1000 mm Spodn\u00ed index vodot\u011bsnosti : &gt;3000 mm Typ budovy : Konstrukce podle pot\u0159eby Styl stanu : Trubkov\u00fd typ Stan Stake Sez\u00f3na : \u010cty\u0159sez\u00f3nn\u00ed Struktura stanu : Jedna lo\u017enice N\u00e1zev produktu : Nafukovac\u00ed kempingov\u00fd stan Pou\u017eit\u00ed : Styl venkovn\u00ed z\u00e1bavy<\/p>\n<div class=\"read-more\"><a class=\"btn btn-fill-out\" href=\"https:\/\/uoogear.com\/cs\/produkt\/high-quality-family-waterproof-inflatable-air-pole-glamping-outdoor-house-family-canvas-tenda-inflatable-camping-tents\/\">P\u0159e\u010dt\u011bte si v\u00edce<\/a><\/div>","protected":false},"featured_media":4704,"template":"","meta":[],"product_brand":[],"product_cat":[15],"product_tag":[],"class_list":{"0":"post-4705","1":"product","2":"type-product","3":"status-publish","4":"has-post-thumbnail","6":"product_cat-uncategorized","7":"tm-no-options","9":"first","10":"instock","11":"shipping-taxable","12":"purchasable","13":"product-type-variable"},"_links":{"self":[{"href":"https:\/\/uoogear.com\/cs\/wp-json\/wp\/v2\/product\/4705","targetHints":{"allow":["GET"]}}],"collection":[{"href":"https:\/\/uoogear.com\/cs\/wp-json\/wp\/v2\/product"}],"about":[{"href":"https:\/\/uoogear.com\/cs\/wp-json\/wp\/v2\/types\/product"}],"wp:featuredmedia":[{"embeddable":true,"href":"https:\/\/uoogear.com\/cs\/wp-json\/wp\/v2\/media\/4704"}],"wp:attachment":[{"href":"https:\/\/uoogear.com\/cs\/wp-json\/wp\/v2\/media?parent=4705"}],"wp:term":[{"taxonomy":"product_brand","embeddable":true,"href":"https:\/\/uoogear.com\/cs\/wp-json\/wp\/v2\/product_brand?post=4705"},{"taxonomy":"product_cat","embeddable":true,"href":"https:\/\/uoogear.com\/cs\/wp-json\/wp\/v2\/product_cat?post=4705"},{"taxonomy":"product_tag","embeddable":true,"href":"https:\/\/uoogear.com\/cs\/wp-json\/wp\/v2\/product_tag?post=4705"}],"curies":[{"name":"wp","href":"https:\/\/api.w.org\/{rel}","templated":true}]}}