{"id":4713,"date":"2023-11-14T02:18:36","date_gmt":"2023-11-14T02:18:36","guid":{"rendered":"https:\/\/uoogear.com\/product\/4-person-waterproof-high-quality-automatic-tent-large-glamping-family-camping-outdoor-tents\/"},"modified":"2023-11-30T02:41:21","modified_gmt":"2023-11-30T02:41:21","slug":"4-person-waterproof-high-quality-automatic-tent-large-glamping-family-camping-outdoor-tents","status":"publish","type":"product","link":"https:\/\/uoogear.com\/cs\/produkt\/4-person-waterproof-high-quality-automatic-tent-large-glamping-family-camping-outdoor-tents\/","title":{"rendered":"Vodot\u011bsn\u00fd vysoce kvalitn\u00ed automatick\u00fd stan pro 4 osoby Velk\u00e9 venkovn\u00ed stany pro rodinn\u00e9 kempov\u00e1n\u00ed Glamping"},"content":{"rendered":"<ul>\n<li><strong>Tkanina: <\/strong> Polyester<\/li>\n<li><strong>Index vod\u011bodolnosti vn\u011bj\u0161\u00edho stanu: <\/strong> 2000-3000 mm<\/li>\n<li><strong>Spodn\u00ed index vod\u011bodolnosti: <\/strong> 2000-3000 mm<\/li>\n<li><strong>Typ budovy: <\/strong> Rychl\u00e9 automatick\u00e9 otev\u00edr\u00e1n\u00ed<\/li>\n<li><strong>Styl stanu: <\/strong> Trubkov\u00fd stanov\u00fd kol\u00edk<\/li>\n<li><strong>Sez\u00f3na : <\/strong> \u010cty\u0159sez\u00f3nn\u00ed stan<\/li>\n<li><strong>Struktura: <\/strong> Jedna lo\u017enice<\/li>\n<li><strong>kotvi\u0161t\u011b: <\/strong> 3-4<\/li>\n<li><strong>V\u00fd\u0161ka (cm): <\/strong> 125<\/li>\n<li><strong>D\u00e9lka (cm): <\/strong> 240<\/li>\n<li><strong>\u0160\u00ed\u0159ka (cm): <\/strong> 210<\/li>\n<li><strong>Vod\u011bodoln\u00fd : <\/strong> 2000 mm<\/li>\n<li><strong>Materi\u00e1l tkaniny: <\/strong> 190T polyester<\/li>\n<li><strong>p\u00f3l: <\/strong> Sklolamin\u00e1t<\/li>\n<li><strong>Typ: <\/strong> Automatick\u00fd<\/li>\n<\/ul>\n<div>\n<div data-magic-global=\"%7B%22bizId%22%3A2348173885%2C%22pageId%22%3A21029157641%2C%22siteId%22%3A5005127539%7D\">\n<div>\n<div>\n<div>\n<div>\n<div>\n<div><\/div>\n<\/div>\n<\/div>\n<\/div>\n<\/div>\n<\/div>\n<div><\/div>\n<div>\n<div data-section=\"AliMagic-h5ytvg\" data-section-title=\"Product Display\">Zobrazen\u00ed produktu<\/div>\n<\/div>\n<div>\n<div>\n<div><img decoding=\"async\" src=\"\/\/sc04.alicdn.com\/kf\/H313aea8ae1a34f83981145fd50fbc7154\/222400006\/H313aea8ae1a34f83981145fd50fbc7154.jpg\" data-src=\"\/\/sc04.alicdn.com\/kf\/H313aea8ae1a34f83981145fd50fbc7154\/222400006\/H313aea8ae1a34f83981145fd50fbc7154.jpg\" \/><\/div>\n<div><img decoding=\"async\" src=\"\/\/sc04.alicdn.com\/kf\/H78089127b6d44307900b716104212c5eq\/222400006\/H78089127b6d44307900b716104212c5eq.jpg\" data-src=\"\/\/sc04.alicdn.com\/kf\/H78089127b6d44307900b716104212c5eq\/222400006\/H78089127b6d44307900b716104212c5eq.jpg\" \/><\/div>\n<div><img decoding=\"async\" src=\"\/\/sc04.alicdn.com\/kf\/H06b527045b17459d96177194485926d3J\/222400006\/H06b527045b17459d96177194485926d3J.jpg\" data-src=\"\/\/sc04.alicdn.com\/kf\/H06b527045b17459d96177194485926d3J\/222400006\/H06b527045b17459d96177194485926d3J.jpg\" \/><\/div>\n<div><img decoding=\"async\" src=\"\/\/sc04.alicdn.com\/kf\/Hbea7d80ec8984c53aa885f42baac625fq\/222400006\/Hbea7d80ec8984c53aa885f42baac625fq.jpg\" data-src=\"\/\/sc04.alicdn.com\/kf\/Hbea7d80ec8984c53aa885f42baac625fq\/222400006\/Hbea7d80ec8984c53aa885f42baac625fq.jpg\" \/><\/div>\n<div><img decoding=\"async\" src=\"\/\/sc04.alicdn.com\/kf\/H24ecfc2ecb0f453cb9f4aba3c7762bbao\/222400006\/H24ecfc2ecb0f453cb9f4aba3c7762bbao.jpg\" data-src=\"\/\/sc04.alicdn.com\/kf\/H24ecfc2ecb0f453cb9f4aba3c7762bbao\/222400006\/H24ecfc2ecb0f453cb9f4aba3c7762bbao.jpg\" \/><\/div>\n<div><img decoding=\"async\" src=\"\/\/sc04.alicdn.com\/kf\/H6f14be57d62b4368a9ea013da585dd95J\/222400006\/H6f14be57d62b4368a9ea013da585dd95J.jpg\" data-src=\"\/\/sc04.alicdn.com\/kf\/H6f14be57d62b4368a9ea013da585dd95J\/222400006\/H6f14be57d62b4368a9ea013da585dd95J.jpg\" \/><\/div>\n<\/div>\n<\/div>\n<div>\n<div data-magic=\" \" data-magic-status=\"done\">\n<div data-reactroot=\"\"><\/div>\n<\/div>\n<\/div>\n<\/div>\n<\/div>","protected":false},"excerpt":{"rendered":"<p>Tkanina : Polyester Vn\u011bj\u0161\u00ed stan Index vod\u011bodolnosti : 2000-3000 Mm Spodn\u00ed Vodot\u011bsnost : 2000-3000 Mm Typ budovy : Rychl\u00e9 automatick\u00e9 otev\u00edr\u00e1n\u00ed Styl stanu : Trubkov\u00fd typ Stan Stake Sez\u00f3na : \u010cty\u0159sez\u00f3nn\u00ed Struktura stanu : Jedna lo\u017enice V\u00fd\u0161ka l\u016f\u017eka : 3-4 cm): 125 D\u00e9lka (cm) : 240 \u0160\u00ed\u0159ka (cm) : 210 Vodot\u011bsnost : 2000 mm<\/p>\n<div class=\"read-more\"><a class=\"btn btn-fill-out\" href=\"https:\/\/uoogear.com\/cs\/produkt\/4-person-waterproof-high-quality-automatic-tent-large-glamping-family-camping-outdoor-tents\/\">P\u0159e\u010dt\u011bte si v\u00edce<\/a><\/div>","protected":false},"featured_media":4712,"template":"","meta":[],"product_brand":[],"product_cat":[15],"product_tag":[],"class_list":{"0":"post-4713","1":"product","2":"type-product","3":"status-publish","4":"has-post-thumbnail","6":"product_cat-uncategorized","7":"tm-no-options","9":"first","10":"instock","11":"shipping-taxable","12":"purchasable","13":"product-type-variable"},"_links":{"self":[{"href":"https:\/\/uoogear.com\/cs\/wp-json\/wp\/v2\/product\/4713","targetHints":{"allow":["GET"]}}],"collection":[{"href":"https:\/\/uoogear.com\/cs\/wp-json\/wp\/v2\/product"}],"about":[{"href":"https:\/\/uoogear.com\/cs\/wp-json\/wp\/v2\/types\/product"}],"wp:featuredmedia":[{"embeddable":true,"href":"https:\/\/uoogear.com\/cs\/wp-json\/wp\/v2\/media\/4712"}],"wp:attachment":[{"href":"https:\/\/uoogear.com\/cs\/wp-json\/wp\/v2\/media?parent=4713"}],"wp:term":[{"taxonomy":"product_brand","embeddable":true,"href":"https:\/\/uoogear.com\/cs\/wp-json\/wp\/v2\/product_brand?post=4713"},{"taxonomy":"product_cat","embeddable":true,"href":"https:\/\/uoogear.com\/cs\/wp-json\/wp\/v2\/product_cat?post=4713"},{"taxonomy":"product_tag","embeddable":true,"href":"https:\/\/uoogear.com\/cs\/wp-json\/wp\/v2\/product_tag?post=4713"}],"curies":[{"name":"wp","href":"https:\/\/api.w.org\/{rel}","templated":true}]}}