{"id":4731,"date":"2023-11-14T02:21:06","date_gmt":"2023-11-14T02:21:06","guid":{"rendered":"https:\/\/uoogear.com\/product\/double-layer-automatic-family-tent-outdoor-camping-portable-travelling-tents\/"},"modified":"2023-11-30T02:52:53","modified_gmt":"2023-11-30T02:52:53","slug":"double-layer-automatic-family-tent-outdoor-camping-portable-travelling-tents","status":"publish","type":"product","link":"https:\/\/uoogear.com\/cs\/produkt\/double-layer-automatic-family-tent-outdoor-camping-portable-travelling-tents\/","title":{"rendered":"Dvouvrstv\u00fd automatick\u00fd rodinn\u00fd stan Outdoor Camping P\u0159enosn\u00e9 cestovn\u00ed stany"},"content":{"rendered":"<ul>\n<li><strong>Plocha : <\/strong> 3\u33a1<\/li>\n<li><strong>Tkanina: <\/strong> Polyester<\/li>\n<li><strong>Index vod\u011bodolnosti vn\u011bj\u0161\u00edho stanu: <\/strong> 2000-3000 mm<\/li>\n<li><strong>Spodn\u00ed index vod\u011bodolnosti: <\/strong> 2000-3000 mm<\/li>\n<li><strong>Typ budovy: <\/strong> Rychl\u00e9 automatick\u00e9 otev\u00edr\u00e1n\u00ed<\/li>\n<li><strong>Styl stanu: <\/strong> Trubkov\u00fd stanov\u00fd kol\u00edk<\/li>\n<li><strong>Sez\u00f3na : <\/strong> \u010cty\u0159sez\u00f3nn\u00ed stan<\/li>\n<li><strong>Struktura: <\/strong> Jedna lo\u017enice<\/li>\n<li><strong>kotvi\u0161t\u011b: <\/strong> 3-4<\/li>\n<li><strong>Lo\u017enice: <\/strong> 1<\/li>\n<li><strong>V\u00e1ha (kg) : <\/strong> 3.7<\/li>\n<li><strong>V\u00fd\u0161ka (cm): <\/strong> 135<\/li>\n<li><strong>D\u00e9lka (cm): <\/strong> 210<\/li>\n<li><strong>\u0160\u00ed\u0159ka (cm): <\/strong> 240<\/li>\n<li><strong>vod\u011bodoln\u00fd (mm): <\/strong> 2000-3000<\/li>\n<li><strong>Materi\u00e1l ty\u010de: <\/strong> Sklen\u011bn\u00e9 vl\u00e1kno<\/li>\n<li><strong>Barva : <\/strong> p\u0159izp\u016fsoben\u00ed<\/li>\n<li><strong>Doporu\u010den\u00e9 pou\u017eit\u00ed: <\/strong> stan na kempov\u00e1n\u00ed<\/li>\n<\/ul>\n<div>\n<div data-magic-global=\"%7B%22bizId%22%3A2348173885%2C%22pageId%22%3A21049659631%2C%22siteId%22%3A5005127539%7D\">\n<div>\n<div>\n<div>\n<div>\n<div>\n<div><\/div>\n<\/div>\n<\/div>\n<\/div>\n<\/div>\n<\/div>\n<div>\n<div>\n<table>\n<tbody>\n<tr>\n<td>\n<div>\n<div data-spm-anchor-id=\"0.0.0.i16.3eaf4f05ECnIkX\">L\u00e9tat<\/div>\n<\/div>\n<\/td>\n<td>\n<div>\n<div data-spm-anchor-id=\"0.0.0.i33.3eaf4f05ECnIkX\">Polyuretan<\/div>\n<\/div>\n<\/td>\n<td>\n<div>\n<div>Vnit\u0159n\u00ed<\/div>\n<\/div>\n<\/td>\n<td>\n<div>\n<div data-spm-anchor-id=\"0.0.0.i34.3eaf4f05ECnIkX\">S\u00ed\u0165ovina B3<\/div>\n<\/div>\n<\/td>\n<\/tr>\n<tr>\n<td>\n<div>\n<div>Vrstvy<\/div>\n<\/div>\n<\/td>\n<td>\n<div>\n<div data-spm-anchor-id=\"0.0.0.i39.3eaf4f05ECnIkX\">2<\/div>\n<\/div>\n<\/td>\n<td>\n<div>\n<div>Vod\u011bodoln\u00fd<\/div>\n<\/div>\n<\/td>\n<td>\n<div>\n<div data-spm-anchor-id=\"0.0.0.i4.3eaf4f05uSBrU9\">2000-3000 mm<\/div>\n<\/div>\n<\/td>\n<\/tr>\n<tr>\n<td>\n<div>\n<div data-spm-anchor-id=\"a2700.siteadmin.0.i1.70a633332xVGCP\">galerijn\u00ed<\/div>\n<\/div>\n<\/td>\n<td>\n<div>\n<div data-spm-anchor-id=\"0.0.0.i13.3eaf4f05ECnIkX\">3-4<\/div>\n<\/div>\n<\/td>\n<td>\n<div>\n<div>Podlaha<\/div>\n<\/div>\n<\/td>\n<td>\n<div>\n<div data-spm-anchor-id=\"0.0.0.i42.3eaf4f05ECnIkX\">150D Oxford<\/div>\n<\/div>\n<\/td>\n<\/tr>\n<tr>\n<td>\n<div>\n<div>P\u00f3l<\/div>\n<\/div>\n<\/td>\n<td>\n<div>\n<div data-spm-anchor-id=\"0.0.0.i44.3eaf4f05ECnIkX\">lamin\u00e1t<\/div>\n<\/div>\n<\/td>\n<td>\n<div>\n<div>Hmotnost<\/div>\n<\/div>\n<\/td>\n<td>\n<div>\n<div data-spm-anchor-id=\"0.0.0.i5.3eaf4f05uSBrU9\">3,7 kg<\/div>\n<\/div>\n<\/td>\n<\/tr>\n<tr>\n<td>\n<div>\n<div>Velikost<\/div>\n<\/div>\n<\/td>\n<td>\n<div>\n<div data-spm-anchor-id=\"0.0.0.i41.3eaf4f05ECnIkX\">240*210*135cm (\u0160 x H x V)<\/div>\n<\/div>\n<\/td>\n<td>\n<div>\n<div>Podlahov\u00e1 plocha<\/div>\n<\/div>\n<\/td>\n<td>\n<div>\n<div data-spm-anchor-id=\"0.0.0.i45.3eaf4f05ECnIkX\">5<\/div>\n<\/div>\n<\/td>\n<\/tr>\n<tr>\n<td>\n<div>\n<div>Balen\u00ed<\/div>\n<\/div>\n<\/td>\n<td>\n<div>\n<div data-spm-anchor-id=\"0.0.0.i46.3eaf4f05ECnIkX\">Rozm\u011bry 68*33*22 cm<\/div>\n<\/div>\n<\/td>\n<td>\n<div>\n<div data-spm-anchor-id=\"a2700.siteadmin.0.i2.65e43333ALmggU\">P\u0159\u00edslu\u0161enstv\u00ed<\/div>\n<\/div>\n<\/td>\n<td>\n<div>\n<div data-spm-anchor-id=\"0.0.0.i48.3eaf4f05ECnIkX\">YNS<\/div>\n<\/div>\n<\/td>\n<\/tr>\n<\/tbody>\n<\/table>\n<\/div>\n<\/div>\n<div>\n<div data-section=\"AliMagic-fbkogz\" data-section-title=\"Product Display\">Zobrazen\u00ed produktu<\/div>\n<\/div>\n<div>\n<div>\n<div><img decoding=\"async\" src=\"\/\/sc04.alicdn.com\/kf\/Hfe862935d6b64ef3beb632dcfcaeba59i\/222400006\/Hfe862935d6b64ef3beb632dcfcaeba59i.jpg\" data-src=\"\/\/sc04.alicdn.com\/kf\/Hfe862935d6b64ef3beb632dcfcaeba59i\/222400006\/Hfe862935d6b64ef3beb632dcfcaeba59i.jpg\" \/><\/div>\n<div><img decoding=\"async\" src=\"\/\/sc04.alicdn.com\/kf\/H9987112b7eca4683bca2a11c8d63c877A\/222400006\/H9987112b7eca4683bca2a11c8d63c877A.jpg\" data-src=\"\/\/sc04.alicdn.com\/kf\/H9987112b7eca4683bca2a11c8d63c877A\/222400006\/H9987112b7eca4683bca2a11c8d63c877A.jpg\" \/><\/div>\n<div><img decoding=\"async\" src=\"\/\/sc04.alicdn.com\/kf\/He920995853e640e1b6e2f5eaf2557712D\/222400006\/He920995853e640e1b6e2f5eaf2557712D.jpg\" data-src=\"\/\/sc04.alicdn.com\/kf\/He920995853e640e1b6e2f5eaf2557712D\/222400006\/He920995853e640e1b6e2f5eaf2557712D.jpg\" \/><\/div>\n<div><img decoding=\"async\" src=\"\/\/sc04.alicdn.com\/kf\/H50dcf3e6b57740f6963df6f06fc9552aw\/222400006\/H50dcf3e6b57740f6963df6f06fc9552aw.jpg\" data-src=\"\/\/sc04.alicdn.com\/kf\/H50dcf3e6b57740f6963df6f06fc9552aw\/222400006\/H50dcf3e6b57740f6963df6f06fc9552aw.jpg\" \/><\/div>\n<div><img decoding=\"async\" src=\"\/\/sc04.alicdn.com\/kf\/H188881ad6eb644e689006ed53a73166dF\/222400006\/H188881ad6eb644e689006ed53a73166dF.jpg\" data-src=\"\/\/sc04.alicdn.com\/kf\/H188881ad6eb644e689006ed53a73166dF\/222400006\/H188881ad6eb644e689006ed53a73166dF.jpg\" \/><\/div>\n<div><img decoding=\"async\" src=\"\/\/sc04.alicdn.com\/kf\/Hc924941301ba46f9ace0aabb74f1e79fs\/222400006\/Hc924941301ba46f9ace0aabb74f1e79fs.png\" data-src=\"\/\/sc04.alicdn.com\/kf\/Hc924941301ba46f9ace0aabb74f1e79fs\/222400006\/Hc924941301ba46f9ace0aabb74f1e79fs.png\" \/><\/div>\n<div><img decoding=\"async\" src=\"\/\/sc04.alicdn.com\/kf\/Hf477e6dc0f5f43a0ae294952dfe15ca7Y\/222400006\/Hf477e6dc0f5f43a0ae294952dfe15ca7Y.jpg\" data-src=\"\/\/sc04.alicdn.com\/kf\/Hf477e6dc0f5f43a0ae294952dfe15ca7Y\/222400006\/Hf477e6dc0f5f43a0ae294952dfe15ca7Y.jpg\" \/><\/div>\n<div><img decoding=\"async\" src=\"\/\/sc04.alicdn.com\/kf\/H00840482920648a487dc45d451dbe55dE\/222400006\/H00840482920648a487dc45d451dbe55dE.jpg\" data-src=\"\/\/sc04.alicdn.com\/kf\/H00840482920648a487dc45d451dbe55dE\/222400006\/H00840482920648a487dc45d451dbe55dE.jpg\" \/><\/div>\n<\/div>\n<\/div>\n<div>\n<div data-magic=\" \" data-magic-status=\"done\">\n<div data-reactroot=\"\"><\/div>\n<\/div>\n<\/div>\n<\/div>\n<\/div>","protected":false},"excerpt":{"rendered":"<p>Plocha : 3 \u33a1 Tkanina : Polyester Vn\u011bj\u0161\u00ed stan Vodot\u011bsnost : 2000-3000 Mm Spodn\u00ed Vodot\u011bsnost : 2000-3000 Mm Typ budovy : Rychl\u00e9 automatick\u00e9 otev\u00edr\u00e1n\u00ed Styl stanu : Trubkov\u00fd typ Stan Stake Sez\u00f3na : \u010cty\u0159sez\u00f3nn\u00ed Struktura stanu : Jednolo\u017enicov\u00e1 -4 lo\u017enice : 1 Hmotnost (kg) : 3,7 V\u00fd\u0161ka (cm) : 135<\/p>\n<div class=\"read-more\"><a class=\"btn btn-fill-out\" href=\"https:\/\/uoogear.com\/cs\/produkt\/double-layer-automatic-family-tent-outdoor-camping-portable-travelling-tents\/\">P\u0159e\u010dt\u011bte si v\u00edce<\/a><\/div>","protected":false},"featured_media":4730,"template":"","meta":[],"product_brand":[],"product_cat":[15],"product_tag":[],"class_list":{"0":"post-4731","1":"product","2":"type-product","3":"status-publish","4":"has-post-thumbnail","6":"product_cat-uncategorized","7":"tm-no-options","9":"first","10":"instock","11":"shipping-taxable","12":"purchasable","13":"product-type-variable"},"_links":{"self":[{"href":"https:\/\/uoogear.com\/cs\/wp-json\/wp\/v2\/product\/4731","targetHints":{"allow":["GET"]}}],"collection":[{"href":"https:\/\/uoogear.com\/cs\/wp-json\/wp\/v2\/product"}],"about":[{"href":"https:\/\/uoogear.com\/cs\/wp-json\/wp\/v2\/types\/product"}],"wp:featuredmedia":[{"embeddable":true,"href":"https:\/\/uoogear.com\/cs\/wp-json\/wp\/v2\/media\/4730"}],"wp:attachment":[{"href":"https:\/\/uoogear.com\/cs\/wp-json\/wp\/v2\/media?parent=4731"}],"wp:term":[{"taxonomy":"product_brand","embeddable":true,"href":"https:\/\/uoogear.com\/cs\/wp-json\/wp\/v2\/product_brand?post=4731"},{"taxonomy":"product_cat","embeddable":true,"href":"https:\/\/uoogear.com\/cs\/wp-json\/wp\/v2\/product_cat?post=4731"},{"taxonomy":"product_tag","embeddable":true,"href":"https:\/\/uoogear.com\/cs\/wp-json\/wp\/v2\/product_tag?post=4731"}],"curies":[{"name":"wp","href":"https:\/\/api.w.org\/{rel}","templated":true}]}}