{"id":4740,"date":"2023-11-14T02:22:01","date_gmt":"2023-11-14T02:22:01","guid":{"rendered":"https:\/\/uoogear.com\/product\/outdoor-waterproof-portable-camping-tents-4-person-glamping-hiking-automatic-tent\/"},"modified":"2023-11-30T02:52:35","modified_gmt":"2023-11-30T02:52:35","slug":"outdoor-waterproof-portable-camping-tents-4-person-glamping-hiking-automatic-tent","status":"publish","type":"product","link":"https:\/\/uoogear.com\/cs\/produkt\/outdoor-waterproof-portable-camping-tents-4-person-glamping-hiking-automatic-tent\/","title":{"rendered":"Venkovn\u00ed vod\u011bodoln\u00e9 p\u0159enosn\u00e9 kempingov\u00e9 stany Glamping Automatick\u00fd turistick\u00fd stan pro 4 osoby"},"content":{"rendered":"<ul>\n<li><strong>Tkanina: <\/strong> Polyester<\/li>\n<li><strong>Index vod\u011bodolnosti vn\u011bj\u0161\u00edho stanu: <\/strong> 2000-3000 mm<\/li>\n<li><strong>Spodn\u00ed index vod\u011bodolnosti: <\/strong> 2000-3000 mm<\/li>\n<li><strong>Typ budovy: <\/strong> Rychl\u00e9 automatick\u00e9 otev\u00edr\u00e1n\u00ed<\/li>\n<li><strong>Styl stanu: <\/strong> Trubkov\u00fd stanov\u00fd kol\u00edk<\/li>\n<li><strong>Sez\u00f3na : <\/strong> \u010cty\u0159sez\u00f3nn\u00ed stan<\/li>\n<li><strong>Struktura: <\/strong> Jedna lo\u017enice<\/li>\n<li><strong>kotvi\u0161t\u011b: <\/strong> 4<\/li>\n<li><strong>Lo\u017enice: <\/strong> 1<\/li>\n<li><strong>V\u00e1ha (kg) : <\/strong> 5.2<\/li>\n<li><strong>V\u00fd\u0161ka (cm): <\/strong> 125<\/li>\n<li><strong>D\u00e9lka (cm): <\/strong> 210<\/li>\n<li><strong>\u0160\u00ed\u0159ka (cm): <\/strong> 240<\/li>\n<li><strong>Materi\u00e1l ty\u010de: <\/strong> Sklen\u011bn\u00e9 vl\u00e1kno<\/li>\n<li><strong>Let\u00e1k: <\/strong> 190T polyesterov\u00fd taft<\/li>\n<li><strong>K\u016fl : <\/strong> 8ks<\/li>\n<li><strong>lano: <\/strong> 4ks<\/li>\n<\/ul>\n<div>\n<div data-magic-global=\"%7B%22bizId%22%3A2348173885%2C%22pageId%22%3A21027794595%2C%22siteId%22%3A5005127539%7D\">\n<div>\n<div>\n<div>\n<div>\n<div>\n<div><\/div>\n<\/div>\n<\/div>\n<\/div>\n<\/div>\n<\/div>\n<div>\n<div>\n<table>\n<tbody>\n<tr>\n<td>\n<div>\n<div data-spm-anchor-id=\"0.0.0.i16.3eaf4f05ECnIkX\">Pl\u00e1\u0161t\u011bnka<\/div>\n<\/div>\n<\/td>\n<td>\n<div>\n<div data-spm-anchor-id=\"0.0.0.i33.3eaf4f05ECnIkX\">Ployester 190T<\/div>\n<\/div>\n<\/td>\n<td>\n<div>\n<div>Vnit\u0159n\u00ed<\/div>\n<\/div>\n<\/td>\n<td>\n<div>\n<div data-spm-anchor-id=\"0.0.0.i34.3eaf4f05ECnIkX\">S\u00ed\u0165ovina B3<\/div>\n<\/div>\n<\/td>\n<\/tr>\n<tr>\n<td>\n<div>\n<div>Vrstvy<\/div>\n<\/div>\n<\/td>\n<td>\n<div>\n<div data-spm-anchor-id=\"0.0.0.i39.3eaf4f05ECnIkX\">1<\/div>\n<\/div>\n<\/td>\n<td>\n<div>\n<div>Vod\u011bodoln\u00fd<\/div>\n<\/div>\n<\/td>\n<td>\n<div>\n<div data-spm-anchor-id=\"0.0.0.i4.3eaf4f05uSBrU9\">2000-3000 mm<\/div>\n<\/div>\n<\/td>\n<\/tr>\n<tr>\n<td>\n<div>\n<div>kapacita<\/div>\n<\/div>\n<\/td>\n<td>\n<div>\n<div data-spm-anchor-id=\"0.0.0.i13.3eaf4f05ECnIkX\">3-4<\/div>\n<\/div>\n<\/td>\n<td>\n<div>\n<div>Podlaha<\/div>\n<\/div>\n<\/td>\n<td>\n<div>\n<div data-spm-anchor-id=\"0.0.0.i42.3eaf4f05ECnIkX\">150D Oxford<\/div>\n<\/div>\n<\/td>\n<\/tr>\n<tr>\n<td>\n<div>\n<div>P\u00f3l<\/div>\n<\/div>\n<\/td>\n<td>\n<div>\n<div data-spm-anchor-id=\"0.0.0.i44.3eaf4f05ECnIkX\">Sklen\u011bn\u00e9 vl\u00e1kno<\/div>\n<\/div>\n<\/td>\n<td>\n<div>\n<div>Hmotnost<\/div>\n<\/div>\n<\/td>\n<td>\n<div>\n<div data-spm-anchor-id=\"0.0.0.i5.3eaf4f05uSBrU9\">5,2 kg<\/div>\n<\/div>\n<\/td>\n<\/tr>\n<tr>\n<td>\n<div>\n<div>Velikost<\/div>\n<\/div>\n<\/td>\n<td>\n<div>\n<div data-spm-anchor-id=\"0.0.0.i41.3eaf4f05ECnIkX\">240*210*125cm (\u0160 x H x V)<\/div>\n<\/div>\n<\/td>\n<td>\n<div>\n<div data-spm-anchor-id=\"a2700.pc-decorate.0.i8.2c9a3333BkjTOa\">Styl<\/div>\n<\/div>\n<\/td>\n<td>\n<div>\n<div data-spm-anchor-id=\"0.0.0.i45.3eaf4f05ECnIkX\">Automatick\u00fd<\/div>\n<\/div>\n<\/td>\n<\/tr>\n<tr>\n<td>\n<div>\n<div>Balen\u00ed<\/div>\n<\/div>\n<\/td>\n<td>\n<div>\n<div data-spm-anchor-id=\"0.0.0.i46.3eaf4f05ECnIkX\">\u016087 x H15 x V15 cm<\/div>\n<\/div>\n<\/td>\n<td>\n<div>\n<div data-spm-anchor-id=\"a2700.siteadmin.0.i2.65e43333ALmggU\">P\u0159\u00edslu\u0161enstv\u00ed<\/div>\n<\/div>\n<\/td>\n<td>\n<div>\n<div data-spm-anchor-id=\"0.0.0.i48.3eaf4f05ECnIkX\">YNS<\/div>\n<\/div>\n<\/td>\n<\/tr>\n<\/tbody>\n<\/table>\n<\/div>\n<\/div>\n<div>\n<div data-section=\"AliMagic-ld6hwv\" data-section-title=\"Product Display\">Zobrazen\u00ed produktu<\/div>\n<\/div>\n<div>\n<div>\n<div><\/div>\n<div><\/div>\n<div><\/div>\n<div><img decoding=\"async\" src=\"\/\/sc04.alicdn.com\/kf\/H856ef7e5714642b49db4cf70b3e9adb0E\/222400006\/H856ef7e5714642b49db4cf70b3e9adb0E.jpg\" data-src=\"\/\/sc04.alicdn.com\/kf\/H856ef7e5714642b49db4cf70b3e9adb0E\/222400006\/H856ef7e5714642b49db4cf70b3e9adb0E.jpg\" \/><\/div>\n<div><img decoding=\"async\" src=\"\/\/sc04.alicdn.com\/kf\/H8c0993d71e8a4c1cbc59a6f51bab9cff9\/222400006\/H8c0993d71e8a4c1cbc59a6f51bab9cff9.jpg\" data-src=\"\/\/sc04.alicdn.com\/kf\/H8c0993d71e8a4c1cbc59a6f51bab9cff9\/222400006\/H8c0993d71e8a4c1cbc59a6f51bab9cff9.jpg\" \/><\/div>\n<div><img decoding=\"async\" src=\"\/\/sc04.alicdn.com\/kf\/Hffd9146525f54b97ac2fd270bf08c841c\/222400006\/Hffd9146525f54b97ac2fd270bf08c841c.jpg\" data-src=\"\/\/sc04.alicdn.com\/kf\/Hffd9146525f54b97ac2fd270bf08c841c\/222400006\/Hffd9146525f54b97ac2fd270bf08c841c.jpg\" \/><\/div>\n<\/div>\n<\/div>\n<div>\n<div data-magic=\" \" data-magic-status=\"done\">\n<div data-reactroot=\"\"><\/div>\n<\/div>\n<\/div>\n<\/div>\n<\/div>","protected":false},"excerpt":{"rendered":"<p>Tkanina : Polyester Vodot\u011bsnost vn\u011bj\u0161\u00edho stanu : 2000-3000 Mm Spodn\u00ed Vodot\u011bsnost : 2000-3000 Mm Typ budovy : Rychl\u00e9 automatick\u00e9 otev\u00edr\u00e1n\u00ed Styl stanu : Trubkov\u00fd typ Stanov\u00fd kol\u00edk Sez\u00f3na : \u010cty\u0159sez\u00f3nn\u00ed Struktura stanu : Jedna lo\u017enice L\u016f\u017eko : 4 lo\u017enice (kg) : 5,2 V\u00fd\u0161ka (cm) : 125 D\u00e9lka (cm) : 210<\/p>\n<div class=\"read-more\"><a class=\"btn btn-fill-out\" href=\"https:\/\/uoogear.com\/cs\/produkt\/outdoor-waterproof-portable-camping-tents-4-person-glamping-hiking-automatic-tent\/\">P\u0159e\u010dt\u011bte si v\u00edce<\/a><\/div>","protected":false},"featured_media":4739,"template":"","meta":[],"product_brand":[],"product_cat":[15],"product_tag":[],"class_list":{"0":"post-4740","1":"product","2":"type-product","3":"status-publish","4":"has-post-thumbnail","6":"product_cat-uncategorized","7":"tm-no-options","9":"first","10":"instock","11":"shipping-taxable","12":"purchasable","13":"product-type-variable"},"_links":{"self":[{"href":"https:\/\/uoogear.com\/cs\/wp-json\/wp\/v2\/product\/4740","targetHints":{"allow":["GET"]}}],"collection":[{"href":"https:\/\/uoogear.com\/cs\/wp-json\/wp\/v2\/product"}],"about":[{"href":"https:\/\/uoogear.com\/cs\/wp-json\/wp\/v2\/types\/product"}],"wp:featuredmedia":[{"embeddable":true,"href":"https:\/\/uoogear.com\/cs\/wp-json\/wp\/v2\/media\/4739"}],"wp:attachment":[{"href":"https:\/\/uoogear.com\/cs\/wp-json\/wp\/v2\/media?parent=4740"}],"wp:term":[{"taxonomy":"product_brand","embeddable":true,"href":"https:\/\/uoogear.com\/cs\/wp-json\/wp\/v2\/product_brand?post=4740"},{"taxonomy":"product_cat","embeddable":true,"href":"https:\/\/uoogear.com\/cs\/wp-json\/wp\/v2\/product_cat?post=4740"},{"taxonomy":"product_tag","embeddable":true,"href":"https:\/\/uoogear.com\/cs\/wp-json\/wp\/v2\/product_tag?post=4740"}],"curies":[{"name":"wp","href":"https:\/\/api.w.org\/{rel}","templated":true}]}}