{"id":4758,"date":"2023-11-14T02:24:57","date_gmt":"2023-11-14T02:24:57","guid":{"rendered":"https:\/\/uoogear.com\/product\/2022-hot-selling-waterproof-four-seasons-glamping-family-bell-tepe-canvas-tents-camping-outdoor-automatic-tent\/"},"modified":"2023-11-30T02:52:08","modified_gmt":"2023-11-30T02:52:08","slug":"2022-hot-selling-waterproof-four-seasons-glamping-family-bell-tepe-canvas-tents-camping-outdoor-automatic-tent","status":"publish","type":"product","link":"https:\/\/uoogear.com\/cs\/produkt\/2022-hot-selling-waterproof-four-seasons-glamping-family-bell-tepe-canvas-tents-camping-outdoor-automatic-tent\/","title":{"rendered":"2022 Hot Selling Vodot\u011bsn\u00fd Four Seasons Glamping Family Pl\u00e1t\u011bn\u00e9 stany Bell Tepe Camping Venkovn\u00ed automatick\u00fd stan"},"content":{"rendered":"<ul>\n<li><strong>Plocha : <\/strong> 6 metr\u016f \u010dtvere\u010dn\u00edch<\/li>\n<li><strong>Tkanina: <\/strong> polyester<\/li>\n<li><strong>Index vod\u011bodolnosti vn\u011bj\u0161\u00edho stanu: <\/strong> 2000-3000 mm, &gt;2000 mm<\/li>\n<li><strong>Spodn\u00ed index vod\u011bodolnosti: <\/strong> 2000-3000 mm, &gt;2000 mm<\/li>\n<li><strong>Typ budovy: <\/strong> Konstrukce na z\u00e1klad\u011b pot\u0159eby<\/li>\n<li><strong>Styl stanu: <\/strong> Trubkov\u00fd stanov\u00fd kol\u00edk<\/li>\n<li><strong>Sez\u00f3na : <\/strong> \u010cty\u0159sez\u00f3nn\u00ed stan<\/li>\n<li><strong>Struktura: <\/strong> Jedna lo\u017enice a jeden ob\u00fdvac\u00ed pokoj, velk\u00e9 lo\u017enice\/ob\u00fdvac\u00ed pokoj<\/li>\n<li><strong>Materi\u00e1l ty\u010de: <\/strong> ocel<\/li>\n<li><strong>Kapacita: <\/strong> 4<\/li>\n<li><strong>kl\u00ed\u010dov\u00e1 slova: <\/strong> kupolov\u00fd stan<\/li>\n<li><strong>styl: <\/strong> stany pro akce party<\/li>\n<li><strong>Hmotnost balen\u00ed: <\/strong> 5 kg<\/li>\n<li><strong>Velikost balen\u00ed : <\/strong> Rozm\u011br 63*30*30 cm<\/li>\n<li><strong>tvar: <\/strong> pl\u00e1\u017eov\u00fd stan<\/li>\n<\/ul>\n<div>\n<div data-magic-global=\"%7B%22bizId%22%3A2348173885%2C%22pageId%22%3A5040934770%2C%22siteId%22%3A5005127539%7D\">\n<div><\/div>\n<div><\/div>\n<div>\n<div data-section=\"AliMagic-q0f28m\" data-section-title=\"Product Display\">Zobrazen\u00ed produktu<\/div>\n<\/div>\n<div>\n<div>\n<div>\n<div>\n<div>\n<div><a href=\"https:\/\/cnhomestar.en.alibaba.com\/product\/60708146656-805607772\/factory_supplier_Iron_pole_large_family_camping_high_quality_5_8_people_waterproof_party_tent.html\" target=\"_blank\" rel=\"noopener\"><img decoding=\"async\" src=\"\/\/sc01.alicdn.com\/kf\/Hb0e8f48946944fb7bd90fba2384b89a5A\/222400006\/Hb0e8f48946944fb7bd90fba2384b89a5A.jpg\" data-src=\"\/\/sc01.alicdn.com\/kf\/Hb0e8f48946944fb7bd90fba2384b89a5A\/222400006\/Hb0e8f48946944fb7bd90fba2384b89a5A.jpg\" \/><\/a><\/div>\n<\/div>\n<\/div>\n<\/div>\n<\/div>\n<\/div>\n<div>\n<div>\n<div>\n<div>\n<div>\n<div><img decoding=\"async\" src=\"\/\/sc01.alicdn.com\/kf\/H05de30f014bc48c482f0a260949756b5M\/222400006\/H05de30f014bc48c482f0a260949756b5M.jpg\" data-src=\"\/\/sc01.alicdn.com\/kf\/H05de30f014bc48c482f0a260949756b5M\/222400006\/H05de30f014bc48c482f0a260949756b5M.jpg\" \/><\/div>\n<\/div>\n<\/div>\n<\/div>\n<\/div>\n<\/div>\n<div>\n<div>\n<div>\n<div>\n<div>\n<div><img decoding=\"async\" src=\"\/\/sc01.alicdn.com\/kf\/H5dfc336d509b4f03b92835892822bf08U\/222400006\/H5dfc336d509b4f03b92835892822bf08U.jpg\" data-src=\"\/\/sc01.alicdn.com\/kf\/H5dfc336d509b4f03b92835892822bf08U\/222400006\/H5dfc336d509b4f03b92835892822bf08U.jpg\" \/><\/div>\n<\/div>\n<\/div>\n<\/div>\n<\/div>\n<\/div>\n<div>\n<div>\n<div>\n<div>\n<div>\n<div><img decoding=\"async\" src=\"\/\/sc01.alicdn.com\/kf\/H506bd69ace7d4b6ca68902d845d0a327i\/222400006\/H506bd69ace7d4b6ca68902d845d0a327i.jpg\" data-src=\"\/\/sc01.alicdn.com\/kf\/H506bd69ace7d4b6ca68902d845d0a327i\/222400006\/H506bd69ace7d4b6ca68902d845d0a327i.jpg\" \/><\/div>\n<\/div>\n<\/div>\n<\/div>\n<\/div>\n<\/div>\n<div>\n<div>\n<div>\n<div>\n<div>\n<div><img decoding=\"async\" src=\"\/\/sc02.alicdn.com\/kf\/H88a7f2c769aa48f79f007c1e02708400R\/222400006\/H88a7f2c769aa48f79f007c1e02708400R.jpg\" data-src=\"\/\/sc02.alicdn.com\/kf\/H88a7f2c769aa48f79f007c1e02708400R\/222400006\/H88a7f2c769aa48f79f007c1e02708400R.jpg\" \/><\/div>\n<\/div>\n<\/div>\n<\/div>\n<\/div>\n<\/div>\n<div>\n<div>\n<div>\n<div>\n<div>\n<div><img decoding=\"async\" src=\"\/\/sc02.alicdn.com\/kf\/H7085c2cdcc5a4766ab296c07dd0e52314\/222400006\/H7085c2cdcc5a4766ab296c07dd0e52314.jpg\" data-src=\"\/\/sc02.alicdn.com\/kf\/H7085c2cdcc5a4766ab296c07dd0e52314\/222400006\/H7085c2cdcc5a4766ab296c07dd0e52314.jpg\" \/><\/div>\n<\/div>\n<\/div>\n<\/div>\n<\/div>\n<\/div>\n<div>\n<div>\n<div>\n<div>\n<div>\n<div><img decoding=\"async\" src=\"\/\/sc02.alicdn.com\/kf\/Hed3bc8aec1424834b50e4a338a55df70N\/222400006\/Hed3bc8aec1424834b50e4a338a55df70N.jpg\" data-src=\"\/\/sc02.alicdn.com\/kf\/Hed3bc8aec1424834b50e4a338a55df70N\/222400006\/Hed3bc8aec1424834b50e4a338a55df70N.jpg\" \/><\/div>\n<\/div>\n<\/div>\n<\/div>\n<\/div>\n<\/div>\n<div>\n<div>\n<div>\n<div>\n<div>\n<div><\/div>\n<\/div>\n<\/div>\n<\/div>\n<\/div>\n<\/div>\n<\/div>\n<\/div>","protected":false},"excerpt":{"rendered":"<p>Plocha : 6 metr \u010dtvere\u010dn\u00edch L\u00e1tka : polyester Vn\u011bj\u0161\u00ed stan Vodot\u011bsnost : 2000-3000 Mm, &gt;2000 mm Spodn\u00ed Vodot\u011bsnost : 2000-3000 Mm, &gt;2000 mm Typ budovy : Konstrukce zalo\u017een\u00e1 na pot\u0159eb\u011b Styl stanu : Trubkov\u00fd typ Stanoven\u00ed stanu Sez\u00f3na : \u010dty\u0159i - Struktura stanu pro sez\u00f3nu: Jedna lo\u017enice a jeden ob\u00fdvac\u00ed pokoj, velk\u00e9 lo\u017enice\/ob\u00fdvac\u00ed pokoj sloup<\/p>\n<div class=\"read-more\"><a class=\"btn btn-fill-out\" href=\"https:\/\/uoogear.com\/cs\/produkt\/2022-hot-selling-waterproof-four-seasons-glamping-family-bell-tepe-canvas-tents-camping-outdoor-automatic-tent\/\">P\u0159e\u010dt\u011bte si v\u00edce<\/a><\/div>","protected":false},"featured_media":4757,"template":"","meta":[],"product_brand":[],"product_cat":[15],"product_tag":[],"class_list":{"0":"post-4758","1":"product","2":"type-product","3":"status-publish","4":"has-post-thumbnail","6":"product_cat-uncategorized","7":"tm-no-options","9":"first","10":"instock","11":"shipping-taxable","12":"purchasable","13":"product-type-variable"},"_links":{"self":[{"href":"https:\/\/uoogear.com\/cs\/wp-json\/wp\/v2\/product\/4758","targetHints":{"allow":["GET"]}}],"collection":[{"href":"https:\/\/uoogear.com\/cs\/wp-json\/wp\/v2\/product"}],"about":[{"href":"https:\/\/uoogear.com\/cs\/wp-json\/wp\/v2\/types\/product"}],"wp:featuredmedia":[{"embeddable":true,"href":"https:\/\/uoogear.com\/cs\/wp-json\/wp\/v2\/media\/4757"}],"wp:attachment":[{"href":"https:\/\/uoogear.com\/cs\/wp-json\/wp\/v2\/media?parent=4758"}],"wp:term":[{"taxonomy":"product_brand","embeddable":true,"href":"https:\/\/uoogear.com\/cs\/wp-json\/wp\/v2\/product_brand?post=4758"},{"taxonomy":"product_cat","embeddable":true,"href":"https:\/\/uoogear.com\/cs\/wp-json\/wp\/v2\/product_cat?post=4758"},{"taxonomy":"product_tag","embeddable":true,"href":"https:\/\/uoogear.com\/cs\/wp-json\/wp\/v2\/product_tag?post=4758"}],"curies":[{"name":"wp","href":"https:\/\/api.w.org\/{rel}","templated":true}]}}