{"id":4767,"date":"2023-11-14T02:26:09","date_gmt":"2023-11-14T02:26:09","guid":{"rendered":"https:\/\/uoogear.com\/product\/4-6-person-large-glamping-family-automatic-camping-tent-portable-backpacking-tent-outdoor-dome-tents\/"},"modified":"2023-11-30T02:33:57","modified_gmt":"2023-11-30T02:33:57","slug":"4-6-person-large-glamping-family-automatic-camping-tent-portable-backpacking-tent-outdoor-dome-tents","status":"publish","type":"product","link":"https:\/\/uoogear.com\/cs\/produkt\/4-6-person-large-glamping-family-automatic-camping-tent-portable-backpacking-tent-outdoor-dome-tents\/","title":{"rendered":"Velk\u00fd rodinn\u00fd glamping pro 4\u20136 osob Automatick\u00fd kempingov\u00fd stan P\u0159enosn\u00fd batohov\u00fd stan Venkovn\u00ed kopulovit\u00e9 stany"},"content":{"rendered":"<ul>\n<li><strong>Plocha : <\/strong> 2,4 x 2,2 M<\/li>\n<li><strong>Tkanina: <\/strong> ployester<\/li>\n<li><strong>Index vod\u011bodolnosti vn\u011bj\u0161\u00edho stanu: <\/strong> 2000-3000 Mm, 3000 mm<\/li>\n<li><strong>Spodn\u00ed index vod\u011bodolnosti: <\/strong> 2000-3000 Mm, 3000 mm<\/li>\n<li><strong>Typ budovy: <\/strong> Rychl\u00e9 automatick\u00e9 otev\u00edr\u00e1n\u00ed<\/li>\n<li><strong>Styl stanu: <\/strong> Typ s diagon\u00e1ln\u00ed v\u00fdztuhou, typ s trubkou stanov\u00fd kol\u00edk<\/li>\n<li><strong>Sez\u00f3na : <\/strong> \u010cty\u0159sez\u00f3nn\u00ed stan<\/li>\n<li><strong>Struktura: <\/strong> Jedna lo\u017enice a jeden ob\u00fdvac\u00ed pokoj, velk\u00e9 lo\u017enice\/ob\u00fdvac\u00ed pokoj<\/li>\n<li><strong>Barva : <\/strong> P\u0159izp\u016fsoben\u00e9<\/li>\n<li><strong>Materi\u00e1l ty\u010de: <\/strong> hlin\u00edkov\u00e9 ty\u010de<\/li>\n<li><strong>Kapacita: <\/strong> 4-6 osob<\/li>\n<li><strong>Hmotnost balen\u00ed: <\/strong> 6,5 kg (14,33 lb)<\/li>\n<li><strong>Velikost balen\u00ed : <\/strong> 110*20*20cm<\/li>\n<li><strong>kl\u00ed\u010dov\u00e1 slova: <\/strong> rodinn\u00fd stan<\/li>\n<li><strong>styl: <\/strong> instantn\u00ed stan<\/li>\n<\/ul>\n<div>\n<div data-magic-global=\"%7B%22bizId%22%3A2348173885%2C%22pageId%22%3A5049777473%2C%22siteId%22%3A5005127539%7D\">\n<div><\/div>\n<div>\n<div data-section=\"AliMagic-vkgkdu\" data-section-title=\"Product Display\">Zobrazen\u00ed produktu<\/div>\n<\/div>\n<div>\n<div>\n<div>\n<div>\n<div>\n<div><a href=\"https:\/\/cnhomestar.en.alibaba.com\/product\/60708146656-805607772\/factory_supplier_Iron_pole_large_family_camping_high_quality_5_8_people_waterproof_party_tent.html\" target=\"_blank\" rel=\"noopener\"><img decoding=\"async\" src=\"\/\/sc02.alicdn.com\/kf\/H3373b1a9655345c89c23d89ff080acd5N\/222400006\/H3373b1a9655345c89c23d89ff080acd5N.jpg\" data-src=\"\/\/sc02.alicdn.com\/kf\/H3373b1a9655345c89c23d89ff080acd5N\/222400006\/H3373b1a9655345c89c23d89ff080acd5N.jpg\" \/><\/a><\/div>\n<\/div>\n<\/div>\n<\/div>\n<\/div>\n<\/div>\n<div>\n<div>\n<div>\n<div>\n<div>\n<div><img decoding=\"async\" src=\"\/\/sc01.alicdn.com\/kf\/Hb55d8d7feef34118ab05a7e926191416y\/222400006\/Hb55d8d7feef34118ab05a7e926191416y.jpg\" data-src=\"\/\/sc01.alicdn.com\/kf\/Hb55d8d7feef34118ab05a7e926191416y\/222400006\/Hb55d8d7feef34118ab05a7e926191416y.jpg\" \/><\/div>\n<\/div>\n<\/div>\n<\/div>\n<\/div>\n<\/div>\n<div>\n<div>\n<div>\n<div>\n<div>\n<div><img decoding=\"async\" src=\"\/\/sc01.alicdn.com\/kf\/H5d0f88298fe64f3fbb1e3fb167d802c1F\/222400006\/H5d0f88298fe64f3fbb1e3fb167d802c1F.jpg\" data-src=\"\/\/sc01.alicdn.com\/kf\/H5d0f88298fe64f3fbb1e3fb167d802c1F\/222400006\/H5d0f88298fe64f3fbb1e3fb167d802c1F.jpg\" \/><\/div>\n<\/div>\n<\/div>\n<\/div>\n<\/div>\n<\/div>\n<div>\n<div>\n<div>\n<div>\n<div>\n<div><img decoding=\"async\" src=\"\/\/sc01.alicdn.com\/kf\/H2096738b758843a08e2b8ff6521dc225H\/222400006\/H2096738b758843a08e2b8ff6521dc225H.jpg\" data-src=\"\/\/sc01.alicdn.com\/kf\/H2096738b758843a08e2b8ff6521dc225H\/222400006\/H2096738b758843a08e2b8ff6521dc225H.jpg\" \/><\/div>\n<\/div>\n<\/div>\n<\/div>\n<\/div>\n<\/div>\n<div><\/div>\n<\/div>\n<\/div>","protected":false},"excerpt":{"rendered":"<p>Plocha : 2,4 * 2,2 M Tkanina : ployester Vn\u011bj\u0161\u00ed stan Vodot\u011bsnost : 2000-3000 Mm, 3000 mm Spodn\u00ed Vodot\u011bsnost : 2000-3000 Mm, 3000 mm Typ budovy : Rychl\u00e9 automatick\u00e9 otev\u00edr\u00e1n\u00ed Styl stanu : Typ Stasona s diagon\u00e1ln\u00edm vyztu\u017een\u00edm Typ mo\u0159sk\u00e9ho stanu : Konstrukce \u010dty\u0159sez\u00f3nn\u00edho stanu : Jedna lo\u017enice a jeden ob\u00fdvac\u00ed pokoj, velk\u00e9 lo\u017enice\/ob\u00fdvac\u00ed pokoj<\/p>\n<div class=\"read-more\"><a class=\"btn btn-fill-out\" href=\"https:\/\/uoogear.com\/cs\/produkt\/4-6-person-large-glamping-family-automatic-camping-tent-portable-backpacking-tent-outdoor-dome-tents\/\">P\u0159e\u010dt\u011bte si v\u00edce<\/a><\/div>","protected":false},"featured_media":4766,"template":"","meta":[],"product_brand":[],"product_cat":[15],"product_tag":[],"class_list":{"0":"post-4767","1":"product","2":"type-product","3":"status-publish","4":"has-post-thumbnail","6":"product_cat-uncategorized","7":"tm-no-options","9":"first","10":"instock","11":"shipping-taxable","12":"purchasable","13":"product-type-variable"},"_links":{"self":[{"href":"https:\/\/uoogear.com\/cs\/wp-json\/wp\/v2\/product\/4767","targetHints":{"allow":["GET"]}}],"collection":[{"href":"https:\/\/uoogear.com\/cs\/wp-json\/wp\/v2\/product"}],"about":[{"href":"https:\/\/uoogear.com\/cs\/wp-json\/wp\/v2\/types\/product"}],"wp:featuredmedia":[{"embeddable":true,"href":"https:\/\/uoogear.com\/cs\/wp-json\/wp\/v2\/media\/4766"}],"wp:attachment":[{"href":"https:\/\/uoogear.com\/cs\/wp-json\/wp\/v2\/media?parent=4767"}],"wp:term":[{"taxonomy":"product_brand","embeddable":true,"href":"https:\/\/uoogear.com\/cs\/wp-json\/wp\/v2\/product_brand?post=4767"},{"taxonomy":"product_cat","embeddable":true,"href":"https:\/\/uoogear.com\/cs\/wp-json\/wp\/v2\/product_cat?post=4767"},{"taxonomy":"product_tag","embeddable":true,"href":"https:\/\/uoogear.com\/cs\/wp-json\/wp\/v2\/product_tag?post=4767"}],"curies":[{"name":"wp","href":"https:\/\/api.w.org\/{rel}","templated":true}]}}