{"id":4802,"date":"2023-11-14T02:29:37","date_gmt":"2023-11-14T02:29:37","guid":{"rendered":"https:\/\/uoogear.com\/product\/star-home-throw-tent-outdoor-automatic-throwing-pop-up-waterproof-camping-hiking-tent-waterproof-large-family-tents\/"},"modified":"2023-11-30T02:35:27","modified_gmt":"2023-11-30T02:35:27","slug":"star-home-throw-tent-outdoor-automatic-throwing-pop-up-waterproof-camping-hiking-tent-waterproof-large-family-tents","status":"publish","type":"product","link":"https:\/\/uoogear.com\/cs\/produkt\/star-home-throw-tent-outdoor-automatic-throwing-pop-up-waterproof-camping-hiking-tent-waterproof-large-family-tents\/","title":{"rendered":"STAR HOME Throw stan Venkovn\u00ed automatick\u00e9 h\u00e1zen\u00ed vyskakovac\u00ed vodot\u011bsn\u00fd kempingov\u00fd turistick\u00fd stan Vodot\u011bsn\u00e9 velk\u00e9 rodinn\u00e9 stany"},"content":{"rendered":"<ul>\n<li><strong>Tkanina: <\/strong> Oxfordsk\u00e1 tkanina<\/li>\n<li><strong>Index vod\u011bodolnosti vn\u011bj\u0161\u00edho stanu: <\/strong> 2000-3000 mm<\/li>\n<li><strong>Spodn\u00ed index vod\u011bodolnosti: <\/strong> 2000-3000 mm<\/li>\n<li><strong>Typ budovy: <\/strong> Rychl\u00e9 automatick\u00e9 otev\u00edr\u00e1n\u00ed<\/li>\n<li><strong>Styl stanu: <\/strong> P\u0159\u00edm\u00fd typ v\u00fdztuhy<\/li>\n<li><strong>Sez\u00f3na : <\/strong> \u010cty\u0159sez\u00f3nn\u00ed stan<\/li>\n<li><strong>Struktura: <\/strong> Jedna lo\u017enice<\/li>\n<li><strong>styl: <\/strong> Pop-open<\/li>\n<\/ul>\n<div>\n<p>STAR HOME Throw stan Venkovn\u00ed automatick\u00e9 stany H\u00e1zec\u00ed vyskakovac\u00ed vodot\u011bsn\u00fd kempingov\u00fd turistick\u00fd stan Vodot\u011bsn\u00e9 velk\u00e9 rodinn\u00e9 stany<\/p>\n<p>&nbsp;<\/p>\n<p>Rodinn\u00e9 kempingov\u00e9 stany Star Home jsou vyskakovac\u00ed, otev\u00edraj\u00ed se za 5 sekund, skl\u00e1dac\u00ed, snadno se p\u0159en\u00e1\u0161ej\u00ed, v\u00e1\u017e\u00ed pouze 3,7 kg.<\/p>\n<p>S\u00ed\u0165ovan\u00e9 dve\u0159e a okna, \u010dty\u0159i strany ventilace, ochrana proti kom\u00e1r\u016fm a hmyzu; lze pou\u017e\u00edt ve 3 sez\u00f3n\u00e1ch.<\/p>\n<p>Dvoudve\u0159ov\u00fd design, snadn\u00fd vstup a v\u00fdstup; Rodinn\u00e9 kempingov\u00e9 stany Dve\u0159e a okna lze zcela zav\u0159\u00edt, aby byl chr\u00e1n\u011bn \u010das na soukrom\u00ed.<\/p>\n<p>Rodinn\u00e9 kempingov\u00e9 stany s velk\u00fdm prostorem, vhodn\u00e9 pro 3-4 osoby rodinn\u00e9 p\u0159\u00e1tele k pou\u017eit\u00ed venku.<\/p>\n<p>Vysoce kvalitn\u00ed a odoln\u00e9 rodinn\u00e9 kempingov\u00e9 stany Star Home budou dob\u0159e fungovat pro kr\u00e1tk\u00e9 kempov\u00e1n\u00ed s malou rodinou, p\u00e1rem nebo jednotlivcem. Rodinn\u00e9 kempingov\u00e9 stany Star Home v\u00e1m umo\u017en\u00ed u\u017e\u00edt si dobr\u00e9 \u010dasy.<\/p>\n<p>&nbsp;<\/p>\n<p>Rodinn\u00e9 kempingov\u00e9 stany Star Home jsou vyskakovac\u00ed, otev\u00edraj\u00ed se za 5 sekund, skl\u00e1dac\u00ed, snadno se p\u0159en\u00e1\u0161ej\u00ed, v\u00e1\u017e\u00ed pouze 3,7 kg.<\/p>\n<p>S\u00ed\u0165ovan\u00e9 dve\u0159e a okna, \u010dty\u0159i strany ventilace, ochrana proti kom\u00e1r\u016fm a hmyzu; lze pou\u017e\u00edt ve 3 sez\u00f3n\u00e1ch.<\/p>\n<p>Dvoudve\u0159ov\u00fd design, snadn\u00fd vstup a v\u00fdstup; Rodinn\u00e9 kempingov\u00e9 stany Dve\u0159e a okna lze zcela zav\u0159\u00edt, aby byl chr\u00e1n\u011bn \u010das na soukrom\u00ed.<\/p>\n<p>Rodinn\u00e9 kempingov\u00e9 stany s velk\u00fdm prostorem, vhodn\u00e9 pro 3-4 osoby rodinn\u00e9 p\u0159\u00e1tele k pou\u017eit\u00ed venku.<\/p>\n<p>Vysoce kvalitn\u00ed a odoln\u00e9 rodinn\u00e9 kempingov\u00e9 stany Star Home budou dob\u0159e fungovat pro kr\u00e1tk\u00e9 kempov\u00e1n\u00ed s malou rodinou, p\u00e1rem nebo jednotlivcem. Rodinn\u00e9 kempingov\u00e9 stany Star Home v\u00e1m umo\u017en\u00ed u\u017e\u00edt si dobr\u00e9 \u010dasy.<\/p>\n<p>&nbsp;<\/p>\n<p><img decoding=\"async\" src=\"\/\/sc01.alicdn.com\/kf\/HTB18X7za4D1gK0jSZFyq6AiOVXaU\/222400006\/HTB18X7za4D1gK0jSZFyq6AiOVXaU.jpg\" alt=\"STAR HOME Throw stan Venkovn\u00ed automatick\u00e9 h\u00e1zen\u00ed vyskakovac\u00ed vodot\u011bsn\u00fd kempingov\u00fd turistick\u00fd stan Vodot\u011bsn\u00e9 velk\u00e9 rodinn\u00e9 stany\" width=\"750\" height=\"671.25\" data-src=\"\/\/sc01.alicdn.com\/kf\/HTB18X7za4D1gK0jSZFyq6AiOVXaU\/222400006\/HTB18X7za4D1gK0jSZFyq6AiOVXaU.jpg\" data-alt=\"STAR HOME Throw Tent Outdoor Automatic Throwing Pop Up Waterproof Camping Hiking Tent Waterproof Large Family Tents\" \/><img decoding=\"async\" src=\"\/\/sc02.alicdn.com\/kf\/HTB10bIya1H2gK0jSZJnq6yT1FXa5\/222400006\/HTB10bIya1H2gK0jSZJnq6yT1FXa5.jpg\" alt=\"STAR HOME Throw stan Venkovn\u00ed automatick\u00e9 h\u00e1zen\u00ed vyskakovac\u00ed vodot\u011bsn\u00fd kempingov\u00fd turistick\u00fd stan Vodot\u011bsn\u00e9 velk\u00e9 rodinn\u00e9 stany\" width=\"750\" height=\"648.75\" data-src=\"\/\/sc02.alicdn.com\/kf\/HTB10bIya1H2gK0jSZJnq6yT1FXa5\/222400006\/HTB10bIya1H2gK0jSZJnq6yT1FXa5.jpg\" data-alt=\"STAR HOME Throw Tent Outdoor Automatic Throwing Pop Up Waterproof Camping Hiking Tent Waterproof Large Family Tents\" \/><img decoding=\"async\" src=\"\/\/sc02.alicdn.com\/kf\/HTB17T.wa.z1gK0jSZLeq6z9kVXa1\/222400006\/HTB17T.wa.z1gK0jSZLeq6z9kVXa1.jpg\" alt=\"STAR HOME Throw stan Venkovn\u00ed automatick\u00e9 h\u00e1zen\u00ed vyskakovac\u00ed vodot\u011bsn\u00fd kempingov\u00fd turistick\u00fd stan Vodot\u011bsn\u00e9 velk\u00e9 rodinn\u00e9 stany\" width=\"750\" height=\"534.375\" data-src=\"\/\/sc02.alicdn.com\/kf\/HTB17T.wa.z1gK0jSZLeq6z9kVXa1\/222400006\/HTB17T.wa.z1gK0jSZLeq6z9kVXa1.jpg\" data-alt=\"STAR HOME Throw Tent Outdoor Automatic Throwing Pop Up Waterproof Camping Hiking Tent Waterproof Large Family Tents\" \/><img loading=\"lazy\" decoding=\"async\" src=\"\/\/sc01.alicdn.com\/kf\/HTB11RIwa4D1gK0jSZFsq6zldVXaH\/222400006\/HTB11RIwa4D1gK0jSZFsq6zldVXaH.jpg\" alt=\"STAR HOME Throw stan Venkovn\u00ed automatick\u00e9 h\u00e1zen\u00ed vyskakovac\u00ed vodot\u011bsn\u00fd kempingov\u00fd turistick\u00fd stan Vodot\u011bsn\u00e9 velk\u00e9 rodinn\u00e9 stany\" width=\"750\" height=\"600\" data-src=\"\/\/sc01.alicdn.com\/kf\/HTB11RIwa4D1gK0jSZFsq6zldVXaH\/222400006\/HTB11RIwa4D1gK0jSZFsq6zldVXaH.jpg\" data-alt=\"STAR HOME Throw Tent Outdoor Automatic Throwing Pop Up Waterproof Camping Hiking Tent Waterproof Large Family Tents\" \/><img decoding=\"async\" src=\"\/\/sc01.alicdn.com\/kf\/HTB1ypUza4D1gK0jSZFyq6AiOVXaP\/222400006\/HTB1ypUza4D1gK0jSZFyq6AiOVXaP.jpg\" alt=\"STAR HOME Throw stan Venkovn\u00ed automatick\u00e9 h\u00e1zen\u00ed vyskakovac\u00ed vodot\u011bsn\u00fd kempingov\u00fd turistick\u00fd stan Vodot\u011bsn\u00e9 velk\u00e9 rodinn\u00e9 stany\" width=\"750\" height=\"678.75\" data-src=\"\/\/sc01.alicdn.com\/kf\/HTB1ypUza4D1gK0jSZFyq6AiOVXaP\/222400006\/HTB1ypUza4D1gK0jSZFyq6AiOVXaP.jpg\" data-alt=\"STAR HOME Throw Tent Outdoor Automatic Throwing Pop Up Waterproof Camping Hiking Tent Waterproof Large Family Tents\" \/><img decoding=\"async\" src=\"\/\/sc01.alicdn.com\/kf\/HTB1Nj3wa1T2gK0jSZFvq6xnFXXao\/222400006\/HTB1Nj3wa1T2gK0jSZFvq6xnFXXao.jpg\" alt=\"STAR HOME Throw stan Venkovn\u00ed automatick\u00e9 h\u00e1zen\u00ed vyskakovac\u00ed vodot\u011bsn\u00fd kempingov\u00fd turistick\u00fd stan Vodot\u011bsn\u00e9 velk\u00e9 rodinn\u00e9 stany\" width=\"750\" height=\"736.875\" data-src=\"\/\/sc01.alicdn.com\/kf\/HTB1Nj3wa1T2gK0jSZFvq6xnFXXao\/222400006\/HTB1Nj3wa1T2gK0jSZFvq6xnFXXao.jpg\" data-alt=\"STAR HOME Throw Tent Outdoor Automatic Throwing Pop Up Waterproof Camping Hiking Tent Waterproof Large Family Tents\" \/><img decoding=\"async\" src=\"\/\/sc01.alicdn.com\/kf\/HTB1dAQwa1T2gK0jSZFvq6xnFXXaL\/222400006\/HTB1dAQwa1T2gK0jSZFvq6xnFXXaL.jpg\" alt=\"STAR HOME Throw stan Venkovn\u00ed automatick\u00e9 h\u00e1zen\u00ed vyskakovac\u00ed vodot\u011bsn\u00fd kempingov\u00fd turistick\u00fd stan Vodot\u011bsn\u00e9 velk\u00e9 rodinn\u00e9 stany\" width=\"750\" height=\"786.5625\" data-src=\"\/\/sc01.alicdn.com\/kf\/HTB1dAQwa1T2gK0jSZFvq6xnFXXaL\/222400006\/HTB1dAQwa1T2gK0jSZFvq6xnFXXaL.jpg\" data-alt=\"STAR HOME Throw Tent Outdoor Automatic Throwing Pop Up Waterproof Camping Hiking Tent Waterproof Large Family Tents\" \/><img decoding=\"async\" src=\"\/\/sc01.alicdn.com\/kf\/HTB1p8swa9f2gK0jSZFPq6xsopXaJ\/222400006\/HTB1p8swa9f2gK0jSZFPq6xsopXaJ.jpg\" alt=\"STAR HOME Throw stan Venkovn\u00ed automatick\u00e9 h\u00e1zen\u00ed vyskakovac\u00ed vodot\u011bsn\u00fd kempingov\u00fd turistick\u00fd stan Vodot\u011bsn\u00e9 velk\u00e9 rodinn\u00e9 stany\" width=\"750\" height=\"676.875\" data-src=\"\/\/sc01.alicdn.com\/kf\/HTB1p8swa9f2gK0jSZFPq6xsopXaJ\/222400006\/HTB1p8swa9f2gK0jSZFPq6xsopXaJ.jpg\" data-alt=\"STAR HOME Throw Tent Outdoor Automatic Throwing Pop Up Waterproof Camping Hiking Tent Waterproof Large Family Tents\" \/><img decoding=\"async\" src=\"\/\/sc01.alicdn.com\/kf\/HTB1f1wtaWL7gK0jSZFBq6xZZpXai\/222400006\/HTB1f1wtaWL7gK0jSZFBq6xZZpXai.jpg\" alt=\"STAR HOME Throw stan Venkovn\u00ed automatick\u00e9 h\u00e1zen\u00ed vyskakovac\u00ed vodot\u011bsn\u00fd kempingov\u00fd turistick\u00fd stan Vodot\u011bsn\u00e9 velk\u00e9 rodinn\u00e9 stany\" width=\"750\" height=\"725.6250000000001\" data-src=\"\/\/sc01.alicdn.com\/kf\/HTB1f1wtaWL7gK0jSZFBq6xZZpXai\/222400006\/HTB1f1wtaWL7gK0jSZFBq6xZZpXai.jpg\" data-alt=\"STAR HOME Throw Tent Outdoor Automatic Throwing Pop Up Waterproof Camping Hiking Tent Waterproof Large Family Tents\" \/><img decoding=\"async\" src=\"\/\/sc01.alicdn.com\/kf\/HTB1oGoya7T2gK0jSZFkq6AIQFXa0\/222400006\/HTB1oGoya7T2gK0jSZFkq6AIQFXa0.jpg\" alt=\"STAR HOME Throw stan Venkovn\u00ed automatick\u00e9 h\u00e1zen\u00ed vyskakovac\u00ed vodot\u011bsn\u00fd kempingov\u00fd turistick\u00fd stan Vodot\u011bsn\u00e9 velk\u00e9 rodinn\u00e9 stany\" width=\"750\" height=\"684.375\" data-src=\"\/\/sc01.alicdn.com\/kf\/HTB1oGoya7T2gK0jSZFkq6AIQFXa0\/222400006\/HTB1oGoya7T2gK0jSZFkq6AIQFXa0.jpg\" data-alt=\"STAR HOME Throw Tent Outdoor Automatic Throwing Pop Up Waterproof Camping Hiking Tent Waterproof Large Family Tents\" \/><img decoding=\"async\" src=\"\/\/sc02.alicdn.com\/kf\/HTB1W9cwa7P2gK0jSZPxq6ycQpXad\/222400006\/HTB1W9cwa7P2gK0jSZPxq6ycQpXad.jpg\" alt=\"STAR HOME Throw stan Venkovn\u00ed automatick\u00e9 h\u00e1zen\u00ed vyskakovac\u00ed vodot\u011bsn\u00fd kempingov\u00fd turistick\u00fd stan Vodot\u011bsn\u00e9 velk\u00e9 rodinn\u00e9 stany\" width=\"750\" height=\"530.625\" data-src=\"\/\/sc02.alicdn.com\/kf\/HTB1W9cwa7P2gK0jSZPxq6ycQpXad\/222400006\/HTB1W9cwa7P2gK0jSZPxq6ycQpXad.jpg\" data-alt=\"STAR HOME Throw Tent Outdoor Automatic Throwing Pop Up Waterproof Camping Hiking Tent Waterproof Large Family Tents\" \/><img decoding=\"async\" src=\"\/\/sc02.alicdn.com\/kf\/HTB1nDsxa7T2gK0jSZPcq6AKkpXaU\/222400006\/HTB1nDsxa7T2gK0jSZPcq6AKkpXaU.jpg\" alt=\"STAR HOME Throw stan Venkovn\u00ed automatick\u00e9 h\u00e1zen\u00ed vyskakovac\u00ed vodot\u011bsn\u00fd kempingov\u00fd turistick\u00fd stan Vodot\u011bsn\u00e9 velk\u00e9 rodinn\u00e9 stany\" width=\"750\" height=\"511.87500000000006\" data-src=\"\/\/sc02.alicdn.com\/kf\/HTB1nDsxa7T2gK0jSZPcq6AKkpXaU\/222400006\/HTB1nDsxa7T2gK0jSZPcq6AKkpXaU.jpg\" data-alt=\"STAR HOME Throw Tent Outdoor Automatic Throwing Pop Up Waterproof Camping Hiking Tent Waterproof Large Family Tents\" \/><img decoding=\"async\" src=\"\/\/sc01.alicdn.com\/kf\/HTB1xcsya1H2gK0jSZJnq6yT1FXaO\/222400006\/HTB1xcsya1H2gK0jSZJnq6yT1FXaO.jpg\" alt=\"STAR HOME Throw stan Venkovn\u00ed automatick\u00e9 h\u00e1zen\u00ed vyskakovac\u00ed vodot\u011bsn\u00fd kempingov\u00fd turistick\u00fd stan Vodot\u011bsn\u00e9 velk\u00e9 rodinn\u00e9 stany\" width=\"750\" height=\"416.25\" data-src=\"\/\/sc01.alicdn.com\/kf\/HTB1xcsya1H2gK0jSZJnq6yT1FXaO\/222400006\/HTB1xcsya1H2gK0jSZJnq6yT1FXaO.jpg\" data-alt=\"STAR HOME Throw Tent Outdoor Automatic Throwing Pop Up Waterproof Camping Hiking Tent Waterproof Large Family Tents\" \/><img decoding=\"async\" src=\"\/\/sc01.alicdn.com\/kf\/HTB1KsAxa.T1gK0jSZFrq6ANCXXad\/222400006\/HTB1KsAxa.T1gK0jSZFrq6ANCXXad.jpg\" alt=\"STAR HOME Throw stan Venkovn\u00ed automatick\u00e9 h\u00e1zen\u00ed vyskakovac\u00ed vodot\u011bsn\u00fd kempingov\u00fd turistick\u00fd stan Vodot\u011bsn\u00e9 velk\u00e9 rodinn\u00e9 stany\" width=\"750\" height=\"738.75\" data-src=\"\/\/sc01.alicdn.com\/kf\/HTB1KsAxa.T1gK0jSZFrq6ANCXXad\/222400006\/HTB1KsAxa.T1gK0jSZFrq6ANCXXad.jpg\" data-alt=\"STAR HOME Throw Tent Outdoor Automatic Throwing Pop Up Waterproof Camping Hiking Tent Waterproof Large Family Tents\" \/><\/p>\n<\/div>","protected":false},"excerpt":{"rendered":"<p>Tkanina: Oxford tkanina Vn\u011bj\u0161\u00ed stan Index vod\u011bodolnosti: 2000-3000 Mm Spodn\u00ed Vodot\u011bsnost: 2000-3000 Mm Typ budovy: Rychl\u00e9 automatick\u00e9 otev\u00edr\u00e1n\u00ed Styl stanu: Rovn\u00fd typ v\u00fdztuhy Sez\u00f3na: \u010cty\u0159sez\u00f3nn\u00ed Struktura stanu: Styl s jednou lo\u017enic\u00ed: Pop-open STAR HOME Outdoorov\u00e9 automatick\u00e9 stany Throw Tent Vyskakovac\u00ed vodot\u011bsn\u00fd kempingov\u00fd turistick\u00fd stan Vodot\u011bsn\u00fd<\/p>\n<div class=\"read-more\"><a class=\"btn btn-fill-out\" href=\"https:\/\/uoogear.com\/cs\/produkt\/star-home-throw-tent-outdoor-automatic-throwing-pop-up-waterproof-camping-hiking-tent-waterproof-large-family-tents\/\">P\u0159e\u010dt\u011bte si v\u00edce<\/a><\/div>","protected":false},"featured_media":4801,"template":"","meta":[],"product_brand":[],"product_cat":[15],"product_tag":[],"class_list":{"0":"post-4802","1":"product","2":"type-product","3":"status-publish","4":"has-post-thumbnail","6":"product_cat-uncategorized","7":"tm-no-options","9":"first","10":"instock","11":"shipping-taxable","12":"purchasable","13":"product-type-variable"},"_links":{"self":[{"href":"https:\/\/uoogear.com\/cs\/wp-json\/wp\/v2\/product\/4802","targetHints":{"allow":["GET"]}}],"collection":[{"href":"https:\/\/uoogear.com\/cs\/wp-json\/wp\/v2\/product"}],"about":[{"href":"https:\/\/uoogear.com\/cs\/wp-json\/wp\/v2\/types\/product"}],"wp:featuredmedia":[{"embeddable":true,"href":"https:\/\/uoogear.com\/cs\/wp-json\/wp\/v2\/media\/4801"}],"wp:attachment":[{"href":"https:\/\/uoogear.com\/cs\/wp-json\/wp\/v2\/media?parent=4802"}],"wp:term":[{"taxonomy":"product_brand","embeddable":true,"href":"https:\/\/uoogear.com\/cs\/wp-json\/wp\/v2\/product_brand?post=4802"},{"taxonomy":"product_cat","embeddable":true,"href":"https:\/\/uoogear.com\/cs\/wp-json\/wp\/v2\/product_cat?post=4802"},{"taxonomy":"product_tag","embeddable":true,"href":"https:\/\/uoogear.com\/cs\/wp-json\/wp\/v2\/product_tag?post=4802"}],"curies":[{"name":"wp","href":"https:\/\/api.w.org\/{rel}","templated":true}]}}