{"id":4825,"date":"2023-11-14T02:32:23","date_gmt":"2023-11-14T02:32:23","guid":{"rendered":"https:\/\/uoogear.com\/product\/4-person-double-layers-heated-automatic-camping-outdoor-tent\/"},"modified":"2023-11-30T02:36:43","modified_gmt":"2023-11-30T02:36:43","slug":"4-person-double-layers-heated-automatic-camping-outdoor-tent","status":"publish","type":"product","link":"https:\/\/uoogear.com\/cs\/produkt\/4-person-double-layers-heated-automatic-camping-outdoor-tent\/","title":{"rendered":"4 osoby Dvouvrstv\u00fd vyh\u0159\u00edvan\u00fd automatick\u00fd kempingov\u00fd venkovn\u00ed stan"},"content":{"rendered":"<ul>\n<li><strong>Plocha : <\/strong> 4.41<\/li>\n<li><strong>Tkanina: <\/strong> 190T polyester<\/li>\n<li><strong>Styl stanu: <\/strong> Kamufl\u00e1\u017e\/poln\u00ed hra<\/li>\n<li><strong>Sez\u00f3na : <\/strong> T\u0159\u00edsez\u00f3nn\u00ed stan<\/li>\n<li><strong>Struktura: <\/strong> Jedna lo\u017enice<\/li>\n<li><strong>Vnit\u0159n\u00ed: <\/strong> 190T polyester<\/li>\n<li><strong>vod\u011bodoln\u00fd : <\/strong> PU2000<\/li>\n<li><strong>Podlaha : <\/strong> 210D oxford<\/li>\n<li><strong>Velikost: <\/strong> 200cm*180cm*130cm<\/li>\n<li><strong>vrstva: <\/strong> Dvojn\u00e1sobek<\/li>\n<li><strong>sez\u00f3na : <\/strong> \u010dty\u0159i<\/li>\n<li><strong>Hmotnost: <\/strong> 4,35 kg<\/li>\n<li><strong>N\u00e1zev : <\/strong> 4 osoby Dvouvrstv\u00fd vyh\u0159\u00edvan\u00fd automatick\u00fd kempingov\u00fd venkovn\u00ed stan<\/li>\n<li><strong>Poprodejn\u00ed servis: <\/strong> V\u010das<\/li>\n<li><strong>Barva : <\/strong> Modr\u00fd<\/li>\n<\/ul>\n<p>&nbsp;<\/p>\n<p>Popis v\u00fdrobku<\/p>\n<div data-section=\"AliPostDhMb-t5fp0\" data-section-title=\"Product Description\">\n<div>\n<p>\u00a0<img loading=\"lazy\" decoding=\"async\" src=\"\/\/sc01.alicdn.com\/kf\/HTB1oDKpLXXXXXaoXpXXq6xXFXXXc\/222400006\/HTB1oDKpLXXXXXaoXpXXq6xXFXXXc.jpg\" alt=\"4 osoby Dvouvrstv\u00fd vyh\u0159\u00edvan\u00fd automatick\u00fd kempingov\u00fd venkovn\u00ed stan\" width=\"750\" height=\"750\" data-src=\"\/\/sc01.alicdn.com\/kf\/HTB1oDKpLXXXXXaoXpXXq6xXFXXXc\/222400006\/HTB1oDKpLXXXXXaoXpXXq6xXFXXXc.jpg\" data-alt=\"4 person Double layers heated automatic camping outdoor tent\" \/><img loading=\"lazy\" decoding=\"async\" src=\"\/\/sc01.alicdn.com\/kf\/HTB1ko1gLXXXXXbaXFXXq6xXFXXXz\/222400006\/HTB1ko1gLXXXXXbaXFXXq6xXFXXXz.jpg\" alt=\"4 osoby Dvouvrstv\u00fd vyh\u0159\u00edvan\u00fd automatick\u00fd kempingov\u00fd venkovn\u00ed stan\" width=\"750\" height=\"750\" data-src=\"\/\/sc01.alicdn.com\/kf\/HTB1ko1gLXXXXXbaXFXXq6xXFXXXz\/222400006\/HTB1ko1gLXXXXXbaXFXXq6xXFXXXz.jpg\" data-alt=\"4 person Double layers heated automatic camping outdoor tent\" \/><img loading=\"lazy\" decoding=\"async\" src=\"\/\/sc02.alicdn.com\/kf\/HTB1m0uxLXXXXXbnXXXXq6xXFXXX9\/222400006\/HTB1m0uxLXXXXXbnXXXXq6xXFXXX9.jpg\" alt=\"4 osoby Dvouvrstv\u00fd vyh\u0159\u00edvan\u00fd automatick\u00fd kempingov\u00fd venkovn\u00ed stan\" width=\"750\" height=\"750\" data-src=\"\/\/sc02.alicdn.com\/kf\/HTB1m0uxLXXXXXbnXXXXq6xXFXXX9\/222400006\/HTB1m0uxLXXXXXbnXXXXq6xXFXXX9.jpg\" data-alt=\"4 person Double layers heated automatic camping outdoor tent\" \/><img loading=\"lazy\" decoding=\"async\" src=\"\/\/sc02.alicdn.com\/kf\/HTB1ISWkLXXXXXXkXXXXq6xXFXXXx\/222400006\/HTB1ISWkLXXXXXXkXXXXq6xXFXXXx.jpg\" alt=\"4 osoby Dvouvrstv\u00fd vyh\u0159\u00edvan\u00fd automatick\u00fd kempingov\u00fd venkovn\u00ed stan\" width=\"750\" height=\"750\" data-src=\"\/\/sc02.alicdn.com\/kf\/HTB1ISWkLXXXXXXkXXXXq6xXFXXXx\/222400006\/HTB1ISWkLXXXXXXkXXXXq6xXFXXXx.jpg\" data-alt=\"4 person Double layers heated automatic camping outdoor tent\" \/><img loading=\"lazy\" decoding=\"async\" src=\"\/\/sc01.alicdn.com\/kf\/HTB1dfijLXXXXXc2XpXXq6xXFXXXG\/222400006\/HTB1dfijLXXXXXc2XpXXq6xXFXXXG.jpg\" alt=\"4 osoby Dvouvrstv\u00fd vyh\u0159\u00edvan\u00fd automatick\u00fd kempingov\u00fd venkovn\u00ed stan\" width=\"750\" height=\"750\" data-src=\"\/\/sc01.alicdn.com\/kf\/HTB1dfijLXXXXXc2XpXXq6xXFXXXG\/222400006\/HTB1dfijLXXXXXc2XpXXq6xXFXXXG.jpg\" data-alt=\"4 person Double layers heated automatic camping outdoor tent\" \/><\/p>\n<p>&nbsp;<\/p>\n<p>&nbsp;<\/p>\n<\/div>\n<\/div>","protected":false},"excerpt":{"rendered":"<p>Plocha : 4,41 Tkanina : 190T polyester Styl stanu : Kamufl\u00e1\u017e\/Poln\u00ed hra Sez\u00f3na : T\u0159\u00edsez\u00f3nn\u00ed Struktura stanu : Jedna lo\u017enice Vnit\u0159n\u00ed : 190T polyester vod\u011bodoln\u00fd : PU2000 Podlaha : 210D oxford Velikost : 200cm*30cm* 4cm* 180cm 4,35 kg N\u00e1zev : 4 osoby Dvouvrstv\u00fd vyh\u0159\u00edvan\u00fd automatick\u00fd kempingov\u00fd venkovn\u00ed stan<\/p>\n<div class=\"read-more\"><a class=\"btn btn-fill-out\" href=\"https:\/\/uoogear.com\/cs\/produkt\/4-person-double-layers-heated-automatic-camping-outdoor-tent\/\">P\u0159e\u010dt\u011bte si v\u00edce<\/a><\/div>","protected":false},"featured_media":4824,"template":"","meta":[],"product_brand":[],"product_cat":[15],"product_tag":[],"class_list":{"0":"post-4825","1":"product","2":"type-product","3":"status-publish","4":"has-post-thumbnail","6":"product_cat-uncategorized","7":"tm-no-options","9":"first","10":"instock","11":"shipping-taxable","12":"purchasable","13":"product-type-variable"},"_links":{"self":[{"href":"https:\/\/uoogear.com\/cs\/wp-json\/wp\/v2\/product\/4825","targetHints":{"allow":["GET"]}}],"collection":[{"href":"https:\/\/uoogear.com\/cs\/wp-json\/wp\/v2\/product"}],"about":[{"href":"https:\/\/uoogear.com\/cs\/wp-json\/wp\/v2\/types\/product"}],"wp:featuredmedia":[{"embeddable":true,"href":"https:\/\/uoogear.com\/cs\/wp-json\/wp\/v2\/media\/4824"}],"wp:attachment":[{"href":"https:\/\/uoogear.com\/cs\/wp-json\/wp\/v2\/media?parent=4825"}],"wp:term":[{"taxonomy":"product_brand","embeddable":true,"href":"https:\/\/uoogear.com\/cs\/wp-json\/wp\/v2\/product_brand?post=4825"},{"taxonomy":"product_cat","embeddable":true,"href":"https:\/\/uoogear.com\/cs\/wp-json\/wp\/v2\/product_cat?post=4825"},{"taxonomy":"product_tag","embeddable":true,"href":"https:\/\/uoogear.com\/cs\/wp-json\/wp\/v2\/product_tag?post=4825"}],"curies":[{"name":"wp","href":"https:\/\/api.w.org\/{rel}","templated":true}]}}