{"id":4840,"date":"2023-11-14T02:33:48","date_gmt":"2023-11-14T02:33:48","guid":{"rendered":"https:\/\/uoogear.com\/product\/outdoor-upgrade-automatic-tent-3-4-people-double-rainproof-camping-tent-thickening\/"},"modified":"2023-11-30T02:38:04","modified_gmt":"2023-11-30T02:38:04","slug":"outdoor-upgrade-automatic-tent-3-4-people-double-rainproof-camping-tent-thickening","status":"publish","type":"product","link":"https:\/\/uoogear.com\/cs\/produkt\/outdoor-upgrade-automatic-tent-3-4-people-double-rainproof-camping-tent-thickening\/","title":{"rendered":"Outdoor upgrade automatick\u00fd stan 3-4 osoby dvojit\u00fd de\u0161tivzdorn\u00fd kempingov\u00fd stan zes\u00edlen\u00ed"},"content":{"rendered":"<ul>\n<li><strong>Plocha : <\/strong> 4<\/li>\n<li><strong>Tkanina: <\/strong> Nylon<\/li>\n<li><strong>Index vod\u011bodolnosti vn\u011bj\u0161\u00edho stanu: <\/strong> 2000-3000 mm<\/li>\n<li><strong>Spodn\u00ed index vod\u011bodolnosti: <\/strong> 2000-3000 mm<\/li>\n<li><strong>Styl stanu: <\/strong> Typ diagon\u00e1ln\u00ed v\u00fdztuhy<\/li>\n<li><strong>Sez\u00f3na : <\/strong> \u010cty\u0159sez\u00f3nn\u00ed stan<\/li>\n<li><strong>Struktura: <\/strong> Jedna lo\u017enice<\/li>\n<li><strong>Jm\u00e9no v\u00fdrobku : <\/strong> automatick\u00fd stan<\/li>\n<li><strong>Pou\u017eit\u00ed: <\/strong> Venkovn\u00ed kempingov\u00fd divok\u00fd stan<\/li>\n<li><strong>Aplikace : <\/strong> Venkovn\u00ed kempov\u00fd rodinn\u00fd stan<\/li>\n<\/ul>\n<div>\n<p><strong>Outdoor upgrade automatick\u00fd stan 3-4 osoby dvojit\u00fd de\u0161tivzdorn\u00fd kempingov\u00fd stan zes\u00edlen\u00ed<\/strong><\/p>\n<p>Nov\u00fd automatick\u00fd stan<\/p>\n<p>N\u00e1zev produktu: Automatick\u00fd stan pro 3-4 osoby<br \/>\nRozm\u011br: 210*210*150cm<br \/>\nBalen\u00ed: 13*72cm (pr\u016fm\u011br * d\u00e9lka)<br \/>\nTkanina: 210T polyesterov\u00fd taftov\u00fd vod\u011bodoln\u00fd z\u00e1t\u011br 5000MM<br \/>\nZ\u00e1kladn\u00ed tkanina: 210D Oxford l\u00e1tkov\u00fd vod\u011bodoln\u00fd z\u00e1t\u011br 3000MM<br \/>\nVnit\u0159n\u00ed \u010d\u00e1st: 210T polyester taft + s\u00ed\u0165ovina B3<br \/>\nP\u00f3l: automatick\u00fd r\u00e1m pneumatick\u00e9ho v\u00e1lce<br \/>\nHmotnost: 5100 gram\u016f<br \/>\nBarva: saf\u00edrov\u011b oran\u017eov\u00e1 arm\u00e1dn\u011b zelen\u00e1 tr\u00e1vov\u011b zelen\u00e1<\/p>\n<p><img loading=\"lazy\" decoding=\"async\" class=\"alignnone size-full wp-image-5152\" src=\"https:\/\/uoogear.com\/wp-content\/uploads\/2023\/11\/HTB1xSwTcoGF3KVjSZFoq6zmpFXar.jpg\" width=\"750\" height=\"538\" alt=\"Outdoor upgrade automatick\u00fd stan 3-4 osoby dvojit\u00fd de\u0161tivzdorn\u00fd kempingov\u00fd stan zes\u00edlen\u00ed\" srcset=\"https:\/\/uoogear.com\/wp-content\/uploads\/2023\/11\/HTB1xSwTcoGF3KVjSZFoq6zmpFXar.jpg 750w, https:\/\/uoogear.com\/wp-content\/uploads\/2023\/11\/HTB1xSwTcoGF3KVjSZFoq6zmpFXar-300x215.jpg 300w, https:\/\/uoogear.com\/wp-content\/uploads\/2023\/11\/HTB1xSwTcoGF3KVjSZFoq6zmpFXar-600x430.jpg 600w, https:\/\/uoogear.com\/wp-content\/uploads\/2023\/11\/HTB1xSwTcoGF3KVjSZFoq6zmpFXar-75x54.jpg 75w\" sizes=\"auto, (max-width: 750px) 100vw, 750px\" \/><img loading=\"lazy\" decoding=\"async\" class=\"alignnone size-full wp-image-5153\" src=\"https:\/\/uoogear.com\/wp-content\/uploads\/2023\/11\/HTB1BpZTcf1H3KVjSZFBq6zSMXXa0.jpg\" width=\"750\" height=\"540\" alt=\"Outdoor upgrade automatick\u00fd stan 3-4 osoby dvojit\u00fd de\u0161tivzdorn\u00fd kempingov\u00fd stan zes\u00edlen\u00ed\" srcset=\"https:\/\/uoogear.com\/wp-content\/uploads\/2023\/11\/HTB1BpZTcf1H3KVjSZFBq6zSMXXa0.jpg 750w, https:\/\/uoogear.com\/wp-content\/uploads\/2023\/11\/HTB1BpZTcf1H3KVjSZFBq6zSMXXa0-300x216.jpg 300w, https:\/\/uoogear.com\/wp-content\/uploads\/2023\/11\/HTB1BpZTcf1H3KVjSZFBq6zSMXXa0-600x432.jpg 600w, https:\/\/uoogear.com\/wp-content\/uploads\/2023\/11\/HTB1BpZTcf1H3KVjSZFBq6zSMXXa0-75x54.jpg 75w\" sizes=\"auto, (max-width: 750px) 100vw, 750px\" \/><img loading=\"lazy\" decoding=\"async\" class=\"alignnone size-full wp-image-5154\" src=\"https:\/\/uoogear.com\/wp-content\/uploads\/2023\/11\/HTB10W.1clKw3KVjSZFOq6yrDVXaV.jpg\" width=\"750\" height=\"429\" alt=\"Outdoor upgrade automatick\u00fd stan 3-4 osoby dvojit\u00fd de\u0161tivzdorn\u00fd kempingov\u00fd stan zes\u00edlen\u00ed\" srcset=\"https:\/\/uoogear.com\/wp-content\/uploads\/2023\/11\/HTB10W.1clKw3KVjSZFOq6yrDVXaV.jpg 750w, https:\/\/uoogear.com\/wp-content\/uploads\/2023\/11\/HTB10W.1clKw3KVjSZFOq6yrDVXaV-300x172.jpg 300w, https:\/\/uoogear.com\/wp-content\/uploads\/2023\/11\/HTB10W.1clKw3KVjSZFOq6yrDVXaV-600x343.jpg 600w, https:\/\/uoogear.com\/wp-content\/uploads\/2023\/11\/HTB10W.1clKw3KVjSZFOq6yrDVXaV-90x51.jpg 90w\" sizes=\"auto, (max-width: 750px) 100vw, 750px\" \/><img loading=\"lazy\" decoding=\"async\" class=\"alignnone size-full wp-image-5155\" src=\"https:\/\/uoogear.com\/wp-content\/uploads\/2023\/11\/HTB1U5tlXgFY.1VjSZFnq6AFHXXay.jpg\" width=\"750\" height=\"889\" alt=\"Outdoor upgrade automatick\u00fd stan 3-4 osoby dvojit\u00fd de\u0161tivzdorn\u00fd kempingov\u00fd stan zes\u00edlen\u00ed\" srcset=\"https:\/\/uoogear.com\/wp-content\/uploads\/2023\/11\/HTB1U5tlXgFY.1VjSZFnq6AFHXXay.jpg 750w, https:\/\/uoogear.com\/wp-content\/uploads\/2023\/11\/HTB1U5tlXgFY.1VjSZFnq6AFHXXay-253x300.jpg 253w, https:\/\/uoogear.com\/wp-content\/uploads\/2023\/11\/HTB1U5tlXgFY.1VjSZFnq6AFHXXay-600x711.jpg 600w, https:\/\/uoogear.com\/wp-content\/uploads\/2023\/11\/HTB1U5tlXgFY.1VjSZFnq6AFHXXay-46x54.jpg 46w\" sizes=\"auto, (max-width: 750px) 100vw, 750px\" \/><img loading=\"lazy\" decoding=\"async\" class=\"alignnone size-full wp-image-5156\" src=\"https:\/\/uoogear.com\/wp-content\/uploads\/2023\/11\/HTB1cYM1clKw3KVjSZFOq6yrDVXa4.jpg\" width=\"750\" height=\"930\" alt=\"Outdoor upgrade automatick\u00fd stan 3-4 osoby dvojit\u00fd de\u0161tivzdorn\u00fd kempingov\u00fd stan zes\u00edlen\u00ed\" srcset=\"https:\/\/uoogear.com\/wp-content\/uploads\/2023\/11\/HTB1cYM1clKw3KVjSZFOq6yrDVXa4.jpg 750w, https:\/\/uoogear.com\/wp-content\/uploads\/2023\/11\/HTB1cYM1clKw3KVjSZFOq6yrDVXa4-242x300.jpg 242w, https:\/\/uoogear.com\/wp-content\/uploads\/2023\/11\/HTB1cYM1clKw3KVjSZFOq6yrDVXa4-600x744.jpg 600w, https:\/\/uoogear.com\/wp-content\/uploads\/2023\/11\/HTB1cYM1clKw3KVjSZFOq6yrDVXa4-44x54.jpg 44w\" sizes=\"auto, (max-width: 750px) 100vw, 750px\" \/><img loading=\"lazy\" decoding=\"async\" class=\"alignnone size-full wp-image-5157\" src=\"https:\/\/uoogear.com\/wp-content\/uploads\/2023\/11\/HTB1TrI1clKw3KVjSZFOq6yrDVXae.jpg\" width=\"750\" height=\"563\" alt=\"Outdoor upgrade automatick\u00fd stan 3-4 osoby dvojit\u00fd de\u0161tivzdorn\u00fd kempingov\u00fd stan zes\u00edlen\u00ed\" srcset=\"https:\/\/uoogear.com\/wp-content\/uploads\/2023\/11\/HTB1TrI1clKw3KVjSZFOq6yrDVXae.jpg 750w, https:\/\/uoogear.com\/wp-content\/uploads\/2023\/11\/HTB1TrI1clKw3KVjSZFOq6yrDVXae-300x225.jpg 300w, https:\/\/uoogear.com\/wp-content\/uploads\/2023\/11\/HTB1TrI1clKw3KVjSZFOq6yrDVXae-600x450.jpg 600w, https:\/\/uoogear.com\/wp-content\/uploads\/2023\/11\/HTB1TrI1clKw3KVjSZFOq6yrDVXae-72x54.jpg 72w\" sizes=\"auto, (max-width: 750px) 100vw, 750px\" \/><img loading=\"lazy\" decoding=\"async\" class=\"alignnone size-full wp-image-5158\" src=\"https:\/\/uoogear.com\/wp-content\/uploads\/2023\/11\/HTB10yhlXgFY.1VjSZFqq6ydbXXas.jpg\" width=\"750\" height=\"508\" alt=\"Outdoor upgrade automatick\u00fd stan 3-4 osoby dvojit\u00fd de\u0161tivzdorn\u00fd kempingov\u00fd stan zes\u00edlen\u00ed\" srcset=\"https:\/\/uoogear.com\/wp-content\/uploads\/2023\/11\/HTB10yhlXgFY.1VjSZFqq6ydbXXas.jpg 750w, https:\/\/uoogear.com\/wp-content\/uploads\/2023\/11\/HTB10yhlXgFY.1VjSZFqq6ydbXXas-300x203.jpg 300w, https:\/\/uoogear.com\/wp-content\/uploads\/2023\/11\/HTB10yhlXgFY.1VjSZFqq6ydbXXas-600x406.jpg 600w, https:\/\/uoogear.com\/wp-content\/uploads\/2023\/11\/HTB10yhlXgFY.1VjSZFqq6ydbXXas-80x54.jpg 80w\" sizes=\"auto, (max-width: 750px) 100vw, 750px\" \/><img loading=\"lazy\" decoding=\"async\" class=\"alignnone size-full wp-image-5159\" src=\"https:\/\/uoogear.com\/wp-content\/uploads\/2023\/11\/HTB1oO7TcoCF3KVjSZJnq6znHFXaK.jpg\" width=\"750\" height=\"508\" alt=\"Outdoor upgrade automatick\u00fd stan 3-4 osoby dvojit\u00fd de\u0161tivzdorn\u00fd kempingov\u00fd stan zes\u00edlen\u00ed\" srcset=\"https:\/\/uoogear.com\/wp-content\/uploads\/2023\/11\/HTB1oO7TcoCF3KVjSZJnq6znHFXaK.jpg 750w, https:\/\/uoogear.com\/wp-content\/uploads\/2023\/11\/HTB1oO7TcoCF3KVjSZJnq6znHFXaK-300x203.jpg 300w, https:\/\/uoogear.com\/wp-content\/uploads\/2023\/11\/HTB1oO7TcoCF3KVjSZJnq6znHFXaK-600x406.jpg 600w, https:\/\/uoogear.com\/wp-content\/uploads\/2023\/11\/HTB1oO7TcoCF3KVjSZJnq6znHFXaK-80x54.jpg 80w\" sizes=\"auto, (max-width: 750px) 100vw, 750px\" \/><img loading=\"lazy\" decoding=\"async\" class=\"alignnone size-full wp-image-5160\" src=\"https:\/\/uoogear.com\/wp-content\/uploads\/2023\/11\/HTB1dO7TcoCF3KVjSZJnq6znHFXan.jpg\" width=\"750\" height=\"506\" alt=\"Outdoor upgrade automatick\u00fd stan 3-4 osoby dvojit\u00fd de\u0161tivzdorn\u00fd kempingov\u00fd stan zes\u00edlen\u00ed\" srcset=\"https:\/\/uoogear.com\/wp-content\/uploads\/2023\/11\/HTB1dO7TcoCF3KVjSZJnq6znHFXan.jpg 750w, https:\/\/uoogear.com\/wp-content\/uploads\/2023\/11\/HTB1dO7TcoCF3KVjSZJnq6znHFXan-300x202.jpg 300w, https:\/\/uoogear.com\/wp-content\/uploads\/2023\/11\/HTB1dO7TcoCF3KVjSZJnq6znHFXan-600x405.jpg 600w, https:\/\/uoogear.com\/wp-content\/uploads\/2023\/11\/HTB1dO7TcoCF3KVjSZJnq6znHFXan-80x54.jpg 80w\" sizes=\"auto, (max-width: 750px) 100vw, 750px\" \/><img loading=\"lazy\" decoding=\"async\" class=\"alignnone size-full wp-image-5161\" src=\"https:\/\/uoogear.com\/wp-content\/uploads\/2023\/11\/HTB16a7Vck5E3KVjSZFCq6zuzXXaJ.jpg\" width=\"750\" height=\"474\" alt=\"Outdoor upgrade automatick\u00fd stan 3-4 osoby dvojit\u00fd de\u0161tivzdorn\u00fd kempingov\u00fd stan zes\u00edlen\u00ed\" srcset=\"https:\/\/uoogear.com\/wp-content\/uploads\/2023\/11\/HTB16a7Vck5E3KVjSZFCq6zuzXXaJ.jpg 750w, https:\/\/uoogear.com\/wp-content\/uploads\/2023\/11\/HTB16a7Vck5E3KVjSZFCq6zuzXXaJ-300x190.jpg 300w, https:\/\/uoogear.com\/wp-content\/uploads\/2023\/11\/HTB16a7Vck5E3KVjSZFCq6zuzXXaJ-600x379.jpg 600w, https:\/\/uoogear.com\/wp-content\/uploads\/2023\/11\/HTB16a7Vck5E3KVjSZFCq6zuzXXaJ-85x54.jpg 85w\" sizes=\"auto, (max-width: 750px) 100vw, 750px\" \/><img loading=\"lazy\" decoding=\"async\" class=\"alignnone size-full wp-image-5162\" src=\"https:\/\/uoogear.com\/wp-content\/uploads\/2023\/11\/HTB1uV08XLBj_uVjSZFpq6A0SXXaF.jpg\" width=\"750\" height=\"518\" alt=\"Outdoor upgrade automatick\u00fd stan 3-4 osoby dvojit\u00fd de\u0161tivzdorn\u00fd kempingov\u00fd stan zes\u00edlen\u00ed\" srcset=\"https:\/\/uoogear.com\/wp-content\/uploads\/2023\/11\/HTB1uV08XLBj_uVjSZFpq6A0SXXaF.jpg 750w, https:\/\/uoogear.com\/wp-content\/uploads\/2023\/11\/HTB1uV08XLBj_uVjSZFpq6A0SXXaF-300x207.jpg 300w, https:\/\/uoogear.com\/wp-content\/uploads\/2023\/11\/HTB1uV08XLBj_uVjSZFpq6A0SXXaF-600x414.jpg 600w, https:\/\/uoogear.com\/wp-content\/uploads\/2023\/11\/HTB1uV08XLBj_uVjSZFpq6A0SXXaF-78x54.jpg 78w\" sizes=\"auto, (max-width: 750px) 100vw, 750px\" \/><img loading=\"lazy\" decoding=\"async\" class=\"alignnone size-full wp-image-5163\" src=\"https:\/\/uoogear.com\/wp-content\/uploads\/2023\/11\/HTB1uZM4cbus3KVjSZKbq6xqkFXao.jpg\" width=\"750\" height=\"506\" alt=\"Outdoor upgrade automatick\u00fd stan 3-4 osoby dvojit\u00fd de\u0161tivzdorn\u00fd kempingov\u00fd stan zes\u00edlen\u00ed\" srcset=\"https:\/\/uoogear.com\/wp-content\/uploads\/2023\/11\/HTB1uZM4cbus3KVjSZKbq6xqkFXao.jpg 750w, https:\/\/uoogear.com\/wp-content\/uploads\/2023\/11\/HTB1uZM4cbus3KVjSZKbq6xqkFXao-300x202.jpg 300w, https:\/\/uoogear.com\/wp-content\/uploads\/2023\/11\/HTB1uZM4cbus3KVjSZKbq6xqkFXao-600x405.jpg 600w, https:\/\/uoogear.com\/wp-content\/uploads\/2023\/11\/HTB1uZM4cbus3KVjSZKbq6xqkFXao-80x54.jpg 80w\" sizes=\"auto, (max-width: 750px) 100vw, 750px\" \/><img loading=\"lazy\" decoding=\"async\" class=\"alignnone size-full wp-image-5164\" src=\"https:\/\/uoogear.com\/wp-content\/uploads\/2023\/11\/HTB1GiZ0clGw3KVjSZFwq6zQ2FXan.jpg\" width=\"750\" height=\"508\" alt=\"Outdoor upgrade automatick\u00fd stan 3-4 osoby dvojit\u00fd de\u0161tivzdorn\u00fd kempingov\u00fd stan zes\u00edlen\u00ed\" srcset=\"https:\/\/uoogear.com\/wp-content\/uploads\/2023\/11\/HTB1GiZ0clGw3KVjSZFwq6zQ2FXan.jpg 750w, https:\/\/uoogear.com\/wp-content\/uploads\/2023\/11\/HTB1GiZ0clGw3KVjSZFwq6zQ2FXan-300x203.jpg 300w, https:\/\/uoogear.com\/wp-content\/uploads\/2023\/11\/HTB1GiZ0clGw3KVjSZFwq6zQ2FXan-600x406.jpg 600w, https:\/\/uoogear.com\/wp-content\/uploads\/2023\/11\/HTB1GiZ0clGw3KVjSZFwq6zQ2FXan-80x54.jpg 80w\" sizes=\"auto, (max-width: 750px) 100vw, 750px\" \/><img loading=\"lazy\" decoding=\"async\" class=\"alignnone size-full wp-image-5165\" src=\"https:\/\/uoogear.com\/wp-content\/uploads\/2023\/11\/HTB1vscTcfWG3KVjSZFgq6zTspXaF.jpg\" width=\"750\" height=\"878\" alt=\"Outdoor upgrade automatick\u00fd stan 3-4 osoby dvojit\u00fd de\u0161tivzdorn\u00fd kempingov\u00fd stan zes\u00edlen\u00ed\" srcset=\"https:\/\/uoogear.com\/wp-content\/uploads\/2023\/11\/HTB1vscTcfWG3KVjSZFgq6zTspXaF.jpg 750w, https:\/\/uoogear.com\/wp-content\/uploads\/2023\/11\/HTB1vscTcfWG3KVjSZFgq6zTspXaF-256x300.jpg 256w, https:\/\/uoogear.com\/wp-content\/uploads\/2023\/11\/HTB1vscTcfWG3KVjSZFgq6zTspXaF-600x702.jpg 600w, https:\/\/uoogear.com\/wp-content\/uploads\/2023\/11\/HTB1vscTcfWG3KVjSZFgq6zTspXaF-46x54.jpg 46w\" sizes=\"auto, (max-width: 750px) 100vw, 750px\" \/><img loading=\"lazy\" decoding=\"async\" class=\"alignnone size-full wp-image-5166\" src=\"https:\/\/uoogear.com\/wp-content\/uploads\/2023\/11\/HTB1UsIWclGE3KVjSZFhq6AkaFXaA.jpg\" width=\"750\" height=\"808\" alt=\"Outdoor upgrade automatick\u00fd stan 3-4 osoby dvojit\u00fd de\u0161tivzdorn\u00fd kempingov\u00fd stan zes\u00edlen\u00ed\" srcset=\"https:\/\/uoogear.com\/wp-content\/uploads\/2023\/11\/HTB1UsIWclGE3KVjSZFhq6AkaFXaA.jpg 750w, https:\/\/uoogear.com\/wp-content\/uploads\/2023\/11\/HTB1UsIWclGE3KVjSZFhq6AkaFXaA-278x300.jpg 278w, https:\/\/uoogear.com\/wp-content\/uploads\/2023\/11\/HTB1UsIWclGE3KVjSZFhq6AkaFXaA-600x646.jpg 600w, https:\/\/uoogear.com\/wp-content\/uploads\/2023\/11\/HTB1UsIWclGE3KVjSZFhq6AkaFXaA-50x54.jpg 50w\" sizes=\"auto, (max-width: 750px) 100vw, 750px\" \/><\/p>\n<\/div>","protected":false},"excerpt":{"rendered":"<p>Plocha : 4 L\u00e1tka : Nylon Vn\u011bj\u0161\u00ed stan Index vod\u011bodolnosti : 2000-3000 Mm Spodn\u00ed Vodot\u011bsnost : 2000-3000 Mm Styl stanu : Typ diagon\u00e1ln\u00edho vyztu\u017een\u00ed Sez\u00f3na : \u010cty\u0159sez\u00f3nn\u00ed Struktura stanu : Jedna lo\u017enice N\u00e1zev produktu : Automatick\u00fd stan Camping Pou\u017eit\u00ed: Tent Venkovn\u00ed Pou\u017eit\u00ed: Outdoor Camping Family Stan Outdoor upgrade automatick\u00fd stan 3-4<\/p>\n<div class=\"read-more\"><a class=\"btn btn-fill-out\" href=\"https:\/\/uoogear.com\/cs\/produkt\/outdoor-upgrade-automatic-tent-3-4-people-double-rainproof-camping-tent-thickening\/\">P\u0159e\u010dt\u011bte si v\u00edce<\/a><\/div>","protected":false},"featured_media":4839,"template":"","meta":[],"product_brand":[],"product_cat":[15],"product_tag":[],"class_list":{"0":"post-4840","1":"product","2":"type-product","3":"status-publish","4":"has-post-thumbnail","6":"product_cat-uncategorized","7":"tm-no-options","9":"first","10":"instock","11":"shipping-taxable","12":"purchasable","13":"product-type-variable"},"_links":{"self":[{"href":"https:\/\/uoogear.com\/cs\/wp-json\/wp\/v2\/product\/4840","targetHints":{"allow":["GET"]}}],"collection":[{"href":"https:\/\/uoogear.com\/cs\/wp-json\/wp\/v2\/product"}],"about":[{"href":"https:\/\/uoogear.com\/cs\/wp-json\/wp\/v2\/types\/product"}],"wp:featuredmedia":[{"embeddable":true,"href":"https:\/\/uoogear.com\/cs\/wp-json\/wp\/v2\/media\/4839"}],"wp:attachment":[{"href":"https:\/\/uoogear.com\/cs\/wp-json\/wp\/v2\/media?parent=4840"}],"wp:term":[{"taxonomy":"product_brand","embeddable":true,"href":"https:\/\/uoogear.com\/cs\/wp-json\/wp\/v2\/product_brand?post=4840"},{"taxonomy":"product_cat","embeddable":true,"href":"https:\/\/uoogear.com\/cs\/wp-json\/wp\/v2\/product_cat?post=4840"},{"taxonomy":"product_tag","embeddable":true,"href":"https:\/\/uoogear.com\/cs\/wp-json\/wp\/v2\/product_tag?post=4840"}],"curies":[{"name":"wp","href":"https:\/\/api.w.org\/{rel}","templated":true}]}}