{"id":4852,"date":"2023-11-14T02:34:28","date_gmt":"2023-11-14T02:34:28","guid":{"rendered":"https:\/\/uoogear.com\/product\/large-throw-tent-outdoor-3-4-persons-automatic-speed-open-throwing-pop-up-windproof-waterproof-beach-camping-tent-large-space\/"},"modified":"2023-11-30T02:37:17","modified_gmt":"2023-11-30T02:37:17","slug":"large-throw-tent-outdoor-3-4-persons-automatic-speed-open-throwing-pop-up-windproof-waterproof-beach-camping-tent-large-space","status":"publish","type":"product","link":"https:\/\/uoogear.com\/cs\/produkt\/large-throw-tent-outdoor-3-4-persons-automatic-speed-open-throwing-pop-up-windproof-waterproof-beach-camping-tent-large-space\/","title":{"rendered":"Velk\u00fd vyhazovac\u00ed stan venkovn\u00ed 3-4 osoby automatick\u00e1 rychlost otev\u00edr\u00e1n\u00ed vyskakovac\u00ed vyskakovac\u00ed v\u011btruodoln\u00fd vod\u011bodoln\u00fd pl\u00e1\u017eov\u00fd kempingov\u00fd stan velk\u00fd prostor"},"content":{"rendered":"<ul>\n<li><strong>Materi\u00e1l ty\u010de: <\/strong> sklen\u011bn\u00e9 vl\u00e1kno<\/li>\n<li><strong>Typ: <\/strong> Stan pro 3 \u2013 4 osoby<\/li>\n<li><strong>Tkanina: <\/strong> Oxfordsk\u00e1 tkanina<\/li>\n<li><strong>Vrstvy: <\/strong> Dvojn\u00e1sobek<\/li>\n<\/ul>\n<div>\n<p>Velk\u00fd vyhazovac\u00ed stan venkovn\u00ed 3-4 osoby automatick\u00e1 rychlost otev\u00edr\u00e1n\u00ed vyskakovac\u00ed vyskakovac\u00ed v\u011btruodoln\u00fd vod\u011bodoln\u00fd pl\u00e1\u017eov\u00fd kempingov\u00fd stan velk\u00fd prostor<\/p>\n<p>1, Family Camping Stans je vyskakovac\u00ed design, otev\u0159en\u00fd za 5 sekund; skl\u00e1dac\u00ed, snadno p\u0159enosn\u00fd, pouze 3,7 kg.<\/p>\n<p>2, s\u00ed\u0165ovan\u00e9 dve\u0159e a okna, \u010dty\u0159i strany ventilace, ochrana proti kom\u00e1r\u016fm a hmyzu; lze pou\u017e\u00edt ve 3 sez\u00f3n\u00e1ch.<\/p>\n<p>3,Dvoudve\u0159ov\u00fd design,snadn\u00fd vstup a v\u00fdstup;Rodinn\u00e9 kempingov\u00e9 stany Dve\u0159e a okna lze zcela zav\u0159\u00edt, aby byl chr\u00e1n\u011bn \u010das na soukrom\u00ed.<\/p>\n<p>4, Rodinn\u00e9 kempingov\u00e9 stany s velk\u00fdm prostorem, vhodn\u00e9 pro 3-4 rodinn\u00e9 p\u0159\u00e1tele pro pou\u017eit\u00ed venku.<\/p>\n<p>5, Vysoce kvalitn\u00ed a odoln\u00e9 rodinn\u00e9 kempingov\u00e9 stany Star Home budou dob\u0159e fungovat pro kr\u00e1tk\u00e9 kempov\u00e1n\u00ed s malou rodinou, p\u00e1rem nebo jednotlivcem. Rodinn\u00e9 kempingov\u00e9 stany Star Home v\u00e1m umo\u017en\u00ed u\u017e\u00edt si dobr\u00e9 \u010dasy.<\/p>\n<p>&nbsp;<\/p>\n<p><img decoding=\"async\" src=\"\/\/sc02.alicdn.com\/kf\/HTB1nNN1aubviK0jSZFNq6yApXXat\/222400006\/HTB1nNN1aubviK0jSZFNq6yApXXat.jpg\" alt=\"Velk\u00fd vyhazovac\u00ed stan venkovn\u00ed 3-4 osoby automatick\u00e1 rychlost otev\u00edr\u00e1n\u00ed vyskakovac\u00ed vyskakovac\u00ed v\u011btruodoln\u00fd vod\u011bodoln\u00fd pl\u00e1\u017eov\u00fd kempingov\u00fd stan velk\u00fd prostor\" width=\"750\" height=\"671.25\" data-src=\"\/\/sc02.alicdn.com\/kf\/HTB1nNN1aubviK0jSZFNq6yApXXat\/222400006\/HTB1nNN1aubviK0jSZFNq6yApXXat.jpg\" data-alt=\"Large throw tent outdoor 3-4 persons automatic speed open throwing pop up windproof waterproof beach camping tent large space\" \/><img decoding=\"async\" src=\"\/\/sc01.alicdn.com\/kf\/HTB1Fy3za1H2gK0jSZJnq6yT1FXaw\/222400006\/HTB1Fy3za1H2gK0jSZJnq6yT1FXaw.jpg\" alt=\"Velk\u00fd vyhazovac\u00ed stan venkovn\u00ed 3-4 osoby automatick\u00e1 rychlost otev\u00edr\u00e1n\u00ed vyskakovac\u00ed vyskakovac\u00ed v\u011btruodoln\u00fd vod\u011bodoln\u00fd pl\u00e1\u017eov\u00fd kempingov\u00fd stan velk\u00fd prostor\" width=\"750\" height=\"648.75\" data-src=\"\/\/sc01.alicdn.com\/kf\/HTB1Fy3za1H2gK0jSZJnq6yT1FXaw\/222400006\/HTB1Fy3za1H2gK0jSZJnq6yT1FXaw.jpg\" data-alt=\"Large throw tent outdoor 3-4 persons automatic speed open throwing pop up windproof waterproof beach camping tent large space\" \/><img decoding=\"async\" src=\"\/\/sc01.alicdn.com\/kf\/HTB1LwZza7L0gK0jSZFAq6AA9pXaD\/222400006\/HTB1LwZza7L0gK0jSZFAq6AA9pXaD.jpg\" alt=\"Velk\u00fd vyhazovac\u00ed stan venkovn\u00ed 3-4 osoby automatick\u00e1 rychlost otev\u00edr\u00e1n\u00ed vyskakovac\u00ed vyskakovac\u00ed v\u011btruodoln\u00fd vod\u011bodoln\u00fd pl\u00e1\u017eov\u00fd kempingov\u00fd stan velk\u00fd prostor\" width=\"750\" height=\"881.25\" data-src=\"\/\/sc01.alicdn.com\/kf\/HTB1LwZza7L0gK0jSZFAq6AA9pXaD\/222400006\/HTB1LwZza7L0gK0jSZFAq6AA9pXaD.jpg\" data-alt=\"Large throw tent outdoor 3-4 persons automatic speed open throwing pop up windproof waterproof beach camping tent large space\" \/><img decoding=\"async\" src=\"\/\/sc01.alicdn.com\/kf\/HTB1zyUya.D1gK0jSZFGq6zd3FXab\/222400006\/HTB1zyUya.D1gK0jSZFGq6zd3FXab.jpg\" alt=\"Velk\u00fd vyhazovac\u00ed stan venkovn\u00ed 3-4 osoby automatick\u00e1 rychlost otev\u00edr\u00e1n\u00ed vyskakovac\u00ed vyskakovac\u00ed v\u011btruodoln\u00fd vod\u011bodoln\u00fd pl\u00e1\u017eov\u00fd kempingov\u00fd stan velk\u00fd prostor\" width=\"750\" height=\"534.375\" data-src=\"\/\/sc01.alicdn.com\/kf\/HTB1zyUya.D1gK0jSZFGq6zd3FXab\/222400006\/HTB1zyUya.D1gK0jSZFGq6zd3FXab.jpg\" data-alt=\"Large throw tent outdoor 3-4 persons automatic speed open throwing pop up windproof waterproof beach camping tent large space\" \/><img loading=\"lazy\" decoding=\"async\" src=\"\/\/sc01.alicdn.com\/kf\/HTB1Ko3ya5_1gK0jSZFqq6ApaXXa8\/222400006\/HTB1Ko3ya5_1gK0jSZFqq6ApaXXa8.jpg\" alt=\"Velk\u00fd vyhazovac\u00ed stan venkovn\u00ed 3-4 osoby automatick\u00e1 rychlost otev\u00edr\u00e1n\u00ed vyskakovac\u00ed vyskakovac\u00ed v\u011btruodoln\u00fd vod\u011bodoln\u00fd pl\u00e1\u017eov\u00fd kempingov\u00fd stan velk\u00fd prostor\" width=\"750\" height=\"600\" data-src=\"\/\/sc01.alicdn.com\/kf\/HTB1Ko3ya5_1gK0jSZFqq6ApaXXa8\/222400006\/HTB1Ko3ya5_1gK0jSZFqq6ApaXXa8.jpg\" data-alt=\"Large throw tent outdoor 3-4 persons automatic speed open throwing pop up windproof waterproof beach camping tent large space\" \/><img decoding=\"async\" src=\"\/\/sc02.alicdn.com\/kf\/HTB1Hi7ya.T1gK0jSZFrq6ANCXXaS\/222400006\/HTB1Hi7ya.T1gK0jSZFrq6ANCXXaS.jpg\" alt=\"Velk\u00fd vyhazovac\u00ed stan venkovn\u00ed 3-4 osoby automatick\u00e1 rychlost otev\u00edr\u00e1n\u00ed vyskakovac\u00ed vyskakovac\u00ed v\u011btruodoln\u00fd vod\u011bodoln\u00fd pl\u00e1\u017eov\u00fd kempingov\u00fd stan velk\u00fd prostor\" width=\"750\" height=\"678.75\" data-src=\"\/\/sc02.alicdn.com\/kf\/HTB1Hi7ya.T1gK0jSZFrq6ANCXXaS\/222400006\/HTB1Hi7ya.T1gK0jSZFrq6ANCXXaS.jpg\" data-alt=\"Large throw tent outdoor 3-4 persons automatic speed open throwing pop up windproof waterproof beach camping tent large space\" \/><img decoding=\"async\" src=\"\/\/sc01.alicdn.com\/kf\/HTB1bxR1aubviK0jSZFNq6yApXXaI\/222400006\/HTB1bxR1aubviK0jSZFNq6yApXXaI.jpg\" alt=\"Velk\u00fd vyhazovac\u00ed stan venkovn\u00ed 3-4 osoby automatick\u00e1 rychlost otev\u00edr\u00e1n\u00ed vyskakovac\u00ed vyskakovac\u00ed v\u011btruodoln\u00fd vod\u011bodoln\u00fd pl\u00e1\u017eov\u00fd kempingov\u00fd stan velk\u00fd prostor\" width=\"750\" height=\"736.875\" data-src=\"\/\/sc01.alicdn.com\/kf\/HTB1bxR1aubviK0jSZFNq6yApXXaI\/222400006\/HTB1bxR1aubviK0jSZFNq6yApXXaI.jpg\" data-alt=\"Large throw tent outdoor 3-4 persons automatic speed open throwing pop up windproof waterproof beach camping tent large space\" \/><img decoding=\"async\" src=\"\/\/sc01.alicdn.com\/kf\/HTB1rewya2b2gK0jSZK9q6yEgFXae\/222400006\/HTB1rewya2b2gK0jSZK9q6yEgFXae.jpg\" alt=\"Velk\u00fd vyhazovac\u00ed stan venkovn\u00ed 3-4 osoby automatick\u00e1 rychlost otev\u00edr\u00e1n\u00ed vyskakovac\u00ed vyskakovac\u00ed v\u011btruodoln\u00fd vod\u011bodoln\u00fd pl\u00e1\u017eov\u00fd kempingov\u00fd stan velk\u00fd prostor\" width=\"750\" height=\"786.5625\" data-src=\"\/\/sc01.alicdn.com\/kf\/HTB1rewya2b2gK0jSZK9q6yEgFXae\/222400006\/HTB1rewya2b2gK0jSZK9q6yEgFXae.jpg\" data-alt=\"Large throw tent outdoor 3-4 persons automatic speed open throwing pop up windproof waterproof beach camping tent large space\" \/><img decoding=\"async\" src=\"\/\/sc01.alicdn.com\/kf\/HTB1lMEAaYH1gK0jSZFwq6A7aXXaG\/222400006\/HTB1lMEAaYH1gK0jSZFwq6A7aXXaG.jpg\" alt=\"Velk\u00fd vyhazovac\u00ed stan venkovn\u00ed 3-4 osoby automatick\u00e1 rychlost otev\u00edr\u00e1n\u00ed vyskakovac\u00ed vyskakovac\u00ed v\u011btruodoln\u00fd vod\u011bodoln\u00fd pl\u00e1\u017eov\u00fd kempingov\u00fd stan velk\u00fd prostor\" width=\"750\" height=\"676.875\" data-src=\"\/\/sc01.alicdn.com\/kf\/HTB1lMEAaYH1gK0jSZFwq6A7aXXaG\/222400006\/HTB1lMEAaYH1gK0jSZFwq6A7aXXaG.jpg\" data-alt=\"Large throw tent outdoor 3-4 persons automatic speed open throwing pop up windproof waterproof beach camping tent large space\" \/><img decoding=\"async\" src=\"\/\/sc01.alicdn.com\/kf\/HTB1U4wya7Y2gK0jSZFgq6A5OFXaP\/222400006\/HTB1U4wya7Y2gK0jSZFgq6A5OFXaP.jpg\" alt=\"Velk\u00fd vyhazovac\u00ed stan venkovn\u00ed 3-4 osoby automatick\u00e1 rychlost otev\u00edr\u00e1n\u00ed vyskakovac\u00ed vyskakovac\u00ed v\u011btruodoln\u00fd vod\u011bodoln\u00fd pl\u00e1\u017eov\u00fd kempingov\u00fd stan velk\u00fd prostor\" width=\"750\" height=\"725.6250000000001\" data-src=\"\/\/sc01.alicdn.com\/kf\/HTB1U4wya7Y2gK0jSZFgq6A5OFXaP\/222400006\/HTB1U4wya7Y2gK0jSZFgq6A5OFXaP.jpg\" data-alt=\"Large throw tent outdoor 3-4 persons automatic speed open throwing pop up windproof waterproof beach camping tent large space\" \/><img decoding=\"async\" src=\"\/\/sc01.alicdn.com\/kf\/HTB1ZuMya2b2gK0jSZK9q6yEgFXad\/222400006\/HTB1ZuMya2b2gK0jSZK9q6yEgFXad.jpg\" alt=\"Velk\u00fd vyhazovac\u00ed stan venkovn\u00ed 3-4 osoby automatick\u00e1 rychlost otev\u00edr\u00e1n\u00ed vyskakovac\u00ed vyskakovac\u00ed v\u011btruodoln\u00fd vod\u011bodoln\u00fd pl\u00e1\u017eov\u00fd kempingov\u00fd stan velk\u00fd prostor\" width=\"750\" height=\"684.375\" data-src=\"\/\/sc01.alicdn.com\/kf\/HTB1ZuMya2b2gK0jSZK9q6yEgFXad\/222400006\/HTB1ZuMya2b2gK0jSZK9q6yEgFXad.jpg\" data-alt=\"Large throw tent outdoor 3-4 persons automatic speed open throwing pop up windproof waterproof beach camping tent large space\" \/><img decoding=\"async\" src=\"\/\/sc02.alicdn.com\/kf\/HTB1cgUya7P2gK0jSZPxq6ycQpXaD\/222400006\/HTB1cgUya7P2gK0jSZPxq6ycQpXaD.jpg\" alt=\"Velk\u00fd vyhazovac\u00ed stan venkovn\u00ed 3-4 osoby automatick\u00e1 rychlost otev\u00edr\u00e1n\u00ed vyskakovac\u00ed vyskakovac\u00ed v\u011btruodoln\u00fd vod\u011bodoln\u00fd pl\u00e1\u017eov\u00fd kempingov\u00fd stan velk\u00fd prostor\" width=\"750\" height=\"1042.5\" data-src=\"\/\/sc02.alicdn.com\/kf\/HTB1cgUya7P2gK0jSZPxq6ycQpXaD\/222400006\/HTB1cgUya7P2gK0jSZPxq6ycQpXaD.jpg\" data-alt=\"Large throw tent outdoor 3-4 persons automatic speed open throwing pop up windproof waterproof beach camping tent large space\" \/><img decoding=\"async\" src=\"\/\/sc02.alicdn.com\/kf\/HTB1v_ZzaYr1gK0jSZR0q6zP8XXaj\/222400006\/HTB1v_ZzaYr1gK0jSZR0q6zP8XXaj.jpg\" alt=\"Velk\u00fd vyhazovac\u00ed stan venkovn\u00ed 3-4 osoby automatick\u00e1 rychlost otev\u00edr\u00e1n\u00ed vyskakovac\u00ed vyskakovac\u00ed v\u011btruodoln\u00fd vod\u011bodoln\u00fd pl\u00e1\u017eov\u00fd kempingov\u00fd stan velk\u00fd prostor\" width=\"750\" height=\"935.625\" data-src=\"\/\/sc02.alicdn.com\/kf\/HTB1v_ZzaYr1gK0jSZR0q6zP8XXaj\/222400006\/HTB1v_ZzaYr1gK0jSZR0q6zP8XXaj.jpg\" data-alt=\"Large throw tent outdoor 3-4 persons automatic speed open throwing pop up windproof waterproof beach camping tent large space\" \/><img decoding=\"async\" src=\"\/\/sc01.alicdn.com\/kf\/HTB1KH7BaYj1gK0jSZFOq6A7GpXag\/222400006\/HTB1KH7BaYj1gK0jSZFOq6A7GpXag.jpg\" alt=\"Velk\u00fd vyhazovac\u00ed stan venkovn\u00ed 3-4 osoby automatick\u00e1 rychlost otev\u00edr\u00e1n\u00ed vyskakovac\u00ed vyskakovac\u00ed v\u011btruodoln\u00fd vod\u011bodoln\u00fd pl\u00e1\u017eov\u00fd kempingov\u00fd stan velk\u00fd prostor\" width=\"750\" height=\"736.875\" data-src=\"\/\/sc01.alicdn.com\/kf\/HTB1KH7BaYj1gK0jSZFOq6A7GpXag\/222400006\/HTB1KH7BaYj1gK0jSZFOq6A7GpXag.jpg\" data-alt=\"Large throw tent outdoor 3-4 persons automatic speed open throwing pop up windproof waterproof beach camping tent large space\" \/><\/p>\n<\/div>","protected":false},"excerpt":{"rendered":"<p>Materi\u00e1l ty\u010de : sklen\u011bn\u00e9 vl\u00e1kno Typ : stan pro 3 \u2013 4 osoby L\u00e1tka : Oxfordsk\u00e1 tkanina Vrstvy : Dvojit\u00fd velk\u00fd stan venkovn\u00ed 3-4 osoby automatick\u00e1 rychlost otev\u0159en\u00e9 h\u00e1zen\u00ed vyskakovac\u00ed v\u011btruodoln\u00fd vod\u011bodoln\u00fd pl\u00e1\u017eov\u00fd kempingov\u00fd stan velk\u00fd prostor 1, Family Camping Tents je vyskakovac\u00ed design , otev\u0159en\u00ed za 5 sekund; skl\u00e1dac\u00ed, snadno p\u0159enosn\u00fd, pouze 3,7 kg. 2, S\u00ed\u0165ovan\u00e9 dve\u0159e<\/p>\n<div class=\"read-more\"><a class=\"btn btn-fill-out\" href=\"https:\/\/uoogear.com\/cs\/produkt\/large-throw-tent-outdoor-3-4-persons-automatic-speed-open-throwing-pop-up-windproof-waterproof-beach-camping-tent-large-space\/\">P\u0159e\u010dt\u011bte si v\u00edce<\/a><\/div>","protected":false},"featured_media":4850,"template":"","meta":[],"product_brand":[],"product_cat":[15],"product_tag":[],"class_list":{"0":"post-4852","1":"product","2":"type-product","3":"status-publish","4":"has-post-thumbnail","6":"product_cat-uncategorized","7":"tm-no-options","9":"first","10":"instock","11":"shipping-taxable","12":"purchasable","13":"product-type-variable"},"_links":{"self":[{"href":"https:\/\/uoogear.com\/cs\/wp-json\/wp\/v2\/product\/4852","targetHints":{"allow":["GET"]}}],"collection":[{"href":"https:\/\/uoogear.com\/cs\/wp-json\/wp\/v2\/product"}],"about":[{"href":"https:\/\/uoogear.com\/cs\/wp-json\/wp\/v2\/types\/product"}],"wp:featuredmedia":[{"embeddable":true,"href":"https:\/\/uoogear.com\/cs\/wp-json\/wp\/v2\/media\/4850"}],"wp:attachment":[{"href":"https:\/\/uoogear.com\/cs\/wp-json\/wp\/v2\/media?parent=4852"}],"wp:term":[{"taxonomy":"product_brand","embeddable":true,"href":"https:\/\/uoogear.com\/cs\/wp-json\/wp\/v2\/product_brand?post=4852"},{"taxonomy":"product_cat","embeddable":true,"href":"https:\/\/uoogear.com\/cs\/wp-json\/wp\/v2\/product_cat?post=4852"},{"taxonomy":"product_tag","embeddable":true,"href":"https:\/\/uoogear.com\/cs\/wp-json\/wp\/v2\/product_tag?post=4852"}],"curies":[{"name":"wp","href":"https:\/\/api.w.org\/{rel}","templated":true}]}}