{"id":4867,"date":"2023-11-14T02:55:03","date_gmt":"2023-11-14T02:55:03","guid":{"rendered":"https:\/\/uoogear.com\/product\/npot-customized-rooftop-car-tent-roof-rooftop-roof-tent-4-person-rooftop-tent-hard-shell\/"},"modified":"2023-11-30T08:54:13","modified_gmt":"2023-11-30T08:54:13","slug":"npot-customized-rooftop-car-tent-roof-rooftop-roof-tent-4-person-rooftop-tent-hard-shell","status":"publish","type":"product","link":"https:\/\/uoogear.com\/cs\/produkt\/npot-customized-rooftop-car-tent-roof-rooftop-roof-tent-4-person-rooftop-tent-hard-shell\/","title":{"rendered":"NPOT P\u0159izp\u016fsoben\u00fd st\u0159e\u0161n\u00ed stan na auto st\u0159echa st\u0159e\u0161n\u00ed st\u0159e\u0161n\u00ed stan 4 osoby st\u0159e\u0161n\u00ed stan s pevnou sko\u0159epinou"},"content":{"rendered":"<ul>\n<li><strong>Plocha : <\/strong> 0,54 m2<\/li>\n<li><strong>Tkanina: <\/strong> Pl\u00e1tno\/Oxfordsk\u00e1 l\u00e1tka<\/li>\n<li><strong>Index vod\u011bodolnosti vn\u011bj\u0161\u00edho stanu: <\/strong> 2000-3000 mm<\/li>\n<li><strong>Spodn\u00ed index vod\u011bodolnosti: <\/strong> &gt; 3000 mm<\/li>\n<li><strong>Styl stanu: <\/strong> Kamufl\u00e1\u017e\/poln\u00ed hra<\/li>\n<li><strong>Sez\u00f3na : <\/strong> T\u0159\u00edsez\u00f3nn\u00ed stan, \u010dty\u0159sez\u00f3nn\u00ed stan<\/li>\n<li><strong>Struktura: <\/strong> Dv\u011b lo\u017enice<\/li>\n<li><strong>Typ: <\/strong> st\u0159e\u0161n\u00ed auto stan<\/li>\n<li><strong>Barva : <\/strong> kov<\/li>\n<li><strong>Funkce: <\/strong> Rychle otev\u00edrateln\u00fd kempingov\u00fd stan<\/li>\n<li><strong>Vlastnosti : <\/strong> UV odoln\u00fd 50+<\/li>\n<li><strong>l\u00e9tat: <\/strong> Polyester 420D<\/li>\n<li><strong>Materi\u00e1l ty\u010de: <\/strong> Hlin\u00edk<\/li>\n<li><strong>Velikost: <\/strong> 168cm*210cm*130cm<\/li>\n<li><strong>Hmotnost: <\/strong> 76,1 kg<\/li>\n<\/ul>\n<div>\n<div data-section=\"AliPostDhMb-cm8h5\" data-section-title=\"Product Description\">\n<div>Popis v\u00fdrobku<\/div>\n<div>\n<p>&nbsp;<\/p>\n<h1>P\u0159izp\u016fsoben\u00e1 st\u0159e\u0161n\u00ed stanov\u00e1 st\u0159echa auta<\/h1>\n<p><img loading=\"lazy\" decoding=\"async\" src=\"https:\/\/uoogear.com\/wp-content\/uploads\/2023\/11\/H8f28781d077e4eb081fdcb641db74dfd2-wpp1701334016258.webp\" alt=\"NPOT P\u0159izp\u016fsoben\u00fd st\u0159e\u0161n\u00ed stan na auto st\u0159echa st\u0159e\u0161n\u00ed st\u0159e\u0161n\u00ed stan 4 osoby st\u0159e\u0161n\u00ed stan s pevnou sko\u0159epinou\" width=\"750\" height=\"750\" data-src=\"https:\/\/uoogear.com\/wp-content\/uploads\/2023\/11\/H8f28781d077e4eb081fdcb641db74dfd2-wpp1701334016258.webp\" data-alt=\"NPOT Customized rooftop car tent roof rooftop roof tent 4 person rooftop tent hard shell\" \/> <img loading=\"lazy\" decoding=\"async\" src=\"https:\/\/uoogear.com\/wp-content\/uploads\/2023\/11\/H76a304b388f849a2a0893419bd3dd0a8V.webp\" alt=\"NPOT P\u0159izp\u016fsoben\u00fd st\u0159e\u0161n\u00ed stan na auto st\u0159echa st\u0159e\u0161n\u00ed st\u0159e\u0161n\u00ed stan 4 osoby st\u0159e\u0161n\u00ed stan s pevnou sko\u0159epinou\" width=\"750\" height=\"750\" data-src=\"https:\/\/uoogear.com\/wp-content\/uploads\/2023\/11\/H76a304b388f849a2a0893419bd3dd0a8V.webp\" data-alt=\"NPOT Customized rooftop car tent roof rooftop roof tent 4 person rooftop tent hard shell\" \/> <img loading=\"lazy\" decoding=\"async\" src=\"https:\/\/uoogear.com\/wp-content\/uploads\/2023\/11\/H0a00af5c72954173a33759bfeeba33aaB.webp\" alt=\"NPOT P\u0159izp\u016fsoben\u00fd st\u0159e\u0161n\u00ed stan na auto st\u0159echa st\u0159e\u0161n\u00ed st\u0159e\u0161n\u00ed stan 4 osoby st\u0159e\u0161n\u00ed stan s pevnou sko\u0159epinou\" width=\"750\" height=\"750\" data-src=\"https:\/\/uoogear.com\/wp-content\/uploads\/2023\/11\/H0a00af5c72954173a33759bfeeba33aaB.webp\" data-alt=\"NPOT Customized rooftop car tent roof rooftop roof tent 4 person rooftop tent hard shell\" \/> <img loading=\"lazy\" decoding=\"async\" src=\"https:\/\/uoogear.com\/wp-content\/uploads\/2023\/11\/Haa8adad7833b4beea4f9188bbef99989V.webp\" alt=\"NPOT P\u0159izp\u016fsoben\u00fd st\u0159e\u0161n\u00ed stan na auto st\u0159echa st\u0159e\u0161n\u00ed st\u0159e\u0161n\u00ed stan 4 osoby st\u0159e\u0161n\u00ed stan s pevnou sko\u0159epinou\" width=\"750\" height=\"750\" data-src=\"https:\/\/uoogear.com\/wp-content\/uploads\/2023\/11\/Haa8adad7833b4beea4f9188bbef99989V.webp\" data-alt=\"NPOT Customized rooftop car tent roof rooftop roof tent 4 person rooftop tent hard shell\" \/><\/p>\n<\/div>\n<\/div>\n<\/div>","protected":false},"excerpt":{"rendered":"<p>Plocha : 0,54 m2 L\u00e1tka : Pl\u00e1tno\/Oxford tkanina Vn\u011bj\u0161\u00ed stan Index vod\u011bodolnosti : 2000-3000 Mm Spodn\u00ed Vodot\u011bsnost : &gt;3000 mm Styl stanu : Maskovac\u00ed\/poln\u00ed hra Sez\u00f3na : T\u0159\u00edsez\u00f3nn\u00ed stan, \u010cty\u0159sez\u00f3nn\u00ed Struktura stanu : Struktura stanu pro dv\u011b sez\u00f3ny : st\u0159e\u0161n\u00ed auto stan Barva : kov Funkce : Rychle otev\u00edrateln\u00fd kempingov\u00fd stan Vlastnost : Odoln\u00fd proti UV z\u00e1\u0159en\u00ed 50+ Fly : 420D<\/p>\n<div class=\"read-more\"><a class=\"btn btn-fill-out\" href=\"https:\/\/uoogear.com\/cs\/produkt\/npot-customized-rooftop-car-tent-roof-rooftop-roof-tent-4-person-rooftop-tent-hard-shell\/\">P\u0159e\u010dt\u011bte si v\u00edce<\/a><\/div>","protected":false},"featured_media":4866,"template":"","meta":[],"product_brand":[],"product_cat":[15],"product_tag":[],"class_list":{"0":"post-4867","1":"product","2":"type-product","3":"status-publish","4":"has-post-thumbnail","6":"product_cat-uncategorized","7":"tm-no-options","9":"first","10":"instock","11":"shipping-taxable","12":"purchasable","13":"product-type-variable"},"_links":{"self":[{"href":"https:\/\/uoogear.com\/cs\/wp-json\/wp\/v2\/product\/4867","targetHints":{"allow":["GET"]}}],"collection":[{"href":"https:\/\/uoogear.com\/cs\/wp-json\/wp\/v2\/product"}],"about":[{"href":"https:\/\/uoogear.com\/cs\/wp-json\/wp\/v2\/types\/product"}],"wp:featuredmedia":[{"embeddable":true,"href":"https:\/\/uoogear.com\/cs\/wp-json\/wp\/v2\/media\/4866"}],"wp:attachment":[{"href":"https:\/\/uoogear.com\/cs\/wp-json\/wp\/v2\/media?parent=4867"}],"wp:term":[{"taxonomy":"product_brand","embeddable":true,"href":"https:\/\/uoogear.com\/cs\/wp-json\/wp\/v2\/product_brand?post=4867"},{"taxonomy":"product_cat","embeddable":true,"href":"https:\/\/uoogear.com\/cs\/wp-json\/wp\/v2\/product_cat?post=4867"},{"taxonomy":"product_tag","embeddable":true,"href":"https:\/\/uoogear.com\/cs\/wp-json\/wp\/v2\/product_tag?post=4867"}],"curies":[{"name":"wp","href":"https:\/\/api.w.org\/{rel}","templated":true}]}}