{"id":4875,"date":"2023-11-14T02:56:57","date_gmt":"2023-11-14T02:56:57","guid":{"rendered":"https:\/\/uoogear.com\/product\/best-selling-abs-hard-shell-roof-top-tent-car-rooftop-tents-camping-outdoor-tents-for-suv-4x4\/"},"modified":"2023-11-30T08:56:48","modified_gmt":"2023-11-30T08:56:48","slug":"best-selling-abs-hard-shell-roof-top-tent-car-rooftop-tents-camping-outdoor-tents-for-suv-4x4","status":"publish","type":"product","link":"https:\/\/uoogear.com\/cs\/produkt\/best-selling-abs-hard-shell-roof-top-tent-car-rooftop-tents-camping-outdoor-tents-for-suv-4x4\/","title":{"rendered":"Nejprod\u00e1van\u011bj\u0161\u00ed stan ABS Hard Shell St\u0159e\u0161n\u00ed stan Auto St\u0159e\u0161n\u00ed stany Camping Venkovn\u00ed stany pro SUV 4\u00d74"},"content":{"rendered":"<ul>\n<li><strong>Plocha : <\/strong> Rozm\u011br 210*210*110 cm<\/li>\n<li><strong>Tkanina: <\/strong> T\/C<\/li>\n<li><strong>Index vod\u011bodolnosti vn\u011bj\u0161\u00edho stanu: <\/strong> 2000-3000 mm, &gt;3000 mm<\/li>\n<li><strong>Spodn\u00ed index vod\u011bodolnosti: <\/strong> 2000-3000 mm, &gt;3000 mm<\/li>\n<li><strong>Typ budovy: <\/strong> Rychl\u00e9 automatick\u00e9 otev\u00edr\u00e1n\u00ed<\/li>\n<li><strong>Styl stanu: <\/strong> Kamufl\u00e1\u017e\/poln\u00ed hra, typ s diagon\u00e1ln\u00edm vyztu\u017een\u00edm, roz\u0161\u00ed\u0159en\u00fd typ<\/li>\n<li><strong>Sez\u00f3na : <\/strong> \u010cty\u0159sez\u00f3nn\u00ed stan<\/li>\n<li><strong>Struktura: <\/strong> Jedna lo\u017enice<\/li>\n<li><strong>Materi\u00e1l: <\/strong> T\/C bavlna<\/li>\n<li><strong>Pou\u017eit\u00ed: <\/strong> Kempov\u00e1n\u00ed, turistika<\/li>\n<li><strong>Logo: <\/strong> P\u0159izp\u016fsoben\u00e9 logo<\/li>\n<\/ul>\n<div>\n<div>\n<div data-magic-global=\"%7B%22bizId%22%3A2211849880387%2C%22pageId%22%3A21142784875%2C%22siteId%22%3A10002842041%7D\">\n<div><\/div>\n<div><\/div>\n<div>\n<div>\n<div>\n<div>\n<div>\n<div><img decoding=\"async\" src=\"https:\/\/uoogear.com\/wp-content\/uploads\/2023\/11\/H51e50b08a7ae48948587fe8f6af7aef58.webp\" data-src=\"https:\/\/uoogear.com\/wp-content\/uploads\/2023\/11\/H51e50b08a7ae48948587fe8f6af7aef58.webp\" \/><\/div>\n<\/div>\n<\/div>\n<\/div>\n<\/div>\n<\/div>\n<div><\/div>\n<\/div>\n<\/div>\n<div>\n<div>\n<div><img decoding=\"async\" src=\"https:\/\/uoogear.com\/wp-content\/uploads\/2023\/11\/H9144f56559b64f488698d47592278e7bb.webp\" data-src=\"https:\/\/uoogear.com\/wp-content\/uploads\/2023\/11\/H9144f56559b64f488698d47592278e7bb.webp\" \/><\/div>\n<div><img decoding=\"async\" src=\"https:\/\/uoogear.com\/wp-content\/uploads\/2023\/11\/Hc4c36bb1b9044adb9406d3b4783de7e30.webp\" data-src=\"https:\/\/uoogear.com\/wp-content\/uploads\/2023\/11\/Hc4c36bb1b9044adb9406d3b4783de7e30.webp\" \/><\/div>\n<div><img decoding=\"async\" src=\"https:\/\/uoogear.com\/wp-content\/uploads\/2023\/11\/H9c902c05e5c44ce8871f5e4d64ef2fc7k.webp\" data-src=\"https:\/\/uoogear.com\/wp-content\/uploads\/2023\/11\/H9c902c05e5c44ce8871f5e4d64ef2fc7k.webp\" \/><\/div>\n<\/div>\n<\/div>\n<div><\/div>\n<div>\n<div>\n<div>\n<div>\n<div><\/div>\n<\/div>\n<\/div>\n<\/div>\n<\/div>\n<div>\n<div>\n<div>\n<div>\n<div>\n<div><img decoding=\"async\" src=\"https:\/\/uoogear.com\/wp-content\/uploads\/2023\/11\/H799d223584554ec4ab220eb9d60b000dw.webp\" data-src=\"https:\/\/uoogear.com\/wp-content\/uploads\/2023\/11\/H799d223584554ec4ab220eb9d60b000dw.webp\" \/><\/div>\n<div><img decoding=\"async\" src=\"https:\/\/uoogear.com\/wp-content\/uploads\/2023\/11\/He9f65e441e164fee9c222138ff9859c50.webp\" data-src=\"https:\/\/uoogear.com\/wp-content\/uploads\/2023\/11\/He9f65e441e164fee9c222138ff9859c50.webp\" \/><\/div>\n<\/div>\n<\/div>\n<\/div>\n<\/div>\n<\/div>\n<div>\n<div>\n<div>\n<div>\n<div>\n<div><img decoding=\"async\" src=\"https:\/\/uoogear.com\/wp-content\/uploads\/2023\/11\/H09c5fde1f7ab40b9869b833f05f19de0F.webp\" data-src=\"https:\/\/uoogear.com\/wp-content\/uploads\/2023\/11\/H09c5fde1f7ab40b9869b833f05f19de0F.webp\" \/><\/div>\n<div><\/div>\n<\/div>\n<\/div>\n<\/div>\n<\/div>\n<\/div>\n<div>\n<div>\n<div>\n<div>\n<div>\n<div><\/div>\n<\/div>\n<\/div>\n<\/div>\n<\/div>\n<\/div>\n<\/div>","protected":false},"excerpt":{"rendered":"<p>Plocha : 210*210*110cm Tkanina : T \/ C Vn\u011bj\u0161\u00ed stan Vodot\u011bsnost : 2000-3000 Mm, &gt;3000 mm Spodn\u00ed Vodot\u011bsnost : 2000-3000 Mm, &gt;3000 mm Typ budovy : Rychl\u00e9 automatick\u00e9 otev\u00edr\u00e1n\u00ed Styl stanu : Kamufl\u00e1\u017e\/maskov\u00e1n\u00ed , Typ s diagon\u00e1ln\u00edmi v\u00fdztuhami, Prodlou\u017een\u00fd typ Sez\u00f3na : \u010cty\u0159sez\u00f3nn\u00ed Struktura stanu : Jedna lo\u017enice Materi\u00e1l : T\/C bavlna Pou\u017eit\u00ed :<\/p>\n<div class=\"read-more\"><a class=\"btn btn-fill-out\" href=\"https:\/\/uoogear.com\/cs\/produkt\/best-selling-abs-hard-shell-roof-top-tent-car-rooftop-tents-camping-outdoor-tents-for-suv-4x4\/\">P\u0159e\u010dt\u011bte si v\u00edce<\/a><\/div>","protected":false},"featured_media":4874,"template":"","meta":[],"product_brand":[],"product_cat":[15],"product_tag":[],"class_list":{"0":"post-4875","1":"product","2":"type-product","3":"status-publish","4":"has-post-thumbnail","6":"product_cat-uncategorized","7":"tm-no-options","9":"first","10":"instock","11":"shipping-taxable","12":"purchasable","13":"product-type-variable"},"_links":{"self":[{"href":"https:\/\/uoogear.com\/cs\/wp-json\/wp\/v2\/product\/4875","targetHints":{"allow":["GET"]}}],"collection":[{"href":"https:\/\/uoogear.com\/cs\/wp-json\/wp\/v2\/product"}],"about":[{"href":"https:\/\/uoogear.com\/cs\/wp-json\/wp\/v2\/types\/product"}],"wp:featuredmedia":[{"embeddable":true,"href":"https:\/\/uoogear.com\/cs\/wp-json\/wp\/v2\/media\/4874"}],"wp:attachment":[{"href":"https:\/\/uoogear.com\/cs\/wp-json\/wp\/v2\/media?parent=4875"}],"wp:term":[{"taxonomy":"product_brand","embeddable":true,"href":"https:\/\/uoogear.com\/cs\/wp-json\/wp\/v2\/product_brand?post=4875"},{"taxonomy":"product_cat","embeddable":true,"href":"https:\/\/uoogear.com\/cs\/wp-json\/wp\/v2\/product_cat?post=4875"},{"taxonomy":"product_tag","embeddable":true,"href":"https:\/\/uoogear.com\/cs\/wp-json\/wp\/v2\/product_tag?post=4875"}],"curies":[{"name":"wp","href":"https:\/\/api.w.org\/{rel}","templated":true}]}}