{"id":4895,"date":"2023-11-14T03:00:19","date_gmt":"2023-11-14T03:00:19","guid":{"rendered":"https:\/\/uoogear.com\/product\/abs-shell-material-straight-bracing-type-roof-tent-camping-tent-car-rooftop-tent\/"},"modified":"2023-11-30T09:00:41","modified_gmt":"2023-11-30T09:00:41","slug":"abs-shell-material-straight-bracing-type-roof-tent-camping-tent-car-rooftop-tent","status":"publish","type":"product","link":"https:\/\/uoogear.com\/cs\/produkt\/abs-shell-material-straight-bracing-type-roof-tent-camping-tent-car-rooftop-tent\/","title":{"rendered":"Materi\u00e1l sko\u0159epiny ABS Rovn\u00e1 v\u00fdztuha Typ St\u0159e\u0161n\u00ed stan Kempingov\u00fd stan St\u0159e\u0161n\u00ed stan do auta"},"content":{"rendered":"<ul>\n<li><strong>Tkanina: <\/strong> Oxford<\/li>\n<li><strong>Index vod\u011bodolnosti vn\u011bj\u0161\u00edho stanu: <\/strong> &gt; 3000 mm<\/li>\n<li><strong>Spodn\u00ed index vod\u011bodolnosti: <\/strong> &gt; 3000 mm<\/li>\n<li><strong>Typ budovy: <\/strong> Rychl\u00e9 automatick\u00e9 otev\u00edr\u00e1n\u00ed<\/li>\n<li><strong>Styl stanu: <\/strong> P\u0159\u00edm\u00fd typ v\u00fdztuhy<\/li>\n<li><strong>Sez\u00f3na : <\/strong> \u010cty\u0159sez\u00f3nn\u00ed stan<\/li>\n<li><strong>Struktura: <\/strong> Jedna lo\u017enice<\/li>\n<\/ul>\n<div>\n<div><\/div>\n<div data-section=\"AliMagic-3oyx7p\" data-section-title=\"Product Description\">\n<p>Popis v\u00fdrobku<\/p>\n<\/div>\n<div>\n<div>\n<div><img decoding=\"async\" src=\"https:\/\/uoogear.com\/wp-content\/uploads\/2023\/11\/H8bf4724dace34427931228803a08862eG.webp\" data-src=\"https:\/\/uoogear.com\/wp-content\/uploads\/2023\/11\/H8bf4724dace34427931228803a08862eG.webp\" \/><\/div>\n<div><img decoding=\"async\" src=\"https:\/\/uoogear.com\/wp-content\/uploads\/2023\/11\/H5d617f36c45d4b5aaedde30adb7f9021l.webp\" data-src=\"https:\/\/uoogear.com\/wp-content\/uploads\/2023\/11\/H5d617f36c45d4b5aaedde30adb7f9021l.webp\" \/><\/div>\n<div><img decoding=\"async\" src=\"https:\/\/uoogear.com\/wp-content\/uploads\/2023\/11\/H4a4bbee4e0834d1c8320c5a0119b92435.webp\" data-src=\"https:\/\/uoogear.com\/wp-content\/uploads\/2023\/11\/H4a4bbee4e0834d1c8320c5a0119b92435.webp\" \/><\/div>\n<div><img decoding=\"async\" src=\"https:\/\/uoogear.com\/wp-content\/uploads\/2023\/11\/H9fc871749997470ba1fb8d0c28af1e3au.webp\" data-src=\"https:\/\/uoogear.com\/wp-content\/uploads\/2023\/11\/H9fc871749997470ba1fb8d0c28af1e3au.webp\" \/><\/div>\n<div><img decoding=\"async\" src=\"https:\/\/uoogear.com\/wp-content\/uploads\/2023\/11\/H027976735c7340dcbccbf0a7a0f8379ek.webp\" data-src=\"https:\/\/uoogear.com\/wp-content\/uploads\/2023\/11\/H027976735c7340dcbccbf0a7a0f8379ek.webp\" \/><\/div>\n<div><img decoding=\"async\" src=\"https:\/\/uoogear.com\/wp-content\/uploads\/2023\/11\/Hb949a9bfa0014c45a134cc714d62d5ecK.webp\" data-src=\"https:\/\/uoogear.com\/wp-content\/uploads\/2023\/11\/Hb949a9bfa0014c45a134cc714d62d5ecK.webp\" \/><\/div>\n<div><img decoding=\"async\" src=\"https:\/\/uoogear.com\/wp-content\/uploads\/2023\/11\/H5d179af123c64b70afd7211e6f07d210f.webp\" data-src=\"https:\/\/uoogear.com\/wp-content\/uploads\/2023\/11\/H5d179af123c64b70afd7211e6f07d210f.webp\" \/><\/div>\n<\/div>\n<\/div>\n<div>\n<div>\n<div>\n<div>\n<div>\n<div><img decoding=\"async\" src=\"https:\/\/uoogear.com\/wp-content\/uploads\/2023\/11\/He6ff13a98e9045fb81bbd17415b5f01a2.webp\" data-src=\"https:\/\/uoogear.com\/wp-content\/uploads\/2023\/11\/He6ff13a98e9045fb81bbd17415b5f01a2.webp\" \/><\/div>\n<\/div>\n<\/div>\n<\/div>\n<\/div>\n<\/div>\n<div>\n<div>\n<div>\n<div>\n<div>\n<div><\/div>\n<\/div>\n<\/div>\n<\/div>\n<\/div>\n<\/div>\n<div>\n<div>\n<div>\n<div>\n<div>\n<div><img decoding=\"async\" src=\"https:\/\/uoogear.com\/wp-content\/uploads\/2023\/11\/H40ebd58500084c3781dfaf4626a3fd19l.webp\" data-src=\"https:\/\/uoogear.com\/wp-content\/uploads\/2023\/11\/H40ebd58500084c3781dfaf4626a3fd19l.webp\" \/><\/div>\n<div><\/div>\n<\/div>\n<\/div>\n<\/div>\n<\/div>\n<\/div>\n<div>\n<div>\n<div>\n<div>\n<div>\n<div><img decoding=\"async\" src=\"https:\/\/uoogear.com\/wp-content\/uploads\/2023\/11\/Hc9453db51d944660a1e4f15768c1b9854.webp\" data-src=\"https:\/\/uoogear.com\/wp-content\/uploads\/2023\/11\/Hc9453db51d944660a1e4f15768c1b9854.webp\" \/><\/div>\n<\/div>\n<\/div>\n<\/div>\n<\/div>\n<\/div>\n<div>\n<div>\n<div>\n<div>\n<div>\n<div><img decoding=\"async\" src=\"https:\/\/uoogear.com\/wp-content\/uploads\/2023\/11\/H135d81af71d0429185aa815af762bdf2J.webp\" data-src=\"https:\/\/uoogear.com\/wp-content\/uploads\/2023\/11\/H135d81af71d0429185aa815af762bdf2J.webp\" data-spm-anchor-id=\"a2700.details.0.i83.43606669YOKGrc\" \/><\/div>\n<\/div>\n<\/div>\n<\/div>\n<\/div>\n<\/div>\n<div>\n<div>\n<div>\n<div>\n<div>\n<div><img decoding=\"async\" src=\"https:\/\/uoogear.com\/wp-content\/uploads\/2023\/11\/Hd4e931a43a594cbc9f5853b908554f417.webp\" data-src=\"https:\/\/uoogear.com\/wp-content\/uploads\/2023\/11\/Hd4e931a43a594cbc9f5853b908554f417.webp\" \/><\/div>\n<\/div>\n<\/div>\n<\/div>\n<\/div>\n<\/div>\n<div>\n<div>\n<div>\n<div>\n<div>\n<div><\/div>\n<\/div>\n<\/div>\n<\/div>\n<\/div>\n<\/div>\n<div>\n<div>\n<div>\n<div>\n<div>\n<div data-spm-anchor-id=\"a2700.details.0.i84.43606669YOKGrc\"><\/div>\n<\/div>\n<\/div>\n<\/div>\n<\/div>\n<\/div>\n<\/div>","protected":false},"excerpt":{"rendered":"<p>Tkanina : Oxford Outside Stan Vodot\u011bsnost : &gt;3000 mm Spodn\u00ed Vodot\u011bsnost : &gt;3000 mm Typ budovy : Rychl\u00e9 automatick\u00e9 otev\u00edr\u00e1n\u00ed Styl stanu : P\u0159\u00edm\u00fd typ v\u00fdztuhy Sez\u00f3na : \u010cty\u0159sez\u00f3nn\u00ed Struktura stanu : Jedna lo\u017enice Popis produktu<\/p>","protected":false},"featured_media":4894,"template":"","meta":[],"product_brand":[],"product_cat":[15],"product_tag":[],"class_list":{"0":"post-4895","1":"product","2":"type-product","3":"status-publish","4":"has-post-thumbnail","6":"product_cat-uncategorized","7":"tm-no-options","9":"first","10":"instock","11":"shipping-taxable","12":"purchasable","13":"product-type-variable"},"_links":{"self":[{"href":"https:\/\/uoogear.com\/cs\/wp-json\/wp\/v2\/product\/4895","targetHints":{"allow":["GET"]}}],"collection":[{"href":"https:\/\/uoogear.com\/cs\/wp-json\/wp\/v2\/product"}],"about":[{"href":"https:\/\/uoogear.com\/cs\/wp-json\/wp\/v2\/types\/product"}],"wp:featuredmedia":[{"embeddable":true,"href":"https:\/\/uoogear.com\/cs\/wp-json\/wp\/v2\/media\/4894"}],"wp:attachment":[{"href":"https:\/\/uoogear.com\/cs\/wp-json\/wp\/v2\/media?parent=4895"}],"wp:term":[{"taxonomy":"product_brand","embeddable":true,"href":"https:\/\/uoogear.com\/cs\/wp-json\/wp\/v2\/product_brand?post=4895"},{"taxonomy":"product_cat","embeddable":true,"href":"https:\/\/uoogear.com\/cs\/wp-json\/wp\/v2\/product_cat?post=4895"},{"taxonomy":"product_tag","embeddable":true,"href":"https:\/\/uoogear.com\/cs\/wp-json\/wp\/v2\/product_tag?post=4895"}],"curies":[{"name":"wp","href":"https:\/\/api.w.org\/{rel}","templated":true}]}}