{"id":5005,"date":"2023-11-14T03:13:24","date_gmt":"2023-11-14T03:13:24","guid":{"rendered":"https:\/\/uoogear.com\/product\/2022-new-hard-shell-aluminum-suv-car-roof-top-tent-aluminum-shell-waterproof-camping-rooftop-tent\/"},"modified":"2024-04-02T22:25:23","modified_gmt":"2024-04-02T14:25:23","slug":"2022-new-hard-shell-aluminum-suv-car-roof-top-tent-aluminum-shell-waterproof-camping-rooftop-tent","status":"publish","type":"product","link":"https:\/\/uoogear.com\/cs\/produkt\/2022-new-hard-shell-aluminum-suv-car-roof-top-tent-aluminum-shell-waterproof-camping-rooftop-tent\/","title":{"rendered":"2022 Nov\u00fd pevn\u00fd hlin\u00edkov\u00fd st\u0159e\u0161n\u00ed stan pro suv na auto Vodot\u011bsn\u00fd kempingov\u00fd st\u0159e\u0161n\u00ed stan z hlin\u00edkov\u00e9 sko\u0159epiny"},"content":{"rendered":"<ul>\n<li><strong>Plocha : <\/strong> 217*130*155CM<\/li>\n<li><strong>Tkanina: <\/strong> Pl\u00e1tno<\/li>\n<li><strong>Index vod\u011bodolnosti vn\u011bj\u0161\u00edho stanu: <\/strong> &gt; 3000 mm<\/li>\n<li><strong>Spodn\u00ed index vod\u011bodolnosti: <\/strong> 2000-3000 mm<\/li>\n<li><strong>Typ budovy: <\/strong> Rychl\u00e9 automatick\u00e9 otev\u00edr\u00e1n\u00ed<\/li>\n<li><strong>Styl stanu: <\/strong> Roz\u0161\u00ed\u0159en\u00fd typ<\/li>\n<li><strong>Sez\u00f3na : <\/strong> T\u0159\u00edsez\u00f3nn\u00ed stan<\/li>\n<li><strong>Struktura: <\/strong> Jedna lo\u017enice<\/li>\n<li><strong>Velikost: <\/strong> 217*130*155CM<\/li>\n<li><strong>Pokr\u00fdt : <\/strong> Hlin\u00edkov\u00fd kryt sko\u0159epiny<\/li>\n<li><strong>Dno : <\/strong> Hlin\u00edk<\/li>\n<li><strong>\u017eeb\u0159\u00edk: <\/strong> Hlin\u00edkov\u00fd teleskopick\u00fd \u017eeb\u0159\u00edk<\/li>\n<li><strong>matrace: <\/strong> Nedeformuj\u00edc\u00ed se houbov\u00e1 matrace<\/li>\n<li><strong>1ks\/ctn GW: <\/strong> 82 kg, 225 * 137 * 33 cm cm<\/li>\n<\/ul>\n<div>\n<div>\n<div data-magic-global=\"%7B%22bizId%22%3A3034306692%2C%22pageId%22%3A21077026857%2C%22siteId%22%3A5005259191%7D\">\n<div>\n<div>\n<div>\n<div>\n<div>\n<div><img decoding=\"async\" src=\"https:\/\/uoogear.com\/wp-content\/uploads\/2023\/11\/H08b8e51067574043bbe7ea9e5255ab78K.webp\" data-src=\"https:\/\/uoogear.com\/wp-content\/uploads\/2023\/11\/H08b8e51067574043bbe7ea9e5255ab78K.webp\" \/><\/div>\n<\/div>\n<\/div>\n<\/div>\n<\/div>\n<\/div>\n<div><\/div>\n<div>\n<div>\n<div>\n<div>\n<div>\n<div><\/div>\n<\/div>\n<\/div>\n<\/div>\n<\/div>\n<\/div>\n<div><\/div>\n<\/div>\n<\/div>\n<div data-section=\"AliMagic-ruejez\" data-section-title=\"Specification\">\n<div>Specifikace<\/div>\n<p>Specifikace<\/p>\n<\/div>\n<div>\n<div>\n<div>\n<h3>Kl\u00ed\u010dov\u00e1 vlastnost:<\/h3>\n<div>\n<div>\n<div>1.Snadn\u00e9 otev\u00edr\u00e1n\u00ed a zav\u00edr\u00e1n\u00ed, nikdy se nestarejte o kvalitu. 2. Chra\u0148te se p\u0159ed de\u0161t\u011bm, v\u011btrem, mokrem, chladem a hmyzem. 3. Ud\u011blejte si svou j\u00edzdu autem pohodln\u011bj\u0161\u00ed. 4.Heavy duty ABS kryt poskytuje \u00fa\u010dinnou ochranu stanu. 5. Velk\u00e1 okna nab\u00edzej\u00ed dobr\u00e9 v\u011btr\u00e1n\u00ed a umo\u017e\u0148uj\u00ed v\u011bt\u0161\u00ed proud\u011bn\u00ed vzduchu v cel\u00e9m stanu. 6. Instalace je jednoduch\u00e1, zvl\u00e1dne ji jedna osoba. 7. \u017d\u00e1dn\u00fd hluk, kdy\u017e vozidlo b\u011b\u017e\u00ed. 8. Produkt m\u00e1 n\u00edzkou cenu a m\u016f\u017ee nahradit cestov\u00e1n\u00ed RV.<\/div>\n<\/div>\n<\/div>\n<\/div>\n<\/div>\n<\/div>\n<div>\n<div>\n<div>\n<div>\n<div>\n<div><img decoding=\"async\" src=\"https:\/\/uoogear.com\/wp-content\/uploads\/2023\/11\/H70e73017a8f44a34864eb3e765c9c39e0.webp\" data-src=\"https:\/\/uoogear.com\/wp-content\/uploads\/2023\/11\/H70e73017a8f44a34864eb3e765c9c39e0.webp\" \/><\/div>\n<\/div>\n<\/div>\n<div>\n<div>\n<div>\n<table>\n<tbody>\n<tr>\n<td>\n<div>Sez\u00f3na<\/div>\n<\/td>\n<td>\n<div>T\u0159\u00edsez\u00f3nn\u00ed stan<\/div>\n<\/td>\n<\/tr>\n<tr>\n<td>\n<div>Struktura<\/div>\n<\/td>\n<td>\n<div>Jedna lo\u017enice<\/div>\n<\/td>\n<\/tr>\n<tr>\n<td>\n<div>Velikost<\/div>\n<\/td>\n<td>\n<div>217*130*155CM<\/div>\n<\/td>\n<\/tr>\n<tr>\n<td>\n<div>Pokr\u00fdt<\/div>\n<\/td>\n<td>\n<div>Hlin\u00edkov\u00fd kryt sko\u0159epiny<\/div>\n<\/td>\n<\/tr>\n<tr>\n<td>\n<div>Dno<\/div>\n<\/td>\n<td>\n<div>Hlin\u00edk<\/div>\n<\/td>\n<\/tr>\n<tr>\n<td>\n<div>\u017deb\u0159\u00edk<\/div>\n<\/td>\n<td>\n<div>Hlin\u00edkov\u00fd teleskopick\u00fd \u017eeb\u0159\u00edk<\/div>\n<\/td>\n<\/tr>\n<tr>\n<td>\n<div>Matrace<\/div>\n<\/td>\n<td>\n<div>Nedeformuj\u00edc\u00ed se houbov\u00e1 matrace<\/div>\n<\/td>\n<\/tr>\n<tr>\n<td>\n<div>1ks\/ctn GW<\/div>\n<\/td>\n<td>\n<div>82 kg, 225 * 137 * 33 cm cm<\/div>\n<\/td>\n<\/tr>\n<\/tbody>\n<\/table>\n<\/div>\n<\/div>\n<\/div>\n<\/div>\n<\/div>\n<\/div>\n<div>\n<div>\n<div><img decoding=\"async\" src=\"https:\/\/uoogear.com\/wp-content\/uploads\/2023\/11\/H43f42d0819a349b3a7659abec1bcb41dN.webp\" data-src=\"https:\/\/uoogear.com\/wp-content\/uploads\/2023\/11\/H43f42d0819a349b3a7659abec1bcb41dN.webp\" \/><\/div>\n<div><img decoding=\"async\" src=\"https:\/\/uoogear.com\/wp-content\/uploads\/2023\/11\/H828fcd72b34d4752b7e38a1a80d01505A.webp\" data-src=\"https:\/\/uoogear.com\/wp-content\/uploads\/2023\/11\/H828fcd72b34d4752b7e38a1a80d01505A.webp\" \/><\/div>\n<div><img decoding=\"async\" src=\"https:\/\/uoogear.com\/wp-content\/uploads\/2023\/11\/H64ae03066acd4d80a995b990565ee575Y.webp\" data-src=\"https:\/\/uoogear.com\/wp-content\/uploads\/2023\/11\/H64ae03066acd4d80a995b990565ee575Y.webp\" \/><\/div>\n<div><img decoding=\"async\" src=\"https:\/\/uoogear.com\/wp-content\/uploads\/2023\/11\/H5a45ba0a7b204f12bba19123bbc8f9adU.webp\" data-src=\"https:\/\/uoogear.com\/wp-content\/uploads\/2023\/11\/H5a45ba0a7b204f12bba19123bbc8f9adU.webp\" \/><\/div>\n<div><img decoding=\"async\" src=\"https:\/\/uoogear.com\/wp-content\/uploads\/2023\/11\/H9cd6a2826cf84a7d99381369d8d2e22bL.webp\" data-src=\"https:\/\/uoogear.com\/wp-content\/uploads\/2023\/11\/H9cd6a2826cf84a7d99381369d8d2e22bL.webp\" \/><\/div>\n<div><img decoding=\"async\" src=\"https:\/\/uoogear.com\/wp-content\/uploads\/2023\/11\/H70e73017a8f44a34864eb3e765c9c39e0.webp\" data-src=\"https:\/\/uoogear.com\/wp-content\/uploads\/2023\/11\/H70e73017a8f44a34864eb3e765c9c39e0.webp\" \/><\/div>\n<div><\/div>\n<\/div>\n<\/div>\n<\/div>","protected":false},"excerpt":{"rendered":"<p>Plocha : 217*130*155CM Tkanina : Pl\u00e1tno Vn\u011bj\u0161\u00ed stan Vodot\u011bsnost : &gt;3000 mm Spodn\u00ed Vodot\u011bsnost : 2000-3000 mm Typ budovy : Rychl\u00e9 automatick\u00e9 otev\u00edr\u00e1n\u00ed Styl stanu : Prodlou\u017een\u00fd typ Sez\u00f3na : T\u0159\u00edsez\u00f3nn\u00ed Struktura stanu : Jedna lo\u017enice Velikost *130*155CM Potah : Hlin\u00edkov\u00fd kryt sko\u0159epiny Spodn\u00ed : Hlin\u00edkov\u00fd \u017eeb\u0159\u00edk : Hlin\u00edkov\u00fd teleskopick\u00fd \u017eeb\u0159\u00edk Matrace<\/p>\n<div class=\"read-more\"><a class=\"btn btn-fill-out\" href=\"https:\/\/uoogear.com\/cs\/produkt\/2022-new-hard-shell-aluminum-suv-car-roof-top-tent-aluminum-shell-waterproof-camping-rooftop-tent\/\">P\u0159e\u010dt\u011bte si v\u00edce<\/a><\/div>","protected":false},"featured_media":5004,"template":"","meta":[],"product_brand":[],"product_cat":[15],"product_tag":[],"class_list":{"0":"post-5005","1":"product","2":"type-product","3":"status-publish","4":"has-post-thumbnail","6":"product_cat-uncategorized","7":"tm-no-options","9":"first","10":"instock","11":"shipping-taxable","12":"purchasable","13":"product-type-variable"},"_links":{"self":[{"href":"https:\/\/uoogear.com\/cs\/wp-json\/wp\/v2\/product\/5005","targetHints":{"allow":["GET"]}}],"collection":[{"href":"https:\/\/uoogear.com\/cs\/wp-json\/wp\/v2\/product"}],"about":[{"href":"https:\/\/uoogear.com\/cs\/wp-json\/wp\/v2\/types\/product"}],"wp:featuredmedia":[{"embeddable":true,"href":"https:\/\/uoogear.com\/cs\/wp-json\/wp\/v2\/media\/5004"}],"wp:attachment":[{"href":"https:\/\/uoogear.com\/cs\/wp-json\/wp\/v2\/media?parent=5005"}],"wp:term":[{"taxonomy":"product_brand","embeddable":true,"href":"https:\/\/uoogear.com\/cs\/wp-json\/wp\/v2\/product_brand?post=5005"},{"taxonomy":"product_cat","embeddable":true,"href":"https:\/\/uoogear.com\/cs\/wp-json\/wp\/v2\/product_cat?post=5005"},{"taxonomy":"product_tag","embeddable":true,"href":"https:\/\/uoogear.com\/cs\/wp-json\/wp\/v2\/product_tag?post=5005"}],"curies":[{"name":"wp","href":"https:\/\/api.w.org\/{rel}","templated":true}]}}