{"id":5017,"date":"2023-11-14T03:14:31","date_gmt":"2023-11-14T03:14:31","guid":{"rendered":"https:\/\/uoogear.com\/product\/oem-new-arrival-car-camping-hard-top-roof-tent-off-road-2-3-person-vehicle-car-soft-shell-rooftop-tent\/"},"modified":"2023-11-30T13:53:44","modified_gmt":"2023-11-30T13:53:44","slug":"oem-new-arrival-car-camping-hard-top-roof-tent-off-road-2-3-person-vehicle-car-soft-shell-rooftop-tent","status":"publish","type":"product","link":"https:\/\/uoogear.com\/cs\/produkt\/oem-new-arrival-car-camping-hard-top-roof-tent-off-road-2-3-person-vehicle-car-soft-shell-rooftop-tent\/","title":{"rendered":"OEM nov\u00fd p\u0159\u00edjezd Car Camping St\u0159e\u0161n\u00ed stan s pevnou st\u0159echou Ter\u00e9nn\u00ed stan do auta pro 2-3 osoby M\u011bkk\u00fd st\u0159e\u0161n\u00ed stan do auta"},"content":{"rendered":"<ul>\n<li><strong>Plocha : <\/strong> 140 x 240 cm<\/li>\n<li><strong>Tkanina: <\/strong> Polyester<\/li>\n<li><strong>Index vod\u011bodolnosti vn\u011bj\u0161\u00edho stanu: <\/strong> 2000-3000 mm<\/li>\n<li><strong>Spodn\u00ed index vod\u011bodolnosti: <\/strong> 2000-3000 mm<\/li>\n<li><strong>Typ budovy: <\/strong> Rychl\u00e9 automatick\u00e9 otev\u00edr\u00e1n\u00ed<\/li>\n<li><strong>Styl stanu: <\/strong> Typ s diagon\u00e1ln\u00ed v\u00fdztuhou, typ s p\u0159\u00edm\u00fdm v\u00fdztuha, typ s trubkou stanov\u00fd kol\u00edk<\/li>\n<li><strong>Sez\u00f3na : <\/strong> \u010cty\u0159sez\u00f3nn\u00ed stan<\/li>\n<li><strong>Struktura: <\/strong> Jedna lo\u017enice<\/li>\n<li><strong>Materi\u00e1l Rainfly: <\/strong> 420D Rip-stop Polyester Oxford<\/li>\n<li><strong>p\u00f3l: <\/strong> Hlin\u00edk Poe o pr\u016fm\u011bru 16 mm<\/li>\n<li><strong>Cestovn\u00ed obal: <\/strong> Vysoce odoln\u00e9 680g\/1200D PVC<\/li>\n<li><strong>Z\u00e1ruka: <\/strong> 24 m\u011bs\u00edc\u016f<\/li>\n<li><strong>\u010cas doru\u010den\u00ed : <\/strong> 20-35 dn\u00ed (podle mno\u017estv\u00ed)<\/li>\n<li><strong>matrace: <\/strong> 60mm matrace s prateln\u00fdm potahem<\/li>\n<li><strong>Vlastnosti : <\/strong> kempingov\u00e9 vybaven\u00ed<\/li>\n<li><strong>Barva : <\/strong> P\u0159izp\u016fsoben\u00e1 barva<\/li>\n<\/ul>\n<div>\n<div><\/div>\n<div data-section=\"AliMagic-vxp9xy\" data-section-title=\"Product Description\">\n<div data-spm-anchor-id=\"a2700.details.0.i80.41396425f2L15f\"><\/div>\n<p>Popis v\u00fdrobku<\/p>\n<\/div>\n<div>\n<div>\n<div>\n<div>\n<div>\n<div><img decoding=\"async\" src=\"https:\/\/uoogear.com\/wp-content\/uploads\/2023\/11\/Hc00efc1d3f82460892d1751fa97b7c0aE-wpp1701352124122.webp\" data-src=\"https:\/\/uoogear.com\/wp-content\/uploads\/2023\/11\/Hc00efc1d3f82460892d1751fa97b7c0aE-wpp1701352124122.webp\" \/><\/div>\n<\/div>\n<\/div>\n<div>\n<div>\n<div>\n<table>\n<tbody>\n<tr>\n<td>\n<div>\n<div><strong data-spm-anchor-id=\"a2700.pc-decorate.0.i1.1c083333HfoZmI\">Specifikace st\u0159e\u0161n\u00edho stanu QH8812<\/strong><\/div>\n<\/div>\n<\/td>\n<td><\/td>\n<\/tr>\n<tr>\n<td>\n<div>Fly\/P\u0159\u00edloha<\/div>\n<\/td>\n<td>\n<div>420D Polyester Oxford, vod\u011bodoln\u00fd 2500 mm, odoln\u00fd v\u016f\u010di UV z\u00e1\u0159en\u00ed a pl\u00edsn\u00edm<\/div>\n<\/td>\n<\/tr>\n<tr>\n<td>\n<div>T\u011blo<\/div>\n<\/td>\n<td>\n<div>420D Rip-stop Polyester Oxford, vod\u011bodoln\u00fd 2500 mm, odoln\u00fd v\u016f\u010di UV z\u00e1\u0159en\u00ed a pl\u00edsn\u00edm<\/div>\n<\/td>\n<\/tr>\n<tr>\n<td>\n<div>Materi\u00e1l p\u0159\u00edlohy<\/div>\n<\/td>\n<td>\n<div>420D Rip-stop Polyester Oxford, vod\u011bodoln\u00fd 2500 mm, odoln\u00fd v\u016f\u010di UV z\u00e1\u0159en\u00ed a pl\u00edsn\u00edm (prod\u00e1v\u00e1 se samostatn\u011b); V\u00fd\u0161ka: 190 cm<\/div>\n<\/td>\n<\/tr>\n<tr>\n<td>\n<div>Matrace<\/div>\n<\/td>\n<td>\n<div>Matrace s vysokou hustotou o tlou\u0161\u0165ce 60 mm s prateln\u00fdm potahem<\/div>\n<\/td>\n<\/tr>\n<tr>\n<td>\n<div>Cestovn\u00ed obal<\/div>\n<\/td>\n<td>\n<div>Vysoce odoln\u00e9 680g\/1200D PVC vod\u011bodoln\u00e9 a UV odoln\u00e9<\/div>\n<\/td>\n<\/tr>\n<tr>\n<td>\n<div>Z\u00e1kladna<\/div>\n<\/td>\n<td>\n<div>Sva\u0159ovan\u00e1 hlin\u00edkov\u00e1 trubka s izolac\u00ed a hlin\u00edkov\u00fdm plechem proti po\u0161kr\u00e1b\u00e1n\u00ed<\/div>\n<\/td>\n<\/tr>\n<tr>\n<td>\n<div>Vnit\u0159n\u00ed r\u00e1m<\/div>\n<\/td>\n<td>\n<div>Eloxovan\u00e9 hlin\u00edkov\u00e9 ty\u010de<\/div>\n<\/td>\n<\/tr>\n<tr>\n<td>\n<div>\u017deb\u0159\u00edk<\/div>\n<\/td>\n<td>\n<div>Hlin\u00edkov\u00fd eloxovan\u00fd \u017eeb\u0159\u00edk<\/div>\n<\/td>\n<\/tr>\n<tr>\n<td>\n<div>\n<div data-spm-anchor-id=\"a2700.pc-decorate.0.i48.2eda3333SpY1cc\"><strong data-spm-anchor-id=\"a2700.pc-decorate.0.i30.eecc3333uJYTdk\">1\u00d7 stan, 1\u00d7 cestovn\u00ed kryt, 1\u00d7 hlin\u00edkov\u00fd \u017eeb\u0159\u00edk, 2\u00d7 ty\u010d a 1\u00d7 mont\u00e1\u017en\u00ed d\u00edly<\/strong><\/div>\n<\/div>\n<\/td>\n<td><\/td>\n<\/tr>\n<\/tbody>\n<\/table>\n<\/div>\n<\/div>\n<\/div>\n<\/div>\n<\/div>\n<\/div>\n<div>\n<div>\n<div>\n<h3><\/h3>\n<h3>Funkce st\u0159e\u0161n\u00edho stanu,<\/h3>\n<div>\n<div>\n<div>\n<p>\u2013 Dod\u00e1v\u00e1 se s univerz\u00e1ln\u00edmi mont\u00e1\u017en\u00edmi dr\u017e\u00e1ky<br \/>\n\u2013 Vhodn\u00e9 pro v\u011bt\u0161inu st\u0159e\u0161n\u00edch nosi\u010d\u016f nebo poprodejn\u00edch st\u0159e\u0161n\u00edch ty\u010d\u00ed<br \/>\n\u2013 Obsluha jedn\u00edm \u010dlov\u011bkem umo\u017e\u0148uje rozlo\u017een\u00ed b\u011bhem n\u011bkolika sekund<br \/>\n- Pln\u011b vodot\u011bsn\u00e9, aby se zabr\u00e1nilo zachycen\u00ed<\/p>\n<p>&nbsp;<\/p>\n<p><strong>Dostupn\u00e9 velikosti st\u0159e\u0161n\u00edho stanu (s doporu\u010den\u00fdmi velikostmi)<\/strong><\/p>\n<\/div>\n<\/div>\n<\/div>\n<\/div>\n<\/div>\n<\/div>\n<div>\n<div>\n<div>\n<div>\n<div>\n<div><img decoding=\"async\" src=\"https:\/\/uoogear.com\/wp-content\/uploads\/2023\/11\/Hc31f8e35aca1461aa0cbb4105d9a61abP.webp\" data-src=\"https:\/\/uoogear.com\/wp-content\/uploads\/2023\/11\/Hc31f8e35aca1461aa0cbb4105d9a61abP.webp\" \/><\/div>\n<\/div>\n<\/div>\n<\/div>\n<\/div>\n<\/div>\n<div>\n<div>\n<div><img decoding=\"async\" src=\"https:\/\/uoogear.com\/wp-content\/uploads\/2023\/11\/Hb47b7f33d8774c8d9d8f145084477468s-wpp1701352116189.webp\" data-src=\"https:\/\/uoogear.com\/wp-content\/uploads\/2023\/11\/Hb47b7f33d8774c8d9d8f145084477468s-wpp1701352116189.webp\" \/><\/div>\n<div><img decoding=\"async\" src=\"https:\/\/uoogear.com\/wp-content\/uploads\/2023\/11\/H95af614b1f6144878e0c202ba59abbd55.webp\" data-src=\"https:\/\/uoogear.com\/wp-content\/uploads\/2023\/11\/H95af614b1f6144878e0c202ba59abbd55.webp\" \/><\/div>\n<\/div>\n<\/div>\n<div>\n<div>\n<div>\n<div>\n<div>\n<div><img decoding=\"async\" src=\"https:\/\/uoogear.com\/wp-content\/uploads\/2023\/11\/Hdd406b698fb1446d8962327446555bf5a.webp\" data-src=\"https:\/\/uoogear.com\/wp-content\/uploads\/2023\/11\/Hdd406b698fb1446d8962327446555bf5a.webp\" \/><\/div>\n<\/div>\n<\/div>\n<\/div>\n<\/div>\n<\/div>\n<div>\n<div>\n<div>\n<div>\n<div>\n<div><img decoding=\"async\" src=\"https:\/\/uoogear.com\/wp-content\/uploads\/2023\/11\/H4e35f2ee80ce4365a400fd18854734071.webp\" data-src=\"https:\/\/uoogear.com\/wp-content\/uploads\/2023\/11\/H4e35f2ee80ce4365a400fd18854734071.webp\" \/><\/div>\n<\/div>\n<\/div>\n<\/div>\n<\/div>\n<\/div>\n<div><\/div>\n<div>\n<div>\n<div>\n<div>\n<div><\/div>\n<\/div>\n<\/div>\n<\/div>\n<\/div>\n<div><\/div>\n<div data-section=\"AliMagic-8wl18t\" data-section-title=\"Packing &amp; Delivery\" data-spm-anchor-id=\"a2700.details.0.i81.41396425f2L15f\">\n<div>Balen\u00ed a doru\u010den\u00ed<\/div>\n<\/div>\n<div>\n<div>\n<div>\n<div>\n<div>\n<div>\n<div><\/div>\n<p><strong>1. Seznam balen\u00ed st\u0159e\u0161n\u00edho stanu<\/strong><\/p>\n<\/div>\n<\/div>\n<\/div>\n<\/div>\n<\/div>\n<\/div>\n<div>\n<div>\n<div>\n<div>\n<div>\n<div><img decoding=\"async\" src=\"https:\/\/uoogear.com\/wp-content\/uploads\/2023\/11\/Hd244ed9420844ad5946be1db51c0f98cj.webp\" data-src=\"https:\/\/uoogear.com\/wp-content\/uploads\/2023\/11\/Hd244ed9420844ad5946be1db51c0f98cj.webp\" \/><\/div>\n<\/div>\n<\/div>\n<\/div>\n<\/div>\n<\/div>\n<div>\n<div>\n<div>\n<div>\n<div>\n<div><img decoding=\"async\" src=\"https:\/\/uoogear.com\/wp-content\/uploads\/2023\/11\/H68f81be1a77e4ae3973da19a1d9eaa4fq.webp\" data-src=\"https:\/\/uoogear.com\/wp-content\/uploads\/2023\/11\/H68f81be1a77e4ae3973da19a1d9eaa4fq.webp\" \/><\/div>\n<\/div>\n<\/div>\n<\/div>\n<\/div>\n<\/div>\n<div><\/div>\n<div>\n<div>\n<div>\n<div>\n<div>\n<div><\/div>\n<\/div>\n<\/div>\n<\/div>\n<\/div>\n<\/div>\n<\/div>","protected":false},"excerpt":{"rendered":"<p>Plocha : 140x240 cm L\u00e1tka : Polyester Vn\u011bj\u0161\u00ed stan Vodot\u011bsnost Index : 2000-3000 Mm Spodn\u00ed Vodot\u011bsnost : 2000-3000 Mm Typ budovy : Rychl\u00e9 automatick\u00e9 otev\u00edr\u00e1n\u00ed Styl stanu : Typ s diagon\u00e1ln\u00edmi v\u00fdztuhami, Typ s rovn\u00fdmi v\u00fdztuhami, Typ trubky: \u010cty\u0159d\u00edln\u00fd stan Season Struktura : One Bedroom Rainfly materi\u00e1l : 420D Rip-stop Polyester Oxford Pole :<\/p>\n<div class=\"read-more\"><a class=\"btn btn-fill-out\" href=\"https:\/\/uoogear.com\/cs\/produkt\/oem-new-arrival-car-camping-hard-top-roof-tent-off-road-2-3-person-vehicle-car-soft-shell-rooftop-tent\/\">P\u0159e\u010dt\u011bte si v\u00edce<\/a><\/div>","protected":false},"featured_media":5016,"template":"","meta":[],"product_brand":[],"product_cat":[15],"product_tag":[],"class_list":{"0":"post-5017","1":"product","2":"type-product","3":"status-publish","4":"has-post-thumbnail","6":"product_cat-uncategorized","7":"tm-no-options","9":"first","10":"instock","11":"shipping-taxable","12":"purchasable","13":"product-type-variable"},"_links":{"self":[{"href":"https:\/\/uoogear.com\/cs\/wp-json\/wp\/v2\/product\/5017","targetHints":{"allow":["GET"]}}],"collection":[{"href":"https:\/\/uoogear.com\/cs\/wp-json\/wp\/v2\/product"}],"about":[{"href":"https:\/\/uoogear.com\/cs\/wp-json\/wp\/v2\/types\/product"}],"wp:featuredmedia":[{"embeddable":true,"href":"https:\/\/uoogear.com\/cs\/wp-json\/wp\/v2\/media\/5016"}],"wp:attachment":[{"href":"https:\/\/uoogear.com\/cs\/wp-json\/wp\/v2\/media?parent=5017"}],"wp:term":[{"taxonomy":"product_brand","embeddable":true,"href":"https:\/\/uoogear.com\/cs\/wp-json\/wp\/v2\/product_brand?post=5017"},{"taxonomy":"product_cat","embeddable":true,"href":"https:\/\/uoogear.com\/cs\/wp-json\/wp\/v2\/product_cat?post=5017"},{"taxonomy":"product_tag","embeddable":true,"href":"https:\/\/uoogear.com\/cs\/wp-json\/wp\/v2\/product_tag?post=5017"}],"curies":[{"name":"wp","href":"https:\/\/api.w.org\/{rel}","templated":true}]}}