{"id":5026,"date":"2023-11-14T03:15:59","date_gmt":"2023-11-14T03:15:59","guid":{"rendered":"https:\/\/uoogear.com\/product\/apzc004-custom-soft-shell-outdoor-dachzelt-camping-suv-car-aluminum-roof-tent-soft-cover-rooftop-tent\/"},"modified":"2023-12-02T06:02:30","modified_gmt":"2023-12-02T06:02:30","slug":"apzc004-custom-soft-shell-outdoor-dachzelt-camping-suv-car-aluminum-roof-tent-soft-cover-rooftop-tent","status":"publish","type":"product","link":"https:\/\/uoogear.com\/cs\/produkt\/apzc004-custom-soft-shell-outdoor-dachzelt-camping-suv-car-aluminum-roof-tent-soft-cover-rooftop-tent\/","title":{"rendered":"APZC004 Custom Soft Shell Outdoor Dachzelt Camping SUV Auto Hlin\u00edkov\u00fd st\u0159e\u0161n\u00ed stan M\u011bkk\u00fd kryt St\u0159e\u0161n\u00ed stan"},"content":{"rendered":"<ul>\n<li><strong>Tkanina: <\/strong> 300D polyoxford, 300D polyoxford<\/li>\n<li><strong>Index vod\u011bodolnosti vn\u011bj\u0161\u00edho stanu: <\/strong> &lt;1000 mm, 1500-2000 mm<\/li>\n<li><strong>Spodn\u00ed index vod\u011bodolnosti: <\/strong> 1500-2000 mm<\/li>\n<li><strong>Typ budovy: <\/strong> Rychl\u00e9 automatick\u00e9 otev\u00edr\u00e1n\u00ed<\/li>\n<li><strong>Styl stanu: <\/strong> Prodlou\u017een\u00fd typ, \u0161estihrann\u00fd\/diamantov\u00fd brou\u0161en\u00fd h\u0159eb<\/li>\n<li><strong>Sez\u00f3na : <\/strong> T\u0159\u00edsez\u00f3nn\u00ed stan, \u010dty\u0159sez\u00f3nn\u00ed stan, letn\u00ed stan<\/li>\n<li><strong>Struktura: <\/strong> Jedna lo\u017enice<\/li>\n<li><strong>Jm\u00e9no v\u00fdrobku : <\/strong> Soft Shell Venkovn\u00ed st\u0159e\u0161n\u00ed stan<\/li>\n<li><strong>Velikost rozbalen\u00ed: <\/strong> D2050mm*\u01601250mm*V1250mm<\/li>\n<li><strong>Balen\u00ed: <\/strong> D2270mm*\u01601370mm*V210mm<\/li>\n<li><strong>Hmotnost: <\/strong> 32 kg<\/li>\n<li><strong>Materi\u00e1l: <\/strong> patentovan\u00fd r\u00e1m z hlin\u00edkov\u00e9 slitiny<\/li>\n<li><strong>\u017deb\u0159\u00edk nese v\u00e1hu: <\/strong> 150 kg<\/li>\n<li><strong>Po\u010det lid\u00ed : <\/strong> 2 lid\u00e9<\/li>\n<\/ul>\n<div>\n<div data-magic-global=\"%7B%22bizId%22%3A2209963836599%2C%22pageId%22%3A20169776242%2C%22siteId%22%3A10002337017%7D\">\n<div>\n<div>\n<div>\n<div>\n<div>\n<div><img decoding=\"async\" src=\"https:\/\/uoogear.com\/wp-content\/uploads\/2023\/11\/H867623bad6264dff959f67abc74efebfP.webp\" data-src=\"https:\/\/uoogear.com\/wp-content\/uploads\/2023\/11\/H867623bad6264dff959f67abc74efebfP.webp\" \/><\/div>\n<\/div>\n<\/div>\n<\/div>\n<\/div>\n<\/div>\n<div>\n<div>\n<div>\n<div>\n<div>\n<div><img decoding=\"async\" src=\"https:\/\/uoogear.com\/wp-content\/uploads\/2023\/11\/Hbb423c294a1e458eaf88cd6042418adcZ.webp\" data-src=\"https:\/\/uoogear.com\/wp-content\/uploads\/2023\/11\/Hbb423c294a1e458eaf88cd6042418adcZ.webp\" \/><\/div>\n<\/div>\n<\/div>\n<\/div>\n<\/div>\n<\/div>\n<div>\n<div>\n<table>\n<tbody>\n<tr>\n<td>\n<div>\n<div><strong>N\u00e1zev v\u00fdroby<\/strong><\/div>\n<\/div>\n<\/td>\n<td>\n<div>Vlastn\u00ed Soft Shell Outdoor Dachzelt Camping SUV Car St\u0159e\u0161n\u00ed stan M\u011bkk\u00fd kryt St\u0159e\u0161n\u00ed stan<\/div>\n<\/td>\n<\/tr>\n<tr>\n<td>\n<div><strong>Tkanina: 300D <\/strong><\/div>\n<\/td>\n<td>\n<div>300D polyoxford PU3000mm s UPF50+<\/div>\n<\/td>\n<\/tr>\n<tr>\n<td>\n<div><strong>Kapacita<\/strong><\/div>\n<\/td>\n<td>\n<div>Doporu\u010deno pro 1-2 osoby<\/div>\n<\/td>\n<\/tr>\n<tr>\n<td>\n<div><strong>Velikost rozbalen\u00ed<\/strong><\/div>\n<\/td>\n<td>\n<div>210*125*150CM<\/div>\n<\/td>\n<\/tr>\n<tr>\n<td>\n<div><strong>Velikost balen\u00ed<\/strong><\/div>\n<\/td>\n<td>\n<div>\n<div data-spm-anchor-id=\"a2700.pc-decorate.0.i25.11f633338vlEuj\">227*137*21CM<\/div>\n<\/div>\n<\/td>\n<\/tr>\n<tr>\n<td>\n<div><strong data-spm-anchor-id=\"a2700.pc-decorate.0.i33.19993333s57omf\">Hmotnost<\/strong><\/div>\n<\/td>\n<td>\n<div>35 kg<\/div>\n<\/td>\n<\/tr>\n<tr>\n<td>\n<div><strong> Materi\u00e1l<\/strong><\/div>\n<\/td>\n<td>\n<div>patentovan\u00fd r\u00e1m z hlin\u00edkov\u00e9 slitiny<\/div>\n<\/td>\n<\/tr>\n<\/tbody>\n<\/table>\n<\/div>\n<\/div>\n<div>\n<div>\n<div>\n<div>\n<div>\n<div><img decoding=\"async\" src=\"https:\/\/uoogear.com\/wp-content\/uploads\/2023\/11\/H5d16d1c85b0c4a518db8e2f022ada520n.webp\" data-src=\"https:\/\/uoogear.com\/wp-content\/uploads\/2023\/11\/H5d16d1c85b0c4a518db8e2f022ada520n.webp\" \/><\/div>\n<\/div>\n<div>\n<div>\n<div>venkovn\u00ed kempingov\u00fd st\u0159e\u0161n\u00ed stan na auto:<\/div>\n<div>Materi\u00e1l: 300D polyoxford PU3000 mm s UPF50+ R\u00e1m: patentovan\u00fd r\u00e1m z hlin\u00edkov\u00e9 slitiny P\u011bnov\u00e1 matrace s vysokou hustotou poskytuje pohodl\u00ed<br \/>\nz\u00e1\u017eitek ze sp\u00e1nku Prostorn\u00fd prostor pro 2 osoby Rychl\u00e9 postaven\u00ed a slo\u017een\u00ed stanu Vhodn\u00e9 pro v\u0161echna SUV vozidla, \u017deb\u0159\u00edk vydr\u017e\u00ed<br \/>\n150 KG Velikost: D2220 mm * \u01601350 mm * V190 mm Vnit\u0159n\u00ed velikost stanu: L2050 mm * \u01601250 mm * V1250 mm Velikost balen\u00ed: L2270 mm * \u01601370 mm * V210 mm \u010cist\u00e1 hmotnost: 32 kg<\/div>\n<\/div>\n<\/div>\n<\/div>\n<\/div>\n<\/div>\n<\/div>\n<div>\n<div>\n<div><\/div>\n<div><img decoding=\"async\" src=\"https:\/\/uoogear.com\/wp-content\/uploads\/2023\/11\/Hef235eead7324e4aaaa83afbfb283f28P.webp\" data-src=\"https:\/\/uoogear.com\/wp-content\/uploads\/2023\/11\/Hef235eead7324e4aaaa83afbfb283f28P.webp\" \/><\/div>\n<div><img decoding=\"async\" src=\"https:\/\/uoogear.com\/wp-content\/uploads\/2023\/11\/Hb21e51e39b764ce094725a6760bc2b50z.webp\" data-src=\"https:\/\/uoogear.com\/wp-content\/uploads\/2023\/11\/Hb21e51e39b764ce094725a6760bc2b50z.webp\" \/><\/div>\n<div><img decoding=\"async\" src=\"https:\/\/uoogear.com\/wp-content\/uploads\/2023\/11\/Hf115bc6cdc58407e9467c9cd95ba50b34.webp\" data-src=\"https:\/\/uoogear.com\/wp-content\/uploads\/2023\/11\/Hf115bc6cdc58407e9467c9cd95ba50b34.webp\" \/><\/div>\n<div><img decoding=\"async\" src=\"https:\/\/uoogear.com\/wp-content\/uploads\/2023\/11\/Hc533e1edc8d54be195ea601e3a339a21K.webp\" data-src=\"https:\/\/uoogear.com\/wp-content\/uploads\/2023\/11\/Hc533e1edc8d54be195ea601e3a339a21K.webp\" \/><\/div>\n<div><img decoding=\"async\" src=\"https:\/\/uoogear.com\/wp-content\/uploads\/2023\/11\/Hb21a441376a743feb3f228deb23a7900e.webp\" data-src=\"https:\/\/uoogear.com\/wp-content\/uploads\/2023\/11\/Hb21a441376a743feb3f228deb23a7900e.webp\" \/><\/div>\n<div><img decoding=\"async\" src=\"https:\/\/uoogear.com\/wp-content\/uploads\/2023\/11\/H4a7da32cc3314d3db121bc57a0f76cad4.webp\" data-src=\"https:\/\/uoogear.com\/wp-content\/uploads\/2023\/11\/H4a7da32cc3314d3db121bc57a0f76cad4.webp\" \/><\/div>\n<div><img decoding=\"async\" src=\"https:\/\/uoogear.com\/wp-content\/uploads\/2023\/11\/H51ab84080d1644d18912ded05529105fO.webp\" data-src=\"https:\/\/uoogear.com\/wp-content\/uploads\/2023\/11\/H51ab84080d1644d18912ded05529105fO.webp\" \/><\/div>\n<\/div>\n<\/div>\n<div>\n<div>\n<div>\n<div>\n<div><\/div>\n<\/div>\n<\/div>\n<\/div>\n<\/div>\n<div data-spm-anchor-id=\"a2700.details.0.i80.1dab1509acyQsB\"><\/div>\n<div>\n<div>\n<div>\n<div>\n<div><\/div>\n<\/div>\n<\/div>\n<\/div>\n<\/div>\n<div>\n<div>\n<div>\n<div>\n<div>\n<div data-spm-anchor-id=\"a2700.details.0.i76.1dab1509acyQsB\"><\/div>\n<\/div>\n<\/div>\n<\/div>\n<\/div>\n<\/div>\n<\/div>\n<div>\n<div>\n<div>\n<div>\n<div><\/div>\n<\/div>\n<\/div>\n<\/div>\n<\/div>\n<\/div>","protected":false},"excerpt":{"rendered":"<p>Tkanina : 300D polyoxford, 300D polyoxford Index vod\u011bodolnosti vn\u011bj\u0161\u00edho stanu : &lt;1000 mm, 1500-2000 Mm Index vod\u011bodolnosti dna : 1500-2000 Mm Typ budovy : Rychl\u00e9 automatick\u00e9 otev\u00edr\u00e1n\u00ed Styl stanu : Prodlou\u017een\u00fd typ, \u0160estihrann\u00fd\/Diasonov\u00fd Season Grounds Stan, \u010cty\u0159sez\u00f3nn\u00ed stan, Letn\u00ed stan Konstrukce : Jedna lo\u017enice N\u00e1zev produktu : Soft Shell Venkovn\u00ed st\u0159e\u0161n\u00ed stan<\/p>\n<div class=\"read-more\"><a class=\"btn btn-fill-out\" href=\"https:\/\/uoogear.com\/cs\/produkt\/apzc004-custom-soft-shell-outdoor-dachzelt-camping-suv-car-aluminum-roof-tent-soft-cover-rooftop-tent\/\">P\u0159e\u010dt\u011bte si v\u00edce<\/a><\/div>","protected":false},"featured_media":5025,"template":"","meta":[],"product_brand":[],"product_cat":[15],"product_tag":[],"class_list":{"0":"post-5026","1":"product","2":"type-product","3":"status-publish","4":"has-post-thumbnail","6":"product_cat-uncategorized","7":"tm-no-options","9":"first","10":"instock","11":"shipping-taxable","12":"purchasable","13":"product-type-variable"},"_links":{"self":[{"href":"https:\/\/uoogear.com\/cs\/wp-json\/wp\/v2\/product\/5026","targetHints":{"allow":["GET"]}}],"collection":[{"href":"https:\/\/uoogear.com\/cs\/wp-json\/wp\/v2\/product"}],"about":[{"href":"https:\/\/uoogear.com\/cs\/wp-json\/wp\/v2\/types\/product"}],"wp:featuredmedia":[{"embeddable":true,"href":"https:\/\/uoogear.com\/cs\/wp-json\/wp\/v2\/media\/5025"}],"wp:attachment":[{"href":"https:\/\/uoogear.com\/cs\/wp-json\/wp\/v2\/media?parent=5026"}],"wp:term":[{"taxonomy":"product_brand","embeddable":true,"href":"https:\/\/uoogear.com\/cs\/wp-json\/wp\/v2\/product_brand?post=5026"},{"taxonomy":"product_cat","embeddable":true,"href":"https:\/\/uoogear.com\/cs\/wp-json\/wp\/v2\/product_cat?post=5026"},{"taxonomy":"product_tag","embeddable":true,"href":"https:\/\/uoogear.com\/cs\/wp-json\/wp\/v2\/product_tag?post=5026"}],"curies":[{"name":"wp","href":"https:\/\/api.w.org\/{rel}","templated":true}]}}