{"id":5033,"date":"2023-11-14T03:16:39","date_gmt":"2023-11-14T03:16:39","guid":{"rendered":"https:\/\/uoogear.com\/product\/hard-shell-roof-top-tent-camper-for-car-roof-top-tent-rooftop-tent\/"},"modified":"2023-12-02T06:02:05","modified_gmt":"2023-12-02T06:02:05","slug":"hard-shell-roof-top-tent-camper-for-car-roof-top-tent-rooftop-tent","status":"publish","type":"product","link":"https:\/\/uoogear.com\/cs\/produkt\/hard-shell-roof-top-tent-camper-for-car-roof-top-tent-rooftop-tent\/","title":{"rendered":"St\u0159e\u0161n\u00ed stan z tvrd\u00e9 sko\u0159epiny Camper pro stan na st\u0159echu auta St\u0159e\u0161n\u00ed stan"},"content":{"rendered":"<ul>\n<li><strong>Plocha : <\/strong> 2.8<\/li>\n<li><strong>Tkanina: <\/strong> Oxford<\/li>\n<li><strong>Index vod\u011bodolnosti vn\u011bj\u0161\u00edho stanu: <\/strong> &gt; 3000 mm<\/li>\n<li><strong>Spodn\u00ed index vod\u011bodolnosti: <\/strong> &gt; 3000 mm<\/li>\n<li><strong>Styl stanu: <\/strong> P\u0159\u00edm\u00fd typ v\u00fdztuhy<\/li>\n<li><strong>Sez\u00f3na : <\/strong> \u010cty\u0159sez\u00f3nn\u00ed stan<\/li>\n<li><strong>Struktura: <\/strong> Jedna lo\u017enice<\/li>\n<li><strong>Jm\u00e9no v\u00fdrobku : <\/strong> St\u0159e\u0161n\u00ed stan<\/li>\n<li><strong>Barva : <\/strong> \u0161ed\u00e1, arm\u00e1dn\u00ed, oran\u017eov\u00e1, \u010dern\u00e1<\/li>\n<li><strong>Velikost: <\/strong> 216cm*130cm*105cm<\/li>\n<li><strong>Logo: <\/strong> P\u0159ijm\u011bte p\u0159izp\u016fsoben\u00e9 logo<\/li>\n<li><strong>Hmotnost: <\/strong> 79 kg<\/li>\n<li><strong>\u017eeb\u0159\u00edk: <\/strong> 2,2m teleskopick\u00fd \u017eeb\u0159\u00edk z hlin\u00edkov\u00e9 slitiny<\/li>\n<li><strong>Materi\u00e1l r\u00e1mu: <\/strong> ABS plast<\/li>\n<li><strong>Velikost balen\u00ed: <\/strong> 225*145*39 cm<\/li>\n<li><strong>matrace: <\/strong> 5 cm<\/li>\n<li><strong>OEM\/ODM: <\/strong> P\u0159ijateln\u00e9<\/li>\n<\/ul>\n<div>\n<div>\n<div data-magic-global=\"%7B%22bizId%22%3A2849203320%2C%22pageId%22%3A20118148475%2C%22siteId%22%3A5004976044%7D\">\n<div>\n<div>\n<div>\n<div>\n<div>\n<div><img decoding=\"async\" src=\"https:\/\/uoogear.com\/wp-content\/uploads\/2023\/11\/Hf606e0171374489382ae6e606f174e7aH.webp\" data-src=\"https:\/\/uoogear.com\/wp-content\/uploads\/2023\/11\/Hf606e0171374489382ae6e606f174e7aH.webp\" \/><\/div>\n<\/div>\n<\/div>\n<\/div>\n<\/div>\n<\/div>\n<div>\n<div>\n<div>\n<div>\n<div>\n<div><img decoding=\"async\" src=\"https:\/\/uoogear.com\/wp-content\/uploads\/2023\/11\/Hdf3e68c8884b48edbe0a99d308075c9ac.webp\" data-src=\"https:\/\/uoogear.com\/wp-content\/uploads\/2023\/11\/Hdf3e68c8884b48edbe0a99d308075c9ac.webp\" \/><\/div>\n<\/div>\n<\/div>\n<\/div>\n<\/div>\n<\/div>\n<div>\n<div>\n<div>\n<div>\n<div>\n<div><img decoding=\"async\" src=\"https:\/\/uoogear.com\/wp-content\/uploads\/2023\/11\/H863622b8be0d42b599950ea55cb5382ct.webp\" data-src=\"https:\/\/uoogear.com\/wp-content\/uploads\/2023\/11\/H863622b8be0d42b599950ea55cb5382ct.webp\" \/><\/div>\n<\/div>\n<\/div>\n<\/div>\n<\/div>\n<\/div>\n<div>\n<div>\n<table>\n<tbody>\n<tr>\n<td>\n<div>jm\u00e9no v\u00fdrobku<\/div>\n<\/td>\n<td>\n<div>St\u0159e\u0161n\u00ed stan<\/div>\n<\/td>\n<td>\n<div>Typy<\/div>\n<\/td>\n<td>\n<div>2-4 osoby<\/div>\n<\/td>\n<\/tr>\n<tr>\n<td>\n<div>Velikost kartonu<\/div>\n<\/td>\n<td>\n<div>225*138*37 cm<\/div>\n<\/td>\n<td>\n<div>Hmotnost n\u00e1kladu<\/div>\n<\/td>\n<td>\n<div>300 kg<\/div>\n<\/td>\n<\/tr>\n<tr>\n<td>\n<div>Skl\u00e1dac\u00ed velikost<\/div>\n<\/td>\n<td>\n<div>218cm*130cm*33cm<\/div>\n<\/td>\n<td>\n<div>hmotnost<\/div>\n<\/td>\n<td>\n<div>\u010cist\u00e1 hmotnost 79KG, celkov\u00e1 hmotnost 110KG<\/div>\n<\/td>\n<\/tr>\n<tr>\n<td>\n<div>Rozkl\u00e1dac\u00ed velikost<\/div>\n<\/td>\n<td>\n<div>218cm*130cm*108cm<\/div>\n<\/td>\n<td>\n<div>Textura<\/div>\n<\/td>\n<td>\n<div>Plastov\u00e1 ABS sko\u0159epina + vod\u011bodoln\u00e9 kostkovan\u00e9 pl\u00e1tno + ekologicky nez\u00e1vadn\u00e1 d\u0159ev\u011bn\u00e1 deska<\/div>\n<\/td>\n<\/tr>\n<tr>\n<td>\n<div>Barva<\/div>\n<\/td>\n<td>\n<div>B\u00edl\u00e1 sv\u011btle \u0161ed\u00e1, b\u00edl\u00e1 arm\u00e1dn\u00ed zelen\u00e1, b\u00edl\u00e1 oran\u017eov\u00e1, b\u00edl\u00e1 khaki, \u010dern\u00e1 sv\u011btle \u0161ed\u00e1, \u010dern\u00e1 arm\u00e1dn\u00ed zelen\u00e1, \u010dern\u00e1 khaki, \u010dern\u00e1 oran\u017eov\u00e1<\/div>\n<\/td>\n<td>\n<div>Pou\u017eiteln\u00fd model<\/div>\n<\/td>\n<td>\n<div>Nosnou p\u0159\u00ed\u010dku lze instalovat na st\u0159e\u0161n\u00ed SUV, ter\u00e9nn\u00ed vozidla, stani\u010dn\u00ed vozidla, u\u017eitkov\u00e1 vozidla<\/div>\n<\/td>\n<\/tr>\n<\/tbody>\n<\/table>\n<\/div>\n<\/div>\n<div>\n<div>\n<div>\n<div>\n<div>\n<div><img decoding=\"async\" src=\"https:\/\/uoogear.com\/wp-content\/uploads\/2023\/11\/H38ea71b4cd274ebaadc3404c7ff2c9f1e.webp\" data-src=\"https:\/\/uoogear.com\/wp-content\/uploads\/2023\/11\/H38ea71b4cd274ebaadc3404c7ff2c9f1e.webp\" \/><\/div>\n<\/div>\n<\/div>\n<\/div>\n<\/div>\n<\/div>\n<div>\n<div>\n<div>\n<div>\n<div>\n<div><img decoding=\"async\" src=\"https:\/\/uoogear.com\/wp-content\/uploads\/2023\/11\/Ha12f40b86dc34c568dd06e368a9d0591v.webp\" data-src=\"https:\/\/uoogear.com\/wp-content\/uploads\/2023\/11\/Ha12f40b86dc34c568dd06e368a9d0591v.webp\" \/><\/div>\n<\/div>\n<\/div>\n<\/div>\n<\/div>\n<\/div>\n<div>\n<div>\n<div>\n<div>\n<div>\n<div><img decoding=\"async\" src=\"https:\/\/uoogear.com\/wp-content\/uploads\/2023\/11\/Heb3b328ae01e4b38889e96959597543f8.webp\" data-src=\"https:\/\/uoogear.com\/wp-content\/uploads\/2023\/11\/Heb3b328ae01e4b38889e96959597543f8.webp\" \/><\/div>\n<\/div>\n<\/div>\n<\/div>\n<\/div>\n<\/div>\n<div>\n<div>\n<div>\n<div>\n<div>\n<div><\/div>\n<\/div>\n<\/div>\n<\/div>\n<\/div>\n<\/div>\n<div><\/div>\n<div>\n<div>\n<div>\n<div>\n<div><\/div>\n<\/div>\n<\/div>\n<\/div>\n<\/div>\n<div><\/div>\n<\/div>\n<\/div>\n<div data-section=\"AliPostDhMb-8cqjr\" data-section-title=\"Company Information\">\n<div><\/div>\n<\/div>\n<div>\n<div>\n<div>\n<div>\n<div>\n<div>\n<div><\/div>\n<\/div>\n<\/div>\n<\/div>\n<\/div>\n<\/div>\n<\/div>\n<\/div>","protected":false},"excerpt":{"rendered":"<p>Plocha : 2,8 Tkanina : Oxford Outside Stan Vodot\u011bsnost Index : &gt;3000 mm Spodn\u00ed Vodot\u011bsnost : &gt;3000 mm Styl stanu : Rovn\u00fd typ v\u00fdztuhy Sez\u00f3na : \u010cty\u0159sez\u00f3nn\u00ed Struktura stanu : Jedna lo\u017enice N\u00e1zev produktu : St\u0159e\u0161n\u00ed stan Barva : \u0161ed\u00e1, arm\u00e1dn\u00ed, oran\u017eov\u00e1 , \u010dern\u00e1 Velikost: 216 cm * 130 cm * 105 cm Logo: P\u0159ijm\u011bte p\u0159izp\u016fsoben\u00e9 logo Hmotnost: 79 kg \u017deb\u0159\u00edk:<\/p>\n<div class=\"read-more\"><a class=\"btn btn-fill-out\" href=\"https:\/\/uoogear.com\/cs\/produkt\/hard-shell-roof-top-tent-camper-for-car-roof-top-tent-rooftop-tent\/\">P\u0159e\u010dt\u011bte si v\u00edce<\/a><\/div>","protected":false},"featured_media":5032,"template":"","meta":[],"product_brand":[],"product_cat":[15],"product_tag":[],"class_list":{"0":"post-5033","1":"product","2":"type-product","3":"status-publish","4":"has-post-thumbnail","6":"product_cat-uncategorized","7":"tm-no-options","9":"first","10":"instock","11":"shipping-taxable","12":"purchasable","13":"product-type-variable"},"_links":{"self":[{"href":"https:\/\/uoogear.com\/cs\/wp-json\/wp\/v2\/product\/5033","targetHints":{"allow":["GET"]}}],"collection":[{"href":"https:\/\/uoogear.com\/cs\/wp-json\/wp\/v2\/product"}],"about":[{"href":"https:\/\/uoogear.com\/cs\/wp-json\/wp\/v2\/types\/product"}],"wp:featuredmedia":[{"embeddable":true,"href":"https:\/\/uoogear.com\/cs\/wp-json\/wp\/v2\/media\/5032"}],"wp:attachment":[{"href":"https:\/\/uoogear.com\/cs\/wp-json\/wp\/v2\/media?parent=5033"}],"wp:term":[{"taxonomy":"product_brand","embeddable":true,"href":"https:\/\/uoogear.com\/cs\/wp-json\/wp\/v2\/product_brand?post=5033"},{"taxonomy":"product_cat","embeddable":true,"href":"https:\/\/uoogear.com\/cs\/wp-json\/wp\/v2\/product_cat?post=5033"},{"taxonomy":"product_tag","embeddable":true,"href":"https:\/\/uoogear.com\/cs\/wp-json\/wp\/v2\/product_tag?post=5033"}],"curies":[{"name":"wp","href":"https:\/\/api.w.org\/{rel}","templated":true}]}}