{"id":5043,"date":"2023-11-14T03:17:24","date_gmt":"2023-11-14T03:17:24","guid":{"rendered":"https:\/\/uoogear.com\/product\/new-outdoor-waterproof-camping-rooftop-tent-hard-shell-car-roof-top-tent\/"},"modified":"2023-12-02T06:01:40","modified_gmt":"2023-12-02T06:01:40","slug":"new-outdoor-waterproof-camping-rooftop-tent-hard-shell-car-roof-top-tent","status":"publish","type":"product","link":"https:\/\/uoogear.com\/cs\/produkt\/new-outdoor-waterproof-camping-rooftop-tent-hard-shell-car-roof-top-tent\/","title":{"rendered":"Nov\u00fd venkovn\u00ed vodot\u011bsn\u00fd kempingov\u00fd st\u0159e\u0161n\u00ed stan na st\u0159echu do auta z tvrd\u00e9 sko\u0159epiny"},"content":{"rendered":"<ul>\n<li><strong>Tkanina: <\/strong> Materi\u00e1l ABS a PMMA<\/li>\n<li><strong>Index vod\u011bodolnosti vn\u011bj\u0161\u00edho stanu: <\/strong> 2000-3000 mm<\/li>\n<li><strong>Spodn\u00ed index vod\u011bodolnosti: <\/strong> &gt; 3000 mm<\/li>\n<li><strong>Typ budovy: <\/strong> Rychl\u00e9 automatick\u00e9 otev\u00edr\u00e1n\u00ed<\/li>\n<li><strong>Styl stanu: <\/strong> Prodlou\u017een\u00fd typ, trubkov\u00fd typ stanov\u00fd kol\u00edk<\/li>\n<li><strong>Sez\u00f3na : <\/strong> Letn\u00ed stan, \u010dty\u0159sez\u00f3nn\u00ed stan, t\u0159\u00edsez\u00f3nn\u00ed stan<\/li>\n<li><strong>Struktura: <\/strong> Jedna lo\u017enice<\/li>\n<\/ul>\n<div>\n<div><\/div>\n<div data-section=\"AliMagic-iqyb9g\" data-section-title=\"Product Description\">\n<p>Popis v\u00fdrobku<\/p>\n<\/div>\n<div>\n<div>\n<div><img decoding=\"async\" src=\"https:\/\/uoogear.com\/wp-content\/uploads\/2023\/11\/Hb2fca8c208e1447d910533855b6cd41ec.webp\" data-src=\"https:\/\/uoogear.com\/wp-content\/uploads\/2023\/11\/Hb2fca8c208e1447d910533855b6cd41ec.webp\" \/><\/div>\n<div><img decoding=\"async\" src=\"https:\/\/uoogear.com\/wp-content\/uploads\/2023\/11\/H0c54a72546c043489e3069c0ba8a2119O.webp\" data-src=\"https:\/\/uoogear.com\/wp-content\/uploads\/2023\/11\/H0c54a72546c043489e3069c0ba8a2119O.webp\" \/><\/div>\n<div><img decoding=\"async\" src=\"https:\/\/uoogear.com\/wp-content\/uploads\/2023\/11\/H82da5f3c84244dc38535e8cea44f05bf3.webp\" data-src=\"https:\/\/uoogear.com\/wp-content\/uploads\/2023\/11\/H82da5f3c84244dc38535e8cea44f05bf3.webp\" \/><\/div>\n<div><img decoding=\"async\" src=\"https:\/\/uoogear.com\/wp-content\/uploads\/2023\/11\/H9b8a012cd5e347bcabcf364bee4d29ceQ.webp\" data-src=\"https:\/\/uoogear.com\/wp-content\/uploads\/2023\/11\/H9b8a012cd5e347bcabcf364bee4d29ceQ.webp\" \/><\/div>\n<div><img decoding=\"async\" src=\"https:\/\/uoogear.com\/wp-content\/uploads\/2023\/11\/H6dc9940900144fe69ca8017cfef745e7V.webp\" data-src=\"https:\/\/uoogear.com\/wp-content\/uploads\/2023\/11\/H6dc9940900144fe69ca8017cfef745e7V.webp\" \/><\/div>\n<div><img decoding=\"async\" src=\"https:\/\/uoogear.com\/wp-content\/uploads\/2023\/11\/Hd3405024fad44116be2b6c311c6a7709I.webp\" data-src=\"https:\/\/uoogear.com\/wp-content\/uploads\/2023\/11\/Hd3405024fad44116be2b6c311c6a7709I.webp\" \/><\/div>\n<\/div>\n<\/div>\n<div><\/div>\n<div data-section=\"AliMagic-28bu1y\" data-section-title=\"Specification\">\n<div><\/div>\n<\/div>\n<div>\n<div>\n<div>\n<div>\n<div><\/div>\n<\/div>\n<\/div>\n<\/div>\n<\/div>\n<\/div>","protected":false},"excerpt":{"rendered":"<p>Tkanina: Materi\u00e1l ABS &amp; PMMA Vn\u011bj\u0161\u00ed stan Vodot\u011bsnost: 2000-3000 Mm Spodn\u00ed Vodot\u011bsnost: &gt;3000 mm Typ budovy: Rychl\u00e9 automatick\u00e9 otev\u00edr\u00e1n\u00ed Styl stanu: Prodlou\u017een\u00fd typ, Trubkov\u00fd typ Stan Stake Sez\u00f3na: Letn\u00ed stan, \u010cty\u0159sez\u00f3nn\u00ed stan, T\u0159\u00ed- Sez\u00f3nn\u00ed konstrukce stanu: Popis produktu s jednou lo\u017enic\u00ed<\/p>","protected":false},"featured_media":5042,"template":"","meta":[],"product_brand":[],"product_cat":[15],"product_tag":[],"class_list":{"0":"post-5043","1":"product","2":"type-product","3":"status-publish","4":"has-post-thumbnail","6":"product_cat-uncategorized","7":"tm-no-options","9":"first","10":"instock","11":"shipping-taxable","12":"purchasable","13":"product-type-variable"},"_links":{"self":[{"href":"https:\/\/uoogear.com\/cs\/wp-json\/wp\/v2\/product\/5043","targetHints":{"allow":["GET"]}}],"collection":[{"href":"https:\/\/uoogear.com\/cs\/wp-json\/wp\/v2\/product"}],"about":[{"href":"https:\/\/uoogear.com\/cs\/wp-json\/wp\/v2\/types\/product"}],"wp:featuredmedia":[{"embeddable":true,"href":"https:\/\/uoogear.com\/cs\/wp-json\/wp\/v2\/media\/5042"}],"wp:attachment":[{"href":"https:\/\/uoogear.com\/cs\/wp-json\/wp\/v2\/media?parent=5043"}],"wp:term":[{"taxonomy":"product_brand","embeddable":true,"href":"https:\/\/uoogear.com\/cs\/wp-json\/wp\/v2\/product_brand?post=5043"},{"taxonomy":"product_cat","embeddable":true,"href":"https:\/\/uoogear.com\/cs\/wp-json\/wp\/v2\/product_cat?post=5043"},{"taxonomy":"product_tag","embeddable":true,"href":"https:\/\/uoogear.com\/cs\/wp-json\/wp\/v2\/product_tag?post=5043"}],"curies":[{"name":"wp","href":"https:\/\/api.w.org\/{rel}","templated":true}]}}