{"id":5070,"date":"2023-11-14T03:19:56","date_gmt":"2023-11-14T03:19:56","guid":{"rendered":"https:\/\/uoogear.com\/product\/aluminum-alloy-honeycomb-plate-triangle-shape-outdoor-camping-car-roof-top-tent\/"},"modified":"2023-12-02T06:00:39","modified_gmt":"2023-12-02T06:00:39","slug":"aluminum-alloy-honeycomb-plate-triangle-shape-outdoor-camping-car-roof-top-tent","status":"publish","type":"product","link":"https:\/\/uoogear.com\/cs\/produkt\/aluminum-alloy-honeycomb-plate-triangle-shape-outdoor-camping-car-roof-top-tent\/","title":{"rendered":"Vo\u0161tinov\u00fd pl\u00e1t z hlin\u00edkov\u00e9 slitiny Tvar troj\u00faheln\u00edku Venkovn\u00ed kempingov\u00fd stan na st\u0159echu auta"},"content":{"rendered":"<ul>\n<li><strong>Tkanina: <\/strong> Oxford<\/li>\n<li><strong>Index vod\u011bodolnosti vn\u011bj\u0161\u00edho stanu: <\/strong> &gt; 3000 mm<\/li>\n<li><strong>Spodn\u00ed index vod\u011bodolnosti: <\/strong> &gt; 3000 mm<\/li>\n<li><strong>Typ budovy: <\/strong> Rychl\u00e9 automatick\u00e9 otev\u00edr\u00e1n\u00ed<\/li>\n<li><strong>Styl stanu: <\/strong> Typ diagon\u00e1ln\u00ed v\u00fdztuhy<\/li>\n<li><strong>Sez\u00f3na : <\/strong> \u010cty\u0159sez\u00f3nn\u00ed stan<\/li>\n<li><strong>Struktura: <\/strong> Jedna lo\u017enice<\/li>\n<li><strong>Barva l\u00e1tky: <\/strong> P\u0159izp\u016fsoben\u00e1 barva<\/li>\n<li><strong>Materi\u00e1l pl\u00e1\u0161t\u011b: <\/strong> Vo\u0161tinov\u00e1 deska z hlin\u00edkov\u00e9 slitiny<\/li>\n<li><strong>matrace: <\/strong> Matrace 50mm<\/li>\n<li><strong>P\u0159\u00edslu\u0161enstv\u00ed : <\/strong> Nainstalovat N\u00e1stroje<\/li>\n<li><strong>\u017eeb\u0159\u00edk: <\/strong> 2,3m hlin\u00edkov\u00fd teleskopick\u00fd \u017eeb\u0159\u00edk<\/li>\n<li><strong>Vod\u011bodoln\u00fd : <\/strong> Ano<\/li>\n<\/ul>\n<div>\n<div data-section=\"AliMagic-a1m2ez\" data-section-title=\"Product Description\">\n<p>Popis v\u00fdrobku<\/p>\n<\/div>\n<div>\n<div>\n<div><img decoding=\"async\" src=\"https:\/\/uoogear.com\/wp-content\/uploads\/2023\/11\/Ha2a0faf0a1f84f6ca81cfd7af1b91963G.webp\" data-src=\"https:\/\/uoogear.com\/wp-content\/uploads\/2023\/11\/Ha2a0faf0a1f84f6ca81cfd7af1b91963G.webp\" \/><\/div>\n<div><img decoding=\"async\" src=\"https:\/\/uoogear.com\/wp-content\/uploads\/2023\/11\/H245cec7ab07c447da5034950962aa639n.webp\" data-src=\"https:\/\/uoogear.com\/wp-content\/uploads\/2023\/11\/H245cec7ab07c447da5034950962aa639n.webp\" \/><\/div>\n<div><img decoding=\"async\" src=\"https:\/\/uoogear.com\/wp-content\/uploads\/2023\/11\/H2af6516fda85469688a0b2b5fc74a850m.webp\" data-src=\"https:\/\/uoogear.com\/wp-content\/uploads\/2023\/11\/H2af6516fda85469688a0b2b5fc74a850m.webp\" \/><\/div>\n<div><img decoding=\"async\" src=\"https:\/\/uoogear.com\/wp-content\/uploads\/2023\/11\/H2a7de94578214233a47e79cb75e00bd9L.webp\" data-src=\"https:\/\/uoogear.com\/wp-content\/uploads\/2023\/11\/H2a7de94578214233a47e79cb75e00bd9L.webp\" \/><\/div>\n<div><img decoding=\"async\" src=\"https:\/\/uoogear.com\/wp-content\/uploads\/2023\/11\/Hfe8f9a466d6040beb5ca038ecd6b97b2o.webp\" data-src=\"https:\/\/uoogear.com\/wp-content\/uploads\/2023\/11\/Hfe8f9a466d6040beb5ca038ecd6b97b2o.webp\" \/><\/div>\n<div><img decoding=\"async\" src=\"https:\/\/uoogear.com\/wp-content\/uploads\/2023\/11\/H3c23965dd700432a8fab58b344c3348en.webp\" data-src=\"https:\/\/uoogear.com\/wp-content\/uploads\/2023\/11\/H3c23965dd700432a8fab58b344c3348en.webp\" \/><\/div>\n<div><img decoding=\"async\" src=\"https:\/\/uoogear.com\/wp-content\/uploads\/2023\/11\/H90e43da2e25949be8ca22af3c8837628o.webp\" data-src=\"https:\/\/uoogear.com\/wp-content\/uploads\/2023\/11\/H90e43da2e25949be8ca22af3c8837628o.webp\" \/><\/div>\n<div><img decoding=\"async\" src=\"https:\/\/uoogear.com\/wp-content\/uploads\/2023\/11\/H4a00215881dd4f1ca73e2d84553ab0c8e.webp\" data-src=\"https:\/\/uoogear.com\/wp-content\/uploads\/2023\/11\/H4a00215881dd4f1ca73e2d84553ab0c8e.webp\" \/><\/div>\n<div><img decoding=\"async\" src=\"https:\/\/uoogear.com\/wp-content\/uploads\/2023\/11\/Hce91dd96e1954619864938dc5a1a076dS.webp\" data-src=\"https:\/\/uoogear.com\/wp-content\/uploads\/2023\/11\/Hce91dd96e1954619864938dc5a1a076dS.webp\" \/><\/div>\n<div><img decoding=\"async\" src=\"https:\/\/uoogear.com\/wp-content\/uploads\/2023\/11\/Hae4fb25124ff4986b8ad255826e8c83ba.webp\" data-src=\"https:\/\/uoogear.com\/wp-content\/uploads\/2023\/11\/Hae4fb25124ff4986b8ad255826e8c83ba.webp\" \/><\/div>\n<\/div>\n<\/div>\n<div>\n<div>\n<div>\n<div>\n<div>\n<div><img decoding=\"async\" src=\"https:\/\/uoogear.com\/wp-content\/uploads\/2023\/11\/Hf139e28276f8473bae6a62ba33b082f2a.webp\" data-src=\"https:\/\/uoogear.com\/wp-content\/uploads\/2023\/11\/Hf139e28276f8473bae6a62ba33b082f2a.webp\" \/><\/div>\n<\/div>\n<\/div>\n<\/div>\n<\/div>\n<\/div>\n<div>\n<div>\n<div>\n<div>\n<div>\n<div><img decoding=\"async\" src=\"https:\/\/uoogear.com\/wp-content\/uploads\/2023\/11\/Ha2b2adce3a6d40348d0612192968b2eb2.webp\" data-src=\"https:\/\/uoogear.com\/wp-content\/uploads\/2023\/11\/Ha2b2adce3a6d40348d0612192968b2eb2.webp\" \/><\/div>\n<\/div>\n<\/div>\n<\/div>\n<\/div>\n<\/div>\n<div><\/div>\n<div data-section=\"AliPostDhMb-xv5fc\" data-section-title=\"Company Information\">\n<div><\/div>\n<div><\/div>\n<\/div>\n<\/div>","protected":false},"excerpt":{"rendered":"<p>L\u00e1tka : Oxford Outside Stan Vodot\u011bsnost : &gt;3000 mm Spodn\u00ed Vodot\u011bsnost : &gt;3000 mm Typ budovy : Rychl\u00e9 automatick\u00e9 otev\u00edr\u00e1n\u00ed Styl stanu : Diagon\u00e1ln\u00ed typ v\u00fdztuhy Sez\u00f3na : \u010cty\u0159sez\u00f3nn\u00ed Struktura stanu : Jedna lo\u017enice Barva l\u00e1tky : P\u0159izp\u016fsoben\u00e1 barva Materi\u00e1l sko\u0159epiny : Hlin\u00edkov\u00e1 slitina Tal\u00ed\u0159ov\u00e1 vo\u0161tinov\u00e1 matrace: 50 mm P\u0159\u00edslu\u0161enstv\u00ed matrace: Nainstalujte<\/p>\n<div class=\"read-more\"><a class=\"btn btn-fill-out\" href=\"https:\/\/uoogear.com\/cs\/produkt\/aluminum-alloy-honeycomb-plate-triangle-shape-outdoor-camping-car-roof-top-tent\/\">P\u0159e\u010dt\u011bte si v\u00edce<\/a><\/div>","protected":false},"featured_media":5069,"template":"","meta":[],"product_brand":[],"product_cat":[15],"product_tag":[],"class_list":{"0":"post-5070","1":"product","2":"type-product","3":"status-publish","4":"has-post-thumbnail","6":"product_cat-uncategorized","7":"tm-no-options","9":"first","10":"instock","11":"shipping-taxable","12":"purchasable","13":"product-type-variable"},"_links":{"self":[{"href":"https:\/\/uoogear.com\/cs\/wp-json\/wp\/v2\/product\/5070","targetHints":{"allow":["GET"]}}],"collection":[{"href":"https:\/\/uoogear.com\/cs\/wp-json\/wp\/v2\/product"}],"about":[{"href":"https:\/\/uoogear.com\/cs\/wp-json\/wp\/v2\/types\/product"}],"wp:featuredmedia":[{"embeddable":true,"href":"https:\/\/uoogear.com\/cs\/wp-json\/wp\/v2\/media\/5069"}],"wp:attachment":[{"href":"https:\/\/uoogear.com\/cs\/wp-json\/wp\/v2\/media?parent=5070"}],"wp:term":[{"taxonomy":"product_brand","embeddable":true,"href":"https:\/\/uoogear.com\/cs\/wp-json\/wp\/v2\/product_brand?post=5070"},{"taxonomy":"product_cat","embeddable":true,"href":"https:\/\/uoogear.com\/cs\/wp-json\/wp\/v2\/product_cat?post=5070"},{"taxonomy":"product_tag","embeddable":true,"href":"https:\/\/uoogear.com\/cs\/wp-json\/wp\/v2\/product_tag?post=5070"}],"curies":[{"name":"wp","href":"https:\/\/api.w.org\/{rel}","templated":true}]}}