{"id":3184,"date":"2023-08-07T04:44:27","date_gmt":"2023-08-07T04:44:27","guid":{"rendered":"https:\/\/uoogear.com\/?page_id=3184"},"modified":"2023-08-07T04:53:58","modified_gmt":"2023-08-07T04:53:58","slug":"delivery-information-usa","status":"publish","type":"page","link":"https:\/\/uoogear.com\/da\/delivery-information-usa\/","title":{"rendered":"Leveringsoplysninger USA"},"content":{"rendered":"<div data-elementor-type=\"wp-page\" data-elementor-id=\"3184\" class=\"elementor elementor-3184\">\n\t\t\t\t\t\t\t\t\t<section class=\"elementor-section elementor-top-section elementor-element elementor-element-8e54cfa elementor-section-boxed elementor-section-height-default elementor-section-height-default\" data-id=\"8e54cfa\" data-element_type=\"section\">\n\t\t\t\t\t\t<div class=\"elementor-container elementor-column-gap-default\">\n\t\t\t\t\t<div class=\"elementor-column elementor-col-100 elementor-top-column elementor-element elementor-element-e6f784e\" data-id=\"e6f784e\" data-element_type=\"column\">\n\t\t\t<div class=\"elementor-widget-wrap elementor-element-populated\">\n\t\t\t\t\t\t\t\t<div class=\"elementor-element elementor-element-80b3083 elementor-widget elementor-widget-heading\" data-id=\"80b3083\" data-element_type=\"widget\" data-widget_type=\"heading.default\">\n\t\t\t\t<div class=\"elementor-widget-container\">\n\t\t\t<style>\/*! elementor - v3.14.0 - 26-06-2023 *\/\n.elementor-heading-title{padding:0;margin:0;line-height:1}.elementor-widget-heading .elementor-heading-title[class*=elementor-size-]>a{color:inherit;font-size:inherit;line-height:inherit}.elementor-widget-heading .elementor-heading-title.elementor-size-small{font-size:15px}.elementor-widget-heading .elementor-heading-title.elementor-size-medium{font-size:19px}.elementor-widget-heading .elementor-heading-title.elementor-size-large{font-size:29px}.elementor-widget-heading .elementor-heading-title.elementor-size-xl{font-size:39px}.elementor-widget-heading .elementor-heading-title.elementor-size-xxl{font-size:59px}<\/style><h2 class=\"elementor-heading-title elementor-size-default\">leverings information<\/h2>\t\t<\/div>\n\t\t\t\t<\/div>\n\t\t\t\t<div class=\"elementor-element elementor-element-c061480 elementor-widget elementor-widget-spacer\" data-id=\"c061480\" data-element_type=\"widget\" data-widget_type=\"spacer.default\">\n\t\t\t\t<div class=\"elementor-widget-container\">\n\t\t\t<style>\/*! elementor - v3.14.0 - 26-06-2023 *\/\n.elementor-column .elementor-spacer-inner{height:var(--spacer-size)}.e-con{--container-widget-width:100%}.e-con-inner>.elementor-widget-spacer,.e-con>.elementor-widget-spacer{width:var(--container-widget-width,var(--spacer-size));--align-self:var(--container-widget-align-self,initial);--flex-shrink:0}.e-con-inner>.elementor-widget-spacer>.elementor-widget-container,.e-con-inner>.elementor-widget-spacer>.elementor-widget-container>.elementor-spacer,.e-con>.elementor-widget-spacer>.elementor-widget-container,.e-con>.elementor-widget-spacer>.elementor-widget-container>.elementor-spacer{height:100%}.e-con-inner>.elementor-widget-spacer>.elementor-widget-container>.elementor-spacer>.elementor-spacer-inner,.e-con>.elementor-widget-spacer>.elementor-widget-container>.elementor-spacer>.elementor-spacer-inner{height:var(--container-widget-height,var(--spacer-size))}<\/style>\t\t<div class=\"elementor-spacer\">\n\t\t\t<div class=\"elementor-spacer-inner\"><\/div>\n\t\t<\/div>\n\t\t\t\t<\/div>\n\t\t\t\t<\/div>\n\t\t\t\t<div class=\"elementor-element elementor-element-924eb59 elementor-widget elementor-widget-heading\" data-id=\"924eb59\" data-element_type=\"widget\" data-widget_type=\"heading.default\">\n\t\t\t\t<div class=\"elementor-widget-container\">\n\t\t\t<h4 class=\"elementor-heading-title elementor-size-default\">Ekspreslevering - 1-2 hverdage - (g\u00e6lder mandag til fredag)<\/h4>\t\t<\/div>\n\t\t\t\t<\/div>\n\t\t\t\t<div class=\"elementor-element elementor-element-4108b66 elementor-widget elementor-widget-text-editor\" data-id=\"4108b66\" data-element_type=\"widget\" data-widget_type=\"text-editor.default\">\n\t\t\t\t<div class=\"elementor-widget-container\">\n\t\t\t<style>\/*! elementor - v3.14.0 - 26-06-2023 *\/\n.elementor-widget-text-editor.elementor-drop-cap-view-stacked .elementor-drop-cap{background-color:#69727d;color:#fff}.elementor-widget-text-editor.elementor-drop-cap-view-framed .elementor-drop-cap{color:#69727d;border:3px solid;background-color:transparent}.elementor-widget-text-editor:not(.elementor-drop-cap-view-default) .elementor-drop-cap{margin-top:8px}.elementor-widget-text-editor:not(.elementor-drop-cap-view-default) .elementor-drop-cap-letter{width:1em;height:1em}.elementor-widget-text-editor .elementor-drop-cap{float:left;text-align:center;line-height:1;font-size:50px}.elementor-widget-text-editor .elementor-drop-cap-letter{display:inline-block}<\/style>\t\t\t\t<p>Bestillingen skal afgives inden kl. TNT-forsendelser er nogle gange underlagt 24 timers forsinkelse i transit p\u00e5 grund af store m\u00e6ngder i deres netv\u00e6rk \u2013 s\u00e5 ethvert produkt over 30 kg kan have en langsommere transittid. Almindelige produkter under 30 kg, vil blive leveret n\u00e6ste hverdag via DPD som normalt. Du kan tjekke v\u00e6gten af et telt ved at se p\u00e5 fanen yderligere information p\u00e5 produktet og kontrollere v\u00e6gten.<\/p><p>Bem\u00e6rk venligst: L\u00f8rdage og s\u00f8ndage er ikke &quot;arbejdsdage&quot;. Selvom DPD ofte leverer i weekenden, kan vi ikke garantere det.<br \/>Bem\u00e6rk venligst, at leveringer ikke vil finde sted p\u00e5 en helligdag, da det ikke er en hverdag.<\/p>\t\t\t\t\t\t<\/div>\n\t\t\t\t<\/div>\n\t\t\t\t<div class=\"elementor-element elementor-element-bf4d141 elementor-widget elementor-widget-heading\" data-id=\"bf4d141\" data-element_type=\"widget\" data-widget_type=\"heading.default\">\n\t\t\t\t<div class=\"elementor-widget-container\">\n\t\t\t<h4 class=\"elementor-heading-title elementor-size-default\">Express Pre 12 \/ Pre 10:30am - N\u00e6ste arbejdsdag f\u00f8r specificeret tid (g\u00e6lder mandag til fredag)<\/h4>\t\t<\/div>\n\t\t\t\t<\/div>\n\t\t\t\t<div class=\"elementor-element elementor-element-dfdb92d elementor-widget elementor-widget-text-editor\" data-id=\"dfdb92d\" data-element_type=\"widget\" data-widget_type=\"text-editor.default\">\n\t\t\t\t<div class=\"elementor-widget-container\">\n\t\t\t\t\t\t\t<p>Bestilling skal afgives senest kl. Vi pakker og sender din ordre til n\u00e6ste dag inden kl. 10.30 eller kl. 12.00, afh\u00e6ngigt af hvilken mulighed du v\u00e6lger.<\/p><p>Bestilling afgivet l\u00f8rdag og s\u00f8ndag ankommer tirsdag.<\/p>\t\t\t\t\t\t<\/div>\n\t\t\t\t<\/div>\n\t\t\t\t<div class=\"elementor-element elementor-element-14ca262 elementor-widget elementor-widget-heading\" data-id=\"14ca262\" data-element_type=\"widget\" data-widget_type=\"heading.default\">\n\t\t\t\t<div class=\"elementor-widget-container\">\n\t\t\t<h4 class=\"elementor-heading-title elementor-size-default\">Standardlevering - 2 - 4 hverdage (g\u00e6lder mandag til fredag)<\/h4>\t\t<\/div>\n\t\t\t\t<\/div>\n\t\t\t\t<div class=\"elementor-element elementor-element-800aee5 elementor-widget elementor-widget-text-editor\" data-id=\"800aee5\" data-element_type=\"widget\" data-widget_type=\"text-editor.default\">\n\t\t\t\t<div class=\"elementor-widget-container\">\n\t\t\t\t\t\t\t<p>Standardlevering \u2013 pakker sendes stadig p\u00e5 overnatningsservice, men vi foretr\u00e6kker f\u00f8rst ekspresbestillinger og pakker derefter standardbestillinger. Varer p\u00e5 denne service vil blive leveret mellem 2 og 4 hverdage.<\/p>\t\t\t\t\t\t<\/div>\n\t\t\t\t<\/div>\n\t\t\t\t<div class=\"elementor-element elementor-element-9e8f9bf elementor-widget elementor-widget-heading\" data-id=\"9e8f9bf\" data-element_type=\"widget\" data-widget_type=\"heading.default\">\n\t\t\t\t<div class=\"elementor-widget-container\">\n\t\t\t<h4 class=\"elementor-heading-title elementor-size-default\">Gratis levering til Storbritannien * T&amp; C Anvend<\/h4>\t\t<\/div>\n\t\t\t\t<\/div>\n\t\t\t\t<div class=\"elementor-element elementor-element-aa8445a elementor-widget elementor-widget-text-editor\" data-id=\"aa8445a\" data-element_type=\"widget\" data-widget_type=\"text-editor.default\">\n\t\t\t\t<div class=\"elementor-widget-container\">\n\t\t\t\t\t\t\t<p>Brug over \u00a350, og vi leverer gratis. Udelukker udvalgte regioner i Skotland og hele Nordirland. Du kan tjekke portoomkostninger ved at bruge portovurderingen p\u00e5 kurvsiden ved at tilf\u00f8je dit postnummer.<\/p>\t\t\t\t\t\t<\/div>\n\t\t\t\t<\/div>\n\t\t\t\t<div class=\"elementor-element elementor-element-8bfcdd0 elementor-widget elementor-widget-text-editor\" data-id=\"8bfcdd0\" data-element_type=\"widget\" data-widget_type=\"text-editor.default\">\n\t\t\t\t<div class=\"elementor-widget-container\">\n\t\t\t\t\t\t\tEurop\u00e6isk tjeneste \u2013 midlertidigt suspenderet.\t\t\t\t\t\t<\/div>\n\t\t\t\t<\/div>\n\t\t\t\t\t<\/div>\n\t\t<\/div>\n\t\t\t\t\t\t\t<\/div>\n\t\t<\/section>\n\t\t\t\t\t\t\t<\/div>","protected":false},"excerpt":{"rendered":"<p>Leveringsinformation Ekspreslevering \u2013 1-2 hverdage \u2013 (g\u00e6lder mandag til fredag) Ordren skal afgives inden kl. 14.00. TNT-forsendelser er nogle gange underlagt en 24 timers forsinkelse i transit p\u00e5 grund af store m\u00e6ngder i deres netv\u00e6rk \u2013 s\u00e5 enhver product over 30 kg kan have en langsommere transittid. Almindelige product&#039;er under<\/p>\n<div class=\"read-more\"><a class=\"btn btn-fill-out\" href=\"https:\/\/uoogear.com\/da\/delivery-information-usa\/\">L\u00e6s mere<\/a><\/div>","protected":false},"author":1,"featured_media":0,"parent":0,"menu_order":0,"comment_status":"closed","ping_status":"closed","template":"","meta":{"footnotes":""},"class_list":["post-3184","page","type-page","status-publish","hentry"],"_links":{"self":[{"href":"https:\/\/uoogear.com\/da\/wp-json\/wp\/v2\/pages\/3184","targetHints":{"allow":["GET"]}}],"collection":[{"href":"https:\/\/uoogear.com\/da\/wp-json\/wp\/v2\/pages"}],"about":[{"href":"https:\/\/uoogear.com\/da\/wp-json\/wp\/v2\/types\/page"}],"author":[{"embeddable":true,"href":"https:\/\/uoogear.com\/da\/wp-json\/wp\/v2\/users\/1"}],"replies":[{"embeddable":true,"href":"https:\/\/uoogear.com\/da\/wp-json\/wp\/v2\/comments?post=3184"}],"version-history":[{"count":22,"href":"https:\/\/uoogear.com\/da\/wp-json\/wp\/v2\/pages\/3184\/revisions"}],"predecessor-version":[{"id":3206,"href":"https:\/\/uoogear.com\/da\/wp-json\/wp\/v2\/pages\/3184\/revisions\/3206"}],"wp:attachment":[{"href":"https:\/\/uoogear.com\/da\/wp-json\/wp\/v2\/media?parent=3184"}],"curies":[{"name":"wp","href":"https:\/\/api.w.org\/{rel}","templated":true}]}}