{"id":3378,"date":"2023-08-07T06:22:41","date_gmt":"2023-08-07T06:22:41","guid":{"rendered":"https:\/\/uoogear.com\/?page_id=3378"},"modified":"2023-08-07T06:30:04","modified_gmt":"2023-08-07T06:30:04","slug":"returns-policy","status":"publish","type":"page","link":"https:\/\/uoogear.com\/da\/returns-policy\/","title":{"rendered":"Returpolitik"},"content":{"rendered":"<div data-elementor-type=\"wp-page\" data-elementor-id=\"3378\" class=\"elementor elementor-3378\">\n\t\t\t\t\t\t\t\t\t<section class=\"elementor-section elementor-top-section elementor-element elementor-element-4a9feaf elementor-section-boxed elementor-section-height-default elementor-section-height-default\" data-id=\"4a9feaf\" data-element_type=\"section\">\n\t\t\t\t\t\t<div class=\"elementor-container elementor-column-gap-default\">\n\t\t\t\t\t<div class=\"elementor-column elementor-col-100 elementor-top-column elementor-element elementor-element-049edf5\" data-id=\"049edf5\" data-element_type=\"column\">\n\t\t\t<div class=\"elementor-widget-wrap elementor-element-populated\">\n\t\t\t\t\t\t\t\t<div class=\"elementor-element elementor-element-3977164 elementor-widget elementor-widget-heading\" data-id=\"3977164\" data-element_type=\"widget\" data-widget_type=\"heading.default\">\n\t\t\t\t<div class=\"elementor-widget-container\">\n\t\t\t<style>\/*! elementor - v3.14.0 - 26-06-2023 *\/\n.elementor-heading-title{padding:0;margin:0;line-height:1}.elementor-widget-heading .elementor-heading-title[class*=elementor-size-]>a{color:inherit;font-size:inherit;line-height:inherit}.elementor-widget-heading .elementor-heading-title.elementor-size-small{font-size:15px}.elementor-widget-heading .elementor-heading-title.elementor-size-medium{font-size:19px}.elementor-widget-heading .elementor-heading-title.elementor-size-large{font-size:29px}.elementor-widget-heading .elementor-heading-title.elementor-size-xl{font-size:39px}.elementor-widget-heading .elementor-heading-title.elementor-size-xxl{font-size:59px}<\/style><h2 class=\"elementor-heading-title elementor-size-default\">Returpolitik<\/h2>\t\t<\/div>\n\t\t\t\t<\/div>\n\t\t\t\t<div class=\"elementor-element elementor-element-6fc9a4f elementor-widget elementor-widget-spacer\" data-id=\"6fc9a4f\" data-element_type=\"widget\" data-widget_type=\"spacer.default\">\n\t\t\t\t<div class=\"elementor-widget-container\">\n\t\t\t<style>\/*! elementor - v3.14.0 - 26-06-2023 *\/\n.elementor-column .elementor-spacer-inner{height:var(--spacer-size)}.e-con{--container-widget-width:100%}.e-con-inner>.elementor-widget-spacer,.e-con>.elementor-widget-spacer{width:var(--container-widget-width,var(--spacer-size));--align-self:var(--container-widget-align-self,initial);--flex-shrink:0}.e-con-inner>.elementor-widget-spacer>.elementor-widget-container,.e-con-inner>.elementor-widget-spacer>.elementor-widget-container>.elementor-spacer,.e-con>.elementor-widget-spacer>.elementor-widget-container,.e-con>.elementor-widget-spacer>.elementor-widget-container>.elementor-spacer{height:100%}.e-con-inner>.elementor-widget-spacer>.elementor-widget-container>.elementor-spacer>.elementor-spacer-inner,.e-con>.elementor-widget-spacer>.elementor-widget-container>.elementor-spacer>.elementor-spacer-inner{height:var(--container-widget-height,var(--spacer-size))}<\/style>\t\t<div class=\"elementor-spacer\">\n\t\t\t<div class=\"elementor-spacer-inner\"><\/div>\n\t\t<\/div>\n\t\t\t\t<\/div>\n\t\t\t\t<\/div>\n\t\t\t\t<div class=\"elementor-element elementor-element-1c367a8 elementor-widget elementor-widget-heading\" data-id=\"1c367a8\" data-element_type=\"widget\" data-widget_type=\"heading.default\">\n\t\t\t\t<div class=\"elementor-widget-container\">\n\t\t\t<h4 class=\"elementor-heading-title elementor-size-default\">U\u00f8nskede varer k\u00f8bt i butikken<\/h4>\t\t<\/div>\n\t\t\t\t<\/div>\n\t\t\t\t<div class=\"elementor-element elementor-element-161f077 elementor-widget elementor-widget-text-editor\" data-id=\"161f077\" data-element_type=\"widget\" data-widget_type=\"text-editor.default\">\n\t\t\t\t<div class=\"elementor-widget-container\">\n\t\t\t<style>\/*! elementor - v3.14.0 - 26-06-2023 *\/\n.elementor-widget-text-editor.elementor-drop-cap-view-stacked .elementor-drop-cap{background-color:#69727d;color:#fff}.elementor-widget-text-editor.elementor-drop-cap-view-framed .elementor-drop-cap{color:#69727d;border:3px solid;background-color:transparent}.elementor-widget-text-editor:not(.elementor-drop-cap-view-default) .elementor-drop-cap{margin-top:8px}.elementor-widget-text-editor:not(.elementor-drop-cap-view-default) .elementor-drop-cap-letter{width:1em;height:1em}.elementor-widget-text-editor .elementor-drop-cap{float:left;text-align:center;line-height:1;font-size:50px}.elementor-widget-text-editor .elementor-drop-cap-letter{display:inline-block}<\/style>\t\t\t\tU\u00f8nskede varer k\u00f8bt hos UooGear kan returneres i perfekt gensalgsbar stand (inklusive emballage og etiketter) inden for 30 dage efter k\u00f8bet for fuld refusion eller ombytning. Dette omfatter ikke varer, der har v\u00e6ret brugt, snavset, lugter eller er beskadiget ved misbrug.\t\t\t\t\t\t<\/div>\n\t\t\t\t<\/div>\n\t\t\t\t<div class=\"elementor-element elementor-element-b913df6 elementor-widget elementor-widget-heading\" data-id=\"b913df6\" data-element_type=\"widget\" data-widget_type=\"heading.default\">\n\t\t\t\t<div class=\"elementor-widget-container\">\n\t\t\t<h4 class=\"elementor-heading-title elementor-size-default\">U\u00f8nskede genstande fra uoogear.com<\/h4>\t\t<\/div>\n\t\t\t\t<\/div>\n\t\t\t\t<div class=\"elementor-element elementor-element-c7c6ddc elementor-widget elementor-widget-text-editor\" data-id=\"c7c6ddc\" data-element_type=\"widget\" data-widget_type=\"text-editor.default\">\n\t\t\t\t<div class=\"elementor-widget-container\">\n\t\t\t\t\t\t\tU\u00f8nskede varer k\u00f8bt fra uoogear.com kan returneres i perfekt gensalgsbar stand (inklusive emballage og etiketter) inden for 30 dage efter levering. Hvis du \u00f8nsker, at vi skal afhente disse varer, kan vi s\u00f8rge for, at vores kurer afhenter disse varer fra en adresse efter eget valg til en pris p\u00e5 \u00a310,00 pr. kureren). Hvis du hellere vil sende varerne tilbage for egen regning, s\u00e5 skal de v\u00e6re tilbage hos os inden for 28 dage. Du er dog ansvarlig for disse varer, indtil de n\u00e5r os. Af denne grund anbefaler vi, at du bruger en sikker levering.\t\t\t\t\t\t<\/div>\n\t\t\t\t<\/div>\n\t\t\t\t<div class=\"elementor-element elementor-element-5f45aa1 elementor-widget elementor-widget-heading\" data-id=\"5f45aa1\" data-element_type=\"widget\" data-widget_type=\"heading.default\">\n\t\t\t\t<div class=\"elementor-widget-container\">\n\t\t\t<h4 class=\"elementor-heading-title elementor-size-default\">Defekte varer<\/h4>\t\t<\/div>\n\t\t\t\t<\/div>\n\t\t\t\t<div class=\"elementor-element elementor-element-5771ea0 elementor-widget elementor-widget-text-editor\" data-id=\"5771ea0\" data-element_type=\"widget\" data-widget_type=\"text-editor.default\">\n\t\t\t\t<div class=\"elementor-widget-container\">\n\t\t\t\t\t\t\tDefekte varer med en \u00e5benlys, \u00e6gte fejl kan returneres for fuld refusion, ombytning eller ombytning inden for 30 dage. Defekte varer, der returneres efter 30 dage, eller varer, der ikke har en \u00e5benlys fejl (f.eks. en l\u00e6kage), kan returneres; dog kan vi v\u00e6re n\u00f8dt til at sende varen videre til en tredjepart for verifikation af fejlen. (Dette kan tage flere uger afh\u00e6ngigt af tredjeparten). Vi har brug for bekr\u00e6ftelse af alle fejl skriftligt, venligst via e-mail. Hvis dit produkt udvikler en fejl inden for de f\u00f8rste tre m\u00e5neder, kan du, n\u00e5r vi har bekr\u00e6ftet fejlen, hvis du \u00f8nsker det, anmode om en refusion.\t\t\t\t\t\t<\/div>\n\t\t\t\t<\/div>\n\t\t\t\t<div class=\"elementor-element elementor-element-bebd1d5 elementor-widget elementor-widget-heading\" data-id=\"bebd1d5\" data-element_type=\"widget\" data-widget_type=\"heading.default\">\n\t\t\t\t<div class=\"elementor-widget-container\">\n\t\t\t<h4 class=\"elementor-heading-title elementor-size-default\">Bekl\u00e6dningsgenstande<\/h4>\t\t<\/div>\n\t\t\t\t<\/div>\n\t\t\t\t<div class=\"elementor-element elementor-element-930100e elementor-widget elementor-widget-text-editor\" data-id=\"930100e\" data-element_type=\"widget\" data-widget_type=\"text-editor.default\">\n\t\t\t\t<div class=\"elementor-widget-container\">\n\t\t\t\t\t\t\tHvis varer returneres til os som uegnede til deres tilsigtede form\u00e5l, skal du s\u00f8rge for at informere os om din hensigt om at returnere dem til os inden for 7 dage efter k\u00f8bet. Hvis du gerne vil have, at vi afhenter og\/eller ombytter varerne for dig, g\u00f8r vi det gerne mod et gebyr p\u00e5 \u00a310,00. Alternativt kan du returnere varerne til os af egen drift, men vi skal have varerne tilbage hos os inden for 28 dage efter k\u00f8bsdatoen.\t\t\t\t\t\t<\/div>\n\t\t\t\t<\/div>\n\t\t\t\t<div class=\"elementor-element elementor-element-8796eb8 elementor-widget elementor-widget-text-editor\" data-id=\"8796eb8\" data-element_type=\"widget\" data-widget_type=\"text-editor.default\">\n\t\t\t\t<div class=\"elementor-widget-container\">\n\t\t\t\t\t\t\tBem\u00e6rk venligst: uegnede varer skal returneres UBRUGTE, rene, frisk lugtende, fri for hundeh\u00e5r osv. og enhver anden dokumentation for generelt misbrug. Alt t\u00f8j skal stadig have producentens etiket og gyngebilletter p\u00e5sat. Alle varer, der returneres til os, og som ikke overholder ovenst\u00e5ende, kan p\u00e5virke vores evne til at udstede en fuld refusion.\t\t\t\t\t\t<\/div>\n\t\t\t\t<\/div>\n\t\t\t\t<div class=\"elementor-element elementor-element-79185b2 elementor-widget elementor-widget-heading\" data-id=\"79185b2\" data-element_type=\"widget\" data-widget_type=\"heading.default\">\n\t\t\t\t<div class=\"elementor-widget-container\">\n\t\t\t<h4 class=\"elementor-heading-title elementor-size-default\">Telt retur<\/h4>\t\t<\/div>\n\t\t\t\t<\/div>\n\t\t\t\t<div class=\"elementor-element elementor-element-33eb9aa elementor-widget elementor-widget-text-editor\" data-id=\"33eb9aa\" data-element_type=\"widget\" data-widget_type=\"text-editor.default\">\n\t\t\t\t<div class=\"elementor-widget-container\">\n\t\t\t\t\t\t\tDet er helt afg\u00f8rende, at du tjekker dit telt, inden du tager afsted p\u00e5 ferie. Vi kan ikke holdes ansvarlige for ikke at tjekke teltet f\u00f8r din ferie for at sikre, at alle komponenter er i teltet. Hvert telt v\u00e6gtkontrolleres ved fremstillingen for at sikre, at alle komponenterne er der. Det er dog n\u00f8dvendigt at tjekke, og s\u00e6tte dig ind i teltet, inden du tager afsted.\t\t\t\t\t\t<\/div>\n\t\t\t\t<\/div>\n\t\t\t\t<div class=\"elementor-element elementor-element-44506a9 elementor-widget elementor-widget-text-editor\" data-id=\"44506a9\" data-element_type=\"widget\" data-widget_type=\"text-editor.default\">\n\t\t\t\t<div class=\"elementor-widget-container\">\n\t\t\t\t\t\t\tN\u00e5r f\u00f8rst et telt er sl\u00e5et op udend\u00f8rs, anses det ikke l\u00e6ngere for at v\u00e6re i perfekt gensalgsbar stand. Alle telte er d\u00e6kket af 2 \u00e5rs producentgaranti, og Outdoor World d\u00e6kker teltet i samme periode. K\u00f8bsbevis er p\u00e5kr\u00e6vet. Bem\u00e6rk venligst, at garantien ikke d\u00e6kker skader p\u00e5 teltet, dets st\u00e6nger eller nogen anden komponent for\u00e5rsaget af\t\t\t\t\t\t<\/div>\n\t\t\t\t<\/div>\n\t\t\t\t<div class=\"elementor-element elementor-element-afc5129 elementor-widget elementor-widget-text-editor\" data-id=\"afc5129\" data-element_type=\"widget\" data-widget_type=\"text-editor.default\">\n\t\t\t\t<div class=\"elementor-widget-container\">\n\t\t\t\t\t\t\t<p>Advarselsforhold for alvorlige vejrforhold (stormskade)<br \/>Ulykker<br \/>Misbruge<br \/>Slitage<br \/>UV-nedbrydning<br \/>Skimmelsvamp som f\u00f8lge af v\u00e5d pakning eller forkert opbevaring<\/p>\t\t\t\t\t\t<\/div>\n\t\t\t\t<\/div>\n\t\t\t\t<div class=\"elementor-element elementor-element-4fac535 elementor-widget elementor-widget-text-editor\" data-id=\"4fac535\" data-element_type=\"widget\" data-widget_type=\"text-editor.default\">\n\t\t\t\t<div class=\"elementor-widget-container\">\n\t\t\t\t\t\t\tHvis du mener, at dit telt har en fabrikationsfejl, er den f\u00f8rste ting du skal g\u00f8re at kontakte teltenes returlinje p\u00e5 01924 265457.\t\t\t\t\t\t<\/div>\n\t\t\t\t<\/div>\n\t\t\t\t<div class=\"elementor-element elementor-element-ab871b1 elementor-widget elementor-widget-text-editor\" data-id=\"ab871b1\" data-element_type=\"widget\" data-widget_type=\"text-editor.default\">\n\t\t\t\t<div class=\"elementor-widget-container\">\n\t\t\t\t\t\t\tI tilf\u00e6lde af at du skal returnere dit telt i butik eller online, skal du v\u00e6re opm\u00e6rksom p\u00e5:\t\t\t\t\t\t<\/div>\n\t\t\t\t<\/div>\n\t\t\t\t<div class=\"elementor-element elementor-element-9cf37f6 elementor-widget elementor-widget-text-editor\" data-id=\"9cf37f6\" data-element_type=\"widget\" data-widget_type=\"text-editor.default\">\n\t\t\t\t<div class=\"elementor-widget-container\">\n\t\t\t\t\t\t\t<p>Teltet accepteres muligvis ikke, hvis teltet er v\u00e5dt eller meget snavset af hensyn til sundhed og sikkerhed \u2013 teltet skal v\u00e6re 100% t\u00f8rt, ellers vil det blive returneret til dig uden opm\u00e6rksomhed.<br \/>Nogle telte skal muligvis ogs\u00e5 sendes til en tredjepart til vurdering<br \/>Vango telte kan forl\u00e6nges p\u00e5 garantien til 3 \u00e5r, ved at g\u00e5 ind p\u00e5 Vangos hjemmeside og registrere k\u00f8bet.<br \/>Hvis du returnerer dit telt med angivelse af, at det er helt nyt og ubrugt, og vi \u00e5bner det for at finde ud af, at det tydeligt er blevet brugt og viser tegn p\u00e5 mudder, fuglebaby, tr\u00e6saft, vil det blive fotograferet og returneret til dig med det samme, og der vil ikke blive refunderet. behandlet. Det sker desv\u00e6rre mange gange pr. s\u00e6son, da folk bruger produktet til deres ferie og fors\u00f8ger at returnere det bagefter.<\/p>\t\t\t\t\t\t<\/div>\n\t\t\t\t<\/div>\n\t\t\t\t<div class=\"elementor-element elementor-element-43e2398 elementor-widget elementor-widget-text-editor\" data-id=\"43e2398\" data-element_type=\"widget\" data-widget_type=\"text-editor.default\">\n\t\t\t\t<div class=\"elementor-widget-container\">\n\t\t\t\t\t\t\tDenne meddelelse er et supplement til dine lovbestemte rettigheder.\t\t\t\t\t\t<\/div>\n\t\t\t\t<\/div>\n\t\t\t\t\t<\/div>\n\t\t<\/div>\n\t\t\t\t\t\t\t<\/div>\n\t\t<\/section>\n\t\t\t\t\t\t\t<\/div>","protected":false},"excerpt":{"rendered":"<p>Returpolitik U\u00f8nskede varer k\u00f8bt i butikken U\u00f8nskede varer k\u00f8bt hos UooGear kan returneres i perfekt stand, der kan s\u00e6lges igen (inklusive emballage og etiketter) inden for 30 dage efter k\u00f8bet for fuld refusion eller ombytning. Dette omfatter ikke varer, der har v\u00e6ret brugt, snavset, lugter eller er beskadiget ved misbrug. U\u00f8nskede genstande fra uoogear.com<\/p>\n<div class=\"read-more\"><a class=\"btn btn-fill-out\" href=\"https:\/\/uoogear.com\/da\/returns-policy\/\">L\u00e6s mere<\/a><\/div>","protected":false},"author":1,"featured_media":0,"parent":0,"menu_order":0,"comment_status":"closed","ping_status":"closed","template":"","meta":{"footnotes":""},"class_list":["post-3378","page","type-page","status-publish","hentry"],"_links":{"self":[{"href":"https:\/\/uoogear.com\/da\/wp-json\/wp\/v2\/pages\/3378","targetHints":{"allow":["GET"]}}],"collection":[{"href":"https:\/\/uoogear.com\/da\/wp-json\/wp\/v2\/pages"}],"about":[{"href":"https:\/\/uoogear.com\/da\/wp-json\/wp\/v2\/types\/page"}],"author":[{"embeddable":true,"href":"https:\/\/uoogear.com\/da\/wp-json\/wp\/v2\/users\/1"}],"replies":[{"embeddable":true,"href":"https:\/\/uoogear.com\/da\/wp-json\/wp\/v2\/comments?post=3378"}],"version-history":[{"count":10,"href":"https:\/\/uoogear.com\/da\/wp-json\/wp\/v2\/pages\/3378\/revisions"}],"predecessor-version":[{"id":3388,"href":"https:\/\/uoogear.com\/da\/wp-json\/wp\/v2\/pages\/3378\/revisions\/3388"}],"wp:attachment":[{"href":"https:\/\/uoogear.com\/da\/wp-json\/wp\/v2\/media?parent=3378"}],"curies":[{"name":"wp","href":"https:\/\/api.w.org\/{rel}","templated":true}]}}