{"id":3389,"date":"2023-08-07T06:32:44","date_gmt":"2023-08-07T06:32:44","guid":{"rendered":"https:\/\/uoogear.com\/?page_id=3389"},"modified":"2023-11-02T08:05:17","modified_gmt":"2023-11-02T08:05:17","slug":"terms-conditions","status":"publish","type":"page","link":"https:\/\/uoogear.com\/da\/terms-conditions\/","title":{"rendered":"Vilk\u00e5r og Betingelser"},"content":{"rendered":"<div data-elementor-type=\"wp-page\" data-elementor-id=\"3389\" class=\"elementor elementor-3389\">\n\t\t\t\t\t\t\t\t\t<section class=\"elementor-section elementor-top-section elementor-element elementor-element-f4bbc54 elementor-section-boxed elementor-section-height-default elementor-section-height-default\" data-id=\"f4bbc54\" data-element_type=\"section\">\n\t\t\t\t\t\t<div class=\"elementor-container elementor-column-gap-default\">\n\t\t\t\t\t<div class=\"elementor-column elementor-col-100 elementor-top-column elementor-element elementor-element-0ba384f\" data-id=\"0ba384f\" data-element_type=\"column\">\n\t\t\t<div class=\"elementor-widget-wrap elementor-element-populated\">\n\t\t\t\t\t\t\t\t<div class=\"elementor-element elementor-element-8dcfeac elementor-widget elementor-widget-heading\" data-id=\"8dcfeac\" data-element_type=\"widget\" data-widget_type=\"heading.default\">\n\t\t\t\t<div class=\"elementor-widget-container\">\n\t\t\t<style>\/*! elementor - v3.14.0 - 26-06-2023 *\/\n.elementor-heading-title{padding:0;margin:0;line-height:1}.elementor-widget-heading .elementor-heading-title[class*=elementor-size-]>a{color:inherit;font-size:inherit;line-height:inherit}.elementor-widget-heading .elementor-heading-title.elementor-size-small{font-size:15px}.elementor-widget-heading .elementor-heading-title.elementor-size-medium{font-size:19px}.elementor-widget-heading .elementor-heading-title.elementor-size-large{font-size:29px}.elementor-widget-heading .elementor-heading-title.elementor-size-xl{font-size:39px}.elementor-widget-heading .elementor-heading-title.elementor-size-xxl{font-size:59px}<\/style><h2 class=\"elementor-heading-title elementor-size-default\">Vilk\u00e5r og Betingelser<\/h2>\t\t<\/div>\n\t\t\t\t<\/div>\n\t\t\t\t<div class=\"elementor-element elementor-element-ebd3a48 elementor-widget elementor-widget-text-editor\" data-id=\"ebd3a48\" data-element_type=\"widget\" data-widget_type=\"text-editor.default\">\n\t\t\t\t<div class=\"elementor-widget-container\">\n\t\t\t<style>\/*! elementor - v3.14.0 - 26-06-2023 *\/\n.elementor-widget-text-editor.elementor-drop-cap-view-stacked .elementor-drop-cap{background-color:#69727d;color:#fff}.elementor-widget-text-editor.elementor-drop-cap-view-framed .elementor-drop-cap{color:#69727d;border:3px solid;background-color:transparent}.elementor-widget-text-editor:not(.elementor-drop-cap-view-default) .elementor-drop-cap{margin-top:8px}.elementor-widget-text-editor:not(.elementor-drop-cap-view-default) .elementor-drop-cap-letter{width:1em;height:1em}.elementor-widget-text-editor .elementor-drop-cap{float:left;text-align:center;line-height:1;font-size:50px}.elementor-widget-text-editor .elementor-drop-cap-letter{display:inline-block}<\/style>\t\t\t\t<p>Uoo Gear er fuldst\u00e6ndig dedikeret til din totale tilfredshed. Hvis du har forslag eller kommentarer, s\u00e5 send os en e-mail via linket p\u00e5 butikssiden. Vi sigter efter at sl\u00e5 ENHVER \u00e6gte pris i Storbritannien, hvis du ser et af vores produkter billigere et andet sted, send en e-mail til teamet p\u00e5 uoogear@outlook.com.<\/p><p><strong>G\u00c6LDENDE LOV - Disse servicevilk\u00e5r og eventuelle separate aftaler, hvorved vi leverer tjenester til dig, er underlagt og fortolkes i overensstemmelse med lovgivningen i Spanien<\/strong><\/p>\t\t\t\t\t\t<\/div>\n\t\t\t\t<\/div>\n\t\t\t\t<div class=\"elementor-element elementor-element-31342ba elementor-widget elementor-widget-text-editor\" data-id=\"31342ba\" data-element_type=\"widget\" data-widget_type=\"text-editor.default\">\n\t\t\t\t<div class=\"elementor-widget-container\">\n\t\t\t\t\t\t\t<p><strong>Vores kontaktoplysninger:<\/strong><\/p>\t\t\t\t\t\t<\/div>\n\t\t\t\t<\/div>\n\t\t\t\t<div class=\"elementor-element elementor-element-36736ae elementor-widget elementor-widget-text-editor\" data-id=\"36736ae\" data-element_type=\"widget\" data-widget_type=\"text-editor.default\">\n\t\t\t\t<div class=\"elementor-widget-container\">\n\t\t\t\t\t\t\t<p>Firmanavn: Cherrycom Worldwide SL<br \/>Momsnummer: B01965813<br \/>Firmaadresse: Magallanes, 28 \u2013 45870 Lillo (Toledo), Spanien<br \/>(dette er ikke en returadresse)<\/p>\t\t\t\t\t\t<\/div>\n\t\t\t\t<\/div>\n\t\t\t\t<div class=\"elementor-element elementor-element-fc2df5b elementor-widget elementor-widget-text-editor\" data-id=\"fc2df5b\" data-element_type=\"widget\" data-widget_type=\"text-editor.default\">\n\t\t\t\t<div class=\"elementor-widget-container\">\n\t\t\t\t\t\t\tDet kunne ikke v\u00e6re nemmere at foretage et k\u00f8b. Bare gennemse vores butik, og tilf\u00f8j de varer, du \u00f8nsker at k\u00f8be, i indk\u00f8bskurven. N\u00e5r du er f\u00e6rdig med dit valg, skal du klikke p\u00e5 &#039;Checkout&#039; \u00f8verst p\u00e5 siden, og du vil blive bedt om et par detaljer, som vi skal bruge for at kunne gennemf\u00f8re bestillingen.\t\t\t\t\t\t<\/div>\n\t\t\t\t<\/div>\n\t\t\t\t<div class=\"elementor-element elementor-element-fc09512 elementor-widget elementor-widget-text-editor\" data-id=\"fc09512\" data-element_type=\"widget\" data-widget_type=\"text-editor.default\">\n\t\t\t\t<div class=\"elementor-widget-container\">\n\t\t\t\t\t\t\t<p>Hvis du handler i Storbritannien, skal du afgive din ordre gennem vores en af vores integrerede SSL-virksomheder, Sagepay eller Paypal. Dette sikrer sikker online shopping med beskyttelse af dine oplysninger mod svindel. Alternativt kan du afgive din ordre via vores telefonbehandlingssystem mellem kl. 9.00 \u2013 17.00, mandag \u2013 fredag. N\u00e5r du betaler med kredit- eller betalingskort for varer, vil du indtaste dine kortoplysninger direkte p\u00e5 Sagepays hjemmeside via en sikker iFrame, derfor opbevarer vi aldrig dine kortoplysninger eller har nogen adgang til dem. Vores websted er fuldt PCI DSS-kompatibelt, og vi scanner vores websted for malware hver time ved hj\u00e6lp af et eksternt digitalt bureau.<\/p>\t\t\t\t\t\t<\/div>\n\t\t\t\t<\/div>\n\t\t\t\t<div class=\"elementor-element elementor-element-f956460 elementor-widget elementor-widget-text-editor\" data-id=\"f956460\" data-element_type=\"widget\" data-widget_type=\"text-editor.default\">\n\t\t\t\t<div class=\"elementor-widget-container\">\n\t\t\t\t\t\t\tVi accepterer Visa, Mastercard, Visa Electron, Switch og alle kredit- og debetkort undtagen American Express. Du kan sende dine kreditkortoplysninger via telefon eller over internettet via den sikre Sagepay iFrame. Alle produkter p\u00e5 vores side er p\u00e5 lager og klar til afsendelse, hvis ikke vil dette v\u00e6re tydeligt illustreret.\t\t\t\t\t\t<\/div>\n\t\t\t\t<\/div>\n\t\t\t\t<div class=\"elementor-element elementor-element-55796dc elementor-widget elementor-widget-text-editor\" data-id=\"55796dc\" data-element_type=\"widget\" data-widget_type=\"text-editor.default\">\n\t\t\t\t<div class=\"elementor-widget-container\">\n\t\t\t\t\t\t\tN\u00e5r du har afgivet en ordre, har du en kontrakt med os som online forhandler, denne kontrakt er afsluttet ved levering af varer til din besiddelse.\t\t\t\t\t\t<\/div>\n\t\t\t\t<\/div>\n\t\t\t\t<div class=\"elementor-element elementor-element-91bdd4e elementor-widget elementor-widget-text-editor\" data-id=\"91bdd4e\" data-element_type=\"widget\" data-widget_type=\"text-editor.default\">\n\t\t\t\t<div class=\"elementor-widget-container\">\n\t\t\t\t\t\t\t<strong>Kort levering eller forkerte varer<\/strong>\t\t\t\t\t\t<\/div>\n\t\t\t\t<\/div>\n\t\t\t\t<div class=\"elementor-element elementor-element-88d5b25 elementor-widget elementor-widget-text-editor\" data-id=\"88d5b25\" data-element_type=\"widget\" data-widget_type=\"text-editor.default\">\n\t\t\t\t<div class=\"elementor-widget-container\">\n\t\t\t\t\t\t\tVores pakkesystem har et tredobbelt kontrolsystem for at undg\u00e5 fejl, men vi pakker hundredvis af ordrer hver dag, og fra tid til anden opst\u00e5r der fejl. I dette tilf\u00e6lde beder vi kun om, at du giver os nej <strong>senere end 5 dage efter modtagelsen af dine varer.<\/strong> Vi afhenter varerne uden omkostninger for dig, og n\u00e5r vi modtager varerne retur, leverer vi de korrekte varer. Hvis du beslutter dig for, at du \u00f8nsker at annullere din ordre i mellemtiden, bedes du kontakte os, s\u00e5 afhenter vi ordren uden omkostninger for dig. Vi beder dig kun om at udfylde returformularen, s\u00e5 vi kan behandle din refusion hurtigere. Manglende udfyldelse af returformularen kan medf\u00f8re forsinkelse af betalingen, der g\u00e5r tilbage til din bankkonto.\t\t\t\t\t\t<\/div>\n\t\t\t\t<\/div>\n\t\t\t\t<div class=\"elementor-element elementor-element-d5196cf elementor-widget elementor-widget-text-editor\" data-id=\"d5196cf\" data-element_type=\"widget\" data-widget_type=\"text-editor.default\">\n\t\t\t\t<div class=\"elementor-widget-container\">\n\t\t\t\t\t\t\t<p>Hvis du \u00f8nsker at sende varer tilbage til os selv i stedet for at vi henter dem, bedes du udfylde returformularen og en kvittering for portoomkostningerne, men tag i betragtning, at vi kun refunderer op til et maksimum p\u00e5 \u00a36,00. Husk ogs\u00e5, at vi ikke accepterer returneringer, medmindre de er blevet reserveret over telefonen<\/p>\t\t\t\t\t\t<\/div>\n\t\t\t\t<\/div>\n\t\t\t\t<div class=\"elementor-element elementor-element-d48cb98 elementor-widget elementor-widget-text-editor\" data-id=\"d48cb98\" data-element_type=\"widget\" data-widget_type=\"text-editor.default\">\n\t\t\t\t<div class=\"elementor-widget-container\">\n\t\t\t\t\t\t\t<strong>Prisafvigelser og voucherkoder<\/strong>\t\t\t\t\t\t<\/div>\n\t\t\t\t<\/div>\n\t\t\t\t<div class=\"elementor-element elementor-element-67504d7 elementor-widget elementor-widget-text-editor\" data-id=\"67504d7\" data-element_type=\"widget\" data-widget_type=\"text-editor.default\">\n\t\t\t\t<div class=\"elementor-widget-container\">\n\t\t\t\t\t\t\t<p>Af og til kan vi lave en prisfejl p\u00e5 vores hjemmeside, n\u00e5r dette sker, kan vi n\u00e6gte at sende varerne og refundere din konto med det samme. Vi er inden for vores ret til at g\u00f8re det, da kontrakten mellem os ikke er afsluttet, f\u00f8r vi sender varerne til dit sted.<strong>\u00a0Imidlertid,<\/strong>\u00a0v\u00e6r sikker p\u00e5, medmindre priss\u00e6tningsfejlen er uholdbar (dvs.: vi er ude af lommen \u00a35,99 i stedet for \u00a3599), s\u00e5 fuldf\u00f8rer vi ordren uanset.<br \/>Under rabatsalg er eventuelle rabatkoder ugyldige og kan ikke bruges til at opn\u00e5 ekstra rabatter.<\/p>\t\t\t\t\t\t<\/div>\n\t\t\t\t<\/div>\n\t\t\t\t<div class=\"elementor-element elementor-element-3cea3e8 elementor-widget elementor-widget-text-editor\" data-id=\"3cea3e8\" data-element_type=\"widget\" data-widget_type=\"text-editor.default\">\n\t\t\t\t<div class=\"elementor-widget-container\">\n\t\t\t\t\t\t\t<strong>Efterlader pakker uden en underskrift<\/strong>\t\t\t\t\t\t<\/div>\n\t\t\t\t<\/div>\n\t\t\t\t<div class=\"elementor-element elementor-element-137471e elementor-widget elementor-widget-text-editor\" data-id=\"137471e\" data-element_type=\"widget\" data-widget_type=\"text-editor.default\">\n\t\t\t\t<div class=\"elementor-widget-container\">\n\t\t\t\t\t\t\t<p>Alle leveringer skal underskrives, du kan efterlade din pakke hos en nabo eller hos en betroet ven, hvis du ikke er hjemme. Dette kan angives i din leveringsadresse eller yderligere bem\u00e6rkninger.<br \/>Enhver note, der tillader chauff\u00f8ren at efterlade pakken i et usikkert omr\u00e5de uden en underskrift, sker efter dit sk\u00f8n. Vi er ikke ansvarlige, hvis pakken efterlades uden underskrift.<\/p>\t\t\t\t\t\t<\/div>\n\t\t\t\t<\/div>\n\t\t\t\t<div class=\"elementor-element elementor-element-5126283 elementor-widget elementor-widget-text-editor\" data-id=\"5126283\" data-element_type=\"widget\" data-widget_type=\"text-editor.default\">\n\t\t\t\t<div class=\"elementor-widget-container\">\n\t\t\t\t\t\t\t<strong>Skatteafgifter<\/strong>\t\t\t\t\t\t<\/div>\n\t\t\t\t<\/div>\n\t\t\t\t<div class=\"elementor-element elementor-element-ec3874e elementor-widget elementor-widget-text-editor\" data-id=\"ec3874e\" data-element_type=\"widget\" data-widget_type=\"text-editor.default\">\n\t\t\t\t<div class=\"elementor-widget-container\">\n\t\t\t\t\t\t\tFor ordrer lavet fra Storbritannien till\u00e6gges 20% moms. Vores priser afspejler momsafgifterne, s\u00e5 der vil ikke v\u00e6re nogen ekstra afgiftsafgifter p\u00e5 enhver ordre, du afgiver, prisen du ser p\u00e5 sk\u00e6rmen er den pris, du betaler.\t\t\t\t\t\t<\/div>\n\t\t\t\t<\/div>\n\t\t\t\t<div class=\"elementor-element elementor-element-313cc3e elementor-widget elementor-widget-text-editor\" data-id=\"313cc3e\" data-element_type=\"widget\" data-widget_type=\"text-editor.default\">\n\t\t\t\t<div class=\"elementor-widget-container\">\n\t\t\t\t\t\t\t<strong>Garanti<\/strong>\t\t\t\t\t\t<\/div>\n\t\t\t\t<\/div>\n\t\t\t\t<div class=\"elementor-element elementor-element-19dc459 elementor-widget elementor-widget-text-editor\" data-id=\"19dc459\" data-element_type=\"widget\" data-widget_type=\"text-editor.default\">\n\t\t\t\t<div class=\"elementor-widget-container\">\n\t\t\t\t\t\t\tVi garanterer din tilfredshed. hvis du blot har ombestemt dig og ikke \u00f8nsker produkterne, beder vi dig returnere dem for egen regning. Vi kan arrangere afhentning mod et gebyr p\u00e5 \u00a310 pr. kasse.\t\t\t\t\t\t<\/div>\n\t\t\t\t<\/div>\n\t\t\t\t<div class=\"elementor-element elementor-element-551321f elementor-widget elementor-widget-text-editor\" data-id=\"551321f\" data-element_type=\"widget\" data-widget_type=\"text-editor.default\">\n\t\t\t\t<div class=\"elementor-widget-container\">\n\t\t\t\t\t\t\t<strong>n\u00e5r os<\/strong>\t\t\t\t\t\t<\/div>\n\t\t\t\t<\/div>\n\t\t\t\t<div class=\"elementor-element elementor-element-25f3fbc elementor-widget elementor-widget-text-editor\" data-id=\"25f3fbc\" data-element_type=\"widget\" data-widget_type=\"text-editor.default\">\n\t\t\t\t<div class=\"elementor-widget-container\">\n\t\t\t\t\t\t\t<p>Hvis du har brug for at n\u00e5 os, bedes du sende os en e-mail ved at bruge linket p\u00e5 butikssiden eller skrive til os p\u00e5:<\/p><p>Firmanavn: Cherrycom Worldwide SL<br \/>Momsnummer: B01965813<br \/>Firmaadresse: Magallanes, 28 \u2013 45870 Lillo (Toledo), Spanien<br \/>(dette er ikke en returadresse)<\/p><p>Vi har \u00e5bent mellem kl.<br \/>man-fre 9-17<\/p>\t\t\t\t\t\t<\/div>\n\t\t\t\t<\/div>\n\t\t\t\t<div class=\"elementor-element elementor-element-520f1f1 elementor-widget elementor-widget-text-editor\" data-id=\"520f1f1\" data-element_type=\"widget\" data-widget_type=\"text-editor.default\">\n\t\t\t\t<div class=\"elementor-widget-container\">\n\t\t\t\t\t\t\t<strong>Fortrolighedspolitik<\/strong>\t\t\t\t\t\t<\/div>\n\t\t\t\t<\/div>\n\t\t\t\t<div class=\"elementor-element elementor-element-2b2cd7a elementor-widget elementor-widget-text-editor\" data-id=\"2b2cd7a\" data-element_type=\"widget\" data-widget_type=\"text-editor.default\">\n\t\t\t\t<div class=\"elementor-widget-container\">\n\t\t\t\t\t\t\tUoo Gear videregiver ikke k\u00f8bers oplysninger til tredjeparter, bortset fra n\u00e5r ordreoplysninger behandles som en del af ordreudf\u00f8relsen. I dette tilf\u00e6lde vil tredjeparten ikke videregive nogen af detaljerne til nogen anden tredjepart.\t\t\t\t\t\t<\/div>\n\t\t\t\t<\/div>\n\t\t\t\t<div class=\"elementor-element elementor-element-e6d7547 elementor-widget elementor-widget-text-editor\" data-id=\"e6d7547\" data-element_type=\"widget\" data-widget_type=\"text-editor.default\">\n\t\t\t\t<div class=\"elementor-widget-container\">\n\t\t\t\t\t\t\tCookies bruges p\u00e5 denne indk\u00f8bsside til at holde styr p\u00e5 indholdet af din indk\u00f8bskurv, til at gemme leveringsadresser, hvis adressebogen bruges, og til at gemme dine oplysninger, hvis du v\u00e6lger muligheden &#039;Husk mig&#039;. De bruges ogs\u00e5 efter du har logget p\u00e5 som en del af den proces. Du kan sl\u00e5 cookies fra i din browser ved at g\u00e5 til &#039;V\u00e6rkt\u00f8jer | Internetindstillinger | Privacy&#039; og v\u00e6lge at blokere cookies. Hvis du sl\u00e5r cookies fra, vil du ikke v\u00e6re i stand til at afgive ordrer eller drage fordel af de andre funktioner, der bruger cookies. Data indsamlet af dette websted bruges til at:\t\t\t\t\t\t<\/div>\n\t\t\t\t<\/div>\n\t\t\t\t<div class=\"elementor-element elementor-element-35c0651 elementor-icon-list--layout-traditional elementor-list-item-link-full_width elementor-widget elementor-widget-icon-list\" data-id=\"35c0651\" data-element_type=\"widget\" data-widget_type=\"icon-list.default\">\n\t\t\t\t<div class=\"elementor-widget-container\">\n\t\t\t<link rel=\"stylesheet\" href=\"https:\/\/uoogear.com\/wp-content\/plugins\/elementor\/assets\/css\/widget-icon-list.min.css\">\t\t<ul class=\"elementor-icon-list-items\">\n\t\t\t\t\t\t\t<li class=\"elementor-icon-list-item\">\n\t\t\t\t\t\t\t\t\t\t\t<span class=\"elementor-icon-list-icon\">\n\t\t\t\t\t\t\t<i aria-hidden=\"true\" class=\"far fa-dot-circle\"><\/i>\t\t\t\t\t\t<\/span>\n\t\t\t\t\t\t\t\t\t\t<span class=\"elementor-icon-list-text\">Modtage og opfylde kundeordrer<\/span>\n\t\t\t\t\t\t\t\t\t<\/li>\n\t\t\t\t\t\t\t\t<li class=\"elementor-icon-list-item\">\n\t\t\t\t\t\t\t\t\t\t\t<span class=\"elementor-icon-list-icon\">\n\t\t\t\t\t\t\t<i aria-hidden=\"true\" class=\"far fa-dot-circle\"><\/i>\t\t\t\t\t\t<\/span>\n\t\t\t\t\t\t\t\t\t\t<span class=\"elementor-icon-list-text\">Administrer og forbedre webstedet og tjenesten<\/span>\n\t\t\t\t\t\t\t\t\t<\/li>\n\t\t\t\t\t\t\t\t<li class=\"elementor-icon-list-item\">\n\t\t\t\t\t\t\t\t\t\t\t<span class=\"elementor-icon-list-icon\">\n\t\t\t\t\t\t\t<i aria-hidden=\"true\" class=\"far fa-dot-circle\"><\/i>\t\t\t\t\t\t<\/span>\n\t\t\t\t\t\t\t\t\t\t<span class=\"elementor-icon-list-text\">Videregiv kun oplysninger til tredjeparter til vareleveringsform\u00e5l<\/span>\n\t\t\t\t\t\t\t\t\t<\/li>\n\t\t\t\t\t\t<\/ul>\n\t\t\t\t<\/div>\n\t\t\t\t<\/div>\n\t\t\t\t<div class=\"elementor-element elementor-element-7d4cc9a elementor-widget elementor-widget-text-editor\" data-id=\"7d4cc9a\" data-element_type=\"widget\" data-widget_type=\"text-editor.default\">\n\t\t\t\t<div class=\"elementor-widget-container\">\n\t\t\t\t\t\t\tDu har ret til at annullere din ordre inden for 7 hverdage fra dagen efter varerne er modtaget. Du vil derefter modtage fuld refusion. Du vil dog v\u00e6re ansvarlig for at sende os varerne for egen regning ved hj\u00e6lp af en sikker og sikker pakkebud.\t\t\t\t\t\t<\/div>\n\t\t\t\t<\/div>\n\t\t\t\t<div class=\"elementor-element elementor-element-9e8223e elementor-widget elementor-widget-text-editor\" data-id=\"9e8223e\" data-element_type=\"widget\" data-widget_type=\"text-editor.default\">\n\t\t\t\t<div class=\"elementor-widget-container\">\n\t\t\t\t\t\t\t<strong>WEEE genbrug<\/strong>\t\t\t\t\t\t<\/div>\n\t\t\t\t<\/div>\n\t\t\t\t<div class=\"elementor-element elementor-element-b29d21e elementor-widget elementor-widget-text-editor\" data-id=\"b29d21e\" data-element_type=\"widget\" data-widget_type=\"text-editor.default\">\n\t\t\t\t<div class=\"elementor-widget-container\">\n\t\t\t\t\t\t\tDu kan nu genbruge dit gamle el hos os.\t\t\t\t\t\t<\/div>\n\t\t\t\t<\/div>\n\t\t\t\t<div class=\"elementor-element elementor-element-494e601 elementor-widget elementor-widget-text-editor\" data-id=\"494e601\" data-element_type=\"widget\" data-widget_type=\"text-editor.default\">\n\t\t\t\t<div class=\"elementor-widget-container\">\n\t\t\t\t\t\t\tHvis du k\u00f8ber en ny elektrisk genstand, genbruger vi din gamle gratis\t\t\t\t\t\t<\/div>\n\t\t\t\t<\/div>\n\t\t\t\t<div class=\"elementor-element elementor-element-1dd0b11 elementor-widget elementor-widget-text-editor\" data-id=\"1dd0b11\" data-element_type=\"widget\" data-widget_type=\"text-editor.default\">\n\t\t\t\t<div class=\"elementor-widget-container\">\n\t\t\t\t\t\t\tHvorfor genbruge?\t\t\t\t\t\t<\/div>\n\t\t\t\t<\/div>\n\t\t\t\t<div class=\"elementor-element elementor-element-6b110f0 elementor-widget elementor-widget-text-editor\" data-id=\"6b110f0\" data-element_type=\"widget\" data-widget_type=\"text-editor.default\">\n\t\t\t\t<div class=\"elementor-widget-container\">\n\t\t\t\t\t\t\tU\u00f8nsket elektrisk udstyr er Storbritanniens hurtigst voksende type affald.\t\t\t\t\t\t<\/div>\n\t\t\t\t<\/div>\n\t\t\t\t<div class=\"elementor-element elementor-element-b0b0faf elementor-widget elementor-widget-text-editor\" data-id=\"b0b0faf\" data-element_type=\"widget\" data-widget_type=\"text-editor.default\">\n\t\t\t\t<div class=\"elementor-widget-container\">\n\t\t\t\t\t\t\tMange elektriske genstande kan repareres eller genbruges, hvilket sparer naturressourcer og milj\u00f8et. Hvis du ikke genbruger, vil elektrisk udstyr ende p\u00e5 lossepladsen, hvor farlige stoffer vil sive ud og for\u00e5rsage jord- og vandforurening - hvilket skader dyrelivet og ogs\u00e5 menneskers sundhed.\t\t\t\t\t\t<\/div>\n\t\t\t\t<\/div>\n\t\t\t\t<div class=\"elementor-element elementor-element-c030c35 elementor-widget elementor-widget-text-editor\" data-id=\"c030c35\" data-element_type=\"widget\" data-widget_type=\"text-editor.default\">\n\t\t\t\t<div class=\"elementor-widget-container\">\n\t\t\t\t\t\t\t<p>Vi kan hj\u00e6lpe<br \/>Vi er glade for at kunne tilbyde vores kunder chancen for at genbruge deres gamle elektriske artikler.<\/p>\t\t\t\t\t\t<\/div>\n\t\t\t\t<\/div>\n\t\t\t\t<div class=\"elementor-element elementor-element-33c398e elementor-widget elementor-widget-text-editor\" data-id=\"33c398e\" data-element_type=\"widget\" data-widget_type=\"text-editor.default\">\n\t\t\t\t<div class=\"elementor-widget-container\">\n\t\t\t\t\t\t\t<p>Post til;<br \/>Firmanavn: Cherrycom Worldwide SL<br \/>Momsnummer: B01965813<br \/>Firmaadresse: Magallanes, 28 \u2013 45870 Lillo (Toledo), Spanien<br \/>(dette er ikke en returadresse)<\/p><p><br \/>For at minde dig om, at gammelt elektrisk udstyr kan genbruges, er det nu markeret med et symbol med en overstreget skraldespand. Smid ikke noget elektrisk udstyr (inklusive dem, der er m\u00e6rket med dette symbol) i din skraldespand<\/p>\t\t\t\t\t\t<\/div>\n\t\t\t\t<\/div>\n\t\t\t\t<div class=\"elementor-element elementor-element-dc7a6be elementor-widget elementor-widget-text-editor\" data-id=\"dc7a6be\" data-element_type=\"widget\" data-widget_type=\"text-editor.default\">\n\t\t\t\t<div class=\"elementor-widget-container\">\n\t\t\t\t\t\t\t<strong>Hvad er WEEE?<\/strong>\t\t\t\t\t\t<\/div>\n\t\t\t\t<\/div>\n\t\t\t\t<div class=\"elementor-element elementor-element-eaacdbe elementor-widget elementor-widget-text-editor\" data-id=\"eaacdbe\" data-element_type=\"widget\" data-widget_type=\"text-editor.default\">\n\t\t\t\t<div class=\"elementor-widget-container\">\n\t\t\t\t\t\t\tDirektivet om affald af elektrisk eller elektronisk udstyr (WEEE) kr\u00e6ver, at lande maksimerer separat indsamling og milj\u00f8venlig behandling af disse genstande. I Storbritannien skal distribut\u00f8rer (herunder detailhandlere) levere et system, som giver alle kunder, der k\u00f8ber nyt elektrisk udstyr, mulighed for at genbruge deres gamle genstande gratis. De, der etablerer deres egen returordning, skal som minimum tilbyde alle kunder, der k\u00f8ber nyt el-udstyr, gratis tilbagetagelse af deres gamle el p\u00e5 et like-for-like-grundlag.\t\t\t\t\t\t<\/div>\n\t\t\t\t<\/div>\n\t\t\t\t<div class=\"elementor-element elementor-element-0fdaae3 elementor-widget elementor-widget-text-editor\" data-id=\"0fdaae3\" data-element_type=\"widget\" data-widget_type=\"text-editor.default\">\n\t\t\t\t<div class=\"elementor-widget-container\">\n\t\t\t\t\t\t\tFind flere oplysninger om WEEE-genbrug, og find dit lokale genbrugscenter p\u00e5 www.recyclenow.com.\t\t\t\t\t\t<\/div>\n\t\t\t\t<\/div>\n\t\t\t\t<div class=\"elementor-element elementor-element-251bdb1 elementor-widget elementor-widget-text-editor\" data-id=\"251bdb1\" data-element_type=\"widget\" data-widget_type=\"text-editor.default\">\n\t\t\t\t<div class=\"elementor-widget-container\">\n\t\t\t\t\t\t\t<p>*Consumer Rights Act 2015<br \/><strong>For fjernsalg (online og postordre):<\/strong><br \/>I henhold til Consumer Contracts Regulations 2014 har en kunde lov til at returnere en vare, hvis de blot ombestemmer sig. En kunde har ret til at annullere til enhver tid fra det \u00f8jeblik, de afgiver deres online ordre, og op til 14 dage fra den dag, de modtager varerne. Kunden har derefter yderligere 14 dage til at returnere varerne fra den dato, hvor de meddeler forhandleren deres annullering. -Der er undtagelser for online returnering, som omfatter skr\u00e6ddersyede\/personlige varer.<br \/><strong>For defekte varer:<\/strong><br \/>I henhold til Consumer Rights Act 2015 har en kunde en tidlig ret til at afvise varer, der er utilfredsstillende kvalitet, uegnede til form\u00e5let eller ikke som beskrevet, og f\u00e5 fuld refusion. Denne ret er begr\u00e6nset til 30 dage fra den dato, hvor kunden overtog ejendomsretten til varerne. Hvis en vare er defekt og skal returneres, skal kunden ikke betale portoomkostninger for returnering af den fejlbeh\u00e6ftede vare. Hvis en kunde bliver bedt om at returnere en vare, der ankom beskadiget, ikke som beskrevet eller defekt, skal forhandleren refundere de samlede omkostninger ved returneringen.<br \/>Yderligere information om g\u00e6ldende regulering kan findes her https:\/\/www.which.co.uk\/consumer-rights\/l\/returns-and-refunds<\/p>\t\t\t\t\t\t<\/div>\n\t\t\t\t<\/div>\n\t\t\t\t\t<\/div>\n\t\t<\/div>\n\t\t\t\t\t\t\t<\/div>\n\t\t<\/section>\n\t\t\t\t\t\t\t<\/div>","protected":false},"excerpt":{"rendered":"<p>Vilk\u00e5r og betingelser Uoo Gear er fuldst\u00e6ndig dedikeret til din fulde tilfredshed. Hvis du har forslag eller kommentarer, s\u00e5 send os en e-mail via linket p\u00e5 butikssiden. Vi sigter efter at sl\u00e5 ENHVER \u00e6gte pris i Storbritannien, hvis du ser en af vores product&#039;ere billigere et andet sted, send en e-mail til teamet p\u00e5 uoogear@outlook.com. G\u00c6LDENDE LOV - Disse vilk\u00e5r<\/p>\n<div class=\"read-more\"><a class=\"btn btn-fill-out\" href=\"https:\/\/uoogear.com\/da\/terms-conditions\/\">L\u00e6s mere<\/a><\/div>","protected":false},"author":1,"featured_media":0,"parent":0,"menu_order":0,"comment_status":"closed","ping_status":"closed","template":"","meta":{"footnotes":""},"class_list":["post-3389","page","type-page","status-publish","hentry"],"_links":{"self":[{"href":"https:\/\/uoogear.com\/da\/wp-json\/wp\/v2\/pages\/3389","targetHints":{"allow":["GET"]}}],"collection":[{"href":"https:\/\/uoogear.com\/da\/wp-json\/wp\/v2\/pages"}],"about":[{"href":"https:\/\/uoogear.com\/da\/wp-json\/wp\/v2\/types\/page"}],"author":[{"embeddable":true,"href":"https:\/\/uoogear.com\/da\/wp-json\/wp\/v2\/users\/1"}],"replies":[{"embeddable":true,"href":"https:\/\/uoogear.com\/da\/wp-json\/wp\/v2\/comments?post=3389"}],"version-history":[{"count":64,"href":"https:\/\/uoogear.com\/da\/wp-json\/wp\/v2\/pages\/3389\/revisions"}],"predecessor-version":[{"id":4101,"href":"https:\/\/uoogear.com\/da\/wp-json\/wp\/v2\/pages\/3389\/revisions\/4101"}],"wp:attachment":[{"href":"https:\/\/uoogear.com\/da\/wp-json\/wp\/v2\/media?parent=3389"}],"curies":[{"name":"wp","href":"https:\/\/api.w.org\/{rel}","templated":true}]}}