{"id":4108,"date":"2023-11-13T10:46:57","date_gmt":"2023-11-13T10:46:57","guid":{"rendered":"https:\/\/uoogear.com\/product\/competitive-price-hot-sale-car-top-roof-tent-rooftop-tent\/"},"modified":"2023-11-28T05:59:54","modified_gmt":"2023-11-28T05:59:54","slug":"competitive-price-hot-sale-car-top-roof-tent-rooftop-tent","status":"publish","type":"product","link":"https:\/\/uoogear.com\/da\/vare\/competitive-price-hot-sale-car-top-roof-tent-rooftop-tent\/","title":{"rendered":"Konkurrencedygtig pris varmt salg bil top tag telt tag telt"},"content":{"rendered":"<ul>\n<li><strong>Areal : <\/strong> 8CBM<\/li>\n<li><strong>Stof: <\/strong> L\u00e6rred<\/li>\n<li><strong>Udvendigt telts vandt\u00e6t indeks: <\/strong> &lt;1000 mm<\/li>\n<li><strong>Nederste vandt\u00e6t indeks: <\/strong> &gt;3000 mm<\/li>\n<li><strong>Bygningstype: <\/strong> Hurtig automatisk \u00e5bning<\/li>\n<li><strong>Telt stil: <\/strong> Diagonal afstivningstype<\/li>\n<li><strong>S\u00e6son: <\/strong> Fire-s\u00e6son telt<\/li>\n<li><strong>Struktur: <\/strong> Et sovev\u00e6relse<\/li>\n<li><strong>Produktnavn : <\/strong> Camping telt<\/li>\n<li><strong>Anvendelse: <\/strong> Udend\u00f8rs Camping Vildt Telt<\/li>\n<li><strong>S\u00f8geord: <\/strong> tag telt<\/li>\n<li><strong>St\u00f8rrelse: <\/strong> 210cmx(150+240)cm<\/li>\n<li><strong>Materiale : <\/strong> L\u00e6rred<\/li>\n<li><strong>Ans\u00f8gning : <\/strong> Udend\u00f8rs Camping Familietelt<\/li>\n<li><strong>Funktion: <\/strong> Camping udend\u00f8rs<\/li>\n<li><strong>MOQ: <\/strong> 1 styk<\/li>\n<li><strong>Ramme materiale: <\/strong> 16 mm aluminiumsstang<\/li>\n<li><strong>Funktion: <\/strong> Vandt\u00e6t<\/li>\n<\/ul>","protected":false},"excerpt":{"rendered":"<p>Areal : 8CBM Stof : Canvas Ydertelt Vandt\u00e6t Indeks : &lt;1000 mm Vandt\u00e6t bundindeks : &gt;3000 mm Bygningstype : Hurtig automatisk \u00e5bning Teltstil : Diagonal afstivningstype S\u00e6son : Fire-s\u00e6son Teltstruktur : Etv\u00e6relses Produktnavn : Campingtelt Anvendelse : Udend\u00f8rs Camping Vildt Telt N\u00f8gleord: tagtelt<\/p>\n<div class=\"read-more\"><a class=\"btn btn-fill-out\" href=\"https:\/\/uoogear.com\/da\/vare\/competitive-price-hot-sale-car-top-roof-tent-rooftop-tent\/\">L\u00e6s mere<\/a><\/div>","protected":false},"featured_media":4107,"template":"","meta":[],"product_brand":[],"product_cat":[15],"product_tag":[140,141,142],"class_list":{"0":"post-4108","1":"product","2":"type-product","3":"status-publish","4":"has-post-thumbnail","6":"product_cat-uncategorized","7":"product_tag-camping-hiking","8":"product_tag-outdoor-tents","9":"product_tag-roof-tent","10":"tm-no-options","12":"first","13":"instock","14":"shipping-taxable","15":"purchasable","16":"product-type-variable"},"_links":{"self":[{"href":"https:\/\/uoogear.com\/da\/wp-json\/wp\/v2\/product\/4108","targetHints":{"allow":["GET"]}}],"collection":[{"href":"https:\/\/uoogear.com\/da\/wp-json\/wp\/v2\/product"}],"about":[{"href":"https:\/\/uoogear.com\/da\/wp-json\/wp\/v2\/types\/product"}],"wp:featuredmedia":[{"embeddable":true,"href":"https:\/\/uoogear.com\/da\/wp-json\/wp\/v2\/media\/4107"}],"wp:attachment":[{"href":"https:\/\/uoogear.com\/da\/wp-json\/wp\/v2\/media?parent=4108"}],"wp:term":[{"taxonomy":"product_brand","embeddable":true,"href":"https:\/\/uoogear.com\/da\/wp-json\/wp\/v2\/product_brand?post=4108"},{"taxonomy":"product_cat","embeddable":true,"href":"https:\/\/uoogear.com\/da\/wp-json\/wp\/v2\/product_cat?post=4108"},{"taxonomy":"product_tag","embeddable":true,"href":"https:\/\/uoogear.com\/da\/wp-json\/wp\/v2\/product_tag?post=4108"}],"curies":[{"name":"wp","href":"https:\/\/api.w.org\/{rel}","templated":true}]}}